{"id":98,"date":"2022-01-26T23:21:50","date_gmt":"2022-01-26T23:21:50","guid":{"rendered":"https:\/\/multi.inhalio.com\/?page_id=98"},"modified":"2022-02-23T15:26:02","modified_gmt":"2022-02-23T15:26:02","slug":"autonomous","status":"publish","type":"page","link":"https:\/\/multi.inhalio.com\/fr\/markets\/autonomous\/","title":{"rendered":"Vehicules autonomes"},"content":{"rendered":"<h2 id=\"autonomous-wellness-ride-scent-diffuser-systems-for-autonomous-vehicles\">V\u00e9hicule Autonome \u2013 Wellness Ride\u2122 Solutions de diffusion de parfum pour les v\u00e9hicules autonomes<\/h2>\n\n\n\n<p>Les entreprises de mobilit\u00e9 partag\u00e9e peuvent cr\u00e9er et assurer un environnement frais \u00e0 l\u2019int\u00e9rieur de la cabine pour favoriser le bien-\u00eatre dans leur flottes de v\u00e9hicules autonomes. Le pouvoir du parfum est combin\u00e9 avec des capteurs biom\u00e9triques et de d\u00e9tection des mauvaises odeurs, des ingr\u00e9dients pour le bien-\u00eatre et des algorithmes de diffusion int\u00e9gr\u00e9s.<\/p>\n\n\n\n<p>La plate-forme Inhalio Digital Scent 3.0\u2122 et la solution Wellness Ride\u2122 offrent aux passagers des exp\u00e9riences plus saines et plus agr\u00e9ables dans les v\u00e9hicules. Gr\u00e2ce \u00e0 un Wellness Ride et au pouvoir du parfum, les passagers acqui\u00e8rent une exp\u00e9rience plus agr\u00e9able et plus saine dans le v\u00e9hicule en r\u00e9duisant les agents pathog\u00e8nes a\u00e9roport\u00e9s (y compris les virus), en \u00e9liminant les mauvaises odeurs, en soulageant les cas l\u00e9gers \u00e0 mod\u00e9r\u00e9s de mal de transports, et en diffusant des parfums adapt\u00e9s r\u00e9pondant \u00e0 l\u2019\u00e9motion recherch\u00e9e par les passagers.<\/p>\n\n\n\n<p>Afin d\u2019assurer une exp\u00e9rience fra\u00eeche en cabine pour chaque passager, des capteurs de mauvaises odeurs int\u00e9gr\u00e9s peuvent \u00eatre utilis\u00e9s pour d\u00e9tecter les odeurs des compos\u00e9s azot\u00e9s (d\u00e9chets, r\u00e9sidus, fruits de mer, tabac, urine) et des acides organiques (cheveux\/ cuir chevelu, animaux de compagnie, sueur, vomi). En cas de d\u00e9tection d\u2019une mauvaise odeur, le diffuseur mobile embarqu\u00e9 peut automatiquement effectuer une diffusion s\u00e8che d\u2019un parfum anti mauvaise odeur : les mol\u00e9cules r\u00e9actives se combinent avec les mauvaises odeurs pour les neutraliser tout en fournissant des ingr\u00e9dients parfum\u00e9s agr\u00e9ables les surpassant. De mani\u00e8re alternative, si les capteurs d\u00e9tectent des substances humaines acides, telles que le vomi ou d\u2019autres excr\u00e9ments liquides ou solides, une alerte peut \u00eatre g\u00e9n\u00e9r\u00e9e pour retirer le v\u00e9hicule pour l\u2019assainissement et alerter au sujet du dernier passager dans le but d\u2019une facturation ult\u00e9rieure. <strong>Compos\u00e9s d'azote<\/strong> (ordures, base de produits, fruits de mer, fum\u00e9e, urine) et <strong>Acides organiques<\/strong> (Cheveux \/ cuir chevelu, animaux, sueur, vomi) odeurs. En cas de d\u00e9tection d'une odeur, le diffuseur de mobilit\u00e9 embarqu\u00e9 peut diffuser automatiquement une solution parfum\u00e9e contre les mauvaises odeurs \u00e0 l'air sec, dans laquelle les mol\u00e9cules r\u00e9actives se combinent \u00e0 l'odeur pour l'\u00e9liminer dans l'air tout en fournissant des ingr\u00e9dients parfum\u00e9s agr\u00e9ables qui la neutralisent. Sinon, si les capteurs d\u00e9tectent des substances humaines caustiques, comme du vomi ou d'autres excr\u00e9ments liquides ou solides, une alerte peut \u00eatre g\u00e9n\u00e9r\u00e9e pour mettre le v\u00e9hicule hors service pour le d\u00e9sinfecter et noter le nom du dernier passager pour une facturation ult\u00e9rieure.<\/p>\n\n\n\n<p>Les capteurs biom\u00e9triques avanc\u00e9s peuvent \u00e9galement d\u00e9tecter et recueillir des donn\u00e9es sur la fatigue et l\u2019\u00e9nervement, d\u00e9clenchant un parfum pour contrer et changer le comportement. Les conducteurs peuvent \u00e9galement utiliser leur smartphone pour s\u00e9lectionner des parfums pour se d\u00e9tendre et se relaxer, rester alertes et revigor\u00e9s, ou r\u00e9duire les cas b\u00e9nins de mal de transport.<\/p>\n\n\n\n<ul><li>Permet aux conducteurs de choisir parmi plusieurs parfums embarqu\u00e9s<\/li><li>Utilisez l\u2019application mobile pratique pour contr\u00f4ler la diffusion dans le v\u00e9hicule<\/li><li>Les capteurs anti mauvaises odeurs d\u00e9tectent les odeurs d\u00e9sagr\u00e9ables afin que des mesures puissent \u00eatre prises<\/li><li>Les capteurs biom\u00e9triques et les API peuvent d\u00e9tecter les \u00e9motions, le parfum peut agir sur le comportement<\/li><li>Acc\u00e8s aux cartouches de parfums adapt\u00e9es \u00e0 l\u2019humeur \u2013 pour se d\u00e9tendre, calmer ou am\u00e9liorer la vigilance<\/li><li>Acc\u00e8s aux cartouches de parfum assainissantes V-313485   \u2013 pour r\u00e9duire les agents pathog\u00e8nes a\u00e9roport\u00e9s, y compris les virus. <em>r\u00e9duire<\/em> les agents pathog\u00e8nes transmis par l'air, y compris les virus<\/li><li>Acc\u00e8s aux cartouches de parfum anti mauvaises odeurs \u2013 pour \u00e9liminer les odeurs de tabac, celles li\u00e9es aux animaux de compagnie ainsi que les odeurs corporelles<\/li><li>Acc\u00e8s aux cartouches anti mal de transport \u2013 pour soulager les cas de mal des transports<\/li><li>Am\u00e9liore le bien-\u00eatre gr\u00e2ce \u00e0 une technologie de diffusion saine \u00e0 air sec<\/li><li>R\u00e9duit le mal des transports gr\u00e2ce \u00e0 une lib\u00e9ration sp\u00e9cifique de l\u2019odeur<\/li><\/ul>\n\n\n\n<div class=\"wp-block-button aligncenter modal-link\"><a class=\"wp-block-button__link no-border-radius\" href=\"https:\/\/multi.inhalio.com\/fr\/markets\/request-detailed-information\/\">Demander des informations d\u00e9taill\u00e9es<\/a><\/div>\n\n\n\n<div class=\"wp-block-cover aligncenter is-light\"><span aria-hidden=\"true\" class=\"wp-block-cover__gradient-background has-background-dim\" style=\"background-color:#ffffff\"><\/span><img decoding=\"async\" loading=\"lazy\" width=\"1736\" height=\"903\" class=\"wp-block-cover__image-background wp-image-230\" alt=\"\" src=\"https:\/\/multi.inhalio.com\/wp-content\/uploads\/2022\/01\/molecular-wave-vector-red3.png\" data-object-fit=\"cover\" srcset=\"https:\/\/multi.inhalio.com\/wp-content\/uploads\/2022\/01\/molecular-wave-vector-red3.png 1736w, https:\/\/multi.inhalio.com\/wp-content\/uploads\/2022\/01\/molecular-wave-vector-red3-300x156.png 300w, https:\/\/multi.inhalio.com\/wp-content\/uploads\/2022\/01\/molecular-wave-vector-red3-1024x533.png 1024w, https:\/\/multi.inhalio.com\/wp-content\/uploads\/2022\/01\/molecular-wave-vector-red3-768x399.png 768w, https:\/\/multi.inhalio.com\/wp-content\/uploads\/2022\/01\/molecular-wave-vector-red3-1536x799.png 1536w, https:\/\/multi.inhalio.com\/wp-content\/uploads\/2022\/01\/molecular-wave-vector-red3-18x9.png 18w\" sizes=\"(max-width: 1736px) 100vw, 1736px\" \/><div class=\"wp-block-cover__inner-container\">\n<div class=\"wp-block-image\"><figure class=\"aligncenter size-large is-resized\"><img decoding=\"async\" loading=\"lazy\" src=\"https:\/\/multi.inhalio.com\/wp-content\/uploads\/2022\/01\/autonomous-in-line-1024x454.jpg\" alt=\"\" class=\"wp-image-207\" width=\"713\" height=\"316\" srcset=\"https:\/\/multi.inhalio.com\/wp-content\/uploads\/2022\/01\/autonomous-in-line-1024x454.jpg 1024w, https:\/\/multi.inhalio.com\/wp-content\/uploads\/2022\/01\/autonomous-in-line-300x133.jpg 300w, https:\/\/multi.inhalio.com\/wp-content\/uploads\/2022\/01\/autonomous-in-line-768x341.jpg 768w, https:\/\/multi.inhalio.com\/wp-content\/uploads\/2022\/01\/autonomous-in-line-1536x681.jpg 1536w, https:\/\/multi.inhalio.com\/wp-content\/uploads\/2022\/01\/autonomous-in-line-18x8.jpg 18w, https:\/\/multi.inhalio.com\/wp-content\/uploads\/2022\/01\/autonomous-in-line.jpg 1562w\" sizes=\"(max-width: 713px) 100vw, 713px\" \/><\/figure><\/div>\n\n\n\n<p><\/p>\n<\/div><\/div>\n\n\n\n<p>Gr\u00e2ce \u00e0 la plate-forme Digital Scent 3.0, les flottes de v\u00e9hicules autonomes peuvent acc\u00e9der rapidement et facilement \u00e0 la technologie Inhalio et aux conceptions de r\u00e9f\u00e9rence pour ajouter des syst\u00e8mes de diffusion de parfums combin\u00e9s \u00e0 la surveillance biom\u00e9trique dans leurs v\u00e9hicules. \u00c0 l\u2019aide de notre architecture de r\u00e9f\u00e9rence des v\u00e9hicules autonomes, Inhalio vous offre plus de 25 ans d\u2019expertise et de savoir-faire dans la cr\u00e9ation d\u2019un syst\u00e8me avanc\u00e9 de diffusion et de gestion des parfums embarqu\u00e9s, avec la capacit\u00e9 suppl\u00e9mentaire de recueillir, d\u2019analyser et de comprendre les tendances d\u2019usage et d\u2019acqu\u00e9rir des connaissances march\u00e9.<\/p>\n\n\n\n<ul><li>Plateforme Digital Scent 3.0 avec architecture de r\u00e9f\u00e9rence de v\u00e9hicule autonome<\/li><li>Assistance aux sp\u00e9cifications et \u00e0 la cr\u00e9ation de parfums individuels<\/li><li>Les capteurs peuvent d\u00e9tecter jusqu\u2019\u00e0 5 marqueurs bio humains distincts<\/li><li>Les capteurs biom\u00e9triques peuvent d\u00e9tecter l\u2019humeur des passagers<\/li><li>Acc\u00e8s \u00e0 la technologie Infusion de parfum et licences pour le v\u00e9hicule autonome<\/li><li>Acc\u00e8s \u00e0 la technologie Diffusion de parfum et licences pour le v\u00e9hicule autonome<\/li><li>Acc\u00e8s au contr\u00f4le Scent Cloud, \u00e0 la gestion et aux informations sur les donn\u00e9es pour une utilisation en v\u00e9hicule autonome<\/li><\/ul>","protected":false},"excerpt":{"rendered":"<p>Autonomous &#8211; Wellness Ride\u2122 Scent Diffuser Systems for Autonomous Vehicles For Autonomous fleets, combining the power of scent with biometric and malodor sensors, wellness ingredients, &#8230; <\/p>\n<p class=\"read-more-container\"><a title=\"Vehicules autonomes\" class=\"read-more button\" href=\"https:\/\/multi.inhalio.com\/fr\/markets\/autonomous\/#more-98\" aria-label=\"En savoir plus sur Autonomous\">Lire la suite<\/a><\/p>","protected":false},"author":1,"featured_media":208,"parent":73,"menu_order":2,"comment_status":"closed","ping_status":"closed","template":"","meta":[],"acf":[],"yoast_head":"<!-- This site is optimized with the Yoast SEO plugin v21.1 - https:\/\/yoast.com\/wordpress\/plugins\/seo\/ -->\n<title>Autonomous - Inhalio<\/title>\n<meta name=\"robots\" content=\"index, follow, max-snippet:-1, max-image-preview:large, max-video-preview:-1\" \/>\n<link rel=\"canonical\" href=\"https:\/\/multi.inhalio.com\/fr\/markets\/autonomous\/\" \/>\n<meta property=\"og:locale\" content=\"fr_FR\" \/>\n<meta property=\"og:type\" content=\"article\" \/>\n<meta property=\"og:title\" content=\"Autonomous - Inhalio\" \/>\n<meta property=\"og:description\" content=\"Autonomous &#8211; Wellness Ride\u2122 Scent Diffuser Systems for Autonomous Vehicles For Autonomous fleets, combining the power of scent with biometric and malodor sensors, wellness ingredients, ... Read more\" \/>\n<meta property=\"og:url\" content=\"https:\/\/multi.inhalio.com\/fr\/markets\/autonomous\/\" \/>\n<meta property=\"og:site_name\" content=\"Inhalio\" \/>\n<meta property=\"article:publisher\" content=\"https:\/\/www.facebook.com\/inhalio\" \/>\n<meta property=\"article:modified_time\" content=\"2022-02-23T15:26:02+00:00\" \/>\n<meta property=\"og:image\" content=\"https:\/\/multi.inhalio.com\/wp-content\/uploads\/2022\/01\/autonomous-slider.jpg\" \/>\n\t<meta property=\"og:image:width\" content=\"1000\" \/>\n\t<meta property=\"og:image:height\" content=\"575\" \/>\n\t<meta property=\"og:image:type\" content=\"image\/jpeg\" \/>\n<meta name=\"twitter:card\" content=\"summary_large_image\" \/>\n<meta name=\"twitter:site\" content=\"@inhalio\" \/>\n<meta name=\"twitter:label1\" content=\"Dur\u00e9e de lecture estim\u00e9e\" \/>\n\t<meta name=\"twitter:data1\" content=\"3 minutes\" \/>\n<script type=\"application\/ld+json\" class=\"yoast-schema-graph\">{\"@context\":\"https:\/\/schema.org\",\"@graph\":[{\"@type\":\"WebPage\",\"@id\":\"https:\/\/multi.inhalio.com\/markets\/autonomous\/\",\"url\":\"https:\/\/multi.inhalio.com\/markets\/autonomous\/\",\"name\":\"Autonomous - Inhalio\",\"isPartOf\":{\"@id\":\"https:\/\/multi.inhalio.com\/#website\"},\"datePublished\":\"2022-01-26T23:21:50+00:00\",\"dateModified\":\"2022-02-23T15:26:02+00:00\",\"breadcrumb\":{\"@id\":\"https:\/\/multi.inhalio.com\/markets\/autonomous\/#breadcrumb\"},\"inLanguage\":\"fr-FR\",\"potentialAction\":[{\"@type\":\"ReadAction\",\"target\":[\"https:\/\/multi.inhalio.com\/markets\/autonomous\/\"]}]},{\"@type\":\"BreadcrumbList\",\"@id\":\"https:\/\/multi.inhalio.com\/markets\/autonomous\/#breadcrumb\",\"itemListElement\":[{\"@type\":\"ListItem\",\"position\":1,\"name\":\"Home\",\"item\":\"https:\/\/multi.inhalio.com\/\"},{\"@type\":\"ListItem\",\"position\":2,\"name\":\"Markets\",\"item\":\"https:\/\/multi.inhalio.com\/markets\/\"},{\"@type\":\"ListItem\",\"position\":3,\"name\":\"Autonomous\"}]},{\"@type\":\"WebSite\",\"@id\":\"https:\/\/multi.inhalio.com\/#website\",\"url\":\"https:\/\/multi.inhalio.com\/\",\"name\":\"Inhalio\",\"description\":\"The World's 1st Connected Platform for Scent | Scent Branding\",\"publisher\":{\"@id\":\"https:\/\/multi.inhalio.com\/#organization\"},\"potentialAction\":[{\"@type\":\"SearchAction\",\"target\":{\"@type\":\"EntryPoint\",\"urlTemplate\":\"https:\/\/multi.inhalio.com\/?s={search_term_string}\"},\"query-input\":\"required name=search_term_string\"}],\"inLanguage\":\"fr-FR\"},{\"@type\":\"Organization\",\"@id\":\"https:\/\/multi.inhalio.com\/#organization\",\"name\":\"Inhalio\",\"url\":\"https:\/\/multi.inhalio.com\/\",\"logo\":{\"@type\":\"ImageObject\",\"inLanguage\":\"fr-FR\",\"@id\":\"https:\/\/multi.inhalio.com\/#\/schema\/logo\/image\/\",\"url\":\"https:\/\/multi.inhalio.com\/wp-content\/uploads\/2022\/02\/logo.png\",\"contentUrl\":\"https:\/\/multi.inhalio.com\/wp-content\/uploads\/2022\/02\/logo.png\",\"width\":1185,\"height\":284,\"caption\":\"Inhalio\"},\"image\":{\"@id\":\"https:\/\/multi.inhalio.com\/#\/schema\/logo\/image\/\"},\"sameAs\":[\"https:\/\/www.facebook.com\/inhalio\",\"https:\/\/twitter.com\/inhalio\",\"https:\/\/www.linkedin.com\/company\/inhali\u00f3\/\"]}]}<\/script>\n<!-- \/ Yoast SEO plugin. -->","yoast_head_json":{"title":"Autonomous - Inhalio","robots":{"index":"index","follow":"follow","max-snippet":"max-snippet:-1","max-image-preview":"max-image-preview:large","max-video-preview":"max-video-preview:-1"},"canonical":"https:\/\/multi.inhalio.com\/fr\/markets\/autonomous\/","og_locale":"fr_FR","og_type":"article","og_title":"Autonomous - Inhalio","og_description":"Autonomous &#8211; Wellness Ride\u2122 Scent Diffuser Systems for Autonomous Vehicles For Autonomous fleets, combining the power of scent with biometric and malodor sensors, wellness ingredients, ... Read more","og_url":"https:\/\/multi.inhalio.com\/fr\/markets\/autonomous\/","og_site_name":"Inhalio","article_publisher":"https:\/\/www.facebook.com\/inhalio","article_modified_time":"2022-02-23T15:26:02+00:00","og_image":[{"width":1000,"height":575,"url":"https:\/\/multi.inhalio.com\/wp-content\/uploads\/2022\/01\/autonomous-slider.jpg","type":"image\/jpeg"}],"twitter_card":"summary_large_image","twitter_site":"@inhalio","twitter_misc":{"Dur\u00e9e de lecture estim\u00e9e":"3 minutes"},"schema":{"@context":"https:\/\/schema.org","@graph":[{"@type":"WebPage","@id":"https:\/\/multi.inhalio.com\/markets\/autonomous\/","url":"https:\/\/multi.inhalio.com\/markets\/autonomous\/","name":"Autonomous - Inhalio","isPartOf":{"@id":"https:\/\/multi.inhalio.com\/#website"},"datePublished":"2022-01-26T23:21:50+00:00","dateModified":"2022-02-23T15:26:02+00:00","breadcrumb":{"@id":"https:\/\/multi.inhalio.com\/markets\/autonomous\/#breadcrumb"},"inLanguage":"fr-FR","potentialAction":[{"@type":"ReadAction","target":["https:\/\/multi.inhalio.com\/markets\/autonomous\/"]}]},{"@type":"BreadcrumbList","@id":"https:\/\/multi.inhalio.com\/markets\/autonomous\/#breadcrumb","itemListElement":[{"@type":"ListItem","position":1,"name":"Home","item":"https:\/\/multi.inhalio.com\/"},{"@type":"ListItem","position":2,"name":"Markets","item":"https:\/\/multi.inhalio.com\/markets\/"},{"@type":"ListItem","position":3,"name":"Autonomous"}]},{"@type":"WebSite","@id":"https:\/\/multi.inhalio.com\/#website","url":"https:\/\/multi.inhalio.com\/","name":"Inhalio","description":"The World's 1st Connected Platform for Scent | Scent Branding","publisher":{"@id":"https:\/\/multi.inhalio.com\/#organization"},"potentialAction":[{"@type":"SearchAction","target":{"@type":"EntryPoint","urlTemplate":"https:\/\/multi.inhalio.com\/?s={search_term_string}"},"query-input":"required name=search_term_string"}],"inLanguage":"fr-FR"},{"@type":"Organization","@id":"https:\/\/multi.inhalio.com\/#organization","name":"Inhalio","url":"https:\/\/multi.inhalio.com\/","logo":{"@type":"ImageObject","inLanguage":"fr-FR","@id":"https:\/\/multi.inhalio.com\/#\/schema\/logo\/image\/","url":"https:\/\/multi.inhalio.com\/wp-content\/uploads\/2022\/02\/logo.png","contentUrl":"https:\/\/multi.inhalio.com\/wp-content\/uploads\/2022\/02\/logo.png","width":1185,"height":284,"caption":"Inhalio"},"image":{"@id":"https:\/\/multi.inhalio.com\/#\/schema\/logo\/image\/"},"sameAs":["https:\/\/www.facebook.com\/inhalio","https:\/\/twitter.com\/inhalio","https:\/\/www.linkedin.com\/company\/inhali\u00f3\/"]}]}},"_links":{"self":[{"href":"https:\/\/multi.inhalio.com\/fr\/wp-json\/wp\/v2\/pages\/98"}],"collection":[{"href":"https:\/\/multi.inhalio.com\/fr\/wp-json\/wp\/v2\/pages"}],"about":[{"href":"https:\/\/multi.inhalio.com\/fr\/wp-json\/wp\/v2\/types\/page"}],"author":[{"embeddable":true,"href":"https:\/\/multi.inhalio.com\/fr\/wp-json\/wp\/v2\/users\/1"}],"replies":[{"embeddable":true,"href":"https:\/\/multi.inhalio.com\/fr\/wp-json\/wp\/v2\/comments?post=98"}],"version-history":[{"count":5,"href":"https:\/\/multi.inhalio.com\/fr\/wp-json\/wp\/v2\/pages\/98\/revisions"}],"predecessor-version":[{"id":31946,"href":"https:\/\/multi.inhalio.com\/fr\/wp-json\/wp\/v2\/pages\/98\/revisions\/31946"}],"up":[{"embeddable":true,"href":"https:\/\/multi.inhalio.com\/fr\/wp-json\/wp\/v2\/pages\/73"}],"wp:featuredmedia":[{"embeddable":true,"href":"https:\/\/multi.inhalio.com\/fr\/wp-json\/wp\/v2\/media\/208"}],"wp:attachment":[{"href":"https:\/\/multi.inhalio.com\/fr\/wp-json\/wp\/v2\/media?parent=98"}],"curies":[{"name":"wp","href":"https:\/\/api.w.org\/{rel}","templated":true}]}}