{"id":95,"date":"2022-01-26T23:21:12","date_gmt":"2022-01-26T23:21:12","guid":{"rendered":"https:\/\/multi.inhalio.com\/?page_id=95"},"modified":"2022-02-23T15:25:23","modified_gmt":"2022-02-23T15:25:23","slug":"rideshare","status":"publish","type":"page","link":"https:\/\/multi.inhalio.com\/fr\/markets\/rideshare\/","title":{"rendered":"Partage de v\u00e9hicule"},"content":{"rendered":"<h2 id=\"rideshare-wellness-ride-scent-diffuser-solutions-for-rideshare-fleets\">Partage de v\u00e9hicule \u2013 Wellness Ride\u2122 Solutions de diffusion de parfum pour les flottes des v\u00e9hicules partag\u00e9s <\/h2>\n\n\n\n<p>Gr\u00e2ce \u00e0 la plate-forme Inhalio Digital Scent 3.0\u2122 et au syst\u00e8me de diffuseur amovible Wellness Ride\u2122 les entreprises de partage de v\u00e9hicule peuvent am\u00e9liorer la satisfaction de leurs clients, augmenter leurs revenus par trajet, am\u00e9liorer la fid\u00e9lit\u00e9 \u00e0 la marque et diff\u00e9rencier davantage leur service de partage de v\u00e9hicule des concurrents.apport \u00e0 leurs concurrents. <\/p>\n\n\n\n<p>Inhalio a \u00e9t\u00e9 le pionnier du concept de Wellness Ride pour offrir aux passagers des exp\u00e9riences plus saines et am\u00e9lior\u00e9es \u00e0 l\u2019int\u00e9rieur des v\u00e9hicules en r\u00e9duisant les agents pathog\u00e8nes a\u00e9roport\u00e9s (y compris les virus), en \u00e9liminant les mauvaises odeurs, en soulageant le mal des transports et en diffusant des parfums adapt\u00e9s \u00e0 l\u2019humeur qui peuvent am\u00e9liorer le bien-\u00eatre. En s\u2019associant \u00e0 Inhalio, les soci\u00e9t\u00e9s de partage de v\u00e9hicule peuvent d\u00e9ployer rapidement et commod\u00e9ment des diffuseurs de parfums amovibles \u00e0 technologie de diffusion s\u00e8che dans leurs flottes et commencer \u00e0 offrir aux passagers un Wellness Ride. En utilisant notre architecture de r\u00e9f\u00e9rence et nos API de diffusion de parfum pour le partage de v\u00e9hicules, combin\u00e9s \u00e0 nos diffuseurs de parfums amovibles, Inhalio vous offre plus de 25 ans d\u2019expertise et de savoir-faire dans le d\u00e9ploiement d\u2019un syst\u00e8me avanc\u00e9 de diffusion et de gestion des parfums embarqu\u00e9s, avec la capacit\u00e9 suppl\u00e9mentaire de collecter, d\u2019analyser et de comprendre les tendances des passagers et d\u2019acqu\u00e9rir des connaissances march\u00e9.<\/p>\n\n\n\n<div class=\"wp-block-cover is-light\"><span aria-hidden=\"true\" class=\"wp-block-cover__gradient-background has-background-dim\" style=\"background-color:#ffffff\"><\/span><img decoding=\"async\" loading=\"lazy\" width=\"1736\" height=\"903\" class=\"wp-block-cover__image-background wp-image-227\" alt=\"\" src=\"https:\/\/multi.inhalio.com\/wp-content\/uploads\/2022\/01\/molecular-wave-vector-green3.png\" data-object-fit=\"cover\" srcset=\"https:\/\/multi.inhalio.com\/wp-content\/uploads\/2022\/01\/molecular-wave-vector-green3.png 1736w, https:\/\/multi.inhalio.com\/wp-content\/uploads\/2022\/01\/molecular-wave-vector-green3-300x156.png 300w, https:\/\/multi.inhalio.com\/wp-content\/uploads\/2022\/01\/molecular-wave-vector-green3-1024x533.png 1024w, https:\/\/multi.inhalio.com\/wp-content\/uploads\/2022\/01\/molecular-wave-vector-green3-768x399.png 768w, https:\/\/multi.inhalio.com\/wp-content\/uploads\/2022\/01\/molecular-wave-vector-green3-1536x799.png 1536w, https:\/\/multi.inhalio.com\/wp-content\/uploads\/2022\/01\/molecular-wave-vector-green3-18x9.png 18w\" sizes=\"(max-width: 1736px) 100vw, 1736px\" \/><div class=\"wp-block-cover__inner-container\">\n<div class=\"wp-block-image\"><figure class=\"aligncenter size-large is-resized\"><img decoding=\"async\" loading=\"lazy\" src=\"https:\/\/multi.inhalio.com\/wp-content\/uploads\/2022\/01\/Car-Scent-Diffuser-Inhalio-Mobility-Demo-Kit-1024x797.png\" alt=\"\" class=\"wp-image-275\" width=\"636\" height=\"493\" srcset=\"https:\/\/multi.inhalio.com\/wp-content\/uploads\/2022\/01\/Car-Scent-Diffuser-Inhalio-Mobility-Demo-Kit-300x233.png 300w, https:\/\/multi.inhalio.com\/wp-content\/uploads\/2022\/01\/Car-Scent-Diffuser-Inhalio-Mobility-Demo-Kit-768x597.png 768w, https:\/\/multi.inhalio.com\/wp-content\/uploads\/2022\/01\/Car-Scent-Diffuser-Inhalio-Mobility-Demo-Kit-15x12.png 15w\" sizes=\"(max-width: 636px) 100vw, 636px\" \/><figcaption>Kit de d\u00e9monstration du diffuseur de mobilit\u00e9 et architecture de conception de r\u00e9f\u00e9rence<\/figcaption><\/figure><\/div>\n<\/div><\/div>\n\n\n\n<ul><li>Kit de d\u00e9monstration du diffuseur amovible et architecture de conception de r\u00e9f\u00e9rence sont maintenant disponibles<\/li><li>Plateforme Digitale Scent 3.0 avec Wellness Ride activ\u00e9 gr\u00e2ce Diffuseur de parfum amovible<\/li><li>Architecture software de Reference pour le partage de v\u00e9hicule et API \u2013 pour int\u00e9grer la s\u00e9lection de parfums dans les applications de partage de v\u00e9hicules<\/li><li>Assistance aux sp\u00e9cifications et \u00e0 la cr\u00e9ation de parfums individuels <\/li><li>Acc\u00e8s aux cartouches de parfum assainissantes V-313485    \u2013 pour r\u00e9duire les agents pathog\u00e8nes a\u00e9roport\u00e9s, y compris les virus<\/li><li>Acc\u00e8s aux cartouches de parfum anti mauvaises odeurs \u2013 pour \u00e9liminer les odeurs de tabac, celles li\u00e9es aux animaux de compagnie ainsi que les odeurs corporelles<\/li><li>Acc\u00e8s aux cartouches anti mal de transport \u2013 pour soulager les cas de mal des transports<\/li><li>Acc\u00e8s aux cartouches de parfums adapt\u00e9es \u00e0 l\u2019humeur \u2013 pour se d\u00e9tendre, calmer ou am\u00e9liorer la vigilance<\/li><li>Acc\u00e8s \u00e0 la technologie d\u2019Infusion de Parfum et licences pour l\u2019acc\u00e8s au partage de v\u00e9hicule<\/li><li>Acc\u00e8s \u00e0 la technologie de Diffusion et aux appareils pour l\u2019acc\u00e8s au partage de v\u00e9hicule<\/li><li>Acc\u00e8s au contr\u00f4le du Scent Cloud, \u00e0 la gestion et aux data d\u2019usage pour l\u2019utilisation du partage de v\u00e9hicule<\/li><\/ul>\n\n\n\n<div class=\"wp-block-button aligncenter modal-link\"><a class=\"wp-block-button__link no-border-radius\" href=\"https:\/\/multi.inhalio.com\/fr\/markets\/request-detailed-information\/\">Demander des informations d\u00e9taill\u00e9es<\/a><\/div>\n\n\n\n<div class=\"wp-block-cover is-light\"><span aria-hidden=\"true\" class=\"has-background-dim-30 wp-block-cover__gradient-background has-background-dim\" style=\"background-color:#ffffff\"><\/span><img decoding=\"async\" loading=\"lazy\" width=\"1736\" height=\"903\" class=\"wp-block-cover__image-background wp-image-227\" alt=\"\" src=\"https:\/\/multi.inhalio.com\/wp-content\/uploads\/2022\/01\/molecular-wave-vector-green3.png\" data-object-fit=\"cover\" srcset=\"https:\/\/multi.inhalio.com\/wp-content\/uploads\/2022\/01\/molecular-wave-vector-green3.png 1736w, https:\/\/multi.inhalio.com\/wp-content\/uploads\/2022\/01\/molecular-wave-vector-green3-300x156.png 300w, https:\/\/multi.inhalio.com\/wp-content\/uploads\/2022\/01\/molecular-wave-vector-green3-1024x533.png 1024w, https:\/\/multi.inhalio.com\/wp-content\/uploads\/2022\/01\/molecular-wave-vector-green3-768x399.png 768w, https:\/\/multi.inhalio.com\/wp-content\/uploads\/2022\/01\/molecular-wave-vector-green3-1536x799.png 1536w, https:\/\/multi.inhalio.com\/wp-content\/uploads\/2022\/01\/molecular-wave-vector-green3-18x9.png 18w\" sizes=\"(max-width: 1736px) 100vw, 1736px\" \/><div class=\"wp-block-cover__inner-container\">\n<div class=\"wp-block-image\"><figure class=\"aligncenter size-large is-resized\"><img decoding=\"async\" loading=\"lazy\" src=\"https:\/\/multi.inhalio.com\/wp-content\/uploads\/2022\/01\/ride-share-in-line-1024x454.jpg\" alt=\"\" class=\"wp-image-243\" width=\"762\" height=\"338\" srcset=\"https:\/\/multi.inhalio.com\/wp-content\/uploads\/2022\/01\/ride-share-in-line-1024x454.jpg 1024w, https:\/\/multi.inhalio.com\/wp-content\/uploads\/2022\/01\/ride-share-in-line-300x133.jpg 300w, https:\/\/multi.inhalio.com\/wp-content\/uploads\/2022\/01\/ride-share-in-line-768x341.jpg 768w, https:\/\/multi.inhalio.com\/wp-content\/uploads\/2022\/01\/ride-share-in-line-1536x681.jpg 1536w, https:\/\/multi.inhalio.com\/wp-content\/uploads\/2022\/01\/ride-share-in-line-18x8.jpg 18w, https:\/\/multi.inhalio.com\/wp-content\/uploads\/2022\/01\/ride-share-in-line.jpg 1562w\" sizes=\"(max-width: 762px) 100vw, 762px\" \/><\/figure><\/div>\n<\/div><\/div>\n\n\n\n<p>Les passagers utilisant le partage de v\u00e9hicule peuvent d\u00e9sormais r\u00e9server un Wellness Ride et b\u00e9n\u00e9ficier d\u2019un voyage plus agr\u00e9able et plus sain gr\u00e2ce au pouvoir du parfum. \u00c0 l\u2019aide de l\u2019application mobile de partage de v\u00e9hicule, les passagers peuvent s\u00e9lectionner l\u2019une des quatre cartouches de parfum embarqu\u00e9es\u2026  Les passagers peuvent choisir des parfums qui sont connus pour agir sur l\u2019humeur : se d\u00e9tendre, revigorer, calmer ou restaurer, ainsi que de promouvoir la sant\u00e9 et le bien-\u00eatre en assainissant l\u2019air de la cabine en r\u00e9duisant les agents pathog\u00e8nes a\u00e9roport\u00e9es, en \u00e9liminant les mauvaises odeurs, ou en r\u00e9duisant le mal de transports. Le diffuseur de parfum num\u00e9rique Inhalio dans le v\u00e9hicule et les cartouches de parfum associ\u00e9es permettent aux passagers de diffuser le bon parfum pour cr\u00e9er l\u2019exp\u00e9rience sp\u00e9cifique ou l\u2019humeur qu\u2019ils d\u00e9sirent.<\/p>\n\n\n\n<ul><li>Permet aux conducteurs ou aux passagers de choisir parmi plusieurs parfums embarqu\u00e9s<\/li><li>Choisissez le bon parfum li\u00e9 \u00e0 l\u2019\u00e9motion d\u00e9sir\u00e9e pour se relaxer, se d\u00e9tendre, rester alerte ou revigor\u00e9<\/li><li>Soutien \u00e0 la sant\u00e9 et au bien-\u00eatre avec des cartouches de parfum pour assainir l\u2019air<\/li><li>R\u00e9duire les cas l\u00e9gers \u00e0 moyens de mal des transports<\/li><li>Utilisez l\u2019application mobile pratique pour contr\u00f4ler la diffusion dans le v\u00e9hicule<\/li><li>Choisissez le bon parfum pour d\u00e9finir la bonne humeur ou l\u2019exp\u00e9rience d\u00e9sir\u00e9e<\/li><li>Am\u00e9liore le bien-\u00eatre gr\u00e2ce \u00e0 une technologie de diffusion saine \u00e0 air sec<\/li><li>R\u00e9duit le mal des transports gr\u00e2ce \u00e0 une lib\u00e9ration sp\u00e9cifique de l\u2019odeur<\/li><\/ul>","protected":false},"excerpt":{"rendered":"<p>Rideshare - Solutions de diffusion de parfum Wellness Ride\u2122 pour les flottes de covoiturage Avec la plateforme Inhalio Digital Scent 3.0 Platform\u2122 et le syst\u00e8me de diffusion mobile Wellness Ride\u2122, les soci\u00e9t\u00e9s de covoiturage ... <\/p>\n<p class=\"read-more-container\"><a title=\"Partage de v\u00e9hicule\" class=\"read-more button\" href=\"https:\/\/multi.inhalio.com\/fr\/markets\/rideshare\/#more-95\" aria-label=\"En savoir plus sur Rideshare\">Lire la suite<\/a><\/p>","protected":false},"author":1,"featured_media":226,"parent":73,"menu_order":1,"comment_status":"closed","ping_status":"closed","template":"","meta":[],"acf":[],"yoast_head":"<!-- This site is optimized with the Yoast SEO plugin v21.1 - https:\/\/yoast.com\/wordpress\/plugins\/seo\/ -->\n<title>Rideshare - Inhalio<\/title>\n<meta name=\"robots\" content=\"index, follow, max-snippet:-1, max-image-preview:large, max-video-preview:-1\" \/>\n<link rel=\"canonical\" href=\"https:\/\/multi.inhalio.com\/fr\/markets\/rideshare\/\" \/>\n<meta property=\"og:locale\" content=\"fr_FR\" \/>\n<meta property=\"og:type\" content=\"article\" \/>\n<meta property=\"og:title\" content=\"Rideshare - Inhalio\" \/>\n<meta property=\"og:description\" content=\"Rideshare &#8211; Wellness Ride\u2122 Scent Diffuser Solutions for Rideshare Fleets With the Inhalio Digital Scent 3.0 Platform\u2122 and Wellness Ride\u2122 mobility diffuser system, Rideshare companies ... Read more\" \/>\n<meta property=\"og:url\" content=\"https:\/\/multi.inhalio.com\/fr\/markets\/rideshare\/\" \/>\n<meta property=\"og:site_name\" content=\"Inhalio\" \/>\n<meta property=\"article:publisher\" content=\"https:\/\/www.facebook.com\/inhalio\" \/>\n<meta property=\"article:modified_time\" content=\"2022-02-23T15:25:23+00:00\" \/>\n<meta property=\"og:image\" content=\"https:\/\/multi.inhalio.com\/wp-content\/uploads\/2022\/01\/mobility-slider.jpg\" \/>\n\t<meta property=\"og:image:width\" content=\"1000\" \/>\n\t<meta property=\"og:image:height\" content=\"575\" \/>\n\t<meta property=\"og:image:type\" content=\"image\/jpeg\" \/>\n<meta name=\"twitter:card\" content=\"summary_large_image\" \/>\n<meta name=\"twitter:site\" content=\"@inhalio\" \/>\n<meta name=\"twitter:label1\" content=\"Dur\u00e9e de lecture estim\u00e9e\" \/>\n\t<meta name=\"twitter:data1\" content=\"3 minutes\" \/>\n<script type=\"application\/ld+json\" class=\"yoast-schema-graph\">{\"@context\":\"https:\/\/schema.org\",\"@graph\":[{\"@type\":\"WebPage\",\"@id\":\"https:\/\/multi.inhalio.com\/markets\/rideshare\/\",\"url\":\"https:\/\/multi.inhalio.com\/markets\/rideshare\/\",\"name\":\"Rideshare - Inhalio\",\"isPartOf\":{\"@id\":\"https:\/\/multi.inhalio.com\/#website\"},\"datePublished\":\"2022-01-26T23:21:12+00:00\",\"dateModified\":\"2022-02-23T15:25:23+00:00\",\"breadcrumb\":{\"@id\":\"https:\/\/multi.inhalio.com\/markets\/rideshare\/#breadcrumb\"},\"inLanguage\":\"fr-FR\",\"potentialAction\":[{\"@type\":\"ReadAction\",\"target\":[\"https:\/\/multi.inhalio.com\/markets\/rideshare\/\"]}]},{\"@type\":\"BreadcrumbList\",\"@id\":\"https:\/\/multi.inhalio.com\/markets\/rideshare\/#breadcrumb\",\"itemListElement\":[{\"@type\":\"ListItem\",\"position\":1,\"name\":\"Home\",\"item\":\"https:\/\/multi.inhalio.com\/\"},{\"@type\":\"ListItem\",\"position\":2,\"name\":\"Markets\",\"item\":\"https:\/\/multi.inhalio.com\/markets\/\"},{\"@type\":\"ListItem\",\"position\":3,\"name\":\"Rideshare\"}]},{\"@type\":\"WebSite\",\"@id\":\"https:\/\/multi.inhalio.com\/#website\",\"url\":\"https:\/\/multi.inhalio.com\/\",\"name\":\"Inhalio\",\"description\":\"The World's 1st Connected Platform for Scent | Scent Branding\",\"publisher\":{\"@id\":\"https:\/\/multi.inhalio.com\/#organization\"},\"potentialAction\":[{\"@type\":\"SearchAction\",\"target\":{\"@type\":\"EntryPoint\",\"urlTemplate\":\"https:\/\/multi.inhalio.com\/?s={search_term_string}\"},\"query-input\":\"required name=search_term_string\"}],\"inLanguage\":\"fr-FR\"},{\"@type\":\"Organization\",\"@id\":\"https:\/\/multi.inhalio.com\/#organization\",\"name\":\"Inhalio\",\"url\":\"https:\/\/multi.inhalio.com\/\",\"logo\":{\"@type\":\"ImageObject\",\"inLanguage\":\"fr-FR\",\"@id\":\"https:\/\/multi.inhalio.com\/#\/schema\/logo\/image\/\",\"url\":\"https:\/\/multi.inhalio.com\/wp-content\/uploads\/2022\/02\/logo.png\",\"contentUrl\":\"https:\/\/multi.inhalio.com\/wp-content\/uploads\/2022\/02\/logo.png\",\"width\":1185,\"height\":284,\"caption\":\"Inhalio\"},\"image\":{\"@id\":\"https:\/\/multi.inhalio.com\/#\/schema\/logo\/image\/\"},\"sameAs\":[\"https:\/\/www.facebook.com\/inhalio\",\"https:\/\/twitter.com\/inhalio\",\"https:\/\/www.linkedin.com\/company\/inhali\u00f3\/\"]}]}<\/script>\n<!-- \/ Yoast SEO plugin. -->","yoast_head_json":{"title":"Rideshare - Inhalio","robots":{"index":"index","follow":"follow","max-snippet":"max-snippet:-1","max-image-preview":"max-image-preview:large","max-video-preview":"max-video-preview:-1"},"canonical":"https:\/\/multi.inhalio.com\/fr\/markets\/rideshare\/","og_locale":"fr_FR","og_type":"article","og_title":"Rideshare - Inhalio","og_description":"Rideshare &#8211; Wellness Ride\u2122 Scent Diffuser Solutions for Rideshare Fleets With the Inhalio Digital Scent 3.0 Platform\u2122 and Wellness Ride\u2122 mobility diffuser system, Rideshare companies ... Read more","og_url":"https:\/\/multi.inhalio.com\/fr\/markets\/rideshare\/","og_site_name":"Inhalio","article_publisher":"https:\/\/www.facebook.com\/inhalio","article_modified_time":"2022-02-23T15:25:23+00:00","og_image":[{"width":1000,"height":575,"url":"https:\/\/multi.inhalio.com\/wp-content\/uploads\/2022\/01\/mobility-slider.jpg","type":"image\/jpeg"}],"twitter_card":"summary_large_image","twitter_site":"@inhalio","twitter_misc":{"Dur\u00e9e de lecture estim\u00e9e":"3 minutes"},"schema":{"@context":"https:\/\/schema.org","@graph":[{"@type":"WebPage","@id":"https:\/\/multi.inhalio.com\/markets\/rideshare\/","url":"https:\/\/multi.inhalio.com\/markets\/rideshare\/","name":"Rideshare - Inhalio","isPartOf":{"@id":"https:\/\/multi.inhalio.com\/#website"},"datePublished":"2022-01-26T23:21:12+00:00","dateModified":"2022-02-23T15:25:23+00:00","breadcrumb":{"@id":"https:\/\/multi.inhalio.com\/markets\/rideshare\/#breadcrumb"},"inLanguage":"fr-FR","potentialAction":[{"@type":"ReadAction","target":["https:\/\/multi.inhalio.com\/markets\/rideshare\/"]}]},{"@type":"BreadcrumbList","@id":"https:\/\/multi.inhalio.com\/markets\/rideshare\/#breadcrumb","itemListElement":[{"@type":"ListItem","position":1,"name":"Home","item":"https:\/\/multi.inhalio.com\/"},{"@type":"ListItem","position":2,"name":"Markets","item":"https:\/\/multi.inhalio.com\/markets\/"},{"@type":"ListItem","position":3,"name":"Rideshare"}]},{"@type":"WebSite","@id":"https:\/\/multi.inhalio.com\/#website","url":"https:\/\/multi.inhalio.com\/","name":"Inhalio","description":"The World's 1st Connected Platform for Scent | Scent Branding","publisher":{"@id":"https:\/\/multi.inhalio.com\/#organization"},"potentialAction":[{"@type":"SearchAction","target":{"@type":"EntryPoint","urlTemplate":"https:\/\/multi.inhalio.com\/?s={search_term_string}"},"query-input":"required name=search_term_string"}],"inLanguage":"fr-FR"},{"@type":"Organization","@id":"https:\/\/multi.inhalio.com\/#organization","name":"Inhalio","url":"https:\/\/multi.inhalio.com\/","logo":{"@type":"ImageObject","inLanguage":"fr-FR","@id":"https:\/\/multi.inhalio.com\/#\/schema\/logo\/image\/","url":"https:\/\/multi.inhalio.com\/wp-content\/uploads\/2022\/02\/logo.png","contentUrl":"https:\/\/multi.inhalio.com\/wp-content\/uploads\/2022\/02\/logo.png","width":1185,"height":284,"caption":"Inhalio"},"image":{"@id":"https:\/\/multi.inhalio.com\/#\/schema\/logo\/image\/"},"sameAs":["https:\/\/www.facebook.com\/inhalio","https:\/\/twitter.com\/inhalio","https:\/\/www.linkedin.com\/company\/inhali\u00f3\/"]}]}},"_links":{"self":[{"href":"https:\/\/multi.inhalio.com\/fr\/wp-json\/wp\/v2\/pages\/95"}],"collection":[{"href":"https:\/\/multi.inhalio.com\/fr\/wp-json\/wp\/v2\/pages"}],"about":[{"href":"https:\/\/multi.inhalio.com\/fr\/wp-json\/wp\/v2\/types\/page"}],"author":[{"embeddable":true,"href":"https:\/\/multi.inhalio.com\/fr\/wp-json\/wp\/v2\/users\/1"}],"replies":[{"embeddable":true,"href":"https:\/\/multi.inhalio.com\/fr\/wp-json\/wp\/v2\/comments?post=95"}],"version-history":[{"count":6,"href":"https:\/\/multi.inhalio.com\/fr\/wp-json\/wp\/v2\/pages\/95\/revisions"}],"predecessor-version":[{"id":31945,"href":"https:\/\/multi.inhalio.com\/fr\/wp-json\/wp\/v2\/pages\/95\/revisions\/31945"}],"up":[{"embeddable":true,"href":"https:\/\/multi.inhalio.com\/fr\/wp-json\/wp\/v2\/pages\/73"}],"wp:featuredmedia":[{"embeddable":true,"href":"https:\/\/multi.inhalio.com\/fr\/wp-json\/wp\/v2\/media\/226"}],"wp:attachment":[{"href":"https:\/\/multi.inhalio.com\/fr\/wp-json\/wp\/v2\/media?parent=95"}],"curies":[{"name":"wp","href":"https:\/\/api.w.org\/{rel}","templated":true}]}}