{"id":93,"date":"2022-01-26T23:20:47","date_gmt":"2022-01-26T23:20:47","guid":{"rendered":"https:\/\/multi.inhalio.com\/?page_id=93"},"modified":"2022-02-23T15:24:48","modified_gmt":"2022-02-23T15:24:48","slug":"mobility","status":"publish","type":"page","link":"https:\/\/multi.inhalio.com\/fr\/markets\/mobility\/","title":{"rendered":"Mobilit\u00e9"},"content":{"rendered":"<h2 id=\"mobility-wellness-ride-scent-diffuser-solutions-for-oem-and-tier1-suppliers\">Mobilit\u00e9 \u2013  Wellness Ride\u2122  Solutions de diffusion de parfum pour les constructeurs automobiles et les \u00e9quipementiers.<\/h2>\n\n\n\n<p>Inhalio a \u00e9t\u00e9 le pionnier du concept de Wellness Ride\u2122 \u2013 une avanc\u00e9e majeure pour les \u00e9quipementiers et les fournisseurs rang 1 qui veulent permettre \u00e0 leurs clients de vivre des exp\u00e9riences plus saines \u00e0 l\u2019int\u00e9rieur du v\u00e9hicule\u2026 Le  Wellness Ride et le pouvoir du parfum  permettent aux  passagers  de vivre une exp\u00e9rience plus agr\u00e9able et plus saine \u00e0 l\u2019int\u00e9rieur du v\u00e9hicule gr\u00e2ce \u00e0 la r\u00e9duction des agents pathog\u00e8nes a\u00e9roport\u00e9s (y compris les virus), \u00e0 l\u2019\u00e9limination des mauvaises odeurs, \u00e0 l\u2019att\u00e9nuation des cas l\u00e9gers \u00e0 mod\u00e9r\u00e9s de mal des transports, et \u00e0 la diffusion  de parfums ad\u00e9quats r\u00e9pondant \u00e0 l\u2019\u00e9motion recherch\u00e9e par les passagers. <\/p>\n\n\n\n<p>Avec la plateforme Digital Scent 3.0, les constructeurs automobiles et les fournisseurs de rang 1 peuvent acc\u00e9der rapidement et facilement \u00e0 la  technologie Inhalio et aux conceptions de r\u00e9f\u00e9rence pour int\u00e9grer des syst\u00e8mes de diffusion de parfums dans les v\u00e9hicules,  ou  m\u00eame acc\u00e9der  imm\u00e9diatement aux syst\u00e8mes de diffuseurs de parfum amovibles d\u00e9j\u00e0 disponibles . Gr\u00e2ce \u00e0 notre architecture de r\u00e9f\u00e9rence pour les parfum, Inhalio vous offre plus de 25 ans d\u2019expertise et de savoir-faire dans la cr\u00e9ation d\u2019un syst\u00e8me avanc\u00e9 de diffusion et de gestion des parfums embarqu\u00e9s, avec la capacit\u00e9 suppl\u00e9mentaire de collecter, d\u2019analyser et de comprendre les tendances consommateurs et d\u2019acqu\u00e9rir des informations march\u00e9.  Ces derni\u00e8res ann\u00e9es, les syst\u00e8mes de diffusion de parfum dans les v\u00e9hicules ont connu une croissance au sein du march\u00e9 des v\u00e9hicules de luxe. Aujourd\u2019hui, la demande des consommateurs pour les syst\u00e8mes de parfum embarqu\u00e9s s\u2019applique quasiment \u00e0  tous les mod\u00e8les de v\u00e9hicules de tourisme. <\/p>\n\n\n\n<div class=\"is-layout-flow wp-block-group\"><div class=\"wp-block-group__inner-container\">\n<div class=\"wp-block-cover aligncenter is-light\" style=\"min-height:692px\"><span aria-hidden=\"true\" class=\"wp-block-cover__gradient-background has-background-dim\" style=\"background-color:#ffffff\"><\/span><img decoding=\"async\" loading=\"lazy\" width=\"1736\" height=\"903\" class=\"wp-block-cover__image-background wp-image-231\" alt=\"Yellow Scent Wave\" src=\"https:\/\/multi.inhalio.com\/wp-content\/uploads\/2022\/01\/molecular-wave-vector-yellow3.png\" style=\"object-position:50% 38%\" data-object-fit=\"cover\" data-object-position=\"50% 38%\" srcset=\"https:\/\/multi.inhalio.com\/wp-content\/uploads\/2022\/01\/molecular-wave-vector-yellow3.png 1736w, https:\/\/multi.inhalio.com\/wp-content\/uploads\/2022\/01\/molecular-wave-vector-yellow3-300x156.png 300w, https:\/\/multi.inhalio.com\/wp-content\/uploads\/2022\/01\/molecular-wave-vector-yellow3-1024x533.png 1024w, https:\/\/multi.inhalio.com\/wp-content\/uploads\/2022\/01\/molecular-wave-vector-yellow3-768x399.png 768w, https:\/\/multi.inhalio.com\/wp-content\/uploads\/2022\/01\/molecular-wave-vector-yellow3-1536x799.png 1536w, https:\/\/multi.inhalio.com\/wp-content\/uploads\/2022\/01\/molecular-wave-vector-yellow3-18x9.png 18w\" sizes=\"(max-width: 1736px) 100vw, 1736px\" \/><div class=\"wp-block-cover__inner-container\">\n<div class=\"wp-block-image is-style-default\"><figure class=\"aligncenter size-large is-resized\"><img decoding=\"async\" loading=\"lazy\" src=\"https:\/\/multi.inhalio.com\/wp-content\/uploads\/2022\/01\/Car-Scent-Diffuser-Inhalio-Mobility-Demo-Kit-1024x797.png\" alt=\"\" class=\"wp-image-275\" width=\"591\" height=\"459\" srcset=\"https:\/\/multi.inhalio.com\/wp-content\/uploads\/2022\/01\/Car-Scent-Diffuser-Inhalio-Mobility-Demo-Kit-1024x797.png 1024w, https:\/\/multi.inhalio.com\/wp-content\/uploads\/2022\/01\/Car-Scent-Diffuser-Inhalio-Mobility-Demo-Kit-300x233.png 300w, https:\/\/multi.inhalio.com\/wp-content\/uploads\/2022\/01\/Car-Scent-Diffuser-Inhalio-Mobility-Demo-Kit-768x597.png 768w, https:\/\/multi.inhalio.com\/wp-content\/uploads\/2022\/01\/Car-Scent-Diffuser-Inhalio-Mobility-Demo-Kit-1536x1195.png 1536w, https:\/\/multi.inhalio.com\/wp-content\/uploads\/2022\/01\/Car-Scent-Diffuser-Inhalio-Mobility-Demo-Kit-15x12.png 15w, https:\/\/multi.inhalio.com\/wp-content\/uploads\/2022\/01\/Car-Scent-Diffuser-Inhalio-Mobility-Demo-Kit.png 2048w\" sizes=\"(max-width: 591px) 100vw, 591px\" \/><figcaption>Kit de d\u00e9monstration du diffuseur de mobilit\u00e9 avec architecture de conception de r\u00e9f\u00e9rence<\/figcaption><\/figure><\/div>\n<\/div><\/div>\n<\/div><\/div>\n\n\n\n<ul><li>Kit de d\u00e9monstration du diffuseur amovible et architecture de conception de r\u00e9f\u00e9rence sont maintenant disponibles<\/li><li>Plate-forme Digital Scent 3.0 avec architecture de conception de r\u00e9f\u00e9rence embarqu\u00e9e <\/li><li>Conceptions int\u00e9gr\u00e9es ou de rechange qui incluent 4 (ou plus) cartouche de parfum<\/li><li>Assistance avec sp\u00e9cification et cr\u00e9ation de parfums signature pour les constructeurs automobiles<\/li><li>Acc\u00e8s \u00e0 l\u2019application Inhalio via Apple CarPlay ou Android Auto<\/li><li>Acc\u00e8s aux cartouches de parfum assainissantes V-313485 \u2013 pour r\u00e9duire les agents pathog\u00e8nes en suspension dans l\u2019air, y compris les virus<\/li><li>Acc\u00e8s aux cartouches de parfum anti mauvaises odeurs \u2013 pour \u00e9liminer les odeurs de tabac, celles li\u00e9es aux animaux de compagnie ainsi que les odeurs corporelles<\/li><li>Acc\u00e8s aux cartouches anti mal de transport \u2013 pour soulager les cas de mal des transports<\/li><li>Acc\u00e8s aux cartouches de parfums adapt\u00e9es \u00e0 l\u2019humeur \u2013 pour se d\u00e9tendre, calmer ou am\u00e9liorer la vigilance<\/li><li>API pour les communications LIN\/CAN du firmware de l\u2019appareil vers le syst\u00e8me d\u2019exploitation du v\u00e9hicule<\/li><li>Assistance \u00e0 l\u2019int\u00e9gration dans d\u2019autres commandes du v\u00e9hicule : \u00e9clairage sonore et si\u00e8ges <\/li><li>Acc\u00e8s \u00e0 la technologie Scent Diffusion et licences d\u2019int\u00e9gration dans les v\u00e9hicules <\/li><li>Acc\u00e8s au contr\u00f4le, \u00e0 la gestion et aux informations de donn\u00e9es du Scent Cloud<\/li><\/ul>\n\n\n\n<div class=\"wp-block-button aligncenter modal-link\"><a class=\"wp-block-button__link no-border-radius\" href=\"https:\/\/multi.inhalio.com\/fr\/markets\/mobility\/demo-kit-request\/\">Demander des informations d\u00e9taill\u00e9es <\/a><\/div>\n\n\n\n<div class=\"wp-block-cover aligncenter is-light\" style=\"min-height:647px\"><span aria-hidden=\"true\" class=\"wp-block-cover__gradient-background has-background-dim\" style=\"background-color:#ffffff\"><\/span><img decoding=\"async\" loading=\"lazy\" width=\"1736\" height=\"903\" class=\"wp-block-cover__image-background wp-image-231\" alt=\"Yellow Scent Wave\" src=\"https:\/\/multi.inhalio.com\/wp-content\/uploads\/2022\/01\/molecular-wave-vector-yellow3.png\" data-object-fit=\"cover\" srcset=\"https:\/\/multi.inhalio.com\/wp-content\/uploads\/2022\/01\/molecular-wave-vector-yellow3.png 1736w, https:\/\/multi.inhalio.com\/wp-content\/uploads\/2022\/01\/molecular-wave-vector-yellow3-300x156.png 300w, https:\/\/multi.inhalio.com\/wp-content\/uploads\/2022\/01\/molecular-wave-vector-yellow3-1024x533.png 1024w, https:\/\/multi.inhalio.com\/wp-content\/uploads\/2022\/01\/molecular-wave-vector-yellow3-768x399.png 768w, https:\/\/multi.inhalio.com\/wp-content\/uploads\/2022\/01\/molecular-wave-vector-yellow3-1536x799.png 1536w, https:\/\/multi.inhalio.com\/wp-content\/uploads\/2022\/01\/molecular-wave-vector-yellow3-18x9.png 18w\" sizes=\"(max-width: 1736px) 100vw, 1736px\" \/><div class=\"wp-block-cover__inner-container\">\n<div class=\"wp-block-image\"><figure class=\"aligncenter size-large is-resized\"><img decoding=\"async\" loading=\"lazy\" src=\"https:\/\/multi.inhalio.com\/wp-content\/uploads\/2022\/01\/mobility-in-line-1024x454.jpg\" alt=\"\" class=\"wp-image-225\" width=\"799\" height=\"353\" srcset=\"https:\/\/multi.inhalio.com\/wp-content\/uploads\/2022\/01\/mobility-in-line-1024x454.jpg 1024w, https:\/\/multi.inhalio.com\/wp-content\/uploads\/2022\/01\/mobility-in-line-300x133.jpg 300w, https:\/\/multi.inhalio.com\/wp-content\/uploads\/2022\/01\/mobility-in-line-1536x681.jpg 1536w, https:\/\/multi.inhalio.com\/wp-content\/uploads\/2022\/01\/mobility-in-line-18x8.jpg 18w, https:\/\/multi.inhalio.com\/wp-content\/uploads\/2022\/01\/mobility-in-line.jpg 1562w\" sizes=\"(max-width: 799px) 100vw, 799px\" \/><\/figure><\/div>\n\n\n\n<p><\/p>\n<\/div><\/div>\n\n\n\n<p>Les consommateurs peuvent maintenant b\u00e9n\u00e9ficier d\u2019une r\u00e9duction du stress et d\u2019un bien-\u00eatre am\u00e9lior\u00e9 tout en utilisant la puissance du parfum. Gr\u00e2ce \u00e0 la diffusion des parfums dans le v\u00e9hicule, un sanctuaire virtuel de bien-\u00eatre peut \u00eatre cr\u00e9\u00e9. Le diffuseur de parfum num\u00e9rique Inhalio dans le v\u00e9hicule et les cartouches de parfum associ\u00e9es permettent aux conducteurs et aux autres occupants de lib\u00e9rer le bon parfum pour cr\u00e9er la bonne humeur et l\u2019exp\u00e9rience de conduite. Que vous ayez besoin de rester alerte et conscient, que vous vouliez vous d\u00e9tendre et vous d\u00e9tendre sur le long trajet \u00e0 la maison, ou besoin d\u2019att\u00e9nuer les naus\u00e9es qui vient avec le mal des transports, le diffuseur Inhalio multi-parfum d\u2019air sec offre l\u2019humeur que vous voulez, quand vous le voulez. <\/p>\n\n\n\n<ul><li>Permet aux conducteurs et aux occupants de choisir parmi plusieurs parfums embarqu\u00e9s <\/li><li>Utilisez l\u2019application mobile pratique ou l\u2019affichage du tableau de bord pour contr\u00f4ler la diffusion dans le v\u00e9hicule<\/li><li>Choisissez le bon parfum pour d\u00e9finir la bonne humeur et l\u2019exp\u00e9rience<\/li><li>Am\u00e9liore le bien-\u00eatre gr\u00e2ce \u00e0 une technologie de diffusion saine \u00e0 air sec <\/li><li>R\u00e9duit le mal des transports gr\u00e2ce \u00e0 une lib\u00e9ration sp\u00e9cifique de l\u2019odeur<\/li><\/ul>\n\n\n\n<p><\/p>\n\n\n\n<div class=\"wp-block-button aligncenter modal-link\"><a class=\"wp-block-button__link no-border-radius\" href=\"https:\/\/multi.inhalio.com\/fr\/markets\/request-detailed-information\/\">Demander des informations d\u00e9taill\u00e9es<\/a><\/div>","protected":false},"excerpt":{"rendered":"<p>Mobility &#8211; Wellness Ride\u2122 Scent Diffuser Solutions for OEM and Tier1 Suppliers Inhalio pioneered the concept of a Wellness Ride\u2122 &#8211; a breakthrough for OEMs &#8230; <\/p>\n<p class=\"read-more-container\"><a title=\"Mobilit\u00e9\" class=\"read-more button\" href=\"https:\/\/multi.inhalio.com\/fr\/markets\/mobility\/#more-93\" aria-label=\"En savoir plus sur Mobility\">Lire la suite<\/a><\/p>","protected":false},"author":1,"featured_media":277,"parent":73,"menu_order":0,"comment_status":"closed","ping_status":"closed","template":"","meta":[],"acf":[],"yoast_head":"<!-- This site is optimized with the Yoast SEO plugin v21.1 - https:\/\/yoast.com\/wordpress\/plugins\/seo\/ -->\n<title>Mobility - Inhalio<\/title>\n<meta name=\"robots\" content=\"index, follow, max-snippet:-1, max-image-preview:large, max-video-preview:-1\" \/>\n<link rel=\"canonical\" href=\"https:\/\/multi.inhalio.com\/fr\/markets\/mobility\/\" \/>\n<meta property=\"og:locale\" content=\"fr_FR\" \/>\n<meta property=\"og:type\" content=\"article\" \/>\n<meta property=\"og:title\" content=\"Mobility - Inhalio\" \/>\n<meta property=\"og:description\" content=\"Mobility &#8211; Wellness Ride\u2122 Scent Diffuser Solutions for OEM and Tier1 Suppliers Inhalio pioneered the concept of a Wellness Ride\u2122 &#8211; a breakthrough for OEMs ... Read more\" \/>\n<meta property=\"og:url\" content=\"https:\/\/multi.inhalio.com\/fr\/markets\/mobility\/\" \/>\n<meta property=\"og:site_name\" content=\"Inhalio\" \/>\n<meta property=\"article:publisher\" content=\"https:\/\/www.facebook.com\/inhalio\" \/>\n<meta property=\"article:modified_time\" content=\"2022-02-23T15:24:48+00:00\" \/>\n<meta property=\"og:image\" content=\"https:\/\/multi.inhalio.com\/wp-content\/uploads\/2022\/01\/Keith-Nomad-Pilot-scaled.jpg\" \/>\n\t<meta property=\"og:image:width\" content=\"2560\" \/>\n\t<meta property=\"og:image:height\" content=\"1530\" \/>\n\t<meta property=\"og:image:type\" content=\"image\/jpeg\" \/>\n<meta name=\"twitter:card\" content=\"summary_large_image\" \/>\n<meta name=\"twitter:site\" content=\"@inhalio\" \/>\n<meta name=\"twitter:label1\" content=\"Dur\u00e9e de lecture estim\u00e9e\" \/>\n\t<meta name=\"twitter:data1\" content=\"3 minutes\" \/>\n<script type=\"application\/ld+json\" class=\"yoast-schema-graph\">{\"@context\":\"https:\/\/schema.org\",\"@graph\":[{\"@type\":\"WebPage\",\"@id\":\"https:\/\/multi.inhalio.com\/markets\/mobility\/\",\"url\":\"https:\/\/multi.inhalio.com\/markets\/mobility\/\",\"name\":\"Mobility - Inhalio\",\"isPartOf\":{\"@id\":\"https:\/\/multi.inhalio.com\/#website\"},\"datePublished\":\"2022-01-26T23:20:47+00:00\",\"dateModified\":\"2022-02-23T15:24:48+00:00\",\"breadcrumb\":{\"@id\":\"https:\/\/multi.inhalio.com\/markets\/mobility\/#breadcrumb\"},\"inLanguage\":\"fr-FR\",\"potentialAction\":[{\"@type\":\"ReadAction\",\"target\":[\"https:\/\/multi.inhalio.com\/markets\/mobility\/\"]}]},{\"@type\":\"BreadcrumbList\",\"@id\":\"https:\/\/multi.inhalio.com\/markets\/mobility\/#breadcrumb\",\"itemListElement\":[{\"@type\":\"ListItem\",\"position\":1,\"name\":\"Home\",\"item\":\"https:\/\/multi.inhalio.com\/\"},{\"@type\":\"ListItem\",\"position\":2,\"name\":\"Markets\",\"item\":\"https:\/\/multi.inhalio.com\/markets\/\"},{\"@type\":\"ListItem\",\"position\":3,\"name\":\"Mobility\"}]},{\"@type\":\"WebSite\",\"@id\":\"https:\/\/multi.inhalio.com\/#website\",\"url\":\"https:\/\/multi.inhalio.com\/\",\"name\":\"Inhalio\",\"description\":\"The World's 1st Connected Platform for Scent | Scent Branding\",\"publisher\":{\"@id\":\"https:\/\/multi.inhalio.com\/#organization\"},\"potentialAction\":[{\"@type\":\"SearchAction\",\"target\":{\"@type\":\"EntryPoint\",\"urlTemplate\":\"https:\/\/multi.inhalio.com\/?s={search_term_string}\"},\"query-input\":\"required name=search_term_string\"}],\"inLanguage\":\"fr-FR\"},{\"@type\":\"Organization\",\"@id\":\"https:\/\/multi.inhalio.com\/#organization\",\"name\":\"Inhalio\",\"url\":\"https:\/\/multi.inhalio.com\/\",\"logo\":{\"@type\":\"ImageObject\",\"inLanguage\":\"fr-FR\",\"@id\":\"https:\/\/multi.inhalio.com\/#\/schema\/logo\/image\/\",\"url\":\"https:\/\/multi.inhalio.com\/wp-content\/uploads\/2022\/02\/logo.png\",\"contentUrl\":\"https:\/\/multi.inhalio.com\/wp-content\/uploads\/2022\/02\/logo.png\",\"width\":1185,\"height\":284,\"caption\":\"Inhalio\"},\"image\":{\"@id\":\"https:\/\/multi.inhalio.com\/#\/schema\/logo\/image\/\"},\"sameAs\":[\"https:\/\/www.facebook.com\/inhalio\",\"https:\/\/twitter.com\/inhalio\",\"https:\/\/www.linkedin.com\/company\/inhali\u00f3\/\"]}]}<\/script>\n<!-- \/ Yoast SEO plugin. -->","yoast_head_json":{"title":"Mobility - Inhalio","robots":{"index":"index","follow":"follow","max-snippet":"max-snippet:-1","max-image-preview":"max-image-preview:large","max-video-preview":"max-video-preview:-1"},"canonical":"https:\/\/multi.inhalio.com\/fr\/markets\/mobility\/","og_locale":"fr_FR","og_type":"article","og_title":"Mobility - Inhalio","og_description":"Mobility &#8211; Wellness Ride\u2122 Scent Diffuser Solutions for OEM and Tier1 Suppliers Inhalio pioneered the concept of a Wellness Ride\u2122 &#8211; a breakthrough for OEMs ... Read more","og_url":"https:\/\/multi.inhalio.com\/fr\/markets\/mobility\/","og_site_name":"Inhalio","article_publisher":"https:\/\/www.facebook.com\/inhalio","article_modified_time":"2022-02-23T15:24:48+00:00","og_image":[{"width":2560,"height":1530,"url":"https:\/\/multi.inhalio.com\/wp-content\/uploads\/2022\/01\/Keith-Nomad-Pilot-scaled.jpg","type":"image\/jpeg"}],"twitter_card":"summary_large_image","twitter_site":"@inhalio","twitter_misc":{"Dur\u00e9e de lecture estim\u00e9e":"3 minutes"},"schema":{"@context":"https:\/\/schema.org","@graph":[{"@type":"WebPage","@id":"https:\/\/multi.inhalio.com\/markets\/mobility\/","url":"https:\/\/multi.inhalio.com\/markets\/mobility\/","name":"Mobility - Inhalio","isPartOf":{"@id":"https:\/\/multi.inhalio.com\/#website"},"datePublished":"2022-01-26T23:20:47+00:00","dateModified":"2022-02-23T15:24:48+00:00","breadcrumb":{"@id":"https:\/\/multi.inhalio.com\/markets\/mobility\/#breadcrumb"},"inLanguage":"fr-FR","potentialAction":[{"@type":"ReadAction","target":["https:\/\/multi.inhalio.com\/markets\/mobility\/"]}]},{"@type":"BreadcrumbList","@id":"https:\/\/multi.inhalio.com\/markets\/mobility\/#breadcrumb","itemListElement":[{"@type":"ListItem","position":1,"name":"Home","item":"https:\/\/multi.inhalio.com\/"},{"@type":"ListItem","position":2,"name":"Markets","item":"https:\/\/multi.inhalio.com\/markets\/"},{"@type":"ListItem","position":3,"name":"Mobility"}]},{"@type":"WebSite","@id":"https:\/\/multi.inhalio.com\/#website","url":"https:\/\/multi.inhalio.com\/","name":"Inhalio","description":"The World's 1st Connected Platform for Scent | Scent Branding","publisher":{"@id":"https:\/\/multi.inhalio.com\/#organization"},"potentialAction":[{"@type":"SearchAction","target":{"@type":"EntryPoint","urlTemplate":"https:\/\/multi.inhalio.com\/?s={search_term_string}"},"query-input":"required name=search_term_string"}],"inLanguage":"fr-FR"},{"@type":"Organization","@id":"https:\/\/multi.inhalio.com\/#organization","name":"Inhalio","url":"https:\/\/multi.inhalio.com\/","logo":{"@type":"ImageObject","inLanguage":"fr-FR","@id":"https:\/\/multi.inhalio.com\/#\/schema\/logo\/image\/","url":"https:\/\/multi.inhalio.com\/wp-content\/uploads\/2022\/02\/logo.png","contentUrl":"https:\/\/multi.inhalio.com\/wp-content\/uploads\/2022\/02\/logo.png","width":1185,"height":284,"caption":"Inhalio"},"image":{"@id":"https:\/\/multi.inhalio.com\/#\/schema\/logo\/image\/"},"sameAs":["https:\/\/www.facebook.com\/inhalio","https:\/\/twitter.com\/inhalio","https:\/\/www.linkedin.com\/company\/inhali\u00f3\/"]}]}},"_links":{"self":[{"href":"https:\/\/multi.inhalio.com\/fr\/wp-json\/wp\/v2\/pages\/93"}],"collection":[{"href":"https:\/\/multi.inhalio.com\/fr\/wp-json\/wp\/v2\/pages"}],"about":[{"href":"https:\/\/multi.inhalio.com\/fr\/wp-json\/wp\/v2\/types\/page"}],"author":[{"embeddable":true,"href":"https:\/\/multi.inhalio.com\/fr\/wp-json\/wp\/v2\/users\/1"}],"replies":[{"embeddable":true,"href":"https:\/\/multi.inhalio.com\/fr\/wp-json\/wp\/v2\/comments?post=93"}],"version-history":[{"count":10,"href":"https:\/\/multi.inhalio.com\/fr\/wp-json\/wp\/v2\/pages\/93\/revisions"}],"predecessor-version":[{"id":31944,"href":"https:\/\/multi.inhalio.com\/fr\/wp-json\/wp\/v2\/pages\/93\/revisions\/31944"}],"up":[{"embeddable":true,"href":"https:\/\/multi.inhalio.com\/fr\/wp-json\/wp\/v2\/pages\/73"}],"wp:featuredmedia":[{"embeddable":true,"href":"https:\/\/multi.inhalio.com\/fr\/wp-json\/wp\/v2\/media\/277"}],"wp:attachment":[{"href":"https:\/\/multi.inhalio.com\/fr\/wp-json\/wp\/v2\/media?parent=93"}],"curies":[{"name":"wp","href":"https:\/\/api.w.org\/{rel}","templated":true}]}}