{"id":81,"date":"2022-01-26T23:00:37","date_gmt":"2022-01-26T23:00:37","guid":{"rendered":"https:\/\/multi.inhalio.com\/?page_id=81"},"modified":"2022-02-23T15:32:58","modified_gmt":"2022-02-23T15:32:58","slug":"safety-compliance","status":"publish","type":"page","link":"https:\/\/multi.inhalio.com\/fr\/wellness\/safety-compliance\/","title":{"rendered":"S\u00e9curit\u00e9 et conformit\u00e9"},"content":{"rendered":"<h2 id=\"safety-compliance\">S\u00e9curit\u00e9 et conformit\u00e9<\/h2>\n\n\n\n<p>Inhalio adh\u00e8re aux plus hauts niveaux de normes d'infusion et de diffusion de parfums pour offrir ce que nous consid\u00e9rons comme le moyen le plus sain de diffusion de parfums dans l'industrie. Cela inclut le respect des exigences r\u00e9glementaires internationales et r\u00e9gionales qui sont reconnues et soutenues par les leaders du secteur, dont Inhalio. Les \u00e9l\u00e9ments suivants ne sont que quelques-unes des m\u00e9thodologies et normes que nous employons pour assurer le plus haut niveau de qualit\u00e9 et de pratiques sanitaires. Cela garantit que les conducteurs et les passagers en covoiturage profitent d'un Wellness Ride frais et propre.<\/p>\n\n\n\n<div class=\"wp-block-image\"><figure class=\"alignleft size-full is-resized\"><img decoding=\"async\" src=\"https:\/\/multi.inhalio.com\/wp-content\/uploads\/2022\/01\/infusion.png\" alt=\"\" class=\"wp-image-197\" width=\"100\" srcset=\"https:\/\/multi.inhalio.com\/wp-content\/uploads\/2022\/01\/infusion.png 512w, https:\/\/multi.inhalio.com\/wp-content\/uploads\/2022\/01\/infusion-300x300.png 300w, https:\/\/multi.inhalio.com\/wp-content\/uploads\/2022\/01\/infusion-150x150.png 150w, https:\/\/multi.inhalio.com\/wp-content\/uploads\/2022\/01\/infusion-12x12.png 12w\" sizes=\"(max-width: 512px) 100vw, 512px\" \/><\/figure><\/div>\n\n\n\n<p><img decoding=\"async\" src=\"\" style=\"width: 33px;\"><strong>Technologie de l'air sec<\/strong> - Inhalio utilise un syst\u00e8me de diffusion \u00e0 air sec, l'approche la plus moderne et la plus saine de la diffusion de parfums, et qui att\u00e9nue les probl\u00e8mes associ\u00e9s aux syst\u00e8mes liquides ou \u00e0 base d'huile. Les syst\u00e8mes de diffusion \u00e0 air sec sont exactement cela.  Des syst\u00e8mes qui forcent l'air sec \u00e0 traverser un substrat contenu qui a \u00e9t\u00e9 infus\u00e9 avec un parfum ou d'autres ingr\u00e9dients actifs. Le processus d'utilisation d'un flux d'air pressuris\u00e9 sur un mat\u00e9riau infus\u00e9, comme une perle de polym\u00e8re poreuse qui a \u00e9t\u00e9 infus\u00e9e avec de l'huile pure, cr\u00e9e un flux de mol\u00e9cules de parfum \u00e0 air sec. En \u00e9vitant le processus d'\u00e9vaporation et en \u00e9liminant l'utilisation de solvants ou d'eau pour \u00e9vaporer un parfum \u00e0 base d'huile, il n'y a pas de brouillard olfactif ou de r\u00e9sidus de gouttelettes dans l'air, ce qui \u00e9limine de nombreux probl\u00e8mes li\u00e9s \u00e0 la sant\u00e9. En travaillant au niveau mol\u00e9culaire, les diffuseurs \u00e0 air sec peuvent \u00eatre contr\u00f4l\u00e9s plus pr\u00e9cis\u00e9ment, diffusant exactement la quantit\u00e9 de parfum \u00e0 air sec n\u00e9cessaire dans un espace donn\u00e9, \u00e0 une temp\u00e9rature sp\u00e9cifique, et en tenant compte d'autres facteurs. Ces facteurs de contr\u00f4le sont g\u00e9n\u00e9ralement appel\u00e9s \"profil olfactif\".<\/p>\n\n\n\n<div class=\"wp-block-image\"><figure class=\"alignleft size-full is-resized\"><img decoding=\"async\" src=\"https:\/\/multi.inhalio.com\/wp-content\/uploads\/2022\/01\/CARB.jpg\" alt=\"\" class=\"wp-image-272\" width=\"100\" srcset=\"https:\/\/multi.inhalio.com\/wp-content\/uploads\/2022\/01\/CARB.jpg 400w, https:\/\/multi.inhalio.com\/wp-content\/uploads\/2022\/01\/CARB-300x300.jpg 300w, https:\/\/multi.inhalio.com\/wp-content\/uploads\/2022\/01\/CARB-150x150.jpg 150w, https:\/\/multi.inhalio.com\/wp-content\/uploads\/2022\/01\/CARB-12x12.jpg 12w\" sizes=\"(max-width: 400px) 100vw, 400px\" \/><\/figure><\/div>\n\n\n\n<p><img decoding=\"async\" src=\"\" style=\"width: 1px;\"><strong>Conforme \u00e0 la norme CARB<\/strong> - Le California Air Resources Board (CARB) est une agence d'\u00c9tat charg\u00e9e de prot\u00e9ger le public des effets n\u00e9fastes de la pollution atmosph\u00e9rique. CARB est une norme reconnue en mati\u00e8re de qualit\u00e9 de l'air pour de nombreuses industries. La technologie de diffusion d'air sec d'Inhalio est conforme et certifi\u00e9e CARB, et d\u00e9passe en fait les exigences r\u00e9glementaires fix\u00e9es par CARB. En utilisant un syst\u00e8me \u00e0 air sec, sans solvants ni alcools, la diffusion de parfums Inhalio fournit les niveaux les plus bas possibles de COV et de PPM (parties par million) dans l'industrie de la diffusion de parfums.&nbsp;<\/p>\n\n\n\n<div class=\"wp-block-image\"><figure class=\"alignleft size-full is-resized\"><img decoding=\"async\" src=\"https:\/\/multi.inhalio.com\/wp-content\/uploads\/2022\/01\/ifra-logo.jpg\" alt=\"\" class=\"wp-image-273\" width=\"100\" srcset=\"https:\/\/multi.inhalio.com\/wp-content\/uploads\/2022\/01\/ifra-logo.jpg 262w, https:\/\/multi.inhalio.com\/wp-content\/uploads\/2022\/01\/ifra-logo-12x12.jpg 12w\" sizes=\"(max-width: 262px) 100vw, 262px\" \/><\/figure><\/div>\n\n\n\n<p><img decoding=\"async\" src=\"\" style=\"width: 1px;\"><strong>Conforme \u00e0 l'IFRA<\/strong> - Les Standards de l'IFRA existent pour donner confiance lorsqu'il s'agit d'utiliser les ingr\u00e9dients de parfumerie en toute s\u00e9curit\u00e9. Depuis plus de 40 ans, l'industrie de la parfumerie examine attentivement les ingr\u00e9dients utilis\u00e9s dans la parfumerie fine, \u00e9tablissant des r\u00e8gles qui sont reconnues par les autorit\u00e9s gouvernementales et les organismes commerciaux du monde entier et qui sont obligatoires pour tous les membres de l'IFRA - qui produisent environ 80 % du volume mondial de parfumerie. Les recommandations de l'IFRA sont regroup\u00e9es en trois cat\u00e9gories comme suit : P (interdit) Le mat\u00e9riau ne doit pas \u00eatre utilis\u00e9 comme ingr\u00e9dient de parfum ; R (restreint) L'utilisation du mat\u00e9riau doit \u00eatre limit\u00e9e quantitativement ; S (sp\u00e9cifi\u00e9) Le mat\u00e9riau ne doit \u00eatre utilis\u00e9 que s'il r\u00e9pond \u00e0 certains crit\u00e8res de puret\u00e9 ou s'il est utilis\u00e9 conjointement avec d'autres mat\u00e9riaux. Tous les parfums utilis\u00e9s par Inhalio ont un certificat IFRA.<\/p>\n\n\n\n<div class=\"wp-block-image\"><figure class=\"alignleft size-full is-resized\"><img decoding=\"async\" src=\"https:\/\/multi.inhalio.com\/wp-content\/uploads\/2022\/01\/scent-fresh.png\" alt=\"\" class=\"wp-image-259\" width=\"100\" srcset=\"https:\/\/multi.inhalio.com\/wp-content\/uploads\/2022\/01\/scent-fresh.png 108w, https:\/\/multi.inhalio.com\/wp-content\/uploads\/2022\/01\/scent-fresh-14x12.png 14w\" sizes=\"(max-width: 108px) 100vw, 108px\" \/><\/figure><\/div>\n\n\n\n<p><img decoding=\"async\" src=\"\" style=\"width: 1px;\"><strong>Pas de n\u00e9bulisation ou d'atomisation<\/strong> - Contrairement aux syst\u00e8mes de diffusion d'huile \u00e0 base de liquide, Inhalio est un syst\u00e8me \u00e0 air sec. Les syst\u00e8mes liquides ou \"humides\" pr\u00e9sentent trois inconv\u00e9nients fondamentaux. Premi\u00e8rement, ils sont tr\u00e8s enclins \u00e0 diffuser dans l'air des particules, des gouttelettes et des COV (compos\u00e9s organiques volatils) encore plus importants qui sont des dangers connus pour la sant\u00e9. Deuxi\u00e8mement, ils sont salissants car ils n\u00e9cessitent la manipulation et le r\u00e9approvisionnement d'une substance liquide dangereuse et tr\u00e8s concentr\u00e9e. Et troisi\u00e8mement, ces syst\u00e8mes n'ont pas la pr\u00e9cision n\u00e9cessaire pour lib\u00e9rer une quantit\u00e9 sp\u00e9cifique de parfum parfaitement adapt\u00e9e \u00e0 l'environnement.<\/p>","protected":false},"excerpt":{"rendered":"<p>Safety &amp; Compliance Inhalio adheres to the highest levels of fragrance infusion and diffusion standards to deliver what we consider to be the healthiest means &#8230; <\/p>\n<p class=\"read-more-container\"><a title=\"S\u00e9curit\u00e9 et conformit\u00e9\" class=\"read-more button\" href=\"https:\/\/multi.inhalio.com\/fr\/wellness\/safety-compliance\/#more-81\" aria-label=\"En savoir plus sur Safety &#038; Compliance\">Lire la suite<\/a><\/p>","protected":false},"author":1,"featured_media":0,"parent":32223,"menu_order":5,"comment_status":"closed","ping_status":"closed","template":"","meta":[],"acf":[],"yoast_head":"<!-- This site is optimized with the Yoast SEO plugin v21.1 - https:\/\/yoast.com\/wordpress\/plugins\/seo\/ -->\n<title>Safety &amp; Compliance - Inhalio<\/title>\n<meta name=\"robots\" content=\"index, follow, max-snippet:-1, max-image-preview:large, max-video-preview:-1\" \/>\n<link rel=\"canonical\" href=\"https:\/\/multi.inhalio.com\/fr\/wellness\/safety-compliance\/\" \/>\n<meta property=\"og:locale\" content=\"fr_FR\" \/>\n<meta property=\"og:type\" content=\"article\" \/>\n<meta property=\"og:title\" content=\"Safety &amp; Compliance - Inhalio\" \/>\n<meta property=\"og:description\" content=\"Safety &amp; Compliance Inhalio adheres to the highest levels of fragrance infusion and diffusion standards to deliver what we consider to be the healthiest means ... Read more\" \/>\n<meta property=\"og:url\" content=\"https:\/\/multi.inhalio.com\/fr\/wellness\/safety-compliance\/\" \/>\n<meta property=\"og:site_name\" content=\"Inhalio\" \/>\n<meta property=\"article:publisher\" content=\"https:\/\/www.facebook.com\/inhalio\" \/>\n<meta property=\"article:modified_time\" content=\"2022-02-23T15:32:58+00:00\" \/>\n<meta property=\"og:image\" content=\"https:\/\/multi.inhalio.com\/wp-content\/uploads\/2022\/01\/infusion.png\" \/>\n<meta name=\"twitter:card\" content=\"summary_large_image\" \/>\n<meta name=\"twitter:site\" content=\"@inhalio\" \/>\n<meta name=\"twitter:label1\" content=\"Dur\u00e9e de lecture estim\u00e9e\" \/>\n\t<meta name=\"twitter:data1\" content=\"5 minutes\" \/>\n<script type=\"application\/ld+json\" class=\"yoast-schema-graph\">{\"@context\":\"https:\/\/schema.org\",\"@graph\":[{\"@type\":\"WebPage\",\"@id\":\"https:\/\/multi.inhalio.com\/wellness\/safety-compliance\/\",\"url\":\"https:\/\/multi.inhalio.com\/wellness\/safety-compliance\/\",\"name\":\"Safety & Compliance - Inhalio\",\"isPartOf\":{\"@id\":\"https:\/\/multi.inhalio.com\/#website\"},\"datePublished\":\"2022-01-26T23:00:37+00:00\",\"dateModified\":\"2022-02-23T15:32:58+00:00\",\"breadcrumb\":{\"@id\":\"https:\/\/multi.inhalio.com\/wellness\/safety-compliance\/#breadcrumb\"},\"inLanguage\":\"fr-FR\",\"potentialAction\":[{\"@type\":\"ReadAction\",\"target\":[\"https:\/\/multi.inhalio.com\/wellness\/safety-compliance\/\"]}]},{\"@type\":\"BreadcrumbList\",\"@id\":\"https:\/\/multi.inhalio.com\/wellness\/safety-compliance\/#breadcrumb\",\"itemListElement\":[{\"@type\":\"ListItem\",\"position\":1,\"name\":\"Home\",\"item\":\"https:\/\/multi.inhalio.com\/\"},{\"@type\":\"ListItem\",\"position\":2,\"name\":\"Wellness\",\"item\":\"https:\/\/multi.inhalio.com\/wellness\/\"},{\"@type\":\"ListItem\",\"position\":3,\"name\":\"Safety &#038; Compliance\"}]},{\"@type\":\"WebSite\",\"@id\":\"https:\/\/multi.inhalio.com\/#website\",\"url\":\"https:\/\/multi.inhalio.com\/\",\"name\":\"Inhalio\",\"description\":\"The World's 1st Connected Platform for Scent | Scent Branding\",\"publisher\":{\"@id\":\"https:\/\/multi.inhalio.com\/#organization\"},\"potentialAction\":[{\"@type\":\"SearchAction\",\"target\":{\"@type\":\"EntryPoint\",\"urlTemplate\":\"https:\/\/multi.inhalio.com\/?s={search_term_string}\"},\"query-input\":\"required name=search_term_string\"}],\"inLanguage\":\"fr-FR\"},{\"@type\":\"Organization\",\"@id\":\"https:\/\/multi.inhalio.com\/#organization\",\"name\":\"Inhalio\",\"url\":\"https:\/\/multi.inhalio.com\/\",\"logo\":{\"@type\":\"ImageObject\",\"inLanguage\":\"fr-FR\",\"@id\":\"https:\/\/multi.inhalio.com\/#\/schema\/logo\/image\/\",\"url\":\"https:\/\/multi.inhalio.com\/wp-content\/uploads\/2022\/02\/logo.png\",\"contentUrl\":\"https:\/\/multi.inhalio.com\/wp-content\/uploads\/2022\/02\/logo.png\",\"width\":1185,\"height\":284,\"caption\":\"Inhalio\"},\"image\":{\"@id\":\"https:\/\/multi.inhalio.com\/#\/schema\/logo\/image\/\"},\"sameAs\":[\"https:\/\/www.facebook.com\/inhalio\",\"https:\/\/twitter.com\/inhalio\",\"https:\/\/www.linkedin.com\/company\/inhali\u00f3\/\"]}]}<\/script>\n<!-- \/ Yoast SEO plugin. -->","yoast_head_json":{"title":"Safety & Compliance - Inhalio","robots":{"index":"index","follow":"follow","max-snippet":"max-snippet:-1","max-image-preview":"max-image-preview:large","max-video-preview":"max-video-preview:-1"},"canonical":"https:\/\/multi.inhalio.com\/fr\/wellness\/safety-compliance\/","og_locale":"fr_FR","og_type":"article","og_title":"Safety & Compliance - Inhalio","og_description":"Safety &amp; Compliance Inhalio adheres to the highest levels of fragrance infusion and diffusion standards to deliver what we consider to be the healthiest means ... Read more","og_url":"https:\/\/multi.inhalio.com\/fr\/wellness\/safety-compliance\/","og_site_name":"Inhalio","article_publisher":"https:\/\/www.facebook.com\/inhalio","article_modified_time":"2022-02-23T15:32:58+00:00","og_image":[{"url":"https:\/\/multi.inhalio.com\/wp-content\/uploads\/2022\/01\/infusion.png"}],"twitter_card":"summary_large_image","twitter_site":"@inhalio","twitter_misc":{"Dur\u00e9e de lecture estim\u00e9e":"5 minutes"},"schema":{"@context":"https:\/\/schema.org","@graph":[{"@type":"WebPage","@id":"https:\/\/multi.inhalio.com\/wellness\/safety-compliance\/","url":"https:\/\/multi.inhalio.com\/wellness\/safety-compliance\/","name":"Safety & Compliance - Inhalio","isPartOf":{"@id":"https:\/\/multi.inhalio.com\/#website"},"datePublished":"2022-01-26T23:00:37+00:00","dateModified":"2022-02-23T15:32:58+00:00","breadcrumb":{"@id":"https:\/\/multi.inhalio.com\/wellness\/safety-compliance\/#breadcrumb"},"inLanguage":"fr-FR","potentialAction":[{"@type":"ReadAction","target":["https:\/\/multi.inhalio.com\/wellness\/safety-compliance\/"]}]},{"@type":"BreadcrumbList","@id":"https:\/\/multi.inhalio.com\/wellness\/safety-compliance\/#breadcrumb","itemListElement":[{"@type":"ListItem","position":1,"name":"Home","item":"https:\/\/multi.inhalio.com\/"},{"@type":"ListItem","position":2,"name":"Wellness","item":"https:\/\/multi.inhalio.com\/wellness\/"},{"@type":"ListItem","position":3,"name":"Safety &#038; Compliance"}]},{"@type":"WebSite","@id":"https:\/\/multi.inhalio.com\/#website","url":"https:\/\/multi.inhalio.com\/","name":"Inhalio","description":"The World's 1st Connected Platform for Scent | Scent Branding","publisher":{"@id":"https:\/\/multi.inhalio.com\/#organization"},"potentialAction":[{"@type":"SearchAction","target":{"@type":"EntryPoint","urlTemplate":"https:\/\/multi.inhalio.com\/?s={search_term_string}"},"query-input":"required name=search_term_string"}],"inLanguage":"fr-FR"},{"@type":"Organization","@id":"https:\/\/multi.inhalio.com\/#organization","name":"Inhalio","url":"https:\/\/multi.inhalio.com\/","logo":{"@type":"ImageObject","inLanguage":"fr-FR","@id":"https:\/\/multi.inhalio.com\/#\/schema\/logo\/image\/","url":"https:\/\/multi.inhalio.com\/wp-content\/uploads\/2022\/02\/logo.png","contentUrl":"https:\/\/multi.inhalio.com\/wp-content\/uploads\/2022\/02\/logo.png","width":1185,"height":284,"caption":"Inhalio"},"image":{"@id":"https:\/\/multi.inhalio.com\/#\/schema\/logo\/image\/"},"sameAs":["https:\/\/www.facebook.com\/inhalio","https:\/\/twitter.com\/inhalio","https:\/\/www.linkedin.com\/company\/inhali\u00f3\/"]}]}},"_links":{"self":[{"href":"https:\/\/multi.inhalio.com\/fr\/wp-json\/wp\/v2\/pages\/81"}],"collection":[{"href":"https:\/\/multi.inhalio.com\/fr\/wp-json\/wp\/v2\/pages"}],"about":[{"href":"https:\/\/multi.inhalio.com\/fr\/wp-json\/wp\/v2\/types\/page"}],"author":[{"embeddable":true,"href":"https:\/\/multi.inhalio.com\/fr\/wp-json\/wp\/v2\/users\/1"}],"replies":[{"embeddable":true,"href":"https:\/\/multi.inhalio.com\/fr\/wp-json\/wp\/v2\/comments?post=81"}],"version-history":[{"count":4,"href":"https:\/\/multi.inhalio.com\/fr\/wp-json\/wp\/v2\/pages\/81\/revisions"}],"predecessor-version":[{"id":32230,"href":"https:\/\/multi.inhalio.com\/fr\/wp-json\/wp\/v2\/pages\/81\/revisions\/32230"}],"up":[{"embeddable":true,"href":"https:\/\/multi.inhalio.com\/fr\/wp-json\/wp\/v2\/pages\/32223"}],"wp:attachment":[{"href":"https:\/\/multi.inhalio.com\/fr\/wp-json\/wp\/v2\/media?parent=81"}],"curies":[{"name":"wp","href":"https:\/\/api.w.org\/{rel}","templated":true}]}}