{"id":79,"date":"2022-01-26T23:00:10","date_gmt":"2022-01-26T23:00:10","guid":{"rendered":"https:\/\/multi.inhalio.com\/?page_id=79"},"modified":"2022-02-23T15:32:46","modified_gmt":"2022-02-23T15:32:46","slug":"motion-scent-cartridges","status":"publish","type":"page","link":"https:\/\/multi.inhalio.com\/fr\/wellness\/motion-scent-cartridges\/","title":{"rendered":"Cartouche anti mal de transport"},"content":{"rendered":"<h2 id=\"motion-sickness-relief-scent-cartridges\">Cartouches parfum\u00e9es contre le mal des transports<\/h2>\n\n\n\n<p><strong><em>Pour les march\u00e9s de la mobilit\u00e9, l'utilisation de parfums sp\u00e9cifiquement formul\u00e9s \u00e0 base d'ingr\u00e9dients naturels et s\u00fbrs sont diffus\u00e9s avec un diffuseur \u00e0 air sec de pr\u00e9cision pour soulager les passagers du mal des transports dans les cas l\u00e9gers \u00e0 mod\u00e9r\u00e9s, pendant et apr\u00e8s leur trajet.<\/em><\/strong><\/p>\n\n\n\n<div class=\"wp-block-cover is-light  alignfull\"><span aria-hidden=\"true\" class=\"has-base-3-background-color wp-block-cover__gradient-background has-background-dim\"><\/span><img decoding=\"async\" loading=\"lazy\" width=\"2048\" height=\"1064\" class=\"wp-block-cover__image-background wp-image-20\" alt=\"\" src=\"https:\/\/multi.inhalio.com\/wp-content\/uploads\/revslider\/homepage-slider-v3-1\/Molecular-Wave-vector-Blue3.png\" style=\"object-position:0% 65%\" data-object-fit=\"cover\" data-object-position=\"0% 65%\" srcset=\"https:\/\/multi.inhalio.com\/wp-content\/uploads\/revslider\/homepage-slider-v3-1\/Molecular-Wave-vector-Blue3.png 2048w, https:\/\/multi.inhalio.com\/wp-content\/uploads\/revslider\/homepage-slider-v3-1\/Molecular-Wave-vector-Blue3-300x156.png 300w, https:\/\/multi.inhalio.com\/wp-content\/uploads\/revslider\/homepage-slider-v3-1\/Molecular-Wave-vector-Blue3-1024x532.png 1024w, https:\/\/multi.inhalio.com\/wp-content\/uploads\/revslider\/homepage-slider-v3-1\/Molecular-Wave-vector-Blue3-768x399.png 768w, https:\/\/multi.inhalio.com\/wp-content\/uploads\/revslider\/homepage-slider-v3-1\/Molecular-Wave-vector-Blue3-1536x798.png 1536w, https:\/\/multi.inhalio.com\/wp-content\/uploads\/revslider\/homepage-slider-v3-1\/Molecular-Wave-vector-Blue3-18x9.png 18w\" sizes=\"(max-width: 2048px) 100vw, 2048px\" \/><div class=\"wp-block-cover__inner-container\">\n<div class=\"wp-block-image is-style-default\"><figure class=\"aligncenter size-large is-resized\"><img decoding=\"async\" loading=\"lazy\" src=\"https:\/\/multi.inhalio.com\/wp-content\/uploads\/2022\/01\/motion-sickness-image2-1024x599.jpg\" alt=\"\" class=\"wp-image-271\" width=\"696\" height=\"407\" srcset=\"https:\/\/multi.inhalio.com\/wp-content\/uploads\/2022\/01\/motion-sickness-image2-1024x599.jpg 1024w, https:\/\/multi.inhalio.com\/wp-content\/uploads\/2022\/01\/motion-sickness-image2-300x175.jpg 300w, https:\/\/multi.inhalio.com\/wp-content\/uploads\/2022\/01\/motion-sickness-image2-768x449.jpg 768w, https:\/\/multi.inhalio.com\/wp-content\/uploads\/2022\/01\/motion-sickness-image2-1536x898.jpg 1536w, https:\/\/multi.inhalio.com\/wp-content\/uploads\/2022\/01\/motion-sickness-image2-2048x1197.jpg 2048w, https:\/\/multi.inhalio.com\/wp-content\/uploads\/2022\/01\/motion-sickness-image2-18x12.jpg 18w\" sizes=\"(max-width: 696px) 100vw, 696px\" \/><\/figure><\/div>\n<\/div><\/div>\n\n\n\n<div style=\"height:20px\" aria-hidden=\"true\" class=\"wp-block-spacer\"><\/div>\n\n\n\n<p>Le mal des transports devrait \u00eatre un probl\u00e8me plus important dans les v\u00e9hicules de covoiturage et de conduite autonome que dans les v\u00e9hicules conventionnels. La raison en est bas\u00e9e sur trois facteurs contributifs sp\u00e9cifiques : le conflit entre les entr\u00e9es vestibulaires et visuelles, l'incapacit\u00e9 d'anticiper la direction du mouvement et le manque de contr\u00f4le sur la direction du mouvement sont connus pour \u00eatre \u00e9lev\u00e9s dans les v\u00e9hicules \u00e0 conduite autonome.  De plus, la propension \u00e0 baisser les yeux sur un t\u00e9l\u00e9phone, une tablette ou un autre \u00e9cran ajoute \u00e0 la sensation.<\/p>\n\n\n\n<p>En combinant des ingr\u00e9dients connus pour r\u00e9duire les effets du mal des transports dans une formule parfum\u00e9e sp\u00e9ciale qui est diffus\u00e9e \u00e0 l'aide d'un syst\u00e8me de diffusion de mobilit\u00e9 \u00e0 air sec de pr\u00e9cision, Inhalio peut r\u00e9duire le nombre d'incidents li\u00e9s au mal des transports, ainsi qu'am\u00e9liorer les temps de r\u00e9cup\u00e9ration pour les passagers. La solution d'att\u00e9nuation du mal des transports de l'entreprise a \u00e9t\u00e9 test\u00e9e dans plusieurs sc\u00e9narios de cours en direct et a permis de r\u00e9duire ou d'\u00e9liminer, dans des cas l\u00e9gers \u00e0 mod\u00e9r\u00e9s, les effets du mal des transports pour les passagers.<\/p>\n\n\n\n<p>Selon l'Institut de recherche sur les transports de l'Universit\u00e9 du Michigan, on s'attend \u00e0 ce qu'environ trente-trois pour cent (33%) de toutes les personnes souffrent du mal des transports dans des circonstances b\u00e9nignes ou \u00e0 l'int\u00e9rieur d'un v\u00e9hicule autonome.  L'\u00e9tude a \u00e9galement r\u00e9v\u00e9l\u00e9 que sans contr\u00f4le, vingt-deux pour cent (22%) tomberaient r\u00e9ellement malades physiquement (vomir). La conclusion du rapport : Les voitures autonomes provoqueront le mal des transports \"souvent\" \u00e0 \"toujours\". La fr\u00e9quence et la gravit\u00e9 du mal des transports sont influenc\u00e9es par l'activit\u00e9 \u00e0 laquelle on participerait au lieu de conduire.<\/p>","protected":false},"excerpt":{"rendered":"<p>Motion Sickness Relief Scent Cartridges For mobility markets, the use of specifically formulated scents based on natural and safe ingredients are released with a precision &#8230; <\/p>\n<p class=\"read-more-container\"><a title=\"Cartouche anti mal de transport\" class=\"read-more button\" href=\"https:\/\/multi.inhalio.com\/fr\/wellness\/motion-scent-cartridges\/#more-79\" aria-label=\"En savoir plus sur Motion Scent  Cartridges\">Lire la suite<\/a><\/p>","protected":false},"author":1,"featured_media":271,"parent":32223,"menu_order":4,"comment_status":"closed","ping_status":"closed","template":"","meta":[],"acf":[],"yoast_head":"<!-- This site is optimized with the Yoast SEO plugin v21.1 - https:\/\/yoast.com\/wordpress\/plugins\/seo\/ -->\n<title>Motion Scent Cartridges - Inhalio<\/title>\n<meta name=\"robots\" content=\"index, follow, max-snippet:-1, max-image-preview:large, max-video-preview:-1\" \/>\n<link rel=\"canonical\" href=\"https:\/\/multi.inhalio.com\/fr\/wellness\/motion-scent-cartridges\/\" \/>\n<meta property=\"og:locale\" content=\"fr_FR\" \/>\n<meta property=\"og:type\" content=\"article\" \/>\n<meta property=\"og:title\" content=\"Motion Scent Cartridges - Inhalio\" \/>\n<meta property=\"og:description\" content=\"Motion Sickness Relief Scent Cartridges For mobility markets, the use of specifically formulated scents based on natural and safe ingredients are released with a precision ... Read more\" \/>\n<meta property=\"og:url\" content=\"https:\/\/multi.inhalio.com\/fr\/wellness\/motion-scent-cartridges\/\" \/>\n<meta property=\"og:site_name\" content=\"Inhalio\" \/>\n<meta property=\"article:publisher\" content=\"https:\/\/www.facebook.com\/inhalio\" \/>\n<meta property=\"article:modified_time\" content=\"2022-02-23T15:32:46+00:00\" \/>\n<meta property=\"og:image\" content=\"https:\/\/multi.inhalio.com\/wp-content\/uploads\/2022\/01\/motion-sickness-image2-scaled.jpg\" \/>\n\t<meta property=\"og:image:width\" content=\"2560\" \/>\n\t<meta property=\"og:image:height\" content=\"1497\" \/>\n\t<meta property=\"og:image:type\" content=\"image\/jpeg\" \/>\n<meta name=\"twitter:card\" content=\"summary_large_image\" \/>\n<meta name=\"twitter:site\" content=\"@inhalio\" \/>\n<meta name=\"twitter:label1\" content=\"Dur\u00e9e de lecture estim\u00e9e\" \/>\n\t<meta name=\"twitter:data1\" content=\"2 minutes\" \/>\n<script type=\"application\/ld+json\" class=\"yoast-schema-graph\">{\"@context\":\"https:\/\/schema.org\",\"@graph\":[{\"@type\":\"WebPage\",\"@id\":\"https:\/\/multi.inhalio.com\/wellness\/motion-scent-cartridges\/\",\"url\":\"https:\/\/multi.inhalio.com\/wellness\/motion-scent-cartridges\/\",\"name\":\"Motion Scent Cartridges - Inhalio\",\"isPartOf\":{\"@id\":\"https:\/\/multi.inhalio.com\/#website\"},\"datePublished\":\"2022-01-26T23:00:10+00:00\",\"dateModified\":\"2022-02-23T15:32:46+00:00\",\"breadcrumb\":{\"@id\":\"https:\/\/multi.inhalio.com\/wellness\/motion-scent-cartridges\/#breadcrumb\"},\"inLanguage\":\"fr-FR\",\"potentialAction\":[{\"@type\":\"ReadAction\",\"target\":[\"https:\/\/multi.inhalio.com\/wellness\/motion-scent-cartridges\/\"]}]},{\"@type\":\"BreadcrumbList\",\"@id\":\"https:\/\/multi.inhalio.com\/wellness\/motion-scent-cartridges\/#breadcrumb\",\"itemListElement\":[{\"@type\":\"ListItem\",\"position\":1,\"name\":\"Home\",\"item\":\"https:\/\/multi.inhalio.com\/\"},{\"@type\":\"ListItem\",\"position\":2,\"name\":\"Wellness\",\"item\":\"https:\/\/multi.inhalio.com\/wellness\/\"},{\"@type\":\"ListItem\",\"position\":3,\"name\":\"Motion Scent Cartridges\"}]},{\"@type\":\"WebSite\",\"@id\":\"https:\/\/multi.inhalio.com\/#website\",\"url\":\"https:\/\/multi.inhalio.com\/\",\"name\":\"Inhalio\",\"description\":\"The World's 1st Connected Platform for Scent | Scent Branding\",\"publisher\":{\"@id\":\"https:\/\/multi.inhalio.com\/#organization\"},\"potentialAction\":[{\"@type\":\"SearchAction\",\"target\":{\"@type\":\"EntryPoint\",\"urlTemplate\":\"https:\/\/multi.inhalio.com\/?s={search_term_string}\"},\"query-input\":\"required name=search_term_string\"}],\"inLanguage\":\"fr-FR\"},{\"@type\":\"Organization\",\"@id\":\"https:\/\/multi.inhalio.com\/#organization\",\"name\":\"Inhalio\",\"url\":\"https:\/\/multi.inhalio.com\/\",\"logo\":{\"@type\":\"ImageObject\",\"inLanguage\":\"fr-FR\",\"@id\":\"https:\/\/multi.inhalio.com\/#\/schema\/logo\/image\/\",\"url\":\"https:\/\/multi.inhalio.com\/wp-content\/uploads\/2022\/02\/logo.png\",\"contentUrl\":\"https:\/\/multi.inhalio.com\/wp-content\/uploads\/2022\/02\/logo.png\",\"width\":1185,\"height\":284,\"caption\":\"Inhalio\"},\"image\":{\"@id\":\"https:\/\/multi.inhalio.com\/#\/schema\/logo\/image\/\"},\"sameAs\":[\"https:\/\/www.facebook.com\/inhalio\",\"https:\/\/twitter.com\/inhalio\",\"https:\/\/www.linkedin.com\/company\/inhali\u00f3\/\"]}]}<\/script>\n<!-- \/ Yoast SEO plugin. -->","yoast_head_json":{"title":"Motion Scent Cartridges - Inhalio","robots":{"index":"index","follow":"follow","max-snippet":"max-snippet:-1","max-image-preview":"max-image-preview:large","max-video-preview":"max-video-preview:-1"},"canonical":"https:\/\/multi.inhalio.com\/fr\/wellness\/motion-scent-cartridges\/","og_locale":"fr_FR","og_type":"article","og_title":"Motion Scent Cartridges - Inhalio","og_description":"Motion Sickness Relief Scent Cartridges For mobility markets, the use of specifically formulated scents based on natural and safe ingredients are released with a precision ... Read more","og_url":"https:\/\/multi.inhalio.com\/fr\/wellness\/motion-scent-cartridges\/","og_site_name":"Inhalio","article_publisher":"https:\/\/www.facebook.com\/inhalio","article_modified_time":"2022-02-23T15:32:46+00:00","og_image":[{"width":2560,"height":1497,"url":"https:\/\/multi.inhalio.com\/wp-content\/uploads\/2022\/01\/motion-sickness-image2-scaled.jpg","type":"image\/jpeg"}],"twitter_card":"summary_large_image","twitter_site":"@inhalio","twitter_misc":{"Dur\u00e9e de lecture estim\u00e9e":"2 minutes"},"schema":{"@context":"https:\/\/schema.org","@graph":[{"@type":"WebPage","@id":"https:\/\/multi.inhalio.com\/wellness\/motion-scent-cartridges\/","url":"https:\/\/multi.inhalio.com\/wellness\/motion-scent-cartridges\/","name":"Motion Scent Cartridges - Inhalio","isPartOf":{"@id":"https:\/\/multi.inhalio.com\/#website"},"datePublished":"2022-01-26T23:00:10+00:00","dateModified":"2022-02-23T15:32:46+00:00","breadcrumb":{"@id":"https:\/\/multi.inhalio.com\/wellness\/motion-scent-cartridges\/#breadcrumb"},"inLanguage":"fr-FR","potentialAction":[{"@type":"ReadAction","target":["https:\/\/multi.inhalio.com\/wellness\/motion-scent-cartridges\/"]}]},{"@type":"BreadcrumbList","@id":"https:\/\/multi.inhalio.com\/wellness\/motion-scent-cartridges\/#breadcrumb","itemListElement":[{"@type":"ListItem","position":1,"name":"Home","item":"https:\/\/multi.inhalio.com\/"},{"@type":"ListItem","position":2,"name":"Wellness","item":"https:\/\/multi.inhalio.com\/wellness\/"},{"@type":"ListItem","position":3,"name":"Motion Scent Cartridges"}]},{"@type":"WebSite","@id":"https:\/\/multi.inhalio.com\/#website","url":"https:\/\/multi.inhalio.com\/","name":"Inhalio","description":"The World's 1st Connected Platform for Scent | Scent Branding","publisher":{"@id":"https:\/\/multi.inhalio.com\/#organization"},"potentialAction":[{"@type":"SearchAction","target":{"@type":"EntryPoint","urlTemplate":"https:\/\/multi.inhalio.com\/?s={search_term_string}"},"query-input":"required name=search_term_string"}],"inLanguage":"fr-FR"},{"@type":"Organization","@id":"https:\/\/multi.inhalio.com\/#organization","name":"Inhalio","url":"https:\/\/multi.inhalio.com\/","logo":{"@type":"ImageObject","inLanguage":"fr-FR","@id":"https:\/\/multi.inhalio.com\/#\/schema\/logo\/image\/","url":"https:\/\/multi.inhalio.com\/wp-content\/uploads\/2022\/02\/logo.png","contentUrl":"https:\/\/multi.inhalio.com\/wp-content\/uploads\/2022\/02\/logo.png","width":1185,"height":284,"caption":"Inhalio"},"image":{"@id":"https:\/\/multi.inhalio.com\/#\/schema\/logo\/image\/"},"sameAs":["https:\/\/www.facebook.com\/inhalio","https:\/\/twitter.com\/inhalio","https:\/\/www.linkedin.com\/company\/inhali\u00f3\/"]}]}},"_links":{"self":[{"href":"https:\/\/multi.inhalio.com\/fr\/wp-json\/wp\/v2\/pages\/79"}],"collection":[{"href":"https:\/\/multi.inhalio.com\/fr\/wp-json\/wp\/v2\/pages"}],"about":[{"href":"https:\/\/multi.inhalio.com\/fr\/wp-json\/wp\/v2\/types\/page"}],"author":[{"embeddable":true,"href":"https:\/\/multi.inhalio.com\/fr\/wp-json\/wp\/v2\/users\/1"}],"replies":[{"embeddable":true,"href":"https:\/\/multi.inhalio.com\/fr\/wp-json\/wp\/v2\/comments?post=79"}],"version-history":[{"count":7,"href":"https:\/\/multi.inhalio.com\/fr\/wp-json\/wp\/v2\/pages\/79\/revisions"}],"predecessor-version":[{"id":32229,"href":"https:\/\/multi.inhalio.com\/fr\/wp-json\/wp\/v2\/pages\/79\/revisions\/32229"}],"up":[{"embeddable":true,"href":"https:\/\/multi.inhalio.com\/fr\/wp-json\/wp\/v2\/pages\/32223"}],"wp:featuredmedia":[{"embeddable":true,"href":"https:\/\/multi.inhalio.com\/fr\/wp-json\/wp\/v2\/media\/271"}],"wp:attachment":[{"href":"https:\/\/multi.inhalio.com\/fr\/wp-json\/wp\/v2\/media?parent=79"}],"curies":[{"name":"wp","href":"https:\/\/api.w.org\/{rel}","templated":true}]}}