{"id":77,"date":"2022-01-26T22:58:27","date_gmt":"2022-01-26T22:58:27","guid":{"rendered":"https:\/\/multi.inhalio.com\/?page_id=77"},"modified":"2022-02-23T15:32:21","modified_gmt":"2022-02-23T15:32:21","slug":"mood-scent-cartridges","status":"publish","type":"page","link":"https:\/\/multi.inhalio.com\/fr\/wellness\/mood-scent-cartridges\/","title":{"rendered":"Cartouches agissant sur l'humeur"},"content":{"rendered":"<h2 id=\"mood-mapped-scent-cartridges\">Cartouches de parfum Mood Mapped<\/h2>\n\n\n\n<p><strong><em>Des cartouches parfum\u00e9es intelligentes, fra\u00eeches, naturelles, pures et non toxiques, associ\u00e9es \u00e0 un syst\u00e8me de diffusion \u00e0 air sec de pr\u00e9cision, permettent aux consommateurs et aux propri\u00e9taires de s\u00e9lectionner un nombre illimit\u00e9 de parfums agr\u00e9ables et propres connus pour influer sur l'humeur : d\u00e9tendre, alerter, revigorer ou restaurer.<\/em><\/strong><\/p>\n\n\n\n<div class=\"wp-block-cover alignfull is-light mood\" style=\"min-height:589px\"><span aria-hidden=\"true\" class=\"wp-block-cover__gradient-background has-background-dim\" style=\"background-color:#ffffff\"><\/span><img decoding=\"async\" loading=\"lazy\" width=\"2048\" height=\"1064\" class=\"wp-block-cover__image-background wp-image-25\" alt=\"\" src=\"https:\/\/multi.inhalio.com\/wp-content\/uploads\/revslider\/homepage-slider-v3-1\/Molecular-Wave-vector-ORANGE-3.png\" style=\"object-position:48% 76%\" data-object-fit=\"cover\" data-object-position=\"48% 76%\" srcset=\"https:\/\/multi.inhalio.com\/wp-content\/uploads\/revslider\/homepage-slider-v3-1\/Molecular-Wave-vector-ORANGE-3.png 2048w, https:\/\/multi.inhalio.com\/wp-content\/uploads\/revslider\/homepage-slider-v3-1\/Molecular-Wave-vector-ORANGE-3-300x156.png 300w, https:\/\/multi.inhalio.com\/wp-content\/uploads\/revslider\/homepage-slider-v3-1\/Molecular-Wave-vector-ORANGE-3-1024x532.png 1024w, https:\/\/multi.inhalio.com\/wp-content\/uploads\/revslider\/homepage-slider-v3-1\/Molecular-Wave-vector-ORANGE-3-768x399.png 768w, https:\/\/multi.inhalio.com\/wp-content\/uploads\/revslider\/homepage-slider-v3-1\/Molecular-Wave-vector-ORANGE-3-1536x798.png 1536w, https:\/\/multi.inhalio.com\/wp-content\/uploads\/revslider\/homepage-slider-v3-1\/Molecular-Wave-vector-ORANGE-3-18x9.png 18w\" sizes=\"(max-width: 2048px) 100vw, 2048px\" \/><div class=\"wp-block-cover__inner-container\">\n<div class=\"wp-block-image\"><figure class=\"aligncenter size-large is-resized\"><img decoding=\"async\" loading=\"lazy\" src=\"https:\/\/multi.inhalio.com\/wp-content\/uploads\/2022\/01\/mobility-in-line-1024x454.jpg\" alt=\"\" class=\"wp-image-225\" width=\"695\" height=\"308\" srcset=\"https:\/\/multi.inhalio.com\/wp-content\/uploads\/2022\/01\/mobility-in-line-1024x454.jpg 1024w, https:\/\/multi.inhalio.com\/wp-content\/uploads\/2022\/01\/mobility-in-line-300x133.jpg 300w, https:\/\/multi.inhalio.com\/wp-content\/uploads\/2022\/01\/mobility-in-line-768x341.jpg 768w, https:\/\/multi.inhalio.com\/wp-content\/uploads\/2022\/01\/mobility-in-line-1536x681.jpg 1536w, https:\/\/multi.inhalio.com\/wp-content\/uploads\/2022\/01\/mobility-in-line-18x8.jpg 18w, https:\/\/multi.inhalio.com\/wp-content\/uploads\/2022\/01\/mobility-in-line.jpg 1562w\" sizes=\"(max-width: 695px) 100vw, 695px\" \/><\/figure><\/div>\n\n\n\n<p><\/p>\n<\/div><\/div>\n\n\n\n<div style=\"height:20px\" aria-hidden=\"true\" class=\"wp-block-spacer\"><\/div>\n\n\n\n<p>L'utilisation des parfums pour modifier nos humeurs et affecter notre sant\u00e9, notre bien-\u00eatre et notre bien \u00eatre remonte \u00e0 pr\u00e8s de mille ans. L'utilisation d'extraits naturels de plantes pour cr\u00e9er des huiles essentielles qui affectent notre \u00e9tat physique et psychologique est profond\u00e9ment ancr\u00e9e dans de nombreuses cultures. Aujourd'hui, Inhalio a exploit\u00e9 ce monde de parfums d'ambiance en infusant des huiles dans des billes de polym\u00e8re sp\u00e9ciales et en lib\u00e9rant la quantit\u00e9 pr\u00e9cise de mol\u00e9cules odorantes gr\u00e2ce \u00e0 un syst\u00e8me de diffusion \u00e0 air sec de pr\u00e9cision. Aujourd'hui, le v\u00e9ritable pouvoir des parfums, et la science des parfums, sont utilis\u00e9s pour am\u00e9liorer la sant\u00e9, le bien-\u00eatre et la qualit\u00e9 de vie des consommateurs.<\/p>\n\n\n\n<p>Le sens le plus puissant que nous poss\u00e9dons est notre odorat. Il est instantan\u00e9 et peut induire un raz-de-mar\u00e9e de souvenirs et d'humeurs \u00e9motionnels. Nos r\u00e9cepteurs olfactifs se connectent directement \u00e0 la section du cerveau qui est responsable de la m\u00e9moire et des \u00e9motions. Selon Martin Lindstrom, auteur de Brand Sense : Les secrets sensoriels derri\u00e8re les choses que nous achetons : \"75% des \u00e9motions que nous g\u00e9n\u00e9rons quotidiennement sont affect\u00e9es par l'odorat. Apr\u00e8s la vue, c'est le sens le plus important que nous ayons. On a aussi remarqu\u00e9 que l'impact de la marque augmente de 30% lorsque plus d'un sens est sollicit\u00e9 et de 70% lorsque trois sens sont int\u00e9gr\u00e9s au message de la marque.\"&nbsp;<\/p>\n\n\n\n<p>Inhalio entretient une relation de travail \u00e9troite avec les fabricants de parfums du monde entier. Nos partenaires de parfumerie effectuent le travail essentiel de fabrication \u00e0 l'\u00e9chelle des parfums d'ambiance ainsi que des parfums de signature pour nos clients et partenaires.  Nous proposons une multitude de parfums exclusifs et adapt\u00e9s \u00e0 l'humeur qui sont pr\u00eats \u00e0 \u00eatre command\u00e9s. Nous pouvons aussi travailler avec ton \u00e9quipe et tes experts en parfums pour d\u00e9finir et d\u00e9velopper un parfum de signature sp\u00e9cifiquement adapt\u00e9 \u00e0 tes besoins.<\/p>","protected":false},"excerpt":{"rendered":"<p>Mood Mapped Scent Cartridges Fresh, natural, pure and non-toxic intelligent scent cartridges combined with a precision dry-air diffusion system allows consumers as well as proprietors &#8230; <\/p>\n<p class=\"read-more-container\"><a title=\"Cartouches agissant sur l&#039;humeur\" class=\"read-more button\" href=\"https:\/\/multi.inhalio.com\/fr\/wellness\/mood-scent-cartridges\/#more-77\" aria-label=\"En savoir plus sur Mood Scent Cartridges\">Lire la suite<\/a><\/p>","protected":false},"author":1,"featured_media":329,"parent":32223,"menu_order":2,"comment_status":"closed","ping_status":"closed","template":"","meta":[],"acf":[],"yoast_head":"<!-- This site is optimized with the Yoast SEO plugin v21.1 - https:\/\/yoast.com\/wordpress\/plugins\/seo\/ -->\n<title>Mood Scent Cartridges - Inhalio<\/title>\n<meta name=\"robots\" content=\"index, follow, max-snippet:-1, max-image-preview:large, max-video-preview:-1\" \/>\n<link rel=\"canonical\" href=\"https:\/\/multi.inhalio.com\/fr\/wellness\/mood-scent-cartridges\/\" \/>\n<meta property=\"og:locale\" content=\"fr_FR\" \/>\n<meta property=\"og:type\" content=\"article\" \/>\n<meta property=\"og:title\" content=\"Mood Scent Cartridges - Inhalio\" \/>\n<meta property=\"og:description\" content=\"Mood Mapped Scent Cartridges Fresh, natural, pure and non-toxic intelligent scent cartridges combined with a precision dry-air diffusion system allows consumers as well as proprietors ... Read more\" \/>\n<meta property=\"og:url\" content=\"https:\/\/multi.inhalio.com\/fr\/wellness\/mood-scent-cartridges\/\" \/>\n<meta property=\"og:site_name\" content=\"Inhalio\" \/>\n<meta property=\"article:publisher\" content=\"https:\/\/www.facebook.com\/inhalio\" \/>\n<meta property=\"article:modified_time\" content=\"2022-02-23T15:32:21+00:00\" \/>\n<meta property=\"og:image\" content=\"https:\/\/multi.inhalio.com\/wp-content\/uploads\/2022\/01\/mobility-slider-edited.jpg\" \/>\n\t<meta property=\"og:image:width\" content=\"847\" \/>\n\t<meta property=\"og:image:height\" content=\"476\" \/>\n\t<meta property=\"og:image:type\" content=\"image\/jpeg\" \/>\n<meta name=\"twitter:card\" content=\"summary_large_image\" \/>\n<meta name=\"twitter:site\" content=\"@inhalio\" \/>\n<meta name=\"twitter:label1\" content=\"Dur\u00e9e de lecture estim\u00e9e\" \/>\n\t<meta name=\"twitter:data1\" content=\"2 minutes\" \/>\n<script type=\"application\/ld+json\" class=\"yoast-schema-graph\">{\"@context\":\"https:\/\/schema.org\",\"@graph\":[{\"@type\":\"WebPage\",\"@id\":\"https:\/\/multi.inhalio.com\/wellness\/mood-scent-cartridges\/\",\"url\":\"https:\/\/multi.inhalio.com\/wellness\/mood-scent-cartridges\/\",\"name\":\"Mood Scent Cartridges - Inhalio\",\"isPartOf\":{\"@id\":\"https:\/\/multi.inhalio.com\/#website\"},\"datePublished\":\"2022-01-26T22:58:27+00:00\",\"dateModified\":\"2022-02-23T15:32:21+00:00\",\"breadcrumb\":{\"@id\":\"https:\/\/multi.inhalio.com\/wellness\/mood-scent-cartridges\/#breadcrumb\"},\"inLanguage\":\"fr-FR\",\"potentialAction\":[{\"@type\":\"ReadAction\",\"target\":[\"https:\/\/multi.inhalio.com\/wellness\/mood-scent-cartridges\/\"]}]},{\"@type\":\"BreadcrumbList\",\"@id\":\"https:\/\/multi.inhalio.com\/wellness\/mood-scent-cartridges\/#breadcrumb\",\"itemListElement\":[{\"@type\":\"ListItem\",\"position\":1,\"name\":\"Home\",\"item\":\"https:\/\/multi.inhalio.com\/\"},{\"@type\":\"ListItem\",\"position\":2,\"name\":\"Wellness\",\"item\":\"https:\/\/multi.inhalio.com\/wellness\/\"},{\"@type\":\"ListItem\",\"position\":3,\"name\":\"Mood Scent Cartridges\"}]},{\"@type\":\"WebSite\",\"@id\":\"https:\/\/multi.inhalio.com\/#website\",\"url\":\"https:\/\/multi.inhalio.com\/\",\"name\":\"Inhalio\",\"description\":\"The World's 1st Connected Platform for Scent | Scent Branding\",\"publisher\":{\"@id\":\"https:\/\/multi.inhalio.com\/#organization\"},\"potentialAction\":[{\"@type\":\"SearchAction\",\"target\":{\"@type\":\"EntryPoint\",\"urlTemplate\":\"https:\/\/multi.inhalio.com\/?s={search_term_string}\"},\"query-input\":\"required name=search_term_string\"}],\"inLanguage\":\"fr-FR\"},{\"@type\":\"Organization\",\"@id\":\"https:\/\/multi.inhalio.com\/#organization\",\"name\":\"Inhalio\",\"url\":\"https:\/\/multi.inhalio.com\/\",\"logo\":{\"@type\":\"ImageObject\",\"inLanguage\":\"fr-FR\",\"@id\":\"https:\/\/multi.inhalio.com\/#\/schema\/logo\/image\/\",\"url\":\"https:\/\/multi.inhalio.com\/wp-content\/uploads\/2022\/02\/logo.png\",\"contentUrl\":\"https:\/\/multi.inhalio.com\/wp-content\/uploads\/2022\/02\/logo.png\",\"width\":1185,\"height\":284,\"caption\":\"Inhalio\"},\"image\":{\"@id\":\"https:\/\/multi.inhalio.com\/#\/schema\/logo\/image\/\"},\"sameAs\":[\"https:\/\/www.facebook.com\/inhalio\",\"https:\/\/twitter.com\/inhalio\",\"https:\/\/www.linkedin.com\/company\/inhali\u00f3\/\"]}]}<\/script>\n<!-- \/ Yoast SEO plugin. -->","yoast_head_json":{"title":"Mood Scent Cartridges - Inhalio","robots":{"index":"index","follow":"follow","max-snippet":"max-snippet:-1","max-image-preview":"max-image-preview:large","max-video-preview":"max-video-preview:-1"},"canonical":"https:\/\/multi.inhalio.com\/fr\/wellness\/mood-scent-cartridges\/","og_locale":"fr_FR","og_type":"article","og_title":"Mood Scent Cartridges - Inhalio","og_description":"Mood Mapped Scent Cartridges Fresh, natural, pure and non-toxic intelligent scent cartridges combined with a precision dry-air diffusion system allows consumers as well as proprietors ... Read more","og_url":"https:\/\/multi.inhalio.com\/fr\/wellness\/mood-scent-cartridges\/","og_site_name":"Inhalio","article_publisher":"https:\/\/www.facebook.com\/inhalio","article_modified_time":"2022-02-23T15:32:21+00:00","og_image":[{"width":847,"height":476,"url":"https:\/\/multi.inhalio.com\/wp-content\/uploads\/2022\/01\/mobility-slider-edited.jpg","type":"image\/jpeg"}],"twitter_card":"summary_large_image","twitter_site":"@inhalio","twitter_misc":{"Dur\u00e9e de lecture estim\u00e9e":"2 minutes"},"schema":{"@context":"https:\/\/schema.org","@graph":[{"@type":"WebPage","@id":"https:\/\/multi.inhalio.com\/wellness\/mood-scent-cartridges\/","url":"https:\/\/multi.inhalio.com\/wellness\/mood-scent-cartridges\/","name":"Mood Scent Cartridges - Inhalio","isPartOf":{"@id":"https:\/\/multi.inhalio.com\/#website"},"datePublished":"2022-01-26T22:58:27+00:00","dateModified":"2022-02-23T15:32:21+00:00","breadcrumb":{"@id":"https:\/\/multi.inhalio.com\/wellness\/mood-scent-cartridges\/#breadcrumb"},"inLanguage":"fr-FR","potentialAction":[{"@type":"ReadAction","target":["https:\/\/multi.inhalio.com\/wellness\/mood-scent-cartridges\/"]}]},{"@type":"BreadcrumbList","@id":"https:\/\/multi.inhalio.com\/wellness\/mood-scent-cartridges\/#breadcrumb","itemListElement":[{"@type":"ListItem","position":1,"name":"Home","item":"https:\/\/multi.inhalio.com\/"},{"@type":"ListItem","position":2,"name":"Wellness","item":"https:\/\/multi.inhalio.com\/wellness\/"},{"@type":"ListItem","position":3,"name":"Mood Scent Cartridges"}]},{"@type":"WebSite","@id":"https:\/\/multi.inhalio.com\/#website","url":"https:\/\/multi.inhalio.com\/","name":"Inhalio","description":"The World's 1st Connected Platform for Scent | Scent Branding","publisher":{"@id":"https:\/\/multi.inhalio.com\/#organization"},"potentialAction":[{"@type":"SearchAction","target":{"@type":"EntryPoint","urlTemplate":"https:\/\/multi.inhalio.com\/?s={search_term_string}"},"query-input":"required name=search_term_string"}],"inLanguage":"fr-FR"},{"@type":"Organization","@id":"https:\/\/multi.inhalio.com\/#organization","name":"Inhalio","url":"https:\/\/multi.inhalio.com\/","logo":{"@type":"ImageObject","inLanguage":"fr-FR","@id":"https:\/\/multi.inhalio.com\/#\/schema\/logo\/image\/","url":"https:\/\/multi.inhalio.com\/wp-content\/uploads\/2022\/02\/logo.png","contentUrl":"https:\/\/multi.inhalio.com\/wp-content\/uploads\/2022\/02\/logo.png","width":1185,"height":284,"caption":"Inhalio"},"image":{"@id":"https:\/\/multi.inhalio.com\/#\/schema\/logo\/image\/"},"sameAs":["https:\/\/www.facebook.com\/inhalio","https:\/\/twitter.com\/inhalio","https:\/\/www.linkedin.com\/company\/inhali\u00f3\/"]}]}},"_links":{"self":[{"href":"https:\/\/multi.inhalio.com\/fr\/wp-json\/wp\/v2\/pages\/77"}],"collection":[{"href":"https:\/\/multi.inhalio.com\/fr\/wp-json\/wp\/v2\/pages"}],"about":[{"href":"https:\/\/multi.inhalio.com\/fr\/wp-json\/wp\/v2\/types\/page"}],"author":[{"embeddable":true,"href":"https:\/\/multi.inhalio.com\/fr\/wp-json\/wp\/v2\/users\/1"}],"replies":[{"embeddable":true,"href":"https:\/\/multi.inhalio.com\/fr\/wp-json\/wp\/v2\/comments?post=77"}],"version-history":[{"count":5,"href":"https:\/\/multi.inhalio.com\/fr\/wp-json\/wp\/v2\/pages\/77\/revisions"}],"predecessor-version":[{"id":32227,"href":"https:\/\/multi.inhalio.com\/fr\/wp-json\/wp\/v2\/pages\/77\/revisions\/32227"}],"up":[{"embeddable":true,"href":"https:\/\/multi.inhalio.com\/fr\/wp-json\/wp\/v2\/pages\/32223"}],"wp:featuredmedia":[{"embeddable":true,"href":"https:\/\/multi.inhalio.com\/fr\/wp-json\/wp\/v2\/media\/329"}],"wp:attachment":[{"href":"https:\/\/multi.inhalio.com\/fr\/wp-json\/wp\/v2\/media?parent=77"}],"curies":[{"name":"wp","href":"https:\/\/api.w.org\/{rel}","templated":true}]}}