{"id":75,"date":"2022-01-26T22:57:05","date_gmt":"2022-01-26T22:57:05","guid":{"rendered":"https:\/\/multi.inhalio.com\/?page_id=75"},"modified":"2022-02-23T15:32:12","modified_gmt":"2022-02-23T15:32:12","slug":"air-sanitizing-scent-cartridges","status":"publish","type":"page","link":"https:\/\/multi.inhalio.com\/fr\/wellness\/air-sanitizing-scent-cartridges\/","title":{"rendered":"Cartouches de parfum pour assainir l'air"},"content":{"rendered":"<h2 id=\"v-313485-scent-cartridges\"> V-313485\u2122 Cartouches parfum\u00e9es<\/h2>\n\n\n\n<p><strong><em>Des ingr\u00e9dients actifs naturels et s\u00fbrs connus pour tuer les agents pathog\u00e8nes viraux en suspension dans l'air (virus et bact\u00e9ries) sont combin\u00e9s et lib\u00e9r\u00e9s avec pr\u00e9cision par un syst\u00e8me de diffusion \u00e0 air sec pour r\u00e9duire consid\u00e9rablement la concentration de virus en suspension dans l'air, ainsi que la transmission, l'exposition et la possibilit\u00e9 de contamination qui en d\u00e9coulent.<\/em><\/strong><\/p>\n\n\n\n<div class=\"wp-block-cover alignfull is-light virucide\"><span aria-hidden=\"true\" class=\"has-base-3-background-color has-background-dim-20 wp-block-cover__gradient-background has-background-dim\"><\/span><img decoding=\"async\" loading=\"lazy\" width=\"1736\" height=\"903\" class=\"wp-block-cover__image-background wp-image-229\" alt=\"\" src=\"https:\/\/multi.inhalio.com\/wp-content\/uploads\/2022\/01\/molecular-wave-vector-purple3.png\" style=\"object-position:51% 70%\" data-object-fit=\"cover\" data-object-position=\"51% 70%\" srcset=\"https:\/\/multi.inhalio.com\/wp-content\/uploads\/2022\/01\/molecular-wave-vector-purple3.png 1736w, https:\/\/multi.inhalio.com\/wp-content\/uploads\/2022\/01\/molecular-wave-vector-purple3-300x156.png 300w, https:\/\/multi.inhalio.com\/wp-content\/uploads\/2022\/01\/molecular-wave-vector-purple3-1024x533.png 1024w, https:\/\/multi.inhalio.com\/wp-content\/uploads\/2022\/01\/molecular-wave-vector-purple3-768x399.png 768w, https:\/\/multi.inhalio.com\/wp-content\/uploads\/2022\/01\/molecular-wave-vector-purple3-1536x799.png 1536w, https:\/\/multi.inhalio.com\/wp-content\/uploads\/2022\/01\/molecular-wave-vector-purple3-18x9.png 18w\" sizes=\"(max-width: 1736px) 100vw, 1736px\" \/><div class=\"wp-block-cover__inner-container\">\n<div class=\"wp-block-image\"><figure class=\"aligncenter size-large is-resized\"><img decoding=\"async\" loading=\"lazy\" src=\"https:\/\/multi.inhalio.com\/wp-content\/uploads\/2022\/01\/Corona-Virus-Floating-In-Car2-1024x642.png\" alt=\"\" class=\"wp-image-270\" width=\"626\" height=\"392\" srcset=\"https:\/\/multi.inhalio.com\/wp-content\/uploads\/2022\/01\/Corona-Virus-Floating-In-Car2-1024x642.png 1024w, https:\/\/multi.inhalio.com\/wp-content\/uploads\/2022\/01\/Corona-Virus-Floating-In-Car2-300x188.png 300w, https:\/\/multi.inhalio.com\/wp-content\/uploads\/2022\/01\/Corona-Virus-Floating-In-Car2-768x481.png 768w, https:\/\/multi.inhalio.com\/wp-content\/uploads\/2022\/01\/Corona-Virus-Floating-In-Car2-1536x963.png 1536w, https:\/\/multi.inhalio.com\/wp-content\/uploads\/2022\/01\/Corona-Virus-Floating-In-Car2-18x12.png 18w, https:\/\/multi.inhalio.com\/wp-content\/uploads\/2022\/01\/Corona-Virus-Floating-In-Car2.png 1800w\" sizes=\"(max-width: 626px) 100vw, 626px\" \/><\/figure><\/div>\n<\/div><\/div>\n\n\n\n<div style=\"height:20px\" aria-hidden=\"true\" class=\"wp-block-spacer\"><\/div>\n\n\n\n<p>L'Institut national des allergies et des maladies infectieuses (NIAID) et les CDC ont confirm\u00e9 ces derniers mois que le virus responsable de la maladie COVID-19 peut infecter les individus \u00e0 la fois par transmission a\u00e9rienne (a\u00e9rosol) et par contact direct avec les surfaces. Leurs tests ont d\u00e9montr\u00e9 que lorsqu'une personne infect\u00e9e tousse ou \u00e9ternue, le virus est transport\u00e9 par des gouttelettes et reste viable et capable d'infecter d'autres personnes en tant que pathog\u00e8ne a\u00e9rien pendant au moins trois heures. Malheureusement, la technologie actuelle des filtres HVAC ne peut pas pi\u00e9ger les contagions en raison de leur taille extr\u00eamement petite. Et si les masques et les barri\u00e8res peuvent aider \u00e0 r\u00e9duire la transmission, assainir l'air qui nous entoure ajoute un degr\u00e9 de s\u00e9curit\u00e9 bien plus \u00e9lev\u00e9 contre ces pathog\u00e8nes a\u00e9riens mena\u00e7ants.<\/p>\n\n\n\n<p>Inhalio a cr\u00e9\u00e9 une solution olfactive qui tue les virus dans l'air et qui peut r\u00e9duire consid\u00e9rablement les agents pathog\u00e8nes dans l'air. Des tests effectu\u00e9s par des laboratoires ind\u00e9pendants ont d\u00e9termin\u00e9 que le syst\u00e8me de diffusion d'air sec Inhalio avec sa formule sp\u00e9ciale de parfum antivirus (V-313485) a r\u00e9duit les agents pathog\u00e8nes viraux a\u00e9roport\u00e9s de substitution* de 92,3%, 97,2% et 99,8%, sur des p\u00e9riodes de 30min, 60min et 120min de diffusion intermittente, respectivement. La formule d'assainissement de l'air Inhalio V-313485 est bas\u00e9e sur des \"ingr\u00e9dients actifs\" naturels qui sont connus pour tuer les agents pathog\u00e8nes en suspension dans l'air tout en \u00e9tant sans danger pour la respiration et poss\u00e8de un agr\u00e9able parfum de propret\u00e9. La diffusion de cette formule parfum\u00e9e V313485 avec notre syst\u00e8me de diffusion \u00e0 air sec de pr\u00e9cision offre un environnement beaucoup plus sain quel que soit le lieu o\u00f9 il est d\u00e9ploy\u00e9, surtout lorsqu'il est associ\u00e9 \u00e0 des masques et des barri\u00e8res.  Cliquez ici pour notre <a href=\"https:\/\/inhalio.com\/2020\/07\/27\/sanitizing-rideshare-vehicles-and-eliminating-airborne-viruses\/\">annonce de l'assainissement de l'air<\/a>.<\/p>\n\n\n\n<p>*Le virus bact\u00e9riophage MS2, ATCC 15597-B1, a \u00e9t\u00e9 utilis\u00e9 pour ces tests. MS2 est un virus de substitution id\u00e9al pour un certain nombre de virus, notamment les Rhinovirus et les Picornavirus, et comme virus de d\u00e9pistage des Coronavirus pour ces tests, car il s'agit d'un virus non envelopp\u00e9 qui est plus difficile \u00e0 tuer que le Coronavirus envelopp\u00e9. Les tests MS2 ont \u00e9t\u00e9 r\u00e9alis\u00e9s par un laboratoire accr\u00e9dit\u00e9 ISO 17025, conforme aux r\u00e9glementations BPL actuelles telles que stipul\u00e9es par l'EPA et la FDA pour d\u00e9terminer l'efficacit\u00e9 antimicrobienne de la formule Inhalio V-313485 et la m\u00e9thodologie de diffusion \u00e0 l'air sec. Les r\u00e9sultats du rapport du laboratoire ind\u00e9pendant peuvent \u00eatre demand\u00e9s en envoyant un courriel \u00e0 <a href=\"mailto:info@inhalio.com\">info@inhalio.com<\/a> d'un domaine d'entreprise valide.<\/p>","protected":false},"excerpt":{"rendered":"<p>V-313485\u2122 Scent Cartridges Natural and safe active ingredients known to kill airborne viral pathogens (viruses and bacteria) are combined and precisely released through a dry-air &#8230; <\/p>\n<p class=\"read-more-container\"><a title=\"Cartouches de parfum pour assainir l&#039;air\" class=\"read-more button\" href=\"https:\/\/multi.inhalio.com\/fr\/wellness\/air-sanitizing-scent-cartridges\/#more-75\" aria-label=\"En savoir plus sur Air Sanitizing Scent Cartridges\">Lire la suite<\/a><\/p>","protected":false},"author":1,"featured_media":270,"parent":32223,"menu_order":1,"comment_status":"closed","ping_status":"closed","template":"","meta":[],"acf":[],"yoast_head":"<!-- This site is optimized with the Yoast SEO plugin v21.1 - https:\/\/yoast.com\/wordpress\/plugins\/seo\/ -->\n<title>Air Sanitizing Scent Cartridges - Inhalio<\/title>\n<meta name=\"description\" content=\"Natural and safe active ingredients are combined together to create a special scent formula that is dry-air diffused intermittently to eliminate (kill) airborne based viruses and bacteria.\" \/>\n<meta name=\"robots\" content=\"index, follow, max-snippet:-1, max-image-preview:large, max-video-preview:-1\" \/>\n<link rel=\"canonical\" href=\"https:\/\/multi.inhalio.com\/fr\/wellness\/air-sanitizing-scent-cartridges\/\" \/>\n<meta property=\"og:locale\" content=\"fr_FR\" \/>\n<meta property=\"og:type\" content=\"article\" \/>\n<meta property=\"og:title\" content=\"Air Sanitizing Scent Cartridges\" \/>\n<meta property=\"og:description\" content=\"Natural and safe active ingredients are combined together to create a special scent formula that is dry-air diffused intermittently to eliminate (kill) airborne based viruses and bacteria.\" \/>\n<meta property=\"og:url\" content=\"https:\/\/multi.inhalio.com\/fr\/wellness\/air-sanitizing-scent-cartridges\/\" \/>\n<meta property=\"og:site_name\" content=\"Inhalio\" \/>\n<meta property=\"article:publisher\" content=\"https:\/\/www.facebook.com\/inhalio\" \/>\n<meta property=\"article:modified_time\" content=\"2022-02-23T15:32:12+00:00\" \/>\n<meta property=\"og:image\" content=\"https:\/\/multi.inhalio.com\/wp-content\/uploads\/2022\/01\/Corona-Virus-Floating-In-Car2.png\" \/>\n\t<meta property=\"og:image:width\" content=\"1800\" \/>\n\t<meta property=\"og:image:height\" content=\"1128\" \/>\n\t<meta property=\"og:image:type\" content=\"image\/png\" \/>\n<meta name=\"twitter:card\" content=\"summary_large_image\" \/>\n<meta name=\"twitter:title\" content=\"Air Sanitizing Scent Cartridges\" \/>\n<meta name=\"twitter:description\" content=\"Natural and safe active ingredients are combined together to create a special scent formula that is dry-air diffused intermittently to eliminate (kill) airborne based viruses and bacteria.\" \/>\n<meta name=\"twitter:site\" content=\"@inhalio\" \/>\n<meta name=\"twitter:label1\" content=\"Dur\u00e9e de lecture estim\u00e9e\" \/>\n\t<meta name=\"twitter:data1\" content=\"3 minutes\" \/>\n<script type=\"application\/ld+json\" class=\"yoast-schema-graph\">{\"@context\":\"https:\/\/schema.org\",\"@graph\":[{\"@type\":\"WebPage\",\"@id\":\"https:\/\/multi.inhalio.com\/wellness\/air-sanitizing-scent-cartridges\/\",\"url\":\"https:\/\/multi.inhalio.com\/wellness\/air-sanitizing-scent-cartridges\/\",\"name\":\"Air Sanitizing Scent Cartridges - Inhalio\",\"isPartOf\":{\"@id\":\"https:\/\/multi.inhalio.com\/#website\"},\"datePublished\":\"2022-01-26T22:57:05+00:00\",\"dateModified\":\"2022-02-23T15:32:12+00:00\",\"description\":\"Natural and safe active ingredients are combined together to create a special scent formula that is dry-air diffused intermittently to eliminate (kill) airborne based viruses and bacteria.\",\"breadcrumb\":{\"@id\":\"https:\/\/multi.inhalio.com\/wellness\/air-sanitizing-scent-cartridges\/#breadcrumb\"},\"inLanguage\":\"fr-FR\",\"potentialAction\":[{\"@type\":\"ReadAction\",\"target\":[\"https:\/\/multi.inhalio.com\/wellness\/air-sanitizing-scent-cartridges\/\"]}]},{\"@type\":\"BreadcrumbList\",\"@id\":\"https:\/\/multi.inhalio.com\/wellness\/air-sanitizing-scent-cartridges\/#breadcrumb\",\"itemListElement\":[{\"@type\":\"ListItem\",\"position\":1,\"name\":\"Home\",\"item\":\"https:\/\/multi.inhalio.com\/\"},{\"@type\":\"ListItem\",\"position\":2,\"name\":\"Wellness\",\"item\":\"https:\/\/multi.inhalio.com\/wellness\/\"},{\"@type\":\"ListItem\",\"position\":3,\"name\":\"Air Sanitizing Scent Cartridges\"}]},{\"@type\":\"WebSite\",\"@id\":\"https:\/\/multi.inhalio.com\/#website\",\"url\":\"https:\/\/multi.inhalio.com\/\",\"name\":\"Inhalio\",\"description\":\"The World's 1st Connected Platform for Scent | Scent Branding\",\"publisher\":{\"@id\":\"https:\/\/multi.inhalio.com\/#organization\"},\"potentialAction\":[{\"@type\":\"SearchAction\",\"target\":{\"@type\":\"EntryPoint\",\"urlTemplate\":\"https:\/\/multi.inhalio.com\/?s={search_term_string}\"},\"query-input\":\"required name=search_term_string\"}],\"inLanguage\":\"fr-FR\"},{\"@type\":\"Organization\",\"@id\":\"https:\/\/multi.inhalio.com\/#organization\",\"name\":\"Inhalio\",\"url\":\"https:\/\/multi.inhalio.com\/\",\"logo\":{\"@type\":\"ImageObject\",\"inLanguage\":\"fr-FR\",\"@id\":\"https:\/\/multi.inhalio.com\/#\/schema\/logo\/image\/\",\"url\":\"https:\/\/multi.inhalio.com\/wp-content\/uploads\/2022\/02\/logo.png\",\"contentUrl\":\"https:\/\/multi.inhalio.com\/wp-content\/uploads\/2022\/02\/logo.png\",\"width\":1185,\"height\":284,\"caption\":\"Inhalio\"},\"image\":{\"@id\":\"https:\/\/multi.inhalio.com\/#\/schema\/logo\/image\/\"},\"sameAs\":[\"https:\/\/www.facebook.com\/inhalio\",\"https:\/\/twitter.com\/inhalio\",\"https:\/\/www.linkedin.com\/company\/inhali\u00f3\/\"]}]}<\/script>\n<!-- \/ Yoast SEO plugin. -->","yoast_head_json":{"title":"Air Sanitizing Scent Cartridges - Inhalio","description":"Natural and safe active ingredients are combined together to create a special scent formula that is dry-air diffused intermittently to eliminate (kill) airborne based viruses and bacteria.","robots":{"index":"index","follow":"follow","max-snippet":"max-snippet:-1","max-image-preview":"max-image-preview:large","max-video-preview":"max-video-preview:-1"},"canonical":"https:\/\/multi.inhalio.com\/fr\/wellness\/air-sanitizing-scent-cartridges\/","og_locale":"fr_FR","og_type":"article","og_title":"Air Sanitizing Scent Cartridges","og_description":"Natural and safe active ingredients are combined together to create a special scent formula that is dry-air diffused intermittently to eliminate (kill) airborne based viruses and bacteria.","og_url":"https:\/\/multi.inhalio.com\/fr\/wellness\/air-sanitizing-scent-cartridges\/","og_site_name":"Inhalio","article_publisher":"https:\/\/www.facebook.com\/inhalio","article_modified_time":"2022-02-23T15:32:12+00:00","og_image":[{"width":1800,"height":1128,"url":"https:\/\/multi.inhalio.com\/wp-content\/uploads\/2022\/01\/Corona-Virus-Floating-In-Car2.png","type":"image\/png"}],"twitter_card":"summary_large_image","twitter_title":"Air Sanitizing Scent Cartridges","twitter_description":"Natural and safe active ingredients are combined together to create a special scent formula that is dry-air diffused intermittently to eliminate (kill) airborne based viruses and bacteria.","twitter_site":"@inhalio","twitter_misc":{"Dur\u00e9e de lecture estim\u00e9e":"3 minutes"},"schema":{"@context":"https:\/\/schema.org","@graph":[{"@type":"WebPage","@id":"https:\/\/multi.inhalio.com\/wellness\/air-sanitizing-scent-cartridges\/","url":"https:\/\/multi.inhalio.com\/wellness\/air-sanitizing-scent-cartridges\/","name":"Air Sanitizing Scent Cartridges - Inhalio","isPartOf":{"@id":"https:\/\/multi.inhalio.com\/#website"},"datePublished":"2022-01-26T22:57:05+00:00","dateModified":"2022-02-23T15:32:12+00:00","description":"Natural and safe active ingredients are combined together to create a special scent formula that is dry-air diffused intermittently to eliminate (kill) airborne based viruses and bacteria.","breadcrumb":{"@id":"https:\/\/multi.inhalio.com\/wellness\/air-sanitizing-scent-cartridges\/#breadcrumb"},"inLanguage":"fr-FR","potentialAction":[{"@type":"ReadAction","target":["https:\/\/multi.inhalio.com\/wellness\/air-sanitizing-scent-cartridges\/"]}]},{"@type":"BreadcrumbList","@id":"https:\/\/multi.inhalio.com\/wellness\/air-sanitizing-scent-cartridges\/#breadcrumb","itemListElement":[{"@type":"ListItem","position":1,"name":"Home","item":"https:\/\/multi.inhalio.com\/"},{"@type":"ListItem","position":2,"name":"Wellness","item":"https:\/\/multi.inhalio.com\/wellness\/"},{"@type":"ListItem","position":3,"name":"Air Sanitizing Scent Cartridges"}]},{"@type":"WebSite","@id":"https:\/\/multi.inhalio.com\/#website","url":"https:\/\/multi.inhalio.com\/","name":"Inhalio","description":"The World's 1st Connected Platform for Scent | Scent Branding","publisher":{"@id":"https:\/\/multi.inhalio.com\/#organization"},"potentialAction":[{"@type":"SearchAction","target":{"@type":"EntryPoint","urlTemplate":"https:\/\/multi.inhalio.com\/?s={search_term_string}"},"query-input":"required name=search_term_string"}],"inLanguage":"fr-FR"},{"@type":"Organization","@id":"https:\/\/multi.inhalio.com\/#organization","name":"Inhalio","url":"https:\/\/multi.inhalio.com\/","logo":{"@type":"ImageObject","inLanguage":"fr-FR","@id":"https:\/\/multi.inhalio.com\/#\/schema\/logo\/image\/","url":"https:\/\/multi.inhalio.com\/wp-content\/uploads\/2022\/02\/logo.png","contentUrl":"https:\/\/multi.inhalio.com\/wp-content\/uploads\/2022\/02\/logo.png","width":1185,"height":284,"caption":"Inhalio"},"image":{"@id":"https:\/\/multi.inhalio.com\/#\/schema\/logo\/image\/"},"sameAs":["https:\/\/www.facebook.com\/inhalio","https:\/\/twitter.com\/inhalio","https:\/\/www.linkedin.com\/company\/inhali\u00f3\/"]}]}},"_links":{"self":[{"href":"https:\/\/multi.inhalio.com\/fr\/wp-json\/wp\/v2\/pages\/75"}],"collection":[{"href":"https:\/\/multi.inhalio.com\/fr\/wp-json\/wp\/v2\/pages"}],"about":[{"href":"https:\/\/multi.inhalio.com\/fr\/wp-json\/wp\/v2\/types\/page"}],"author":[{"embeddable":true,"href":"https:\/\/multi.inhalio.com\/fr\/wp-json\/wp\/v2\/users\/1"}],"replies":[{"embeddable":true,"href":"https:\/\/multi.inhalio.com\/fr\/wp-json\/wp\/v2\/comments?post=75"}],"version-history":[{"count":4,"href":"https:\/\/multi.inhalio.com\/fr\/wp-json\/wp\/v2\/pages\/75\/revisions"}],"predecessor-version":[{"id":32226,"href":"https:\/\/multi.inhalio.com\/fr\/wp-json\/wp\/v2\/pages\/75\/revisions\/32226"}],"up":[{"embeddable":true,"href":"https:\/\/multi.inhalio.com\/fr\/wp-json\/wp\/v2\/pages\/32223"}],"wp:featuredmedia":[{"embeddable":true,"href":"https:\/\/multi.inhalio.com\/fr\/wp-json\/wp\/v2\/media\/270"}],"wp:attachment":[{"href":"https:\/\/multi.inhalio.com\/fr\/wp-json\/wp\/v2\/media?parent=75"}],"curies":[{"name":"wp","href":"https:\/\/api.w.org\/{rel}","templated":true}]}}