{"id":73,"date":"2022-01-26T22:54:05","date_gmt":"2022-01-26T22:54:05","guid":{"rendered":"https:\/\/multi.inhalio.com\/?page_id=73"},"modified":"2022-02-23T15:23:17","modified_gmt":"2022-02-23T15:23:17","slug":"markets","status":"publish","type":"page","link":"https:\/\/multi.inhalio.com\/fr\/markets\/","title":{"rendered":"March\u00e9s"},"content":{"rendered":"<!-- Page-list plugin v.5.9 wordpress.org\/plugins\/page-list\/ -->\n<div class=\"page-list page-list-ext\">\n<div class=\"page-list-ext-item\"><div class=\"page-list-ext-image\"><a href=\"https:\/\/multi.inhalio.com\/fr\/markets\/mobility\/\" title=\"Mobilit\u00e9\"><img src=\"https:\/\/multi.inhalio.com\/wp-content\/uploads\/2022\/01\/Keith-Nomad-Pilot-150x150.jpg\" width=\"150\" alt=\"Mobility\" \/><\/a><\/div> <h3 class=\"page-list-ext-title\"><a href=\"https:\/\/multi.inhalio.com\/fr\/markets\/mobility\/\" title=\"Mobilit\u00e9\">Mobilit\u00e9<\/a><\/h3><div class=\"page-list-ext-item-content\">\nMobility - Solutions de diffusion de parfums Wellness Ride\u2122 pour les fournisseurs OEM et Tier1.\n\n\n\nInhalio a \u00e9t\u00e9 le pionnier du concept de Wellness Ride\u2122 - une perc\u00e9e pour les \u00e9quipementiers et les fournisseurs de niveau 1 qui cherchent \u00e0 offrir \u00e0 leurs clients une exp...<\/div><\/div>\n<div class=\"page-list-ext-item\"><div class=\"page-list-ext-image\"><a href=\"https:\/\/multi.inhalio.com\/fr\/markets\/rideshare\/\" title=\"Partage de v\u00e9hicule\"><img src=\"https:\/\/multi.inhalio.com\/wp-content\/uploads\/2022\/01\/mobility-slider-150x150.jpg\" width=\"150\" alt=\"Rideshare\" \/><\/a><\/div> <h3 class=\"page-list-ext-title\"><a href=\"https:\/\/multi.inhalio.com\/fr\/markets\/rideshare\/\" title=\"Partage de v\u00e9hicule\">Partage de v\u00e9hicule<\/a><\/h3><div class=\"page-list-ext-item-content\">\nRideshare - Solutions de diffusion de parfum Wellness Ride\u2122 pour les flottes de covoiturage.\n\n\n\nAvec la plateforme Inhalio Digital Scent 3.0 Platform\u2122\net le syst\u00e8me de diffuseur de mobilit\u00e9 Wellness Ride\u2122, les entreprises de covoiturage peuvent\nam\u00e9liorer la satisfaction des clients, augmenter les revenus par trajet, am\u00e9liorer....<\/div><\/div>\n<div class=\"page-list-ext-item\"><div class=\"page-list-ext-image\"><a href=\"https:\/\/multi.inhalio.com\/fr\/markets\/autonomous\/\" title=\"Vehicules autonomes\"><img src=\"https:\/\/multi.inhalio.com\/wp-content\/uploads\/2022\/01\/autonomous-slider-150x150.jpg\" width=\"150\" alt=\"Autonomous\" \/><\/a><\/div> <h3 class=\"page-list-ext-title\"><a href=\"https:\/\/multi.inhalio.com\/fr\/markets\/autonomous\/\" title=\"Vehicules autonomes\">Vehicules autonomes<\/a><\/h3><div class=\"page-list-ext-item-content\">\nAutonomous - Syst\u00e8mes de diffusion de parfums Wellness Ride\u2122 pour les v\u00e9hicules autonomes.\n\n\n\nPour les flottes Autonomous, en combinant le pouvoir du parfum avec des capteurs biom\u00e9triques et malodorants, des ingr\u00e9dients de bien-\u00eatre et des algorithmes de diffusion int\u00e9gr\u00e9s, les entreprises de mobilit\u00e9 partag\u00e9e c....<\/div><\/div>\n<div class=\"page-list-ext-item\"><div class=\"page-list-ext-image\"><a href=\"https:\/\/multi.inhalio.com\/fr\/markets\/connected-home\/\" title=\"Maison Intelligente\"><img src=\"https:\/\/multi.inhalio.com\/wp-content\/uploads\/2022\/01\/connected-home-in-line-150x150.jpg\" width=\"150\" alt=\"SMART home\" \/><\/a><\/div> <h3 class=\"page-list-ext-title\"><a href=\"https:\/\/multi.inhalio.com\/fr\/markets\/connected-home\/\" title=\"Maison Intelligente\">Maison Intelligente<\/a><\/h3><div class=\"page-list-ext-item-content\">\nMaison intelligente - Transformation digitale des senteurs pour les marques de parfums, le bien-\u00eatre et les fournisseurs d'IoT.\n\n\n\n \n\n\n\nPlus de 360 millions de r\u00e9sidences sont d\u00e9sormais des \"maisons connect\u00e9es\", les consommateurs s'\u00e9quipant des derniers appareils pour rendre la vie plus agr\u00e9able. Un nouveau...<\/div><\/div>\n<div class=\"page-list-ext-item\"><div class=\"page-list-ext-image\"><a href=\"https:\/\/multi.inhalio.com\/fr\/markets\/hospitality-ambient\/\" title=\"H\u00f4tellerie\"><img src=\"https:\/\/multi.inhalio.com\/wp-content\/uploads\/2022\/01\/hospitality-in-line-150x150.jpg\" width=\"150\" alt=\"Hospitality \/ Ambient\" \/><\/a><\/div> <h3 class=\"page-list-ext-title\"><a href=\"https:\/\/multi.inhalio.com\/fr\/markets\/hospitality-ambient\/\" title=\"H\u00f4tellerie\">H\u00f4tellerie<\/a><\/h3><div class=\"page-list-ext-item-content\">\nHospitalit\u00e9 \/ Ambiance - Wellness Life\u2122 et la diffusion de parfums pour la sant\u00e9 et le bien-\u00eatre.\n\n\n\n\nLien vers Iscent Cloud\n \n\n\n\n \n\n\n\nAvec la plateforme Digital Scent 3.0, les h\u00f4tels, les banques et les autres entreprises du secteur de l'h\u00f4tellerie peuvent tirer parti de la puissance de ...<\/div><\/div>\n<div class=\"page-list-ext-item\"><div class=\"page-list-ext-image\"><a href=\"https:\/\/multi.inhalio.com\/fr\/markets\/retail\/\" title=\"Vente au d\u00e9tail\"><img src=\"https:\/\/multi.inhalio.com\/wp-content\/uploads\/2022\/01\/retail-slider-150x150.jpg\" width=\"150\" alt=\"Retail\" \/><\/a><\/div> <h3 class=\"page-list-ext-title\"><a href=\"https:\/\/multi.inhalio.com\/fr\/markets\/retail\/\" title=\"Vente au d\u00e9tail\">Vente au d\u00e9tail<\/a><\/h3><div class=\"page-list-ext-item-content\">\nRetail - Solutions num\u00e9riques de diffusion de parfum pour les promotions et le bien-\u00eatre des consommateurs\n\n\n\nAvec la plateforme Digital Scent 3.0, les grands d\u00e9taillants, les franchis\u00e9s et les marques qui font la promotion de leurs produits dans les magasins peuvent d\u00e9sormais engager les consommateurs \u00e0 un tout nouveau niveau avec...<\/div><\/div>\n\n<\/div>","protected":false},"excerpt":{"rendered":"","protected":false},"author":1,"featured_media":0,"parent":0,"menu_order":0,"comment_status":"closed","ping_status":"closed","template":"","meta":[],"acf":[],"yoast_head":"<!-- This site is optimized with the Yoast SEO plugin v21.1 - https:\/\/yoast.com\/wordpress\/plugins\/seo\/ -->\n<title>Markets - Inhalio<\/title>\n<meta name=\"robots\" content=\"index, follow, max-snippet:-1, max-image-preview:large, max-video-preview:-1\" \/>\n<link rel=\"canonical\" href=\"https:\/\/multi.inhalio.com\/fr\/markets\/\" \/>\n<meta property=\"og:locale\" content=\"fr_FR\" \/>\n<meta property=\"og:type\" content=\"article\" \/>\n<meta property=\"og:title\" content=\"Markets - Inhalio\" \/>\n<meta property=\"og:url\" content=\"https:\/\/multi.inhalio.com\/fr\/markets\/\" \/>\n<meta property=\"og:site_name\" content=\"Inhalio\" \/>\n<meta property=\"article:publisher\" content=\"https:\/\/www.facebook.com\/inhalio\" \/>\n<meta property=\"article:modified_time\" content=\"2022-02-23T15:23:17+00:00\" \/>\n<meta property=\"og:image\" content=\"https:\/\/multi.inhalio.com\/wp-content\/uploads\/2022\/02\/logo.png\" \/>\n\t<meta property=\"og:image:width\" content=\"1185\" \/>\n\t<meta property=\"og:image:height\" content=\"284\" \/>\n\t<meta property=\"og:image:type\" content=\"image\/png\" \/>\n<meta name=\"twitter:card\" content=\"summary_large_image\" \/>\n<meta name=\"twitter:site\" content=\"@inhalio\" \/>\n<meta name=\"twitter:label1\" content=\"Dur\u00e9e de lecture estim\u00e9e\" \/>\n\t<meta name=\"twitter:data1\" content=\"1 minute\" \/>\n<script type=\"application\/ld+json\" class=\"yoast-schema-graph\">{\"@context\":\"https:\/\/schema.org\",\"@graph\":[{\"@type\":\"WebPage\",\"@id\":\"https:\/\/multi.inhalio.com\/markets\/\",\"url\":\"https:\/\/multi.inhalio.com\/markets\/\",\"name\":\"Markets - Inhalio\",\"isPartOf\":{\"@id\":\"https:\/\/multi.inhalio.com\/#website\"},\"datePublished\":\"2022-01-26T22:54:05+00:00\",\"dateModified\":\"2022-02-23T15:23:17+00:00\",\"breadcrumb\":{\"@id\":\"https:\/\/multi.inhalio.com\/markets\/#breadcrumb\"},\"inLanguage\":\"fr-FR\",\"potentialAction\":[{\"@type\":\"ReadAction\",\"target\":[\"https:\/\/multi.inhalio.com\/markets\/\"]}]},{\"@type\":\"BreadcrumbList\",\"@id\":\"https:\/\/multi.inhalio.com\/markets\/#breadcrumb\",\"itemListElement\":[{\"@type\":\"ListItem\",\"position\":1,\"name\":\"Home\",\"item\":\"https:\/\/multi.inhalio.com\/\"},{\"@type\":\"ListItem\",\"position\":2,\"name\":\"Markets\"}]},{\"@type\":\"WebSite\",\"@id\":\"https:\/\/multi.inhalio.com\/#website\",\"url\":\"https:\/\/multi.inhalio.com\/\",\"name\":\"Inhalio\",\"description\":\"The World's 1st Connected Platform for Scent | Scent Branding\",\"publisher\":{\"@id\":\"https:\/\/multi.inhalio.com\/#organization\"},\"potentialAction\":[{\"@type\":\"SearchAction\",\"target\":{\"@type\":\"EntryPoint\",\"urlTemplate\":\"https:\/\/multi.inhalio.com\/?s={search_term_string}\"},\"query-input\":\"required name=search_term_string\"}],\"inLanguage\":\"fr-FR\"},{\"@type\":\"Organization\",\"@id\":\"https:\/\/multi.inhalio.com\/#organization\",\"name\":\"Inhalio\",\"url\":\"https:\/\/multi.inhalio.com\/\",\"logo\":{\"@type\":\"ImageObject\",\"inLanguage\":\"fr-FR\",\"@id\":\"https:\/\/multi.inhalio.com\/#\/schema\/logo\/image\/\",\"url\":\"https:\/\/multi.inhalio.com\/wp-content\/uploads\/2022\/02\/logo.png\",\"contentUrl\":\"https:\/\/multi.inhalio.com\/wp-content\/uploads\/2022\/02\/logo.png\",\"width\":1185,\"height\":284,\"caption\":\"Inhalio\"},\"image\":{\"@id\":\"https:\/\/multi.inhalio.com\/#\/schema\/logo\/image\/\"},\"sameAs\":[\"https:\/\/www.facebook.com\/inhalio\",\"https:\/\/twitter.com\/inhalio\",\"https:\/\/www.linkedin.com\/company\/inhali\u00f3\/\"]}]}<\/script>\n<!-- \/ Yoast SEO plugin. -->","yoast_head_json":{"title":"Markets - Inhalio","robots":{"index":"index","follow":"follow","max-snippet":"max-snippet:-1","max-image-preview":"max-image-preview:large","max-video-preview":"max-video-preview:-1"},"canonical":"https:\/\/multi.inhalio.com\/fr\/markets\/","og_locale":"fr_FR","og_type":"article","og_title":"Markets - Inhalio","og_url":"https:\/\/multi.inhalio.com\/fr\/markets\/","og_site_name":"Inhalio","article_publisher":"https:\/\/www.facebook.com\/inhalio","article_modified_time":"2022-02-23T15:23:17+00:00","og_image":[{"width":1185,"height":284,"url":"https:\/\/multi.inhalio.com\/wp-content\/uploads\/2022\/02\/logo.png","type":"image\/png"}],"twitter_card":"summary_large_image","twitter_site":"@inhalio","twitter_misc":{"Dur\u00e9e de lecture estim\u00e9e":"1 minute"},"schema":{"@context":"https:\/\/schema.org","@graph":[{"@type":"WebPage","@id":"https:\/\/multi.inhalio.com\/markets\/","url":"https:\/\/multi.inhalio.com\/markets\/","name":"Markets - Inhalio","isPartOf":{"@id":"https:\/\/multi.inhalio.com\/#website"},"datePublished":"2022-01-26T22:54:05+00:00","dateModified":"2022-02-23T15:23:17+00:00","breadcrumb":{"@id":"https:\/\/multi.inhalio.com\/markets\/#breadcrumb"},"inLanguage":"fr-FR","potentialAction":[{"@type":"ReadAction","target":["https:\/\/multi.inhalio.com\/markets\/"]}]},{"@type":"BreadcrumbList","@id":"https:\/\/multi.inhalio.com\/markets\/#breadcrumb","itemListElement":[{"@type":"ListItem","position":1,"name":"Home","item":"https:\/\/multi.inhalio.com\/"},{"@type":"ListItem","position":2,"name":"Markets"}]},{"@type":"WebSite","@id":"https:\/\/multi.inhalio.com\/#website","url":"https:\/\/multi.inhalio.com\/","name":"Inhalio","description":"The World's 1st Connected Platform for Scent | Scent Branding","publisher":{"@id":"https:\/\/multi.inhalio.com\/#organization"},"potentialAction":[{"@type":"SearchAction","target":{"@type":"EntryPoint","urlTemplate":"https:\/\/multi.inhalio.com\/?s={search_term_string}"},"query-input":"required name=search_term_string"}],"inLanguage":"fr-FR"},{"@type":"Organization","@id":"https:\/\/multi.inhalio.com\/#organization","name":"Inhalio","url":"https:\/\/multi.inhalio.com\/","logo":{"@type":"ImageObject","inLanguage":"fr-FR","@id":"https:\/\/multi.inhalio.com\/#\/schema\/logo\/image\/","url":"https:\/\/multi.inhalio.com\/wp-content\/uploads\/2022\/02\/logo.png","contentUrl":"https:\/\/multi.inhalio.com\/wp-content\/uploads\/2022\/02\/logo.png","width":1185,"height":284,"caption":"Inhalio"},"image":{"@id":"https:\/\/multi.inhalio.com\/#\/schema\/logo\/image\/"},"sameAs":["https:\/\/www.facebook.com\/inhalio","https:\/\/twitter.com\/inhalio","https:\/\/www.linkedin.com\/company\/inhali\u00f3\/"]}]}},"_links":{"self":[{"href":"https:\/\/multi.inhalio.com\/fr\/wp-json\/wp\/v2\/pages\/73"}],"collection":[{"href":"https:\/\/multi.inhalio.com\/fr\/wp-json\/wp\/v2\/pages"}],"about":[{"href":"https:\/\/multi.inhalio.com\/fr\/wp-json\/wp\/v2\/types\/page"}],"author":[{"embeddable":true,"href":"https:\/\/multi.inhalio.com\/fr\/wp-json\/wp\/v2\/users\/1"}],"replies":[{"embeddable":true,"href":"https:\/\/multi.inhalio.com\/fr\/wp-json\/wp\/v2\/comments?post=73"}],"version-history":[{"count":7,"href":"https:\/\/multi.inhalio.com\/fr\/wp-json\/wp\/v2\/pages\/73\/revisions"}],"predecessor-version":[{"id":32219,"href":"https:\/\/multi.inhalio.com\/fr\/wp-json\/wp\/v2\/pages\/73\/revisions\/32219"}],"wp:attachment":[{"href":"https:\/\/multi.inhalio.com\/fr\/wp-json\/wp\/v2\/media?parent=73"}],"curies":[{"name":"wp","href":"https:\/\/api.w.org\/{rel}","templated":true}]}}