{"id":71,"date":"2022-01-26T22:53:21","date_gmt":"2022-01-26T22:53:21","guid":{"rendered":"https:\/\/multi.inhalio.com\/?page_id=71"},"modified":"2022-02-23T15:32:30","modified_gmt":"2022-02-23T15:32:30","slug":"malodor-scent-cartridges","status":"publish","type":"page","link":"https:\/\/multi.inhalio.com\/fr\/wellness\/malodor-scent-cartridges\/","title":{"rendered":"Cartouches anti mauvaises odeurs"},"content":{"rendered":"<h2 id=\"malodor-scent-cartridges\">Cartouches de parfum malodorant<\/h2>\n\n\n\n<p><strong><em>Des ingr\u00e9dients actifs naturels ont \u00e9t\u00e9 combin\u00e9s pour produire une solution parfum\u00e9e contre les mauvaises odeurs qui, lorsqu'elle est diffus\u00e9e \u00e0 l'air sec, r\u00e9agit chimiquement avec les mol\u00e9cules de mauvaises odeurs caus\u00e9es par les odeurs corporelles, la fum\u00e9e, les animaux domestiques et le vomi pour \u00e9liminer virtuellement l'odeur incrimin\u00e9e. Nos ingr\u00e9dients anti-odeurs \u00e9liminent les odeurs au niveau mol\u00e9culaire, ils ne les masquent pas avec des parfums lourds.<\/em><\/strong><\/p>\n\n\n\n<div class=\"wp-block-cover  alignfull\" style=\"min-height:556px\"><span aria-hidden=\"true\" class=\"has-base-3-background-color has-background-dim-20 wp-block-cover__gradient-background has-background-dim\"><\/span><img decoding=\"async\" loading=\"lazy\" width=\"1736\" height=\"903\" class=\"wp-block-cover__image-background wp-image-227\" alt=\"\" src=\"https:\/\/multi.inhalio.com\/wp-content\/uploads\/2022\/01\/molecular-wave-vector-green3.png\" style=\"object-position:0% 65%\" data-object-fit=\"cover\" data-object-position=\"0% 65%\" srcset=\"https:\/\/multi.inhalio.com\/wp-content\/uploads\/2022\/01\/molecular-wave-vector-green3.png 1736w, https:\/\/multi.inhalio.com\/wp-content\/uploads\/2022\/01\/molecular-wave-vector-green3-300x156.png 300w, https:\/\/multi.inhalio.com\/wp-content\/uploads\/2022\/01\/molecular-wave-vector-green3-1024x533.png 1024w, https:\/\/multi.inhalio.com\/wp-content\/uploads\/2022\/01\/molecular-wave-vector-green3-768x399.png 768w, https:\/\/multi.inhalio.com\/wp-content\/uploads\/2022\/01\/molecular-wave-vector-green3-1536x799.png 1536w, https:\/\/multi.inhalio.com\/wp-content\/uploads\/2022\/01\/molecular-wave-vector-green3-18x9.png 18w\" sizes=\"(max-width: 1736px) 100vw, 1736px\" \/><div class=\"wp-block-cover__inner-container\">\n<div class=\"wp-block-image is-style-default\"><figure class=\"aligncenter size-large is-resized\"><img decoding=\"async\" loading=\"lazy\" src=\"https:\/\/multi.inhalio.com\/wp-content\/uploads\/2022\/01\/bad-ride-smell2-1024x500.jpg\" alt=\"Car malodor removal\" class=\"wp-image-255\" width=\"706\" height=\"344\" srcset=\"https:\/\/multi.inhalio.com\/wp-content\/uploads\/2022\/01\/bad-ride-smell2-1024x500.jpg 1024w, https:\/\/multi.inhalio.com\/wp-content\/uploads\/2022\/01\/bad-ride-smell2-300x146.jpg 300w, https:\/\/multi.inhalio.com\/wp-content\/uploads\/2022\/01\/bad-ride-smell2-768x375.jpg 768w, https:\/\/multi.inhalio.com\/wp-content\/uploads\/2022\/01\/bad-ride-smell2-1536x750.jpg 1536w, https:\/\/multi.inhalio.com\/wp-content\/uploads\/2022\/01\/bad-ride-smell2-2048x1000.jpg 2048w, https:\/\/multi.inhalio.com\/wp-content\/uploads\/2022\/01\/bad-ride-smell2-18x9.jpg 18w\" sizes=\"(max-width: 706px) 100vw, 706px\" \/><\/figure><\/div>\n<\/div><\/div>\n\n\n\n<div style=\"height:20px\" aria-hidden=\"true\" class=\"wp-block-spacer\"><\/div>\n\n\n\n<p>Les mauvaises odeurs sont le r\u00e9sultat de plusieurs classes de compos\u00e9s : Les compos\u00e9s azot\u00e9s comme la fum\u00e9e, les ordures, l'urine et les fruits de mer, et les acides organiques comme le vomi, la sueur, la moisissure et le mildiou. Quelle que soit leur source, ces odeurs sont un probl\u00e8me tr\u00e8s g\u00eanant dans l'espace de mobilit\u00e9 partag\u00e9e, en particulier dans les v\u00e9hicules de covoiturage et les v\u00e9hicules autonomes. Les mauvaises odeurs sont encore plus probl\u00e9matiques dans les v\u00e9hicules sans conducteur (autonomes) o\u00f9 il n'y a personne pour surveiller personnellement la fra\u00eecheur de la cabine au fur et \u00e0 mesure des trajets.<\/p>\n\n\n\n<p>En associant des ingr\u00e9dients actifs sp\u00e9ciaux \u00e0 un syst\u00e8me de diffusion de parfums \u00e0 air sec de pr\u00e9cision, il est possible d'\u00e9liminer les mauvaises odeurs dans les v\u00e9hicules de covoiturage et les v\u00e9hicules autonomes, et dans d'autres environnements si n\u00e9cessaire. Les ingr\u00e9dients contre-actifs sont des compos\u00e9s mol\u00e9culaires qui r\u00e9agissent chimiquement avec les mol\u00e9cules de la mauvaise odeur pour cr\u00e9er un nouveau compos\u00e9 dans l'air avec une caract\u00e9ristique olfactive diff\u00e9rente. Connu des chimistes sous le nom de r\u00e9action chimique de Schiff ou de Michael, le compos\u00e9 mol\u00e9culaire qui en r\u00e9sulte est beaucoup moins volatile et a une caract\u00e9ristique olfactive beaucoup moins offensive.<\/p>\n\n\n\n<p>Enfin, un parfum frais suppl\u00e9mentaire peut \u00eatre ajout\u00e9 au syst\u00e8me de diffusion d'air sec pour \u00e9liminer davantage les odeurs de fum\u00e9e, d'ordures et m\u00eame d'\u00e9vacuations biologiques d'animaux domestiques.  Pour les flottes de mobilit\u00e9 partag\u00e9e autonomes, des capteurs peuvent \u00eatre ajout\u00e9s pour surveiller en permanence l'int\u00e9rieur du v\u00e9hicule \u00e0 la recherche d'odeurs offensantes bas\u00e9es sur ces compos\u00e9s d'azote et d'acides organiques et d\u00e9clencher automatiquement la diffusion d'air sec et lib\u00e9rer un ingr\u00e9dient contre-odorant.<\/p>","protected":false},"excerpt":{"rendered":"<p>Cartouches parfum\u00e9es contre les mauvaises odeurs Des ingr\u00e9dients actifs naturels ont \u00e9t\u00e9 combin\u00e9s pour produire une solution parfum\u00e9e contre les mauvaises odeurs qui, lorsqu'elle est diffus\u00e9e \u00e0 l'air sec, r\u00e9agit chimiquement avec les mol\u00e9cules de mauvaises odeurs caus\u00e9es par ... <\/p>\n<p class=\"read-more-container\"><a title=\"Cartouches anti mauvaises odeurs\" class=\"read-more button\" href=\"https:\/\/multi.inhalio.com\/fr\/wellness\/malodor-scent-cartridges\/#more-71\" aria-label=\"En savoir plus sur Malodor scent cartridges\">Lire la suite<\/a><\/p>","protected":false},"author":1,"featured_media":255,"parent":32223,"menu_order":3,"comment_status":"closed","ping_status":"closed","template":"","meta":[],"acf":[],"yoast_head":"<!-- This site is optimized with the Yoast SEO plugin v21.1 - https:\/\/yoast.com\/wordpress\/plugins\/seo\/ -->\n<title>Malodor scent cartridges - Inhalio<\/title>\n<meta name=\"description\" content=\"Natural active ingredients have been combined to produce a malodor scent solution that eliminate the offending odor.\" \/>\n<meta name=\"robots\" content=\"index, follow, max-snippet:-1, max-image-preview:large, max-video-preview:-1\" \/>\n<link rel=\"canonical\" href=\"https:\/\/multi.inhalio.com\/fr\/wellness\/malodor-scent-cartridges\/\" \/>\n<meta property=\"og:locale\" content=\"fr_FR\" \/>\n<meta property=\"og:type\" content=\"article\" \/>\n<meta property=\"og:title\" content=\"Malodor scent cartridges - Inhalio\" \/>\n<meta property=\"og:description\" content=\"Natural active ingredients have been combined to produce a malodor scent solution that eliminate the offending odor.\" \/>\n<meta property=\"og:url\" content=\"https:\/\/multi.inhalio.com\/fr\/wellness\/malodor-scent-cartridges\/\" \/>\n<meta property=\"og:site_name\" content=\"Inhalio\" \/>\n<meta property=\"article:publisher\" content=\"https:\/\/www.facebook.com\/inhalio\" \/>\n<meta property=\"article:modified_time\" content=\"2022-02-23T15:32:30+00:00\" \/>\n<meta property=\"og:image\" content=\"https:\/\/multi.inhalio.com\/wp-content\/uploads\/2022\/01\/bad-ride-smell2-scaled.jpg\" \/>\n\t<meta property=\"og:image:width\" content=\"2560\" \/>\n\t<meta property=\"og:image:height\" content=\"1250\" \/>\n\t<meta property=\"og:image:type\" content=\"image\/jpeg\" \/>\n<meta name=\"twitter:card\" content=\"summary_large_image\" \/>\n<meta name=\"twitter:site\" content=\"@inhalio\" \/>\n<meta name=\"twitter:label1\" content=\"Dur\u00e9e de lecture estim\u00e9e\" \/>\n\t<meta name=\"twitter:data1\" content=\"2 minutes\" \/>\n<script type=\"application\/ld+json\" class=\"yoast-schema-graph\">{\"@context\":\"https:\/\/schema.org\",\"@graph\":[{\"@type\":\"WebPage\",\"@id\":\"https:\/\/multi.inhalio.com\/wellness\/malodor-scent-cartridges\/\",\"url\":\"https:\/\/multi.inhalio.com\/wellness\/malodor-scent-cartridges\/\",\"name\":\"Malodor scent cartridges - Inhalio\",\"isPartOf\":{\"@id\":\"https:\/\/multi.inhalio.com\/#website\"},\"datePublished\":\"2022-01-26T22:53:21+00:00\",\"dateModified\":\"2022-02-23T15:32:30+00:00\",\"description\":\"Natural active ingredients have been combined to produce a malodor scent solution that eliminate the offending odor.\",\"breadcrumb\":{\"@id\":\"https:\/\/multi.inhalio.com\/wellness\/malodor-scent-cartridges\/#breadcrumb\"},\"inLanguage\":\"fr-FR\",\"potentialAction\":[{\"@type\":\"ReadAction\",\"target\":[\"https:\/\/multi.inhalio.com\/wellness\/malodor-scent-cartridges\/\"]}]},{\"@type\":\"BreadcrumbList\",\"@id\":\"https:\/\/multi.inhalio.com\/wellness\/malodor-scent-cartridges\/#breadcrumb\",\"itemListElement\":[{\"@type\":\"ListItem\",\"position\":1,\"name\":\"Home\",\"item\":\"https:\/\/multi.inhalio.com\/\"},{\"@type\":\"ListItem\",\"position\":2,\"name\":\"Wellness\",\"item\":\"https:\/\/multi.inhalio.com\/wellness\/\"},{\"@type\":\"ListItem\",\"position\":3,\"name\":\"Malodor scent cartridges\"}]},{\"@type\":\"WebSite\",\"@id\":\"https:\/\/multi.inhalio.com\/#website\",\"url\":\"https:\/\/multi.inhalio.com\/\",\"name\":\"Inhalio\",\"description\":\"The World's 1st Connected Platform for Scent | Scent Branding\",\"publisher\":{\"@id\":\"https:\/\/multi.inhalio.com\/#organization\"},\"potentialAction\":[{\"@type\":\"SearchAction\",\"target\":{\"@type\":\"EntryPoint\",\"urlTemplate\":\"https:\/\/multi.inhalio.com\/?s={search_term_string}\"},\"query-input\":\"required name=search_term_string\"}],\"inLanguage\":\"fr-FR\"},{\"@type\":\"Organization\",\"@id\":\"https:\/\/multi.inhalio.com\/#organization\",\"name\":\"Inhalio\",\"url\":\"https:\/\/multi.inhalio.com\/\",\"logo\":{\"@type\":\"ImageObject\",\"inLanguage\":\"fr-FR\",\"@id\":\"https:\/\/multi.inhalio.com\/#\/schema\/logo\/image\/\",\"url\":\"https:\/\/multi.inhalio.com\/wp-content\/uploads\/2022\/02\/logo.png\",\"contentUrl\":\"https:\/\/multi.inhalio.com\/wp-content\/uploads\/2022\/02\/logo.png\",\"width\":1185,\"height\":284,\"caption\":\"Inhalio\"},\"image\":{\"@id\":\"https:\/\/multi.inhalio.com\/#\/schema\/logo\/image\/\"},\"sameAs\":[\"https:\/\/www.facebook.com\/inhalio\",\"https:\/\/twitter.com\/inhalio\",\"https:\/\/www.linkedin.com\/company\/inhali\u00f3\/\"]}]}<\/script>\n<!-- \/ Yoast SEO plugin. -->","yoast_head_json":{"title":"Malodor scent cartridges - Inhalio","description":"Natural active ingredients have been combined to produce a malodor scent solution that eliminate the offending odor.","robots":{"index":"index","follow":"follow","max-snippet":"max-snippet:-1","max-image-preview":"max-image-preview:large","max-video-preview":"max-video-preview:-1"},"canonical":"https:\/\/multi.inhalio.com\/fr\/wellness\/malodor-scent-cartridges\/","og_locale":"fr_FR","og_type":"article","og_title":"Malodor scent cartridges - Inhalio","og_description":"Natural active ingredients have been combined to produce a malodor scent solution that eliminate the offending odor.","og_url":"https:\/\/multi.inhalio.com\/fr\/wellness\/malodor-scent-cartridges\/","og_site_name":"Inhalio","article_publisher":"https:\/\/www.facebook.com\/inhalio","article_modified_time":"2022-02-23T15:32:30+00:00","og_image":[{"width":2560,"height":1250,"url":"https:\/\/multi.inhalio.com\/wp-content\/uploads\/2022\/01\/bad-ride-smell2-scaled.jpg","type":"image\/jpeg"}],"twitter_card":"summary_large_image","twitter_site":"@inhalio","twitter_misc":{"Dur\u00e9e de lecture estim\u00e9e":"2 minutes"},"schema":{"@context":"https:\/\/schema.org","@graph":[{"@type":"WebPage","@id":"https:\/\/multi.inhalio.com\/wellness\/malodor-scent-cartridges\/","url":"https:\/\/multi.inhalio.com\/wellness\/malodor-scent-cartridges\/","name":"Malodor scent cartridges - Inhalio","isPartOf":{"@id":"https:\/\/multi.inhalio.com\/#website"},"datePublished":"2022-01-26T22:53:21+00:00","dateModified":"2022-02-23T15:32:30+00:00","description":"Natural active ingredients have been combined to produce a malodor scent solution that eliminate the offending odor.","breadcrumb":{"@id":"https:\/\/multi.inhalio.com\/wellness\/malodor-scent-cartridges\/#breadcrumb"},"inLanguage":"fr-FR","potentialAction":[{"@type":"ReadAction","target":["https:\/\/multi.inhalio.com\/wellness\/malodor-scent-cartridges\/"]}]},{"@type":"BreadcrumbList","@id":"https:\/\/multi.inhalio.com\/wellness\/malodor-scent-cartridges\/#breadcrumb","itemListElement":[{"@type":"ListItem","position":1,"name":"Home","item":"https:\/\/multi.inhalio.com\/"},{"@type":"ListItem","position":2,"name":"Wellness","item":"https:\/\/multi.inhalio.com\/wellness\/"},{"@type":"ListItem","position":3,"name":"Malodor scent cartridges"}]},{"@type":"WebSite","@id":"https:\/\/multi.inhalio.com\/#website","url":"https:\/\/multi.inhalio.com\/","name":"Inhalio","description":"The World's 1st Connected Platform for Scent | Scent Branding","publisher":{"@id":"https:\/\/multi.inhalio.com\/#organization"},"potentialAction":[{"@type":"SearchAction","target":{"@type":"EntryPoint","urlTemplate":"https:\/\/multi.inhalio.com\/?s={search_term_string}"},"query-input":"required name=search_term_string"}],"inLanguage":"fr-FR"},{"@type":"Organization","@id":"https:\/\/multi.inhalio.com\/#organization","name":"Inhalio","url":"https:\/\/multi.inhalio.com\/","logo":{"@type":"ImageObject","inLanguage":"fr-FR","@id":"https:\/\/multi.inhalio.com\/#\/schema\/logo\/image\/","url":"https:\/\/multi.inhalio.com\/wp-content\/uploads\/2022\/02\/logo.png","contentUrl":"https:\/\/multi.inhalio.com\/wp-content\/uploads\/2022\/02\/logo.png","width":1185,"height":284,"caption":"Inhalio"},"image":{"@id":"https:\/\/multi.inhalio.com\/#\/schema\/logo\/image\/"},"sameAs":["https:\/\/www.facebook.com\/inhalio","https:\/\/twitter.com\/inhalio","https:\/\/www.linkedin.com\/company\/inhali\u00f3\/"]}]}},"_links":{"self":[{"href":"https:\/\/multi.inhalio.com\/fr\/wp-json\/wp\/v2\/pages\/71"}],"collection":[{"href":"https:\/\/multi.inhalio.com\/fr\/wp-json\/wp\/v2\/pages"}],"about":[{"href":"https:\/\/multi.inhalio.com\/fr\/wp-json\/wp\/v2\/types\/page"}],"author":[{"embeddable":true,"href":"https:\/\/multi.inhalio.com\/fr\/wp-json\/wp\/v2\/users\/1"}],"replies":[{"embeddable":true,"href":"https:\/\/multi.inhalio.com\/fr\/wp-json\/wp\/v2\/comments?post=71"}],"version-history":[{"count":12,"href":"https:\/\/multi.inhalio.com\/fr\/wp-json\/wp\/v2\/pages\/71\/revisions"}],"predecessor-version":[{"id":32228,"href":"https:\/\/multi.inhalio.com\/fr\/wp-json\/wp\/v2\/pages\/71\/revisions\/32228"}],"up":[{"embeddable":true,"href":"https:\/\/multi.inhalio.com\/fr\/wp-json\/wp\/v2\/pages\/32223"}],"wp:featuredmedia":[{"embeddable":true,"href":"https:\/\/multi.inhalio.com\/fr\/wp-json\/wp\/v2\/media\/255"}],"wp:attachment":[{"href":"https:\/\/multi.inhalio.com\/fr\/wp-json\/wp\/v2\/media?parent=71"}],"curies":[{"name":"wp","href":"https:\/\/api.w.org\/{rel}","templated":true}]}}