{"id":69,"date":"2022-01-26T22:52:44","date_gmt":"2022-01-26T22:52:44","guid":{"rendered":"https:\/\/multi.inhalio.com\/?page_id=69"},"modified":"2022-02-23T15:31:52","modified_gmt":"2022-02-23T15:31:52","slug":"health-wellness","status":"publish","type":"page","link":"https:\/\/multi.inhalio.com\/fr\/wellness\/health-wellness\/","title":{"rendered":"Sant\u00e9 et bien \u00eatre"},"content":{"rendered":"<h2 id=\"h-health-wellness\">Sant\u00e9 et bien-\u00eatre<\/h2>\n\n\n\n<p>Inhalio a \u00e9t\u00e9 le pionnier du concept d'un <strong>Randonn\u00e9e bien-\u00eatre<\/strong>\u2122 pour les \u00e9quipementiers de la mobilit\u00e9, les flottes de covoiturage et les flottes autonomes, et <strong>Vie de bien-\u00eatre<\/strong>\u2122 pour les march\u00e9s de l'Ambiance, de l'Hospitalit\u00e9 et de la Maison connect\u00e9e. Les solutions de bien-\u00eatre Inhalio combinent les technologies brevet\u00e9es Infusion, Diffusion et Insight d'Inhalio pour offrir aux clients une exp\u00e9rience plus agr\u00e9able et plus saine. Les solutions de bien-\u00eatre Inhalio et les cartouches de senteur offrent une exp\u00e9rience remarquablement fra\u00eeche et agr\u00e9able en lib\u00e9rant des senteurs parfum\u00e9es, en \u00e9liminant les odeurs, en r\u00e9duisant les bact\u00e9ries et les virus en suspension dans l'air, ainsi qu'en soulageant les cas l\u00e9gers \u00e0 mod\u00e9r\u00e9s de mal des transports.<\/p>\n\n\n\n<p>En proposant un Wellness Ride, les entreprises de l'espace mobilit\u00e9 peuvent am\u00e9liorer la satisfaction des clients, augmenter les revenus par trajet, cr\u00e9er plus de fid\u00e9lit\u00e9 \u00e0 la marque et diff\u00e9rencier davantage leurs produits et services des concurrents.&nbsp;<\/p>\n\n\n\n<p>Avec Wellness Life, les particuliers et les entreprises du march\u00e9 de la maison, de l'h\u00f4tellerie et de l'ambiance peuvent profiter de solutions olfactives tr\u00e8s diff\u00e9renci\u00e9es, naturelles et pures, et en accord avec la sant\u00e9, le bien-\u00eatre et le mieux-\u00eatre que les consommateurs d'aujourd'hui exigent.&nbsp;<\/p>\n\n\n\n<div class=\"wp-block-cover\"><span aria-hidden=\"true\" class=\"has-base-3-background-color has-background-dim-30 wp-block-cover__gradient-background has-background-dim\"><\/span><img decoding=\"async\" loading=\"lazy\" width=\"1736\" height=\"903\" class=\"wp-block-cover__image-background wp-image-227\" alt=\"\" src=\"https:\/\/multi.inhalio.com\/wp-content\/uploads\/2022\/01\/molecular-wave-vector-green3.png\" data-object-fit=\"cover\" srcset=\"https:\/\/multi.inhalio.com\/wp-content\/uploads\/2022\/01\/molecular-wave-vector-green3.png 1736w, https:\/\/multi.inhalio.com\/wp-content\/uploads\/2022\/01\/molecular-wave-vector-green3-300x156.png 300w, https:\/\/multi.inhalio.com\/wp-content\/uploads\/2022\/01\/molecular-wave-vector-green3-1024x533.png 1024w, https:\/\/multi.inhalio.com\/wp-content\/uploads\/2022\/01\/molecular-wave-vector-green3-768x399.png 768w, https:\/\/multi.inhalio.com\/wp-content\/uploads\/2022\/01\/molecular-wave-vector-green3-1536x799.png 1536w, https:\/\/multi.inhalio.com\/wp-content\/uploads\/2022\/01\/molecular-wave-vector-green3-18x9.png 18w\" sizes=\"(max-width: 1736px) 100vw, 1736px\" \/><div class=\"wp-block-cover__inner-container\"><div class=\"gb-container gb-container-6558c0d1\"><div class=\"gb-inside-container\">\n<div class=\"gb-grid-wrapper gb-grid-wrapper-7389e817\">\n<div class=\"gb-grid-column gb-grid-column-33c6599b\"><div class=\"gb-container gb-container-33c6599b\"><div class=\"gb-inside-container\"><\/div><\/div><\/div>\n\n<div class=\"gb-grid-column gb-grid-column-8ba35b3e\"><div class=\"gb-container gb-container-8ba35b3e\"><div class=\"gb-inside-container\">\n\n<div class=\"wp-block-image is-style-rounded\"><figure class=\"aligncenter size-full is-resized\"><img decoding=\"async\" src=\"https:\/\/multi.inhalio.com\/wp-content\/uploads\/2022\/01\/scent-fresh.png\" alt=\"\" class=\"wp-image-259\" width=\"120\" srcset=\"https:\/\/multi.inhalio.com\/wp-content\/uploads\/2022\/01\/scent-fresh.png 108w, https:\/\/multi.inhalio.com\/wp-content\/uploads\/2022\/01\/scent-fresh-14x12.png 14w\" sizes=\"(max-width: 108px) 100vw, 108px\" \/><\/figure><\/div>\n\n<\/div><\/div><\/div>\n\n<div class=\"gb-grid-column gb-grid-column-f06b3b3b\"><div class=\"gb-container gb-container-f06b3b3b\"><div class=\"gb-inside-container\">\n\n<div class=\"wp-block-image is-style-rounded\"><figure class=\"aligncenter size-full is-resized\"><img decoding=\"async\" src=\"https:\/\/multi.inhalio.com\/wp-content\/uploads\/2022\/01\/mal-odor.png\" alt=\"\" class=\"wp-image-261\" width=\"100\" srcset=\"https:\/\/multi.inhalio.com\/wp-content\/uploads\/2022\/01\/mal-odor.png 519w, https:\/\/multi.inhalio.com\/wp-content\/uploads\/2022\/01\/mal-odor-300x298.png 300w, https:\/\/multi.inhalio.com\/wp-content\/uploads\/2022\/01\/mal-odor-150x150.png 150w, https:\/\/multi.inhalio.com\/wp-content\/uploads\/2022\/01\/mal-odor-12x12.png 12w\" sizes=\"(max-width: 519px) 100vw, 519px\" \/><\/figure><\/div>\n\n<\/div><\/div><\/div>\n\n<div class=\"gb-grid-column gb-grid-column-5be6d325\"><div class=\"gb-container gb-container-5be6d325\"><div class=\"gb-inside-container\">\n\n<div class=\"wp-block-image is-style-rounded\"><figure class=\"aligncenter size-full is-resized\"><img decoding=\"async\" src=\"https:\/\/multi.inhalio.com\/wp-content\/uploads\/2022\/01\/motion-sick.png\" alt=\"\" class=\"wp-image-262\" width=\"100\" srcset=\"https:\/\/multi.inhalio.com\/wp-content\/uploads\/2022\/01\/motion-sick.png 562w, https:\/\/multi.inhalio.com\/wp-content\/uploads\/2022\/01\/motion-sick-300x300.png 300w, https:\/\/multi.inhalio.com\/wp-content\/uploads\/2022\/01\/motion-sick-150x150.png 150w, https:\/\/multi.inhalio.com\/wp-content\/uploads\/2022\/01\/motion-sick-12x12.png 12w\" sizes=\"(max-width: 562px) 100vw, 562px\" \/><\/figure><\/div>\n\n<\/div><\/div><\/div>\n\n<div class=\"gb-grid-column gb-grid-column-e473705f\"><div class=\"gb-container gb-container-e473705f\"><div class=\"gb-inside-container\">\n\n<div class=\"wp-block-image is-style-rounded\"><figure class=\"aligncenter size-full is-resized\"><img decoding=\"async\" loading=\"lazy\" src=\"https:\/\/multi.inhalio.com\/wp-content\/uploads\/2022\/01\/anti-pathogen.png\" alt=\"\" class=\"wp-image-260\" width=\"120\" height=\"120\" srcset=\"https:\/\/multi.inhalio.com\/wp-content\/uploads\/2022\/01\/anti-pathogen-150x150.png 150w, https:\/\/multi.inhalio.com\/wp-content\/uploads\/2022\/01\/anti-pathogen-12x12.png 12w\" sizes=\"(max-width: 120px) 100vw, 120px\" \/><\/figure><\/div>\n\n<\/div><\/div><\/div>\n\n<div class=\"gb-grid-column gb-grid-column-58257d06\"><div class=\"gb-container gb-container-58257d06\"><div class=\"gb-inside-container\"><\/div><\/div><\/div>\n<\/div>\n<\/div><\/div><\/div><\/div>\n\n\n\n<div style=\"height:20px\" aria-hidden=\"true\" class=\"wp-block-spacer\"><\/div>\n\n\n\n<p>Nos formules d'envoi sp\u00e9cialis\u00e9es, nos cartouches parfum\u00e9es intelligentes, nos diffuseurs \u00e0 air sec de pr\u00e9cision et notre nuage de connaissances sur les clients permettent d'offrir un plaisir aromatique qui apporte r\u00e9ellement sant\u00e9, bien-\u00eatre et bien-\u00eatre aux utilisateurs.<\/p>\n\n\n<div class=\"vlp-link-container vlp-layout-basic-no-border wp-block-visual-link-preview-link\"><a href=\"https:\/\/multi.inhalio.com\/fr\/wellness\/air-sanitizing-scent-cartridges\/\" class=\"vlp-link\" title=\"Cartouches de parfum pour assainir l&#039;air\"><\/a><div class=\"vlp-layout-zone-side\"><div class=\"vlp-block-3 vlp-link-image\"><img style=\"max-width: 150px;\" width=\"150\" height=\"94\" src=\"https:\/\/multi.inhalio.com\/wp-content\/uploads\/2022\/01\/Corona-Virus-Floating-In-Car2.png\" class=\"attachment-150x999 size-150x999\" alt=\"\" decoding=\"async\" loading=\"lazy\" srcset=\"https:\/\/multi.inhalio.com\/wp-content\/uploads\/2022\/01\/Corona-Virus-Floating-In-Car2.png 1800w, https:\/\/multi.inhalio.com\/wp-content\/uploads\/2022\/01\/Corona-Virus-Floating-In-Car2-300x188.png 300w, https:\/\/multi.inhalio.com\/wp-content\/uploads\/2022\/01\/Corona-Virus-Floating-In-Car2-1024x642.png 1024w, https:\/\/multi.inhalio.com\/wp-content\/uploads\/2022\/01\/Corona-Virus-Floating-In-Car2-768x481.png 768w, https:\/\/multi.inhalio.com\/wp-content\/uploads\/2022\/01\/Corona-Virus-Floating-In-Car2-1536x963.png 1536w, https:\/\/multi.inhalio.com\/wp-content\/uploads\/2022\/01\/Corona-Virus-Floating-In-Car2-18x12.png 18w\" sizes=\"(max-width: 150px) 100vw, 150px\" \/><\/div><\/div><div class=\"vlp-layout-zone-main\"><div class=\"vlp-block-0 vlp-link-title\">Cartouches de parfum pour assainir l'air<\/div><div class=\"vlp-block-1 vlp-link-summary\">Cartouches pour assainir l'air - Des ingr\u00e9dients actifs naturels et s\u00fbrs sont combin\u00e9s pour cr\u00e9er une formule parfum\u00e9e sp\u00e9ciale qui est diffus\u00e9e \u00e0 l'air sec par intermittence pour \u00e9liminer (tuer) les virus et bact\u00e9ries bas\u00e9s dans l'air.<\/div><div class=\"vlp-block-2 vlp-link-button\">En savoir plus...<\/div><\/div><\/div>\n\n<div class=\"vlp-link-container vlp-layout-basic-no-border wp-block-visual-link-preview-link\"><a href=\"https:\/\/multi.inhalio.com\/fr\/wellness\/mood-scent-cartridges\/\" class=\"vlp-link\" title=\"Cartouches de parfum Mood Mapped\"><\/a><div class=\"vlp-layout-zone-side\"><div class=\"vlp-block-3 vlp-link-image\"><img style=\"max-width: 150px;\" width=\"150\" height=\"84\" src=\"https:\/\/multi.inhalio.com\/wp-content\/uploads\/2022\/01\/mobility-slider-edited.jpg\" class=\"attachment-150x999 size-150x999\" alt=\"\" decoding=\"async\" loading=\"lazy\" srcset=\"https:\/\/multi.inhalio.com\/wp-content\/uploads\/2022\/01\/mobility-slider-edited.jpg 847w, https:\/\/multi.inhalio.com\/wp-content\/uploads\/2022\/01\/mobility-slider-edited-300x169.jpg 300w, https:\/\/multi.inhalio.com\/wp-content\/uploads\/2022\/01\/mobility-slider-edited-768x432.jpg 768w, https:\/\/multi.inhalio.com\/wp-content\/uploads\/2022\/01\/mobility-slider-edited-18x10.jpg 18w\" sizes=\"(max-width: 150px) 100vw, 150px\" \/><\/div><\/div><div class=\"vlp-layout-zone-main\"><div class=\"vlp-block-0 vlp-link-title\">Cartouches de parfum Mood Mapped<\/div><div class=\"vlp-block-1 vlp-link-summary\">Cartouches agissant sur l'humeur - La diffusion d'air sec pur et non toxique permet aux utilisateurs de s\u00e9lectionner des parfums agr\u00e9ables et propres qui sont connus pour affecter les humeurs : d\u00e9tendre, alerter, revigorer ou restaurer. <\/div><div class=\"vlp-block-2 vlp-link-button\">En savoir plus...<\/div><\/div><\/div>\n\n<div class=\"vlp-link-container vlp-layout-basic-no-border wp-block-visual-link-preview-link\"><a href=\"https:\/\/multi.inhalio.com\/fr\/wellness\/malodor-scent-cartridges\/\" class=\"vlp-link\" title=\"Cartouches anti mauvaises odeurs\"><\/a><div class=\"vlp-layout-zone-side\"><div class=\"vlp-block-3 vlp-link-image\"><img style=\"max-width: 150px;\" width=\"150\" height=\"73\" src=\"https:\/\/multi.inhalio.com\/wp-content\/uploads\/2022\/01\/bad-ride-smell2-scaled.jpg\" class=\"attachment-150x999 size-150x999\" alt=\"\" decoding=\"async\" loading=\"lazy\" srcset=\"https:\/\/multi.inhalio.com\/wp-content\/uploads\/2022\/01\/bad-ride-smell2-scaled.jpg 2560w, https:\/\/multi.inhalio.com\/wp-content\/uploads\/2022\/01\/bad-ride-smell2-300x146.jpg 300w, https:\/\/multi.inhalio.com\/wp-content\/uploads\/2022\/01\/bad-ride-smell2-1024x500.jpg 1024w, https:\/\/multi.inhalio.com\/wp-content\/uploads\/2022\/01\/bad-ride-smell2-768x375.jpg 768w, https:\/\/multi.inhalio.com\/wp-content\/uploads\/2022\/01\/bad-ride-smell2-1536x750.jpg 1536w, https:\/\/multi.inhalio.com\/wp-content\/uploads\/2022\/01\/bad-ride-smell2-2048x1000.jpg 2048w, https:\/\/multi.inhalio.com\/wp-content\/uploads\/2022\/01\/bad-ride-smell2-18x9.jpg 18w\" sizes=\"(max-width: 150px) 100vw, 150px\" \/><\/div><\/div><div class=\"vlp-layout-zone-main\"><div class=\"vlp-block-0 vlp-link-title\">Cartouches anti mauvaises odeurs<\/div><div class=\"vlp-block-1 vlp-link-summary\">Cartouches anti mauvaises odeurs - Les ingr\u00e9dients actifs naturels sont lib\u00e9r\u00e9s \u00e0 l'aide de notre diffuseur \u00e0 air sec et r\u00e9agissent chimiquement avec les mauvaises odeurs, les \u00e9liminant au niveau mol\u00e9culaire sans avoir besoin de les masquer lourdement.<\/div><div class=\"vlp-block-2 vlp-link-button\">En savoir plus...<\/div><\/div><\/div>\n\n<div class=\"vlp-link-container vlp-layout-basic-no-border wp-block-visual-link-preview-link\"><a href=\"https:\/\/multi.inhalio.com\/fr\/wellness\/motion-scent-cartridges\/\" class=\"vlp-link\" title=\"Cartouches parfum\u00e9es Motion Relief\"><\/a><div class=\"vlp-layout-zone-side\"><div class=\"vlp-block-3 vlp-link-image\"><img style=\"max-width: 150px;\" width=\"150\" height=\"88\" src=\"https:\/\/multi.inhalio.com\/wp-content\/uploads\/2022\/01\/motion-sickness-image2-scaled.jpg\" class=\"attachment-150x999 size-150x999\" alt=\"\" decoding=\"async\" loading=\"lazy\" srcset=\"https:\/\/multi.inhalio.com\/wp-content\/uploads\/2022\/01\/motion-sickness-image2-scaled.jpg 2560w, https:\/\/multi.inhalio.com\/wp-content\/uploads\/2022\/01\/motion-sickness-image2-300x175.jpg 300w, https:\/\/multi.inhalio.com\/wp-content\/uploads\/2022\/01\/motion-sickness-image2-1024x599.jpg 1024w, https:\/\/multi.inhalio.com\/wp-content\/uploads\/2022\/01\/motion-sickness-image2-768x449.jpg 768w, https:\/\/multi.inhalio.com\/wp-content\/uploads\/2022\/01\/motion-sickness-image2-1536x898.jpg 1536w, https:\/\/multi.inhalio.com\/wp-content\/uploads\/2022\/01\/motion-sickness-image2-2048x1197.jpg 2048w, https:\/\/multi.inhalio.com\/wp-content\/uploads\/2022\/01\/motion-sickness-image2-18x12.jpg 18w\" sizes=\"(max-width: 150px) 100vw, 150px\" \/><\/div><\/div><div class=\"vlp-layout-zone-main\"><div class=\"vlp-block-0 vlp-link-title\">Cartouches parfum\u00e9es Motion Relief<\/div><div class=\"vlp-block-1 vlp-link-summary\">Cartouches anti mal de transport - Les ingr\u00e9dients naturels connus pour soulager les passagers du mal des transports sont lib\u00e9r\u00e9s avec pr\u00e9cision \u00e0 l'aide de notre diffuseur d'air sec pour r\u00e9duire les malaises dans les cas l\u00e9gers \u00e0 mod\u00e9r\u00e9s, pendant et apr\u00e8s leur trajet. <\/div><div class=\"vlp-block-2 vlp-link-button\">En savoir plus...<\/div><\/div><\/div>","protected":false},"excerpt":{"rendered":"<p>Sant\u00e9 et bien-\u00eatre Inhalio a \u00e9t\u00e9 le pionnier du concept de Wellness Ride\u2122 pour les \u00e9quipementiers de la mobilit\u00e9, les flottes de covoiturage et autonomes, et de Wellness Life\u2122 pour l'ambiance, l'h\u00f4tellerie et .... <\/p>\n<p class=\"read-more-container\"><a title=\"Sant\u00e9 et bien-\u00eatre\" class=\"read-more button\" href=\"https:\/\/multi.inhalio.com\/fr\/wellness\/health-wellness\/#more-69\" aria-label=\"En savoir plus sur Health &#038; Wellness\">Lire la suite<\/a><\/p>","protected":false},"author":1,"featured_media":173,"parent":32223,"menu_order":0,"comment_status":"closed","ping_status":"closed","template":"","meta":[],"acf":[],"yoast_head":"<!-- This site is optimized with the Yoast SEO plugin v21.1 - https:\/\/yoast.com\/wordpress\/plugins\/seo\/ -->\n<title>Health &amp; Wellness - Inhalio<\/title>\n<meta name=\"robots\" content=\"index, follow, max-snippet:-1, max-image-preview:large, max-video-preview:-1\" \/>\n<link rel=\"canonical\" href=\"https:\/\/multi.inhalio.com\/fr\/wellness\/health-wellness\/\" \/>\n<meta property=\"og:locale\" content=\"fr_FR\" \/>\n<meta property=\"og:type\" content=\"article\" \/>\n<meta property=\"og:title\" content=\"Health &amp; Wellness - Inhalio\" \/>\n<meta property=\"og:description\" content=\"Health &amp; Wellness Inhalio pioneered the concept of a Wellness Ride\u2122 for Mobility OEMs, Rideshare and Autonomous Fleets, and Wellness Life\u2122 for Ambient, Hospitality, and ... Read more\" \/>\n<meta property=\"og:url\" content=\"https:\/\/multi.inhalio.com\/fr\/wellness\/health-wellness\/\" \/>\n<meta property=\"og:site_name\" content=\"Inhalio\" \/>\n<meta property=\"article:publisher\" content=\"https:\/\/www.facebook.com\/inhalio\" \/>\n<meta property=\"article:modified_time\" content=\"2022-02-23T15:31:52+00:00\" \/>\n<meta property=\"og:image\" content=\"https:\/\/multi.inhalio.com\/wp-content\/uploads\/2022\/01\/inhalio-journey-scent-experiences-1.jpg\" \/>\n\t<meta property=\"og:image:width\" content=\"1164\" \/>\n\t<meta property=\"og:image:height\" content=\"1164\" \/>\n\t<meta property=\"og:image:type\" content=\"image\/jpeg\" \/>\n<meta name=\"twitter:card\" content=\"summary_large_image\" \/>\n<meta name=\"twitter:site\" content=\"@inhalio\" \/>\n<meta name=\"twitter:label1\" content=\"Dur\u00e9e de lecture estim\u00e9e\" \/>\n\t<meta name=\"twitter:data1\" content=\"4 minutes\" \/>\n<script type=\"application\/ld+json\" class=\"yoast-schema-graph\">{\"@context\":\"https:\/\/schema.org\",\"@graph\":[{\"@type\":\"WebPage\",\"@id\":\"https:\/\/multi.inhalio.com\/wellness\/health-wellness\/\",\"url\":\"https:\/\/multi.inhalio.com\/wellness\/health-wellness\/\",\"name\":\"Health & Wellness - Inhalio\",\"isPartOf\":{\"@id\":\"https:\/\/multi.inhalio.com\/#website\"},\"datePublished\":\"2022-01-26T22:52:44+00:00\",\"dateModified\":\"2022-02-23T15:31:52+00:00\",\"breadcrumb\":{\"@id\":\"https:\/\/multi.inhalio.com\/wellness\/health-wellness\/#breadcrumb\"},\"inLanguage\":\"fr-FR\",\"potentialAction\":[{\"@type\":\"ReadAction\",\"target\":[\"https:\/\/multi.inhalio.com\/wellness\/health-wellness\/\"]}]},{\"@type\":\"BreadcrumbList\",\"@id\":\"https:\/\/multi.inhalio.com\/wellness\/health-wellness\/#breadcrumb\",\"itemListElement\":[{\"@type\":\"ListItem\",\"position\":1,\"name\":\"Home\",\"item\":\"https:\/\/multi.inhalio.com\/\"},{\"@type\":\"ListItem\",\"position\":2,\"name\":\"Wellness\",\"item\":\"https:\/\/multi.inhalio.com\/wellness\/\"},{\"@type\":\"ListItem\",\"position\":3,\"name\":\"Health &#038; Wellness\"}]},{\"@type\":\"WebSite\",\"@id\":\"https:\/\/multi.inhalio.com\/#website\",\"url\":\"https:\/\/multi.inhalio.com\/\",\"name\":\"Inhalio\",\"description\":\"The World's 1st Connected Platform for Scent | Scent Branding\",\"publisher\":{\"@id\":\"https:\/\/multi.inhalio.com\/#organization\"},\"potentialAction\":[{\"@type\":\"SearchAction\",\"target\":{\"@type\":\"EntryPoint\",\"urlTemplate\":\"https:\/\/multi.inhalio.com\/?s={search_term_string}\"},\"query-input\":\"required name=search_term_string\"}],\"inLanguage\":\"fr-FR\"},{\"@type\":\"Organization\",\"@id\":\"https:\/\/multi.inhalio.com\/#organization\",\"name\":\"Inhalio\",\"url\":\"https:\/\/multi.inhalio.com\/\",\"logo\":{\"@type\":\"ImageObject\",\"inLanguage\":\"fr-FR\",\"@id\":\"https:\/\/multi.inhalio.com\/#\/schema\/logo\/image\/\",\"url\":\"https:\/\/multi.inhalio.com\/wp-content\/uploads\/2022\/02\/logo.png\",\"contentUrl\":\"https:\/\/multi.inhalio.com\/wp-content\/uploads\/2022\/02\/logo.png\",\"width\":1185,\"height\":284,\"caption\":\"Inhalio\"},\"image\":{\"@id\":\"https:\/\/multi.inhalio.com\/#\/schema\/logo\/image\/\"},\"sameAs\":[\"https:\/\/www.facebook.com\/inhalio\",\"https:\/\/twitter.com\/inhalio\",\"https:\/\/www.linkedin.com\/company\/inhali\u00f3\/\"]}]}<\/script>\n<!-- \/ Yoast SEO plugin. -->","yoast_head_json":{"title":"Health & Wellness - Inhalio","robots":{"index":"index","follow":"follow","max-snippet":"max-snippet:-1","max-image-preview":"max-image-preview:large","max-video-preview":"max-video-preview:-1"},"canonical":"https:\/\/multi.inhalio.com\/fr\/wellness\/health-wellness\/","og_locale":"fr_FR","og_type":"article","og_title":"Health & Wellness - Inhalio","og_description":"Health &amp; Wellness Inhalio pioneered the concept of a Wellness Ride\u2122 for Mobility OEMs, Rideshare and Autonomous Fleets, and Wellness Life\u2122 for Ambient, Hospitality, and ... Read more","og_url":"https:\/\/multi.inhalio.com\/fr\/wellness\/health-wellness\/","og_site_name":"Inhalio","article_publisher":"https:\/\/www.facebook.com\/inhalio","article_modified_time":"2022-02-23T15:31:52+00:00","og_image":[{"width":1164,"height":1164,"url":"https:\/\/multi.inhalio.com\/wp-content\/uploads\/2022\/01\/inhalio-journey-scent-experiences-1.jpg","type":"image\/jpeg"}],"twitter_card":"summary_large_image","twitter_site":"@inhalio","twitter_misc":{"Dur\u00e9e de lecture estim\u00e9e":"4 minutes"},"schema":{"@context":"https:\/\/schema.org","@graph":[{"@type":"WebPage","@id":"https:\/\/multi.inhalio.com\/wellness\/health-wellness\/","url":"https:\/\/multi.inhalio.com\/wellness\/health-wellness\/","name":"Health & Wellness - Inhalio","isPartOf":{"@id":"https:\/\/multi.inhalio.com\/#website"},"datePublished":"2022-01-26T22:52:44+00:00","dateModified":"2022-02-23T15:31:52+00:00","breadcrumb":{"@id":"https:\/\/multi.inhalio.com\/wellness\/health-wellness\/#breadcrumb"},"inLanguage":"fr-FR","potentialAction":[{"@type":"ReadAction","target":["https:\/\/multi.inhalio.com\/wellness\/health-wellness\/"]}]},{"@type":"BreadcrumbList","@id":"https:\/\/multi.inhalio.com\/wellness\/health-wellness\/#breadcrumb","itemListElement":[{"@type":"ListItem","position":1,"name":"Home","item":"https:\/\/multi.inhalio.com\/"},{"@type":"ListItem","position":2,"name":"Wellness","item":"https:\/\/multi.inhalio.com\/wellness\/"},{"@type":"ListItem","position":3,"name":"Health &#038; Wellness"}]},{"@type":"WebSite","@id":"https:\/\/multi.inhalio.com\/#website","url":"https:\/\/multi.inhalio.com\/","name":"Inhalio","description":"The World's 1st Connected Platform for Scent | Scent Branding","publisher":{"@id":"https:\/\/multi.inhalio.com\/#organization"},"potentialAction":[{"@type":"SearchAction","target":{"@type":"EntryPoint","urlTemplate":"https:\/\/multi.inhalio.com\/?s={search_term_string}"},"query-input":"required name=search_term_string"}],"inLanguage":"fr-FR"},{"@type":"Organization","@id":"https:\/\/multi.inhalio.com\/#organization","name":"Inhalio","url":"https:\/\/multi.inhalio.com\/","logo":{"@type":"ImageObject","inLanguage":"fr-FR","@id":"https:\/\/multi.inhalio.com\/#\/schema\/logo\/image\/","url":"https:\/\/multi.inhalio.com\/wp-content\/uploads\/2022\/02\/logo.png","contentUrl":"https:\/\/multi.inhalio.com\/wp-content\/uploads\/2022\/02\/logo.png","width":1185,"height":284,"caption":"Inhalio"},"image":{"@id":"https:\/\/multi.inhalio.com\/#\/schema\/logo\/image\/"},"sameAs":["https:\/\/www.facebook.com\/inhalio","https:\/\/twitter.com\/inhalio","https:\/\/www.linkedin.com\/company\/inhali\u00f3\/"]}]}},"_links":{"self":[{"href":"https:\/\/multi.inhalio.com\/fr\/wp-json\/wp\/v2\/pages\/69"}],"collection":[{"href":"https:\/\/multi.inhalio.com\/fr\/wp-json\/wp\/v2\/pages"}],"about":[{"href":"https:\/\/multi.inhalio.com\/fr\/wp-json\/wp\/v2\/types\/page"}],"author":[{"embeddable":true,"href":"https:\/\/multi.inhalio.com\/fr\/wp-json\/wp\/v2\/users\/1"}],"replies":[{"embeddable":true,"href":"https:\/\/multi.inhalio.com\/fr\/wp-json\/wp\/v2\/comments?post=69"}],"version-history":[{"count":22,"href":"https:\/\/multi.inhalio.com\/fr\/wp-json\/wp\/v2\/pages\/69\/revisions"}],"predecessor-version":[{"id":32260,"href":"https:\/\/multi.inhalio.com\/fr\/wp-json\/wp\/v2\/pages\/69\/revisions\/32260"}],"up":[{"embeddable":true,"href":"https:\/\/multi.inhalio.com\/fr\/wp-json\/wp\/v2\/pages\/32223"}],"wp:featuredmedia":[{"embeddable":true,"href":"https:\/\/multi.inhalio.com\/fr\/wp-json\/wp\/v2\/media\/173"}],"wp:attachment":[{"href":"https:\/\/multi.inhalio.com\/fr\/wp-json\/wp\/v2\/media?parent=69"}],"curies":[{"name":"wp","href":"https:\/\/api.w.org\/{rel}","templated":true}]}}