{"id":66,"date":"2022-01-26T22:51:38","date_gmt":"2022-01-26T22:51:38","guid":{"rendered":"https:\/\/multi.inhalio.com\/?page_id=66"},"modified":"2022-02-23T14:47:17","modified_gmt":"2022-02-23T14:47:17","slug":"about","status":"publish","type":"page","link":"https:\/\/multi.inhalio.com\/fr\/about\/","title":{"rendered":"A propos"},"content":{"rendered":"<h2 id=\"about-inhalio\">\u00c0 propos d\u2019Inhalio<\/h2>\n\n\n\n<p class=\"has-text-align-left\">Inhalio, leader mondial des syst\u00e8mes de diffusion num\u00e9rique de parfum, permet la transformation digitale de la diffusion de parfum aux grandes entreprises dans les march\u00e9s de la maison connect\u00e9e et automobiles gr\u00e2ce \u00e0 sa <a href=\"https:\/\/inhalio.com\/tech\/\">Plateform Digital Scent 3.0<\/a>. La technologie num\u00e9rique de diffusion s\u00e8che ainsi que les cartouches de parfum intelligentes Inhali\u00f3 permettent d\u2019utiliser le <em>pouvoir de la science du parfum <\/em>dans le but d\u2019am\u00e9liorer consid\u00e9rablement les exp\u00e9riences embarqu\u00e9es, de diffuser des parfums de qualit\u00e9 dans les maisons connect\u00e9es, et de mettre en place des solutions sant\u00e9\/ bien-\u00eatre. La plateforme Inhalio Digital Scent 3.0 fournit un syst\u00e8me IoT et un cloud complet pour permettre la transformation digitale des parfums. La plateforme comprend une base technologique compos\u00e9e de quatre composants essentiels : les conceptions de r\u00e9f\u00e9rence des dispositifs de diffusion IoT ; Proc\u00e9d\u00e9s d\u2019infusion de parfum \u00e0 technologie de diffusion s\u00e8che, applications intelligentes et interfaces utilisateur ; Contr\u00f4le complet du back-end avec gestion, support et donn\u00e9es march\u00e9.<\/p>\n\n\n\n<div class=\"wp-block-cover\" style=\"min-height:337px\"><span aria-hidden=\"true\" class=\"has-base-3-background-color has-background-dim-20 wp-block-cover__gradient-background has-background-dim\"><\/span><img decoding=\"async\" loading=\"lazy\" width=\"1736\" height=\"903\" class=\"wp-block-cover__image-background wp-image-248\" alt=\"\" src=\"https:\/\/multi.inhalio.com\/wp-content\/uploads\/2022\/01\/wave.png\" style=\"object-position:51% 52%\" data-object-fit=\"cover\" data-object-position=\"51% 52%\" srcset=\"https:\/\/multi.inhalio.com\/wp-content\/uploads\/2022\/01\/wave.png 1736w, https:\/\/multi.inhalio.com\/wp-content\/uploads\/2022\/01\/wave-300x156.png 300w, https:\/\/multi.inhalio.com\/wp-content\/uploads\/2022\/01\/wave-1024x533.png 1024w, https:\/\/multi.inhalio.com\/wp-content\/uploads\/2022\/01\/wave-768x399.png 768w, https:\/\/multi.inhalio.com\/wp-content\/uploads\/2022\/01\/wave-1536x799.png 1536w, https:\/\/multi.inhalio.com\/wp-content\/uploads\/2022\/01\/wave-18x9.png 18w\" sizes=\"(max-width: 1736px) 100vw, 1736px\" \/><div class=\"wp-block-cover__inner-container\">\n<div class=\"wp-block-image\"><figure class=\"aligncenter size-large is-resized\"><img decoding=\"async\" loading=\"lazy\" src=\"https:\/\/multi.inhalio.com\/wp-content\/uploads\/2022\/01\/collage-1024x300.jpg\" alt=\"\" class=\"wp-image-209\" width=\"771\" height=\"226\" srcset=\"https:\/\/multi.inhalio.com\/wp-content\/uploads\/2022\/01\/collage-1024x300.jpg 1024w, https:\/\/multi.inhalio.com\/wp-content\/uploads\/2022\/01\/collage-300x88.jpg 300w, https:\/\/multi.inhalio.com\/wp-content\/uploads\/2022\/01\/collage-768x225.jpg 768w, https:\/\/multi.inhalio.com\/wp-content\/uploads\/2022\/01\/collage-1536x450.jpg 1536w, https:\/\/multi.inhalio.com\/wp-content\/uploads\/2022\/01\/collage-18x5.jpg 18w, https:\/\/multi.inhalio.com\/wp-content\/uploads\/2022\/01\/collage.jpg 2048w\" sizes=\"(max-width: 771px) 100vw, 771px\" \/><\/figure><\/div>\n<\/div><\/div>\n\n\n\n<div style=\"height:43px\" aria-hidden=\"true\" class=\"wp-block-spacer\"><\/div>\n\n\n\n<p>En s\u2019associant \u00e0 Inhalio et en utilisant la plateforme de r\u00e9f\u00e9rence Digital Scent 3.0, les entreprises peuvent fournir leurs propres solutions de diffusion de parfum pour des solutions de sant\u00e9 et de bien-\u00eatre centr\u00e9es sur le consommateur. Elles peuvent aussi \u00e9tendre et transformer la personnalisation de leurs produits, tout en apportant leurs solutions de diffusion de parfum sur le march\u00e9 de la maison connect\u00e9e pour r\u00e9pondre \u00e0 la demande d\u2019une nouvelle g\u00e9n\u00e9ration de consommateurs digitalis\u00e9s.<\/p>\n\n\n\n<p>Contrairement aux solutions primaires \u00e0 base de liquide, de chaleur ou de m\u00e8che, Inhalio utilise un syst\u00e8me de diffusion s\u00e8che de parfum tr\u00e8s pr\u00e9cis utilisant des polym\u00e8res infus\u00e9s qui offrent une restitution parfaite du parfum. Ce syst\u00e8me de diffusion s\u00e8che offre \u00e9galement des avantages significatifs pour nos partenaires et leurs clients, notamment : une ambiance olfactive plus stable, notamment sur de larges plages de temp\u00e9ratures, une exp\u00e9rience olfactive plus coh\u00e9rente, une fa\u00e7on plus s\u00fbre et plus saine de diffuser un parfum, une technologie plus \u00e9cologique et plus durable. Avant tout, la plateforme Inhalio est un syst\u00e8me de diffusion num\u00e9rique intelligent qui peut \u00eatre largement personnalis\u00e9, suivre les donn\u00e9es d\u2019utilisation des parfums, d\u00e9clencher des r\u00e9approvisionnements automatiques et fournir des informations march\u00e9 et tendances pr\u00e9cieuses.<\/p>\n\n\n\n<p class=\"translation-block\">Sur les march\u00e9s de l'automobile, notamment <a href=\"https:\/\/inhalio.com\/markets\/mobility\/\" target=\"_self\">OEM<\/a>, <a href=\"https:\/\/inhalio.com\/markets\/rideshare-scent-diffuser\/\" target=\"_self\">Rideshare<\/a>, et <a href=\"https:\/\/inhalio.com\/markets\/autonomous\/\" target=\"_self\">Flottes autonomes <\/a>, les conceptions de diffuseurs intelligents et de cartouches multi-senteurs Inhalio offrent des exp\u00e9riences d'ambiance \u00e0 bord des v\u00e9hicules qui peuvent calmer les conducteurs ou les rendre plus alertes dans des conditions de conduite sp\u00e9cifiques, rafra\u00eechir et assainir l'air de l'habitacle, \u00e9liminer les mauvaises odeurs de fum\u00e9e, d'animaux domestiques et de nourriture, et r\u00e9duire le mal des transports.<\/p>\n\n\n\n<p>Sur les march\u00e9s de la<a href=\"https:\/\/inhalio.com\/markets\/connected-home-digital-scent-diffuser\/\"> maison connect\u00e9e,<\/a> la plateforme Inhalio permet aux marques de Fine Fragrance et \u00e0 d\u2019autres fournisseurs de solution de diffusion de parfum pour la maison de transformer leur entreprise et d\u2019acc\u00e9der \u00e0 un march\u00e9 de plus de 360 millions de foyers connect\u00e9s avec un mod\u00e8le d\u2019abonnement pour le nouveau consommateur digitalis\u00e9. <\/p>\n\n\n\n<p>La plateforme Digital Scent 3.0 offre des conceptions de r\u00e9f\u00e9rence de base pr\u00eates \u00e0 l\u2019emploi pour les appareils, les logiciels, les applications Web avec App smartphones, les dispositifs \u00e0 commande vocale, ainsi que pour des cloud B2B2C uniques \u00e0 chaque OEM, \u00e9quipementier, marque de parfum ou fabricant. La plateforme comprend une technologie de pointe pour accueillir les interfaces de d\u00e9clenchement machine-to-machine (M2M) et biom\u00e9triques, l\u2019intelligence artificielle pour faciliter de nouvelles suggestions de parfums pour les consommateurs, le tout soutenu par une infrastructure commerciale et cloud mondiale.<\/p>\n\n\n\n<h2 id=\"executive-team\">\u00c9quipe de direction<\/h2>\n\n\n\n<div class=\"is-layout-flex wp-container-4 wp-block-columns team-members\">\n<div class=\"is-layout-flow wp-block-column\">\n<div class=\"wp-block-image is-style-rounded\"><figure class=\"aligncenter size-full is-resized\"><img decoding=\"async\" loading=\"lazy\" src=\"https:\/\/multi.inhalio.com\/wp-content\/uploads\/2022\/01\/keith.jpg\" alt=\"\" class=\"wp-image-351\" width=\"200\" height=\"200\" srcset=\"https:\/\/multi.inhalio.com\/wp-content\/uploads\/2022\/01\/keith.jpg 362w, https:\/\/multi.inhalio.com\/wp-content\/uploads\/2022\/01\/keith-300x300.jpg 300w, https:\/\/multi.inhalio.com\/wp-content\/uploads\/2022\/01\/keith-150x150.jpg 150w, https:\/\/multi.inhalio.com\/wp-content\/uploads\/2022\/01\/keith-12x12.jpg 12w\" sizes=\"(max-width: 200px) 100vw, 200px\" \/><\/figure><\/div>\n\n\n\n<h4 class=\"has-text-align-center\" id=\"keith-kelsen\">KEITH KELSEN<\/h4>\n\n\n\n<p class=\"has-text-align-center\">PDG, fondateur<\/p>\n\n\n\n<p class=\"has-text-align-center\">Homme d\u2019affaire reconnu en construction d\u2019entreprises internationales et de multiples start-ups. <br>A occup\u00e9 de nombreux postes de PDG, de pr\u00e9sident et a construit avec succ\u00e8s dans le monde entier des SaaS et des entreprises de m\u00e9dias. M. Kelsen assure la vision strat\u00e9gique d\u2019Inhalio. <br>d'Inhali\u00f3.<\/p>\n\n\n\n<p class=\"has-text-align-center email\"><a href=\"mailto:keith.kelsen@inhalio.com\">keith.kelsen@inhalio.com<\/a><\/p>\n\n\n\n<p class=\"has-text-align-center linkedin\"><a href=\"https:\/\/www.linkedin.com\/in\/keith-kelsen-7b6188\"><span>LinkedIn<\/span><\/a><\/p>\n<\/div>\n\n\n\n<div class=\"is-layout-flow wp-block-column\">\n<div class=\"wp-block-image is-style-rounded\"><figure class=\"aligncenter size-full is-resized\"><img decoding=\"async\" loading=\"lazy\" src=\"https:\/\/multi.inhalio.com\/wp-content\/uploads\/2022\/01\/yvan.jpg\" alt=\"\" class=\"wp-image-352\" width=\"200\" height=\"200\" srcset=\"https:\/\/multi.inhalio.com\/wp-content\/uploads\/2022\/01\/yvan.jpg 398w, https:\/\/multi.inhalio.com\/wp-content\/uploads\/2022\/01\/yvan-300x300.jpg 300w, https:\/\/multi.inhalio.com\/wp-content\/uploads\/2022\/01\/yvan-150x150.jpg 150w, https:\/\/multi.inhalio.com\/wp-content\/uploads\/2022\/01\/yvan-12x12.jpg 12w\" sizes=\"(max-width: 200px) 100vw, 200px\" \/><\/figure><\/div>\n\n\n\n<h4 class=\"has-text-align-center\" id=\"yvan-regeard\">YVAN R\u00c9GEARD<\/h4>\n\n\n\n<p class=\"has-text-align-center\">CTO (Directeur Technique)<\/p>\n\n\n\n<p class=\"has-text-align-center\">Il assure la gestion technique de la plate-forme Digital Scent 3.0 Il est un expert reconnu dans les syst\u00e8mes de diffusion de parfum et dans leur technologie. Il a une grande connaissance du march\u00e9 du marketing olfactif.<\/p>\n\n\n\n<div style=\"height:1px\" aria-hidden=\"true\" class=\"wp-block-spacer\"><\/div>\n\n\n\n<p class=\"has-text-align-center email\"><a href=\"mailto:yvan.regeard@inhalio.com\">yvan.regeard@inhalio.com<\/a><\/p>\n<\/div>\n\n\n\n<div class=\"is-layout-flow wp-block-column\">\n<div class=\"wp-block-image is-style-rounded\"><figure class=\"aligncenter size-full is-resized\"><img decoding=\"async\" loading=\"lazy\" src=\"https:\/\/multi.inhalio.com\/wp-content\/uploads\/2022\/01\/1516812312570.jpg\" alt=\"\" class=\"wp-image-353\" width=\"200\" height=\"200\" srcset=\"https:\/\/multi.inhalio.com\/wp-content\/uploads\/2022\/01\/1516812312570.jpg 160w, https:\/\/multi.inhalio.com\/wp-content\/uploads\/2022\/01\/1516812312570-150x150.jpg 150w, https:\/\/multi.inhalio.com\/wp-content\/uploads\/2022\/01\/1516812312570-12x12.jpg 12w\" sizes=\"(max-width: 200px) 100vw, 200px\" \/><\/figure><\/div>\n\n\n\n<h4 class=\"has-text-align-center\" id=\"yves-cotarmanac-h\"> YVES COTARMANAC'H<\/h4>\n\n\n\n<p class=\"has-text-align-center\">COO (Directeur des Op\u00e9rations)<\/p>\n\n\n\n<p class=\"has-text-align-center\">Dipl\u00f4m\u00e9 de l\u2019ESCEM en Contr\u00f4le de Gestion &amp; Finance, et fort de 15 ans d\u2019exp\u00e9rience en tant que Directeur Financier\/COO.  Yves g\u00e8re les op\u00e9rations europ\u00e9ennes d\u2019Inhalio  et supervise de multiples march\u00e9s. <\/p>\n\n\n\n<div style=\"height:1px\" aria-hidden=\"true\" class=\"wp-block-spacer\"><\/div>\n\n\n\n<p class=\"has-text-align-center email\"><a href=\"mailto:yves.cotarmanach@inhalio.com\">yves.cotarmanach@inhalio.com<\/a><\/p>\n<\/div>\n<\/div>\n\n\n\n<div class=\"is-layout-flex wp-container-8 wp-block-columns team-members\">\n<div class=\"is-layout-flow wp-block-column\">\n<div class=\"wp-block-image is-style-rounded\"><figure class=\"aligncenter size-full is-resized\"><img decoding=\"async\" src=\"https:\/\/multi.inhalio.com\/wp-content\/uploads\/2022\/02\/fav.png\" alt=\"\" class=\"wp-image-31564\" width=\"200\" srcset=\"https:\/\/multi.inhalio.com\/wp-content\/uploads\/2022\/02\/fav.png 284w, https:\/\/multi.inhalio.com\/wp-content\/uploads\/2022\/02\/fav-150x150.png 150w, https:\/\/multi.inhalio.com\/wp-content\/uploads\/2022\/02\/fav-12x12.png 12w\" sizes=\"(max-width: 284px) 100vw, 284px\" \/><\/figure><\/div>\n\n\n\n<h4 class=\"has-text-align-center\" id=\"mike-sullivan\">MIKE SULLIVAN<\/h4>\n\n\n\n<p class=\"has-text-align-center\">CFO (Directeur Financier)<\/p>\n\n\n\n<p class=\"has-text-align-center\">Dipl\u00f4m\u00e9 en comptabilit\u00e9 et expert financier, M. Sullivan a travaill\u00e9 avec de nombreuses start-ups et lanc\u00e9 des entreprises \u00e0 succ\u00e8s comme Digital Island au cours des 30 derni\u00e8res ann\u00e9es.<\/p>\n\n\n\n<div style=\"height:28px\" aria-hidden=\"true\" class=\"wp-block-spacer\"><\/div>\n\n\n\n<p class=\"has-text-align-center email has-small-font-size\"><a href=\"mailto:michael.sullivan@inhalio.com\">michael.sullivan@inhalio.com<\/a><\/p>\n<\/div>\n\n\n\n<div class=\"is-layout-flow wp-block-column\">\n<div class=\"wp-block-image is-style-rounded\"><figure class=\"aligncenter size-full is-resized\"><img decoding=\"async\" loading=\"lazy\" src=\"https:\/\/multi.inhalio.com\/wp-content\/uploads\/2022\/01\/mike.jpg\" alt=\"\" class=\"wp-image-354\" width=\"200\" height=\"200\" srcset=\"https:\/\/multi.inhalio.com\/wp-content\/uploads\/2022\/01\/mike.jpg 446w, https:\/\/multi.inhalio.com\/wp-content\/uploads\/2022\/01\/mike-300x300.jpg 300w, https:\/\/multi.inhalio.com\/wp-content\/uploads\/2022\/01\/mike-150x150.jpg 150w, https:\/\/multi.inhalio.com\/wp-content\/uploads\/2022\/01\/mike-12x12.jpg 12w\" sizes=\"(max-width: 200px) 100vw, 200px\" \/><\/figure><\/div>\n\n\n\n<h4 class=\"has-text-align-center\" id=\"mike-foster\">MIKE FOSTER<\/h4>\n\n\n\n<p class=\"has-text-align-center\">CMO (Directeur Marketing)<\/p>\n\n\n\n<p class=\"has-text-align-center\">Reconnu dans la Silicon Valley pour son exp\u00e9rience en marketing de plateformes bas\u00e9es sur SaaS, Mike a une expertise importante en marketing, marketing produits, et marketing partenariat. Le B2B est sa sp\u00e9cialit\u00e9, avec la cr\u00e9ation des programmes et des mat\u00e9riaux partenaires r\u00e9ussis pour le lancement d\u2019activit\u00e9s sur le march\u00e9.<\/p>\n\n\n\n<p class=\"has-text-align-center email has-small-font-size\"><a href=\"mailto:mike.foster@inhalio.com\">mike.foster@inhalio.com<\/a><\/p>\n\n\n\n<p class=\"has-text-align-center linkedin\"><a href=\"http:\/\/linkedin.com\/in\/mikefo\"><span>LinkedIn<\/span><\/a><\/p>\n<\/div>\n\n\n\n<div class=\"is-layout-flow wp-block-column\">\n<div class=\"wp-block-image is-style-rounded\"><figure class=\"aligncenter size-full is-resized\"><img decoding=\"async\" src=\"https:\/\/multi.inhalio.com\/wp-content\/uploads\/2022\/01\/david.jpg\" alt=\"\" class=\"wp-image-355\" width=\"200\" srcset=\"https:\/\/multi.inhalio.com\/wp-content\/uploads\/2022\/01\/david.jpg 210w, https:\/\/multi.inhalio.com\/wp-content\/uploads\/2022\/01\/david-150x150.jpg 150w, https:\/\/multi.inhalio.com\/wp-content\/uploads\/2022\/01\/david-12x12.jpg 12w\" sizes=\"(max-width: 210px) 100vw, 210px\" \/><\/figure><\/div>\n\n\n\n<h4 class=\"has-text-align-center\" id=\"david-bianovici\">DAVID BIANOVICI<\/h4>\n\n\n\n<p class=\"has-text-align-center\">VP Ventes mondiales<\/p>\n\n\n\n<p class=\"has-text-align-center\">Dipl\u00f4m\u00e9 de Paris-Dauphine, directeur commercial exp\u00e9riment\u00e9 et passionn\u00e9 par la technologie avec une large gamme d'expertises SaaS, Cloud et marketing num\u00e9rique pour la r\u00e9gion EMEA ainsi que les organisations mondiales. M. Bianovici est responsable des ventes mondiales d'Inhalio dans tous les secteurs.<\/p>\n\n\n\n<p class=\"has-text-align-center email has-small-font-size\"><a href=\"mailto:david.bianovici@inhalio.com\">david.bianovici@inhalio.com<\/a><\/p>\n<\/div>\n<\/div>\n\n\n\n<div class=\"wp-block-cover\" style=\"min-height:409px\"><span aria-hidden=\"true\" class=\"has-base-3-background-color has-background-dim-20 wp-block-cover__gradient-background has-background-dim\"><\/span><img decoding=\"async\" loading=\"lazy\" width=\"1736\" height=\"903\" class=\"wp-block-cover__image-background wp-image-248\" alt=\"\" src=\"https:\/\/multi.inhalio.com\/wp-content\/uploads\/2022\/01\/wave.png\" style=\"object-position:96% 0%\" data-object-fit=\"cover\" data-object-position=\"96% 0%\" srcset=\"https:\/\/multi.inhalio.com\/wp-content\/uploads\/2022\/01\/wave.png 1736w, https:\/\/multi.inhalio.com\/wp-content\/uploads\/2022\/01\/wave-300x156.png 300w, https:\/\/multi.inhalio.com\/wp-content\/uploads\/2022\/01\/wave-1024x533.png 1024w, https:\/\/multi.inhalio.com\/wp-content\/uploads\/2022\/01\/wave-768x399.png 768w, https:\/\/multi.inhalio.com\/wp-content\/uploads\/2022\/01\/wave-1536x799.png 1536w, https:\/\/multi.inhalio.com\/wp-content\/uploads\/2022\/01\/wave-18x9.png 18w\" sizes=\"(max-width: 1736px) 100vw, 1736px\" \/><div class=\"wp-block-cover__inner-container\">\n<div class=\"wp-block-image\"><figure class=\"aligncenter size-large is-resized\"><img decoding=\"async\" loading=\"lazy\" src=\"https:\/\/multi.inhalio.com\/wp-content\/uploads\/2022\/01\/green-initiative-1024x454.jpg\" alt=\"Green Leaf\" class=\"wp-image-215\" width=\"766\" height=\"340\" srcset=\"https:\/\/multi.inhalio.com\/wp-content\/uploads\/2022\/01\/green-initiative-1024x454.jpg 1024w, https:\/\/multi.inhalio.com\/wp-content\/uploads\/2022\/01\/green-initiative-300x133.jpg 300w, https:\/\/multi.inhalio.com\/wp-content\/uploads\/2022\/01\/green-initiative-768x341.jpg 768w, https:\/\/multi.inhalio.com\/wp-content\/uploads\/2022\/01\/green-initiative-1536x681.jpg 1536w, https:\/\/multi.inhalio.com\/wp-content\/uploads\/2022\/01\/green-initiative-18x8.jpg 18w, https:\/\/multi.inhalio.com\/wp-content\/uploads\/2022\/01\/green-initiative.jpg 1562w\" sizes=\"(max-width: 766px) 100vw, 766px\" \/><\/figure><\/div>\n<\/div><\/div>\n\n\n\n<h2 id=\"green-initiative\">D\u00e9veloppement Durable<\/h2>\n\n\n\n<p>Inhalio a pour objectif de fournir la meilleure plateforme de diffusion de parfum au monde, de fa\u00e7on raisonn\u00e9e. Nous gardons cependant \u00e0 l\u2019esprit que nous n\u2019avons qu\u2019une seule plan\u00e8te et qu\u2019il faut la pr\u00e9server. En effet, bien que cela puisse sembler \u00eatre une difficult\u00e9 suppl\u00e9mentaire que nous rajoutons \u00e0 nos conceptions et \u00e0 notre technologie, notre initiative de d\u00e9veloppement durable nous pousse en fait plus loin dans notre leadership technologique. Notre initiative de d\u00e9veloppement durable comprend trois composantes distinctes : l\u2019approvisionnement vert, l\u2019efficacit\u00e9 verte et la sant\u00e9 verte. Cette d\u00e9marche guide notre technologie d\u2019infusion et de diffusion de parfum ainsi que notre strat\u00e9gie de partenariat.<\/p>","protected":false},"excerpt":{"rendered":"<p>About Inhalio Inhalio, a global leader in digital scent systems, is enabling large corporations to make the digital scent transformation into IoT Home &amp; Automotive &#8230; <\/p>\n<p class=\"read-more-container\"><a title=\"A propos\" class=\"read-more button\" href=\"https:\/\/multi.inhalio.com\/fr\/about\/#more-66\" aria-label=\"En savoir plus sur About\">Lire la suite<\/a><\/p>","protected":false},"author":1,"featured_media":0,"parent":0,"menu_order":0,"comment_status":"closed","ping_status":"closed","template":"","meta":[],"acf":[],"yoast_head":"<!-- This site is optimized with the Yoast SEO plugin v21.1 - https:\/\/yoast.com\/wordpress\/plugins\/seo\/ -->\n<title>About - Inhalio<\/title>\n<meta name=\"robots\" content=\"index, follow, max-snippet:-1, max-image-preview:large, max-video-preview:-1\" \/>\n<link rel=\"canonical\" href=\"https:\/\/multi.inhalio.com\/fr\/about\/\" \/>\n<meta property=\"og:locale\" content=\"fr_FR\" \/>\n<meta property=\"og:type\" content=\"article\" \/>\n<meta property=\"og:title\" content=\"About - Inhalio\" \/>\n<meta property=\"og:description\" content=\"About Inhalio Inhalio, a global leader in digital scent systems, is enabling large corporations to make the digital scent transformation into IoT Home &amp; Automotive ... Read more\" \/>\n<meta property=\"og:url\" content=\"https:\/\/multi.inhalio.com\/fr\/about\/\" \/>\n<meta property=\"og:site_name\" content=\"Inhalio\" \/>\n<meta property=\"article:publisher\" content=\"https:\/\/www.facebook.com\/inhalio\" \/>\n<meta property=\"article:modified_time\" content=\"2022-02-23T14:47:17+00:00\" \/>\n<meta property=\"og:image\" content=\"https:\/\/multi.inhalio.com\/wp-content\/uploads\/2022\/01\/wave.png\" \/>\n<meta name=\"twitter:card\" content=\"summary_large_image\" \/>\n<meta name=\"twitter:site\" content=\"@inhalio\" \/>\n<meta name=\"twitter:label1\" content=\"Dur\u00e9e de lecture estim\u00e9e\" \/>\n\t<meta name=\"twitter:data1\" content=\"6 minutes\" \/>\n<script type=\"application\/ld+json\" class=\"yoast-schema-graph\">{\"@context\":\"https:\/\/schema.org\",\"@graph\":[{\"@type\":\"WebPage\",\"@id\":\"https:\/\/multi.inhalio.com\/about\/\",\"url\":\"https:\/\/multi.inhalio.com\/about\/\",\"name\":\"About - Inhalio\",\"isPartOf\":{\"@id\":\"https:\/\/multi.inhalio.com\/#website\"},\"datePublished\":\"2022-01-26T22:51:38+00:00\",\"dateModified\":\"2022-02-23T14:47:17+00:00\",\"breadcrumb\":{\"@id\":\"https:\/\/multi.inhalio.com\/about\/#breadcrumb\"},\"inLanguage\":\"fr-FR\",\"potentialAction\":[{\"@type\":\"ReadAction\",\"target\":[\"https:\/\/multi.inhalio.com\/about\/\"]}]},{\"@type\":\"BreadcrumbList\",\"@id\":\"https:\/\/multi.inhalio.com\/about\/#breadcrumb\",\"itemListElement\":[{\"@type\":\"ListItem\",\"position\":1,\"name\":\"Home\",\"item\":\"https:\/\/multi.inhalio.com\/\"},{\"@type\":\"ListItem\",\"position\":2,\"name\":\"About\"}]},{\"@type\":\"WebSite\",\"@id\":\"https:\/\/multi.inhalio.com\/#website\",\"url\":\"https:\/\/multi.inhalio.com\/\",\"name\":\"Inhalio\",\"description\":\"The World's 1st Connected Platform for Scent | Scent Branding\",\"publisher\":{\"@id\":\"https:\/\/multi.inhalio.com\/#organization\"},\"potentialAction\":[{\"@type\":\"SearchAction\",\"target\":{\"@type\":\"EntryPoint\",\"urlTemplate\":\"https:\/\/multi.inhalio.com\/?s={search_term_string}\"},\"query-input\":\"required name=search_term_string\"}],\"inLanguage\":\"fr-FR\"},{\"@type\":\"Organization\",\"@id\":\"https:\/\/multi.inhalio.com\/#organization\",\"name\":\"Inhalio\",\"url\":\"https:\/\/multi.inhalio.com\/\",\"logo\":{\"@type\":\"ImageObject\",\"inLanguage\":\"fr-FR\",\"@id\":\"https:\/\/multi.inhalio.com\/#\/schema\/logo\/image\/\",\"url\":\"https:\/\/multi.inhalio.com\/wp-content\/uploads\/2022\/02\/logo.png\",\"contentUrl\":\"https:\/\/multi.inhalio.com\/wp-content\/uploads\/2022\/02\/logo.png\",\"width\":1185,\"height\":284,\"caption\":\"Inhalio\"},\"image\":{\"@id\":\"https:\/\/multi.inhalio.com\/#\/schema\/logo\/image\/\"},\"sameAs\":[\"https:\/\/www.facebook.com\/inhalio\",\"https:\/\/twitter.com\/inhalio\",\"https:\/\/www.linkedin.com\/company\/inhali\u00f3\/\"]}]}<\/script>\n<!-- \/ Yoast SEO plugin. -->","yoast_head_json":{"title":"About - Inhalio","robots":{"index":"index","follow":"follow","max-snippet":"max-snippet:-1","max-image-preview":"max-image-preview:large","max-video-preview":"max-video-preview:-1"},"canonical":"https:\/\/multi.inhalio.com\/fr\/about\/","og_locale":"fr_FR","og_type":"article","og_title":"About - Inhalio","og_description":"About Inhalio Inhalio, a global leader in digital scent systems, is enabling large corporations to make the digital scent transformation into IoT Home &amp; Automotive ... Read more","og_url":"https:\/\/multi.inhalio.com\/fr\/about\/","og_site_name":"Inhalio","article_publisher":"https:\/\/www.facebook.com\/inhalio","article_modified_time":"2022-02-23T14:47:17+00:00","og_image":[{"url":"https:\/\/multi.inhalio.com\/wp-content\/uploads\/2022\/01\/wave.png"}],"twitter_card":"summary_large_image","twitter_site":"@inhalio","twitter_misc":{"Dur\u00e9e de lecture estim\u00e9e":"6 minutes"},"schema":{"@context":"https:\/\/schema.org","@graph":[{"@type":"WebPage","@id":"https:\/\/multi.inhalio.com\/about\/","url":"https:\/\/multi.inhalio.com\/about\/","name":"About - Inhalio","isPartOf":{"@id":"https:\/\/multi.inhalio.com\/#website"},"datePublished":"2022-01-26T22:51:38+00:00","dateModified":"2022-02-23T14:47:17+00:00","breadcrumb":{"@id":"https:\/\/multi.inhalio.com\/about\/#breadcrumb"},"inLanguage":"fr-FR","potentialAction":[{"@type":"ReadAction","target":["https:\/\/multi.inhalio.com\/about\/"]}]},{"@type":"BreadcrumbList","@id":"https:\/\/multi.inhalio.com\/about\/#breadcrumb","itemListElement":[{"@type":"ListItem","position":1,"name":"Home","item":"https:\/\/multi.inhalio.com\/"},{"@type":"ListItem","position":2,"name":"About"}]},{"@type":"WebSite","@id":"https:\/\/multi.inhalio.com\/#website","url":"https:\/\/multi.inhalio.com\/","name":"Inhalio","description":"The World's 1st Connected Platform for Scent | Scent Branding","publisher":{"@id":"https:\/\/multi.inhalio.com\/#organization"},"potentialAction":[{"@type":"SearchAction","target":{"@type":"EntryPoint","urlTemplate":"https:\/\/multi.inhalio.com\/?s={search_term_string}"},"query-input":"required name=search_term_string"}],"inLanguage":"fr-FR"},{"@type":"Organization","@id":"https:\/\/multi.inhalio.com\/#organization","name":"Inhalio","url":"https:\/\/multi.inhalio.com\/","logo":{"@type":"ImageObject","inLanguage":"fr-FR","@id":"https:\/\/multi.inhalio.com\/#\/schema\/logo\/image\/","url":"https:\/\/multi.inhalio.com\/wp-content\/uploads\/2022\/02\/logo.png","contentUrl":"https:\/\/multi.inhalio.com\/wp-content\/uploads\/2022\/02\/logo.png","width":1185,"height":284,"caption":"Inhalio"},"image":{"@id":"https:\/\/multi.inhalio.com\/#\/schema\/logo\/image\/"},"sameAs":["https:\/\/www.facebook.com\/inhalio","https:\/\/twitter.com\/inhalio","https:\/\/www.linkedin.com\/company\/inhali\u00f3\/"]}]}},"_links":{"self":[{"href":"https:\/\/multi.inhalio.com\/fr\/wp-json\/wp\/v2\/pages\/66"}],"collection":[{"href":"https:\/\/multi.inhalio.com\/fr\/wp-json\/wp\/v2\/pages"}],"about":[{"href":"https:\/\/multi.inhalio.com\/fr\/wp-json\/wp\/v2\/types\/page"}],"author":[{"embeddable":true,"href":"https:\/\/multi.inhalio.com\/fr\/wp-json\/wp\/v2\/users\/1"}],"replies":[{"embeddable":true,"href":"https:\/\/multi.inhalio.com\/fr\/wp-json\/wp\/v2\/comments?post=66"}],"version-history":[{"count":21,"href":"https:\/\/multi.inhalio.com\/fr\/wp-json\/wp\/v2\/pages\/66\/revisions"}],"predecessor-version":[{"id":32218,"href":"https:\/\/multi.inhalio.com\/fr\/wp-json\/wp\/v2\/pages\/66\/revisions\/32218"}],"wp:attachment":[{"href":"https:\/\/multi.inhalio.com\/fr\/wp-json\/wp\/v2\/media?parent=66"}],"curies":[{"name":"wp","href":"https:\/\/api.w.org\/{rel}","templated":true}]}}