{"id":333,"date":"2022-01-27T22:04:04","date_gmt":"2022-01-27T22:04:04","guid":{"rendered":"https:\/\/multi.inhalio.com\/?page_id=333"},"modified":"2022-02-23T15:27:37","modified_gmt":"2022-02-23T15:27:37","slug":"hospitality-ambient","status":"publish","type":"page","link":"https:\/\/multi.inhalio.com\/fr\/markets\/hospitality-ambient\/","title":{"rendered":"H\u00f4tellerie"},"content":{"rendered":"\n<h2 id=\"h-hospitality-ambient-wellness-life-and-scent-diffusion-for-health-and-well-being\">Hospitality \/ Ambient \u2013 Wellness Life\u2122 and Scent Diffusion for Health and Well-Being<\/h2>\n\n\n\n<div class=\"is-layout-flex wp-block-buttons\">\n<div class=\"wp-block-button aligncenter is-style-fill\"><a class=\"wp-block-button__link\" href=\"https:\/\/www.i-scent.fr\/login\" target=\"_blank\" rel=\"noreferrer noopener\">Link to Iscent Cloud<\/a><\/div>\n<\/div>\n\n\n\n<p><\/p>\n\n\n\n<p class=\"has-text-align-left\">With the Digital Scent 3.0 Platform, hotels, banks, and other businesses within the hospitality industry can leverage the power of scent to create a healthier and more memorable and pleasant stay for their guests. Inhalio dry air diffusers can deliver premium scent-based experiences to lobbies, waiting areas, shared spaces, and even individual guest rooms. Through a signature scent, hotels can establish a stronger brand connection with their clientele, while also promoting an environment of health and wellbeing. With the Inhalio Digital Scent 3.0 platform, hotels can quickly and conveniently add scent-based marketing into their brand mix, while collecting, analyzing and understanding consumer trends and gaining business insights on their in-room scent preferences.  <\/p>\n\n\n\n<ul><li>Digital Scent 3.0 Platform with Hospitality Reference Architecture <\/li><li>Assistance with creation of signature scents and additional in-room fragrances<\/li><li>Access to Scent Diffusion devices for large and medium areas, and in-room diffusers<\/li><li>Access to Scent Cloud control, management and data insights for hospitality <\/li><\/ul>\n\n\n\n<div class=\"wp-block-button aligncenter modal-link\"><a class=\"wp-block-button__link no-border-radius\" href=\"https:\/\/multi.inhalio.com\/markets\/request-detailed-information\/\">Request Detailed Information<\/a><\/div>\n\n\n\n<div class=\"wp-block-themepunch-revslider revslider\" data-modal=\"false\" data-slidertitle=\"Devices Retail\" style=\"\">\n\t\t\t\t<p class=\"rs-p-wp-fix\"><\/p>\n\t\t\t\t<sr7-module data-alias=\"slider-7\" data-id=\"52\" id=\"SR7_52_1\" data-version=\"6.7.54\">\n\t\t\t\t\t<sr7-adjuster><\/sr7-adjuster>\n\t\t\t\t\t<sr7-content>\n\t\t\t\t\t\t<sr7-slide id=\"SR7_52_1-35\" data-key=\"35\">\n\t\t\t\t\t\t\t<sr7-bg id=\"SR7_52_1-35-slidebg\" class=\"sr7-layer\"><noscript><img src=\"https:\/\/multi.inhalio.com\/wp-content\/uploads\/2022\/01\/molecular-wave-vector-green3.png\" alt=\"\" title=\"molecular-wave-vector-green3\"><\/noscript><\/sr7-bg>\n\t\t\t\t\t\t<\/sr7-slide>\n\t\t\t\t\t\t<sr7-slide id=\"SR7_52_1-36\" data-key=\"36\">\n\t\t\t\t\t\t\t<sr7-bg id=\"SR7_52_1-36-slidebg\" class=\"sr7-layer\"><noscript><img src=\"https:\/\/multi.inhalio.com\/wp-content\/uploads\/2022\/01\/molecular-wave-vector-red3.png\" alt=\"\" title=\"molecular-wave-vector-red3\"><\/noscript><\/sr7-bg>\n\t\t\t\t\t\t<\/sr7-slide>\n\t\t\t\t\t\t<sr7-slide id=\"SR7_52_1-37\" data-key=\"37\">\n\t\t\t\t\t\t\t<sr7-bg id=\"SR7_52_1-37-slidebg\" class=\"sr7-layer\"><noscript><img src=\"https:\/\/multi.inhalio.com\/wp-content\/uploads\/2022\/01\/molecular-wave-vector-purple3.png\" alt=\"\" title=\"molecular-wave-vector-purple3\"><\/noscript><\/sr7-bg>\n\t\t\t\t\t\t<\/sr7-slide>\n\t\t\t\t\t\t<sr7-slide id=\"SR7_52_1-38\" data-key=\"38\">\n\t\t\t\t\t\t\t<sr7-bg id=\"SR7_52_1-38-slidebg\" class=\"sr7-layer\"><noscript><img src=\"https:\/\/multi.inhalio.com\/wp-content\/uploads\/revslider\/homepage-slider-v3-1\/Molecular-Wave-vector-Blue3.png\" alt=\"\" title=\"Molecular-Wave-vector-Blue3.png\"><\/noscript><\/sr7-bg>\n\t\t\t\t\t\t<\/sr7-slide>\n\t\t\t\t\t\t<sr7-slide id=\"SR7_52_1-54\" data-key=\"54\">\n\t\t\t\t\t\t<\/sr7-slide>\n\t\t\t\t\t<\/sr7-content>\n\t\t\t\t<\/sr7-module>\n\t\t\t\t<script>\n\t\t\t\t\twindow.SR7 ??={};SR7.PMH ??={}; SR7.PMH[\"SR7_52_1\"] = {cn:100,state:false,fn: function() { if (window._tpt!==undefined && window._tpt.prepareModuleHeight !== undefined) {  _tpt.prepareModuleHeight({id:\"SR7_52_1\",el:[500],type:'standard',shdw:'0',gh:[500],gw:[1240],vpt:['-200px'],size:{fullWidth:false, fullHeight:false},mh:'0',onh:0,onw:0,bg:{color:'transparent'}});   SR7.PMH[\"SR7_52_1\"].state=true;} else if(SR7.PMH[\"SR7_52_1\"].cn-->0)\tsetTimeout( SR7.PMH[\"SR7_52_1\"].fn,19);}};SR7.PMH[\"SR7_52_1\" ].fn();\n\t\t\t\t<\/script>\n<\/div>\n\n\n\n<p>With in-room scent diffusers, guests can choose up to four distinct fragrances. Fragrances can be selected based on a specific mood, or experience they\u2019d like to have in that moment.  A lavender-based scent can be chosen to calm, relax and unwind after a long day.  Deploy a citrus blend to increase alertness and be more invigorated.  A fresh clean scent can be deployed to promote wellness, while the hotel\u2019s signature scent can be the pre-confirmed standard when entering the room.  Whatever the selection the guest can be in control of creating their own sanctuary of wellbeing.<\/p>\n\n\n\n<ul><li>Allows guests to select from multiple fragrances <\/li><li>Use a mobile app to control the diffuser <\/li><li>Select the specific scent to create the right mood<\/li><li>Supports wellness through safe dry-air diffusion technology<\/li><\/ul>\n","protected":false},"excerpt":{"rendered":"<p>Hospitalit\u00e9 \/ Ambiance - Wellness Life\u2122 et diffusion de senteurs pour la sant\u00e9 et le bien-\u00eatre Avec la plateforme Digital Scent 3.0, les h\u00f4tels, les banques et les autres entreprises de ... <\/p>\n<p class=\"read-more-container\"><a title=\"H\u00f4tellerie\" class=\"read-more button\" href=\"https:\/\/multi.inhalio.com\/fr\/markets\/hospitality-ambient\/#more-333\" aria-label=\"En savoir plus sur Hospitality \/ Ambient\">Lire la suite<\/a><\/p>","protected":false},"author":1,"featured_media":216,"parent":73,"menu_order":5,"comment_status":"closed","ping_status":"closed","template":"","meta":[],"acf":[],"yoast_head":"<!-- This site is optimized with the Yoast SEO plugin v21.1 - https:\/\/yoast.com\/wordpress\/plugins\/seo\/ -->\n<title>Hospitality \/ Ambient - Inhalio<\/title>\n<meta name=\"robots\" content=\"index, follow, max-snippet:-1, max-image-preview:large, max-video-preview:-1\" \/>\n<link rel=\"canonical\" href=\"https:\/\/multi.inhalio.com\/fr\/markets\/hospitality-ambient\/\" \/>\n<meta property=\"og:locale\" content=\"fr_FR\" \/>\n<meta property=\"og:type\" content=\"article\" \/>\n<meta property=\"og:title\" content=\"Hospitality \/ Ambient - Inhalio\" \/>\n<meta property=\"og:description\" content=\"Hospitality \/ Ambient \u2013 Wellness Life\u2122 and Scent Diffusion for Health and Well-Being With the Digital Scent 3.0 Platform, hotels, banks, and other businesses within ... Read more\" \/>\n<meta property=\"og:url\" content=\"https:\/\/multi.inhalio.com\/fr\/markets\/hospitality-ambient\/\" \/>\n<meta property=\"og:site_name\" content=\"Inhalio\" \/>\n<meta property=\"article:publisher\" content=\"https:\/\/www.facebook.com\/inhalio\" \/>\n<meta property=\"article:modified_time\" content=\"2022-02-23T15:27:37+00:00\" \/>\n<meta property=\"og:image\" content=\"https:\/\/multi.inhalio.com\/wp-content\/uploads\/2022\/01\/hospitality-in-line.jpg\" \/>\n\t<meta property=\"og:image:width\" content=\"1562\" \/>\n\t<meta property=\"og:image:height\" content=\"693\" \/>\n\t<meta property=\"og:image:type\" content=\"image\/jpeg\" \/>\n<meta name=\"twitter:card\" content=\"summary_large_image\" \/>\n<meta name=\"twitter:site\" content=\"@inhalio\" \/>\n<meta name=\"twitter:label1\" content=\"Dur\u00e9e de lecture estim\u00e9e\" \/>\n\t<meta name=\"twitter:data1\" content=\"2 minutes\" \/>\n<script type=\"application\/ld+json\" class=\"yoast-schema-graph\">{\"@context\":\"https:\/\/schema.org\",\"@graph\":[{\"@type\":\"WebPage\",\"@id\":\"https:\/\/multi.inhalio.com\/markets\/hospitality-ambient\/\",\"url\":\"https:\/\/multi.inhalio.com\/markets\/hospitality-ambient\/\",\"name\":\"Hospitality \/ Ambient - Inhalio\",\"isPartOf\":{\"@id\":\"https:\/\/multi.inhalio.com\/#website\"},\"datePublished\":\"2022-01-27T22:04:04+00:00\",\"dateModified\":\"2022-02-23T15:27:37+00:00\",\"breadcrumb\":{\"@id\":\"https:\/\/multi.inhalio.com\/markets\/hospitality-ambient\/#breadcrumb\"},\"inLanguage\":\"fr-FR\",\"potentialAction\":[{\"@type\":\"ReadAction\",\"target\":[\"https:\/\/multi.inhalio.com\/markets\/hospitality-ambient\/\"]}]},{\"@type\":\"BreadcrumbList\",\"@id\":\"https:\/\/multi.inhalio.com\/markets\/hospitality-ambient\/#breadcrumb\",\"itemListElement\":[{\"@type\":\"ListItem\",\"position\":1,\"name\":\"Home\",\"item\":\"https:\/\/multi.inhalio.com\/\"},{\"@type\":\"ListItem\",\"position\":2,\"name\":\"Markets\",\"item\":\"https:\/\/multi.inhalio.com\/markets\/\"},{\"@type\":\"ListItem\",\"position\":3,\"name\":\"Hospitality \/ Ambient\"}]},{\"@type\":\"WebSite\",\"@id\":\"https:\/\/multi.inhalio.com\/#website\",\"url\":\"https:\/\/multi.inhalio.com\/\",\"name\":\"Inhalio\",\"description\":\"The World's 1st Connected Platform for Scent | Scent Branding\",\"publisher\":{\"@id\":\"https:\/\/multi.inhalio.com\/#organization\"},\"potentialAction\":[{\"@type\":\"SearchAction\",\"target\":{\"@type\":\"EntryPoint\",\"urlTemplate\":\"https:\/\/multi.inhalio.com\/?s={search_term_string}\"},\"query-input\":\"required name=search_term_string\"}],\"inLanguage\":\"fr-FR\"},{\"@type\":\"Organization\",\"@id\":\"https:\/\/multi.inhalio.com\/#organization\",\"name\":\"Inhalio\",\"url\":\"https:\/\/multi.inhalio.com\/\",\"logo\":{\"@type\":\"ImageObject\",\"inLanguage\":\"fr-FR\",\"@id\":\"https:\/\/multi.inhalio.com\/#\/schema\/logo\/image\/\",\"url\":\"https:\/\/multi.inhalio.com\/wp-content\/uploads\/2022\/02\/logo.png\",\"contentUrl\":\"https:\/\/multi.inhalio.com\/wp-content\/uploads\/2022\/02\/logo.png\",\"width\":1185,\"height\":284,\"caption\":\"Inhalio\"},\"image\":{\"@id\":\"https:\/\/multi.inhalio.com\/#\/schema\/logo\/image\/\"},\"sameAs\":[\"https:\/\/www.facebook.com\/inhalio\",\"https:\/\/twitter.com\/inhalio\",\"https:\/\/www.linkedin.com\/company\/inhali\u00f3\/\"]}]}<\/script>\n<!-- \/ Yoast SEO plugin. -->","yoast_head_json":{"title":"Hospitality \/ Ambient - Inhalio","robots":{"index":"index","follow":"follow","max-snippet":"max-snippet:-1","max-image-preview":"max-image-preview:large","max-video-preview":"max-video-preview:-1"},"canonical":"https:\/\/multi.inhalio.com\/fr\/markets\/hospitality-ambient\/","og_locale":"fr_FR","og_type":"article","og_title":"Hospitality \/ Ambient - Inhalio","og_description":"Hospitality \/ Ambient \u2013 Wellness Life\u2122 and Scent Diffusion for Health and Well-Being With the Digital Scent 3.0 Platform, hotels, banks, and other businesses within ... Read more","og_url":"https:\/\/multi.inhalio.com\/fr\/markets\/hospitality-ambient\/","og_site_name":"Inhalio","article_publisher":"https:\/\/www.facebook.com\/inhalio","article_modified_time":"2022-02-23T15:27:37+00:00","og_image":[{"width":1562,"height":693,"url":"https:\/\/multi.inhalio.com\/wp-content\/uploads\/2022\/01\/hospitality-in-line.jpg","type":"image\/jpeg"}],"twitter_card":"summary_large_image","twitter_site":"@inhalio","twitter_misc":{"Dur\u00e9e de lecture estim\u00e9e":"2 minutes"},"schema":{"@context":"https:\/\/schema.org","@graph":[{"@type":"WebPage","@id":"https:\/\/multi.inhalio.com\/markets\/hospitality-ambient\/","url":"https:\/\/multi.inhalio.com\/markets\/hospitality-ambient\/","name":"Hospitality \/ Ambient - Inhalio","isPartOf":{"@id":"https:\/\/multi.inhalio.com\/#website"},"datePublished":"2022-01-27T22:04:04+00:00","dateModified":"2022-02-23T15:27:37+00:00","breadcrumb":{"@id":"https:\/\/multi.inhalio.com\/markets\/hospitality-ambient\/#breadcrumb"},"inLanguage":"fr-FR","potentialAction":[{"@type":"ReadAction","target":["https:\/\/multi.inhalio.com\/markets\/hospitality-ambient\/"]}]},{"@type":"BreadcrumbList","@id":"https:\/\/multi.inhalio.com\/markets\/hospitality-ambient\/#breadcrumb","itemListElement":[{"@type":"ListItem","position":1,"name":"Home","item":"https:\/\/multi.inhalio.com\/"},{"@type":"ListItem","position":2,"name":"Markets","item":"https:\/\/multi.inhalio.com\/markets\/"},{"@type":"ListItem","position":3,"name":"Hospitality \/ Ambient"}]},{"@type":"WebSite","@id":"https:\/\/multi.inhalio.com\/#website","url":"https:\/\/multi.inhalio.com\/","name":"Inhalio","description":"The World's 1st Connected Platform for Scent | Scent Branding","publisher":{"@id":"https:\/\/multi.inhalio.com\/#organization"},"potentialAction":[{"@type":"SearchAction","target":{"@type":"EntryPoint","urlTemplate":"https:\/\/multi.inhalio.com\/?s={search_term_string}"},"query-input":"required name=search_term_string"}],"inLanguage":"fr-FR"},{"@type":"Organization","@id":"https:\/\/multi.inhalio.com\/#organization","name":"Inhalio","url":"https:\/\/multi.inhalio.com\/","logo":{"@type":"ImageObject","inLanguage":"fr-FR","@id":"https:\/\/multi.inhalio.com\/#\/schema\/logo\/image\/","url":"https:\/\/multi.inhalio.com\/wp-content\/uploads\/2022\/02\/logo.png","contentUrl":"https:\/\/multi.inhalio.com\/wp-content\/uploads\/2022\/02\/logo.png","width":1185,"height":284,"caption":"Inhalio"},"image":{"@id":"https:\/\/multi.inhalio.com\/#\/schema\/logo\/image\/"},"sameAs":["https:\/\/www.facebook.com\/inhalio","https:\/\/twitter.com\/inhalio","https:\/\/www.linkedin.com\/company\/inhali\u00f3\/"]}]}},"_links":{"self":[{"href":"https:\/\/multi.inhalio.com\/fr\/wp-json\/wp\/v2\/pages\/333"}],"collection":[{"href":"https:\/\/multi.inhalio.com\/fr\/wp-json\/wp\/v2\/pages"}],"about":[{"href":"https:\/\/multi.inhalio.com\/fr\/wp-json\/wp\/v2\/types\/page"}],"author":[{"embeddable":true,"href":"https:\/\/multi.inhalio.com\/fr\/wp-json\/wp\/v2\/users\/1"}],"replies":[{"embeddable":true,"href":"https:\/\/multi.inhalio.com\/fr\/wp-json\/wp\/v2\/comments?post=333"}],"version-history":[{"count":6,"href":"https:\/\/multi.inhalio.com\/fr\/wp-json\/wp\/v2\/pages\/333\/revisions"}],"predecessor-version":[{"id":32222,"href":"https:\/\/multi.inhalio.com\/fr\/wp-json\/wp\/v2\/pages\/333\/revisions\/32222"}],"up":[{"embeddable":true,"href":"https:\/\/multi.inhalio.com\/fr\/wp-json\/wp\/v2\/pages\/73"}],"wp:featuredmedia":[{"embeddable":true,"href":"https:\/\/multi.inhalio.com\/fr\/wp-json\/wp\/v2\/media\/216"}],"wp:attachment":[{"href":"https:\/\/multi.inhalio.com\/fr\/wp-json\/wp\/v2\/media?parent=333"}],"curies":[{"name":"wp","href":"https:\/\/api.w.org\/{rel}","templated":true}]}}