{"id":32231,"date":"2022-02-23T15:34:11","date_gmt":"2022-02-23T15:34:11","guid":{"rendered":"https:\/\/multi.inhalio.com\/?page_id=32231"},"modified":"2022-02-23T15:37:05","modified_gmt":"2022-02-23T15:37:05","slug":"tech","status":"publish","type":"page","link":"https:\/\/multi.inhalio.com\/fr\/tech\/","title":{"rendered":"Tech"},"content":{"rendered":"<!-- Page-list plugin v.5.9 wordpress.org\/plugins\/page-list\/ -->\n<div class=\"page-list page-list-ext\">\n<div class=\"page-list-ext-item\"><div class=\"page-list-ext-image\"><a href=\"https:\/\/multi.inhalio.com\/fr\/tech\/digital-scent-3-0-platform\/\" title=\"Plateform Digital Scent 3.0\"><img src=\"https:\/\/multi.inhalio.com\/wp-content\/uploads\/2022\/02\/Tech-Stack-1-cn-150x150.png\" width=\"150\" alt=\"Digital Scent 3.0 Platform\" \/><\/a><\/div> <h3 class=\"page-list-ext-title\"><a href=\"https:\/\/multi.inhalio.com\/fr\/tech\/digital-scent-3-0-platform\/\" title=\"Plateform Digital Scent 3.0\">Plateform Digital Scent 3.0<\/a><\/h3><div class=\"page-list-ext-item-content\">\nPlate-forme Digital Scent 3.0\n\n\n\nLa plateforme Digital Scent 3.0 d'Inhalio est la pi\u00e8ce ma\u00eetresse des offres de l'entreprise. La plateforme technologique multibrevet\u00e9e est disponible sous licence pour les clients et les partenaires de la cha\u00eene d'approvisionnement qui con\u00e7oivent et int\u00e8grent des produits d...<\/div><\/div>\n<div class=\"page-list-ext-item\"><div class=\"page-list-ext-image\"><a href=\"https:\/\/multi.inhalio.com\/fr\/tech\/infusion-and-scent-data-profiles\/\" title=\"Profils de donn\u00e9es sur les infusions et les parfums\"><img src=\"https:\/\/multi.inhalio.com\/wp-content\/uploads\/2022\/02\/partners-fragrance-150x150-1-150x150.jpg\" width=\"150\" alt=\"Infusion and Scent Data Profiles\" \/><\/a><\/div> <h3 class=\"page-list-ext-title\"><a href=\"https:\/\/multi.inhalio.com\/fr\/tech\/infusion-and-scent-data-profiles\/\" title=\"Profils de donn\u00e9es sur les infusions et les parfums\">Profils de donn\u00e9es sur les infusions et les parfums<\/a><\/h3><div class=\"page-list-ext-item-content\">\nProfils de donn\u00e9es sur les infusions et les parfums\n\n\n\nLe processus d'infusion de parfums d'Inhalio est unique en son genre car il est centr\u00e9 sur les donn\u00e9es. Cette concentration scientifique sur l'infusion des parfums permet \u00e0 l'entreprise d'offrir un degr\u00e9 sup\u00e9rieur de clart\u00e9, de puret\u00e9, de sant\u00e9 et de long\u00e9vit\u00e9 des parfums,...<\/div><\/div>\n<div class=\"page-list-ext-item\"><div class=\"page-list-ext-image\"><a href=\"https:\/\/multi.inhalio.com\/fr\/tech\/diffusion-and-delivery-data\/\" title=\"Donn\u00e9es sur la diffusion et la livraison\"><img src=\"https:\/\/multi.inhalio.com\/wp-content\/uploads\/2018\/01\/BW-Woman-Orange-Roses-with-Car-in-BKG-150x150.png\" width=\"150\" alt=\"Diffusion and Delivery Data\" \/><\/a><\/div> <h3 class=\"page-list-ext-title\"><a href=\"https:\/\/multi.inhalio.com\/fr\/tech\/diffusion-and-delivery-data\/\" title=\"Donn\u00e9es sur la diffusion et la livraison\">Donn\u00e9es sur la diffusion et la livraison<\/a><\/h3><div class=\"page-list-ext-item-content\">\nDonn\u00e9es sur la diffusion et la livraison\n\n\n\nL'entreprise est \u00e0 la fois un pionnier et un leader de la technologie de diffusion multi-senteurs \u00e0 air sec g\u00e9r\u00e9e par le cloud. En associant une approche centr\u00e9e sur les donn\u00e9es \u00e0 des capacit\u00e9s connect\u00e9es au cloud, la technologie de diffusion de parfums multibrevet\u00e9e d'Inhalio g...<\/div><\/div>\n<div class=\"page-list-ext-item\"><div class=\"page-list-ext-image\"><a href=\"https:\/\/multi.inhalio.com\/fr\/tech\/user-apps-and-apis\/\" title=\"Apps utilisateur et APIs\"><img src=\"https:\/\/multi.inhalio.com\/wp-content\/uploads\/revslider\/app-video-modal\/app-modal-thumb-150x150.jpg\" width=\"150\" alt=\"User Apps and APIs\" \/><\/a><\/div> <h3 class=\"page-list-ext-title\"><a href=\"https:\/\/multi.inhalio.com\/fr\/tech\/user-apps-and-apis\/\" title=\"Apps utilisateur et APIs\">Apps utilisateur et APIs<\/a><\/h3><div class=\"page-list-ext-item-content\">\nApps utilisateur \/ UX \/ API\n\n\n\nLes utilisateurs peuvent contr\u00f4ler, g\u00e9rer et cr\u00e9er des programmes pour les diffuseurs Inhalio \u00e0 l'aide d'une grande vari\u00e9t\u00e9 d'appareils, y compris les smartphones et les appareils IoT.  Par cons\u00e9quent, nous fournissons une assistance pour les smartphones bas\u00e9s sur IOS et Android par le biais d'une vari\u00e9t\u00e9....<\/div><\/div>\n<div class=\"page-list-ext-item\"><div class=\"page-list-ext-image\"><a href=\"https:\/\/multi.inhalio.com\/fr\/tech\/cloud-insights-and-data-analytics\/\" title=\"CLoud Insights et Data Analytics\"><img src=\"https:\/\/multi.inhalio.com\/wp-content\/uploads\/2022\/01\/DSP-MOLECUES-STACK-L-R-01-150x150.png\" width=\"150\" alt=\"CLoud Insights and Data Analytics\" \/><\/a><\/div> <h3 class=\"page-list-ext-title\"><a href=\"https:\/\/multi.inhalio.com\/fr\/tech\/cloud-insights-and-data-analytics\/\" title=\"CLoud Insights et Data Analytics\">CLoud Insights et Data Analytics<\/a><\/h3><div class=\"page-list-ext-item-content\">\nCloud Insights et Data Analytics\n\n\n\nLa plateforme Digital Scent 3.0 d'Inhalio est n\u00e9e dans le cloud. D\u00e8s le d\u00e9but, la plateforme Digital Scent a \u00e9t\u00e9 con\u00e7ue pour contr\u00f4ler, surveiller, g\u00e9rer et collecter des donn\u00e9es sur chaque diffuseur individuel, groupes de diffuseurs....<\/div><\/div>\n\n<\/div>","protected":false},"excerpt":{"rendered":"","protected":false},"author":1,"featured_media":0,"parent":0,"menu_order":0,"comment_status":"closed","ping_status":"closed","template":"","meta":[],"acf":[],"yoast_head":"<!-- This site is optimized with the Yoast SEO plugin v21.1 - https:\/\/yoast.com\/wordpress\/plugins\/seo\/ -->\n<title>Tech - Inhalio<\/title>\n<meta name=\"robots\" content=\"index, follow, max-snippet:-1, max-image-preview:large, max-video-preview:-1\" \/>\n<link rel=\"canonical\" href=\"https:\/\/multi.inhalio.com\/fr\/tech\/\" \/>\n<meta property=\"og:locale\" content=\"fr_FR\" \/>\n<meta property=\"og:type\" content=\"article\" \/>\n<meta property=\"og:title\" content=\"Tech - Inhalio\" \/>\n<meta property=\"og:url\" content=\"https:\/\/multi.inhalio.com\/fr\/tech\/\" \/>\n<meta property=\"og:site_name\" content=\"Inhalio\" \/>\n<meta property=\"article:publisher\" content=\"https:\/\/www.facebook.com\/inhalio\" \/>\n<meta property=\"article:modified_time\" content=\"2022-02-23T15:37:05+00:00\" \/>\n<meta property=\"og:image\" content=\"https:\/\/multi.inhalio.com\/wp-content\/uploads\/2022\/02\/logo.png\" \/>\n\t<meta property=\"og:image:width\" content=\"1185\" \/>\n\t<meta property=\"og:image:height\" content=\"284\" \/>\n\t<meta property=\"og:image:type\" content=\"image\/png\" \/>\n<meta name=\"twitter:card\" content=\"summary_large_image\" \/>\n<meta name=\"twitter:site\" content=\"@inhalio\" \/>\n<meta name=\"twitter:label1\" content=\"Dur\u00e9e de lecture estim\u00e9e\" \/>\n\t<meta name=\"twitter:data1\" content=\"1 minute\" \/>\n<script type=\"application\/ld+json\" class=\"yoast-schema-graph\">{\"@context\":\"https:\/\/schema.org\",\"@graph\":[{\"@type\":\"WebPage\",\"@id\":\"https:\/\/multi.inhalio.com\/tech\/\",\"url\":\"https:\/\/multi.inhalio.com\/tech\/\",\"name\":\"Tech - Inhalio\",\"isPartOf\":{\"@id\":\"https:\/\/multi.inhalio.com\/#website\"},\"datePublished\":\"2022-02-23T15:34:11+00:00\",\"dateModified\":\"2022-02-23T15:37:05+00:00\",\"breadcrumb\":{\"@id\":\"https:\/\/multi.inhalio.com\/tech\/#breadcrumb\"},\"inLanguage\":\"fr-FR\",\"potentialAction\":[{\"@type\":\"ReadAction\",\"target\":[\"https:\/\/multi.inhalio.com\/tech\/\"]}]},{\"@type\":\"BreadcrumbList\",\"@id\":\"https:\/\/multi.inhalio.com\/tech\/#breadcrumb\",\"itemListElement\":[{\"@type\":\"ListItem\",\"position\":1,\"name\":\"Home\",\"item\":\"https:\/\/multi.inhalio.com\/\"},{\"@type\":\"ListItem\",\"position\":2,\"name\":\"Tech\"}]},{\"@type\":\"WebSite\",\"@id\":\"https:\/\/multi.inhalio.com\/#website\",\"url\":\"https:\/\/multi.inhalio.com\/\",\"name\":\"Inhalio\",\"description\":\"The World's 1st Connected Platform for Scent | Scent Branding\",\"publisher\":{\"@id\":\"https:\/\/multi.inhalio.com\/#organization\"},\"potentialAction\":[{\"@type\":\"SearchAction\",\"target\":{\"@type\":\"EntryPoint\",\"urlTemplate\":\"https:\/\/multi.inhalio.com\/?s={search_term_string}\"},\"query-input\":\"required name=search_term_string\"}],\"inLanguage\":\"fr-FR\"},{\"@type\":\"Organization\",\"@id\":\"https:\/\/multi.inhalio.com\/#organization\",\"name\":\"Inhalio\",\"url\":\"https:\/\/multi.inhalio.com\/\",\"logo\":{\"@type\":\"ImageObject\",\"inLanguage\":\"fr-FR\",\"@id\":\"https:\/\/multi.inhalio.com\/#\/schema\/logo\/image\/\",\"url\":\"https:\/\/multi.inhalio.com\/wp-content\/uploads\/2022\/02\/logo.png\",\"contentUrl\":\"https:\/\/multi.inhalio.com\/wp-content\/uploads\/2022\/02\/logo.png\",\"width\":1185,\"height\":284,\"caption\":\"Inhalio\"},\"image\":{\"@id\":\"https:\/\/multi.inhalio.com\/#\/schema\/logo\/image\/\"},\"sameAs\":[\"https:\/\/www.facebook.com\/inhalio\",\"https:\/\/twitter.com\/inhalio\",\"https:\/\/www.linkedin.com\/company\/inhali\u00f3\/\"]}]}<\/script>\n<!-- \/ Yoast SEO plugin. -->","yoast_head_json":{"title":"Tech - Inhalio","robots":{"index":"index","follow":"follow","max-snippet":"max-snippet:-1","max-image-preview":"max-image-preview:large","max-video-preview":"max-video-preview:-1"},"canonical":"https:\/\/multi.inhalio.com\/fr\/tech\/","og_locale":"fr_FR","og_type":"article","og_title":"Tech - Inhalio","og_url":"https:\/\/multi.inhalio.com\/fr\/tech\/","og_site_name":"Inhalio","article_publisher":"https:\/\/www.facebook.com\/inhalio","article_modified_time":"2022-02-23T15:37:05+00:00","og_image":[{"width":1185,"height":284,"url":"https:\/\/multi.inhalio.com\/wp-content\/uploads\/2022\/02\/logo.png","type":"image\/png"}],"twitter_card":"summary_large_image","twitter_site":"@inhalio","twitter_misc":{"Dur\u00e9e de lecture estim\u00e9e":"1 minute"},"schema":{"@context":"https:\/\/schema.org","@graph":[{"@type":"WebPage","@id":"https:\/\/multi.inhalio.com\/tech\/","url":"https:\/\/multi.inhalio.com\/tech\/","name":"Tech - Inhalio","isPartOf":{"@id":"https:\/\/multi.inhalio.com\/#website"},"datePublished":"2022-02-23T15:34:11+00:00","dateModified":"2022-02-23T15:37:05+00:00","breadcrumb":{"@id":"https:\/\/multi.inhalio.com\/tech\/#breadcrumb"},"inLanguage":"fr-FR","potentialAction":[{"@type":"ReadAction","target":["https:\/\/multi.inhalio.com\/tech\/"]}]},{"@type":"BreadcrumbList","@id":"https:\/\/multi.inhalio.com\/tech\/#breadcrumb","itemListElement":[{"@type":"ListItem","position":1,"name":"Home","item":"https:\/\/multi.inhalio.com\/"},{"@type":"ListItem","position":2,"name":"Tech"}]},{"@type":"WebSite","@id":"https:\/\/multi.inhalio.com\/#website","url":"https:\/\/multi.inhalio.com\/","name":"Inhalio","description":"The World's 1st Connected Platform for Scent | Scent Branding","publisher":{"@id":"https:\/\/multi.inhalio.com\/#organization"},"potentialAction":[{"@type":"SearchAction","target":{"@type":"EntryPoint","urlTemplate":"https:\/\/multi.inhalio.com\/?s={search_term_string}"},"query-input":"required name=search_term_string"}],"inLanguage":"fr-FR"},{"@type":"Organization","@id":"https:\/\/multi.inhalio.com\/#organization","name":"Inhalio","url":"https:\/\/multi.inhalio.com\/","logo":{"@type":"ImageObject","inLanguage":"fr-FR","@id":"https:\/\/multi.inhalio.com\/#\/schema\/logo\/image\/","url":"https:\/\/multi.inhalio.com\/wp-content\/uploads\/2022\/02\/logo.png","contentUrl":"https:\/\/multi.inhalio.com\/wp-content\/uploads\/2022\/02\/logo.png","width":1185,"height":284,"caption":"Inhalio"},"image":{"@id":"https:\/\/multi.inhalio.com\/#\/schema\/logo\/image\/"},"sameAs":["https:\/\/www.facebook.com\/inhalio","https:\/\/twitter.com\/inhalio","https:\/\/www.linkedin.com\/company\/inhali\u00f3\/"]}]}},"_links":{"self":[{"href":"https:\/\/multi.inhalio.com\/fr\/wp-json\/wp\/v2\/pages\/32231"}],"collection":[{"href":"https:\/\/multi.inhalio.com\/fr\/wp-json\/wp\/v2\/pages"}],"about":[{"href":"https:\/\/multi.inhalio.com\/fr\/wp-json\/wp\/v2\/types\/page"}],"author":[{"embeddable":true,"href":"https:\/\/multi.inhalio.com\/fr\/wp-json\/wp\/v2\/users\/1"}],"replies":[{"embeddable":true,"href":"https:\/\/multi.inhalio.com\/fr\/wp-json\/wp\/v2\/comments?post=32231"}],"version-history":[{"count":1,"href":"https:\/\/multi.inhalio.com\/fr\/wp-json\/wp\/v2\/pages\/32231\/revisions"}],"predecessor-version":[{"id":32232,"href":"https:\/\/multi.inhalio.com\/fr\/wp-json\/wp\/v2\/pages\/32231\/revisions\/32232"}],"wp:attachment":[{"href":"https:\/\/multi.inhalio.com\/fr\/wp-json\/wp\/v2\/media?parent=32231"}],"curies":[{"name":"wp","href":"https:\/\/api.w.org\/{rel}","templated":true}]}}