{"id":32223,"date":"2022-02-23T15:30:30","date_gmt":"2022-02-23T15:30:30","guid":{"rendered":"https:\/\/multi.inhalio.com\/?page_id=32223"},"modified":"2022-02-23T15:30:30","modified_gmt":"2022-02-23T15:30:30","slug":"wellness","status":"publish","type":"page","link":"https:\/\/multi.inhalio.com\/fr\/wellness\/","title":{"rendered":"Bien-\u00eatre"},"content":{"rendered":"<!-- Page-list plugin v.5.9 wordpress.org\/plugins\/page-list\/ -->\n<div class=\"page-list page-list-ext\">\n<div class=\"page-list-ext-item\"><div class=\"page-list-ext-image\"><a href=\"https:\/\/multi.inhalio.com\/fr\/wellness\/health-wellness\/\" title=\"Sant\u00e9 et bien-\u00eatre\"><img src=\"https:\/\/multi.inhalio.com\/wp-content\/uploads\/2022\/01\/inhalio-journey-scent-experiences-1-150x150.jpg\" width=\"150\" alt=\"Health &amp; Wellness\" \/><\/a><\/div> <h3 class=\"page-list-ext-title\"><a href=\"https:\/\/multi.inhalio.com\/fr\/wellness\/health-wellness\/\" title=\"Sant\u00e9 et bien-\u00eatre\">Sant\u00e9 et bien-\u00eatre<\/a><\/h3><div class=\"page-list-ext-item-content\">\nSant\u00e9 et bien-\u00eatre\n\n\n\nInhalio a \u00e9t\u00e9 le pionnier du concept de Wellness Ride \u2122 pour les \u00e9quipementiers de la mobilit\u00e9, le covoiturage et les flottes autonomes, et Wellness Life \u2122 pour les march\u00e9s de l'ambiance, de l'h\u00f4tellerie et de la maison connect\u00e9e. Les solutions de bien-\u00eatre d'Inhalio combinent le brevet d'Inhalio....<\/div><\/div>\n<div class=\"page-list-ext-item\"><div class=\"page-list-ext-image\"><a href=\"https:\/\/multi.inhalio.com\/fr\/wellness\/air-sanitizing-scent-cartridges\/\" title=\"Cartouches de parfum pour assainir l&#039;air\"><img src=\"https:\/\/multi.inhalio.com\/wp-content\/uploads\/2022\/01\/Corona-Virus-Floating-In-Car2-150x150.png\" width=\"150\" alt=\"Air Sanitizing Scent Cartridges\" \/><\/a><\/div> <h3 class=\"page-list-ext-title\"><a href=\"https:\/\/multi.inhalio.com\/fr\/wellness\/air-sanitizing-scent-cartridges\/\" title=\"Cartouches de parfum pour assainir l&#039;air\">Cartouches de parfum pour assainir l'air<\/a><\/h3><div class=\"page-list-ext-item-content\">\n V-313485\u2122 Cartouches parfum\u00e9es\n\n\n\nDes ingr\u00e9dients actifs naturels et s\u00fbrs connus pour tuer les agents pathog\u00e8nes viraux en suspension dans l'air (virus et bact\u00e9ries) sont combin\u00e9s et lib\u00e9r\u00e9s avec pr\u00e9cision par un syst\u00e8me de diffusion \u00e0 air sec pour r\u00e9duire consid\u00e9rablement la concentration de v....<\/div><\/div>\n<div class=\"page-list-ext-item\"><div class=\"page-list-ext-image\"><a href=\"https:\/\/multi.inhalio.com\/fr\/wellness\/mood-scent-cartridges\/\" title=\"Cartouches agissant sur l&#039;humeur\"><img src=\"https:\/\/multi.inhalio.com\/wp-content\/uploads\/2022\/01\/mobility-slider-edited-150x150.jpg\" width=\"150\" alt=\"Mood Scent Cartridges\" \/><\/a><\/div> <h3 class=\"page-list-ext-title\"><a href=\"https:\/\/multi.inhalio.com\/fr\/wellness\/mood-scent-cartridges\/\" title=\"Cartouches agissant sur l&#039;humeur\">Cartouches agissant sur l'humeur<\/a><\/h3><div class=\"page-list-ext-item-content\">\nCartouches de parfum Mood Mapped\n\n\n\nLes cartouches parfum\u00e9es intelligentes fra\u00eeches, naturelles, pures et non toxiques combin\u00e9es \u00e0 un syst\u00e8me de diffusion \u00e0 air sec de pr\u00e9cision permettent aux consommateurs ainsi qu'aux propri\u00e9taires de s\u00e9lectionner n'importe quel nombre de senteurs agr\u00e9ables et propres qui sont connues....<\/div><\/div>\n<div class=\"page-list-ext-item\"><div class=\"page-list-ext-image\"><a href=\"https:\/\/multi.inhalio.com\/fr\/wellness\/malodor-scent-cartridges\/\" title=\"Cartouches anti mauvaises odeurs\"><img src=\"https:\/\/multi.inhalio.com\/wp-content\/uploads\/2022\/01\/bad-ride-smell2-150x150.jpg\" width=\"150\" alt=\"Malodor scent cartridges\" \/><\/a><\/div> <h3 class=\"page-list-ext-title\"><a href=\"https:\/\/multi.inhalio.com\/fr\/wellness\/malodor-scent-cartridges\/\" title=\"Cartouches anti mauvaises odeurs\">Cartouches anti mauvaises odeurs<\/a><\/h3><div class=\"page-list-ext-item-content\">\nCartouches de parfum malodorant\n\n\n\nDes ingr\u00e9dients actifs naturels ont \u00e9t\u00e9 combin\u00e9s pour produire une solution parfum\u00e9e contre les mauvaises odeurs qui, lorsqu'elle est diffus\u00e9e \u00e0 l'air sec, r\u00e9agit chimiquement avec les mol\u00e9cules de mauvaises odeurs caus\u00e9es par les odeurs corporelles, la fum\u00e9e, les animaux domestiques et les vomissements pour \u00e9liminer virtuellement les...<\/div><\/div>\n<div class=\"page-list-ext-item\"><div class=\"page-list-ext-image\"><a href=\"https:\/\/multi.inhalio.com\/fr\/wellness\/motion-scent-cartridges\/\" title=\"Cartouche anti mal de transport\"><img src=\"https:\/\/multi.inhalio.com\/wp-content\/uploads\/2022\/01\/motion-sickness-image2-150x150.jpg\" width=\"150\" alt=\"Motion Scent  Cartridges\" \/><\/a><\/div> <h3 class=\"page-list-ext-title\"><a href=\"https:\/\/multi.inhalio.com\/fr\/wellness\/motion-scent-cartridges\/\" title=\"Cartouche anti mal de transport\">Cartouche anti mal de transport<\/a><\/h3><div class=\"page-list-ext-item-content\">\nCartouches parfum\u00e9es contre le mal des transports\n\n\n\nPour les march\u00e9s de la mobilit\u00e9, l'utilisation de parfums sp\u00e9cialement formul\u00e9s \u00e0 base d'ingr\u00e9dients naturels et s\u00fbrs est diffus\u00e9e avec un diffuseur \u00e0 air sec de pr\u00e9cision pour soulager les passagers du mal des transports en cas de...<\/div><\/div>\n<div class=\"page-list-ext-item\"><div class=\"page-list-ext-image\"><a href=\"https:\/\/multi.inhalio.com\/fr\/wellness\/safety-compliance\/\" title=\"S\u00e9curit\u00e9 et conformit\u00e9\"><img src=\"https:\/\/multi.inhalio.com\/wp-content\/uploads\/2022\/01\/infusion.png\" width=\"150\" alt=\"Safety &amp; Compliance\" \/><\/a><\/div> <h3 class=\"page-list-ext-title\"><a href=\"https:\/\/multi.inhalio.com\/fr\/wellness\/safety-compliance\/\" title=\"S\u00e9curit\u00e9 et conformit\u00e9\">S\u00e9curit\u00e9 et conformit\u00e9<\/a><\/h3><div class=\"page-list-ext-item-content\">\nS\u00e9curit\u00e9 et conformit\u00e9\n\n\n\nInhalio adh\u00e8re aux plus hauts niveaux de normes d'infusion et de diffusion de parfums pour offrir ce que nous consid\u00e9rons comme le moyen le plus sain de diffuser des parfums dans le secteur. Cela inclut le respect des normes internationales et r\u00e9gionales...<\/div><\/div>\n\n<\/div>","protected":false},"excerpt":{"rendered":"","protected":false},"author":1,"featured_media":0,"parent":0,"menu_order":0,"comment_status":"closed","ping_status":"closed","template":"","meta":[],"acf":[],"yoast_head":"<!-- This site is optimized with the Yoast SEO plugin v21.1 - https:\/\/yoast.com\/wordpress\/plugins\/seo\/ -->\n<title>Wellness - Inhalio<\/title>\n<meta name=\"robots\" content=\"index, follow, max-snippet:-1, max-image-preview:large, max-video-preview:-1\" \/>\n<link rel=\"canonical\" href=\"https:\/\/multi.inhalio.com\/fr\/wellness\/\" \/>\n<meta property=\"og:locale\" content=\"fr_FR\" \/>\n<meta property=\"og:type\" content=\"article\" \/>\n<meta property=\"og:title\" content=\"Wellness - Inhalio\" \/>\n<meta property=\"og:url\" content=\"https:\/\/multi.inhalio.com\/fr\/wellness\/\" \/>\n<meta property=\"og:site_name\" content=\"Inhalio\" \/>\n<meta property=\"article:publisher\" content=\"https:\/\/www.facebook.com\/inhalio\" \/>\n<meta property=\"og:image\" content=\"https:\/\/multi.inhalio.com\/wp-content\/uploads\/2022\/02\/logo.png\" \/>\n\t<meta property=\"og:image:width\" content=\"1185\" \/>\n\t<meta property=\"og:image:height\" content=\"284\" \/>\n\t<meta property=\"og:image:type\" content=\"image\/png\" \/>\n<meta name=\"twitter:card\" content=\"summary_large_image\" \/>\n<meta name=\"twitter:site\" content=\"@inhalio\" \/>\n<script type=\"application\/ld+json\" class=\"yoast-schema-graph\">{\"@context\":\"https:\/\/schema.org\",\"@graph\":[{\"@type\":\"WebPage\",\"@id\":\"https:\/\/multi.inhalio.com\/wellness\/\",\"url\":\"https:\/\/multi.inhalio.com\/wellness\/\",\"name\":\"Wellness - Inhalio\",\"isPartOf\":{\"@id\":\"https:\/\/multi.inhalio.com\/#website\"},\"datePublished\":\"2022-02-23T15:30:30+00:00\",\"dateModified\":\"2022-02-23T15:30:30+00:00\",\"breadcrumb\":{\"@id\":\"https:\/\/multi.inhalio.com\/wellness\/#breadcrumb\"},\"inLanguage\":\"fr-FR\",\"potentialAction\":[{\"@type\":\"ReadAction\",\"target\":[\"https:\/\/multi.inhalio.com\/wellness\/\"]}]},{\"@type\":\"BreadcrumbList\",\"@id\":\"https:\/\/multi.inhalio.com\/wellness\/#breadcrumb\",\"itemListElement\":[{\"@type\":\"ListItem\",\"position\":1,\"name\":\"Home\",\"item\":\"https:\/\/multi.inhalio.com\/\"},{\"@type\":\"ListItem\",\"position\":2,\"name\":\"Wellness\"}]},{\"@type\":\"WebSite\",\"@id\":\"https:\/\/multi.inhalio.com\/#website\",\"url\":\"https:\/\/multi.inhalio.com\/\",\"name\":\"Inhalio\",\"description\":\"The World's 1st Connected Platform for Scent | Scent Branding\",\"publisher\":{\"@id\":\"https:\/\/multi.inhalio.com\/#organization\"},\"potentialAction\":[{\"@type\":\"SearchAction\",\"target\":{\"@type\":\"EntryPoint\",\"urlTemplate\":\"https:\/\/multi.inhalio.com\/?s={search_term_string}\"},\"query-input\":\"required name=search_term_string\"}],\"inLanguage\":\"fr-FR\"},{\"@type\":\"Organization\",\"@id\":\"https:\/\/multi.inhalio.com\/#organization\",\"name\":\"Inhalio\",\"url\":\"https:\/\/multi.inhalio.com\/\",\"logo\":{\"@type\":\"ImageObject\",\"inLanguage\":\"fr-FR\",\"@id\":\"https:\/\/multi.inhalio.com\/#\/schema\/logo\/image\/\",\"url\":\"https:\/\/multi.inhalio.com\/wp-content\/uploads\/2022\/02\/logo.png\",\"contentUrl\":\"https:\/\/multi.inhalio.com\/wp-content\/uploads\/2022\/02\/logo.png\",\"width\":1185,\"height\":284,\"caption\":\"Inhalio\"},\"image\":{\"@id\":\"https:\/\/multi.inhalio.com\/#\/schema\/logo\/image\/\"},\"sameAs\":[\"https:\/\/www.facebook.com\/inhalio\",\"https:\/\/twitter.com\/inhalio\",\"https:\/\/www.linkedin.com\/company\/inhali\u00f3\/\"]}]}<\/script>\n<!-- \/ Yoast SEO plugin. -->","yoast_head_json":{"title":"Wellness - Inhalio","robots":{"index":"index","follow":"follow","max-snippet":"max-snippet:-1","max-image-preview":"max-image-preview:large","max-video-preview":"max-video-preview:-1"},"canonical":"https:\/\/multi.inhalio.com\/fr\/wellness\/","og_locale":"fr_FR","og_type":"article","og_title":"Wellness - Inhalio","og_url":"https:\/\/multi.inhalio.com\/fr\/wellness\/","og_site_name":"Inhalio","article_publisher":"https:\/\/www.facebook.com\/inhalio","og_image":[{"width":1185,"height":284,"url":"https:\/\/multi.inhalio.com\/wp-content\/uploads\/2022\/02\/logo.png","type":"image\/png"}],"twitter_card":"summary_large_image","twitter_site":"@inhalio","schema":{"@context":"https:\/\/schema.org","@graph":[{"@type":"WebPage","@id":"https:\/\/multi.inhalio.com\/wellness\/","url":"https:\/\/multi.inhalio.com\/wellness\/","name":"Wellness - Inhalio","isPartOf":{"@id":"https:\/\/multi.inhalio.com\/#website"},"datePublished":"2022-02-23T15:30:30+00:00","dateModified":"2022-02-23T15:30:30+00:00","breadcrumb":{"@id":"https:\/\/multi.inhalio.com\/wellness\/#breadcrumb"},"inLanguage":"fr-FR","potentialAction":[{"@type":"ReadAction","target":["https:\/\/multi.inhalio.com\/wellness\/"]}]},{"@type":"BreadcrumbList","@id":"https:\/\/multi.inhalio.com\/wellness\/#breadcrumb","itemListElement":[{"@type":"ListItem","position":1,"name":"Home","item":"https:\/\/multi.inhalio.com\/"},{"@type":"ListItem","position":2,"name":"Wellness"}]},{"@type":"WebSite","@id":"https:\/\/multi.inhalio.com\/#website","url":"https:\/\/multi.inhalio.com\/","name":"Inhalio","description":"The World's 1st Connected Platform for Scent | Scent Branding","publisher":{"@id":"https:\/\/multi.inhalio.com\/#organization"},"potentialAction":[{"@type":"SearchAction","target":{"@type":"EntryPoint","urlTemplate":"https:\/\/multi.inhalio.com\/?s={search_term_string}"},"query-input":"required name=search_term_string"}],"inLanguage":"fr-FR"},{"@type":"Organization","@id":"https:\/\/multi.inhalio.com\/#organization","name":"Inhalio","url":"https:\/\/multi.inhalio.com\/","logo":{"@type":"ImageObject","inLanguage":"fr-FR","@id":"https:\/\/multi.inhalio.com\/#\/schema\/logo\/image\/","url":"https:\/\/multi.inhalio.com\/wp-content\/uploads\/2022\/02\/logo.png","contentUrl":"https:\/\/multi.inhalio.com\/wp-content\/uploads\/2022\/02\/logo.png","width":1185,"height":284,"caption":"Inhalio"},"image":{"@id":"https:\/\/multi.inhalio.com\/#\/schema\/logo\/image\/"},"sameAs":["https:\/\/www.facebook.com\/inhalio","https:\/\/twitter.com\/inhalio","https:\/\/www.linkedin.com\/company\/inhali\u00f3\/"]}]}},"_links":{"self":[{"href":"https:\/\/multi.inhalio.com\/fr\/wp-json\/wp\/v2\/pages\/32223"}],"collection":[{"href":"https:\/\/multi.inhalio.com\/fr\/wp-json\/wp\/v2\/pages"}],"about":[{"href":"https:\/\/multi.inhalio.com\/fr\/wp-json\/wp\/v2\/types\/page"}],"author":[{"embeddable":true,"href":"https:\/\/multi.inhalio.com\/fr\/wp-json\/wp\/v2\/users\/1"}],"replies":[{"embeddable":true,"href":"https:\/\/multi.inhalio.com\/fr\/wp-json\/wp\/v2\/comments?post=32223"}],"version-history":[{"count":1,"href":"https:\/\/multi.inhalio.com\/fr\/wp-json\/wp\/v2\/pages\/32223\/revisions"}],"predecessor-version":[{"id":32224,"href":"https:\/\/multi.inhalio.com\/fr\/wp-json\/wp\/v2\/pages\/32223\/revisions\/32224"}],"wp:attachment":[{"href":"https:\/\/multi.inhalio.com\/fr\/wp-json\/wp\/v2\/media?parent=32223"}],"curies":[{"name":"wp","href":"https:\/\/api.w.org\/{rel}","templated":true}]}}