{"id":31956,"date":"2022-02-11T10:58:32","date_gmt":"2022-02-11T10:58:32","guid":{"rendered":"https:\/\/multi.inhalio.com\/?page_id=31956"},"modified":"2022-02-11T10:58:33","modified_gmt":"2022-02-11T10:58:33","slug":"sitemap","status":"publish","type":"page","link":"https:\/\/multi.inhalio.com\/fr\/sitemap\/","title":{"rendered":"PLAN DU SITE"},"content":{"rendered":"<div class=\"menu-primary-navigation-menu-container\"><ul id=\"menu-primary-navigation-menu\" class=\"menu\"><li id=\"menu-item-90\" class=\"menu-item menu-item-type-post_type menu-item-object-page menu-item-90\"><a href=\"https:\/\/multi.inhalio.com\/fr\/about\/\">A propos<\/a><\/li>\n<li id=\"menu-item-31541\" class=\"menu-item menu-item-type-custom menu-item-object-custom menu-item-has-children menu-item-31541\"><a href=\"#\">MARCH\u00c9S<\/a>\n<ul class=\"sub-menu\">\n\t<li id=\"menu-item-110\" class=\"menu-item menu-item-type-post_type menu-item-object-page menu-item-110\"><a href=\"https:\/\/multi.inhalio.com\/fr\/markets\/mobility\/\">Mobilit\u00e9<\/a><\/li>\n\t<li id=\"menu-item-109\" class=\"menu-item menu-item-type-post_type menu-item-object-page menu-item-109\"><a href=\"https:\/\/multi.inhalio.com\/fr\/markets\/rideshare\/\">Partage de v\u00e9hicule<\/a><\/li>\n\t<li id=\"menu-item-108\" class=\"menu-item menu-item-type-post_type menu-item-object-page menu-item-108\"><a href=\"https:\/\/multi.inhalio.com\/fr\/markets\/autonomous\/\">Vehicules autonomes<\/a><\/li>\n\t<li id=\"menu-item-107\" class=\"menu-item menu-item-type-post_type menu-item-object-page menu-item-107\"><a href=\"https:\/\/multi.inhalio.com\/fr\/markets\/connected-home\/\">Maison Intelligente<\/a><\/li>\n\t<li id=\"menu-item-336\" class=\"menu-item menu-item-type-post_type menu-item-object-page menu-item-336\"><a href=\"https:\/\/multi.inhalio.com\/fr\/markets\/hospitality-ambient\/\">H\u00f4tellerie<\/a><\/li>\n\t<li id=\"menu-item-106\" class=\"menu-item menu-item-type-post_type menu-item-object-page menu-item-106\"><a href=\"https:\/\/multi.inhalio.com\/fr\/markets\/retail\/\">Vente au d\u00e9tail<\/a><\/li>\n<\/ul>\n<\/li>\n<li id=\"menu-item-91\" class=\"menu-item menu-item-type-custom menu-item-object-custom menu-item-has-children menu-item-91\"><a>bien-\u00eatre<\/a>\n<ul class=\"sub-menu\">\n\t<li id=\"menu-item-89\" class=\"menu-item menu-item-type-post_type menu-item-object-page menu-item-89\"><a href=\"https:\/\/multi.inhalio.com\/fr\/wellness\/health-wellness\/\">Sant\u00e9 et bien \u00eatre<\/a><\/li>\n\t<li id=\"menu-item-86\" class=\"menu-item menu-item-type-post_type menu-item-object-page menu-item-86\"><a href=\"https:\/\/multi.inhalio.com\/fr\/wellness\/air-sanitizing-scent-cartridges\/\">Cartouches de parfum pour assainir l'air<\/a><\/li>\n\t<li id=\"menu-item-85\" class=\"menu-item menu-item-type-post_type menu-item-object-page menu-item-85\"><a href=\"https:\/\/multi.inhalio.com\/fr\/wellness\/mood-scent-cartridges\/\">Cartouches agissant sur l'humeur<\/a><\/li>\n\t<li id=\"menu-item-88\" class=\"menu-item menu-item-type-post_type menu-item-object-page menu-item-88\"><a href=\"https:\/\/multi.inhalio.com\/fr\/wellness\/malodor-scent-cartridges\/\">Cartouches anti mauvaises odeurs<\/a><\/li>\n\t<li id=\"menu-item-84\" class=\"menu-item menu-item-type-post_type menu-item-object-page menu-item-84\"><a href=\"https:\/\/multi.inhalio.com\/fr\/wellness\/motion-scent-cartridges\/\">Cartouche anti mal de transport<\/a><\/li>\n\t<li id=\"menu-item-83\" class=\"menu-item menu-item-type-post_type menu-item-object-page menu-item-83\"><a href=\"https:\/\/multi.inhalio.com\/fr\/wellness\/safety-compliance\/\">S\u00e9curit\u00e9 et conformit\u00e9<\/a><\/li>\n<\/ul>\n<\/li>\n<li id=\"menu-item-31815\" class=\"menu-item menu-item-type-custom menu-item-object-custom menu-item-has-children menu-item-31815\"><a>Tech<\/a>\n<ul class=\"sub-menu\">\n\t<li id=\"menu-item-31787\" class=\"menu-item menu-item-type-post_type menu-item-object-page menu-item-31787\"><a href=\"https:\/\/multi.inhalio.com\/fr\/tech\/digital-scent-3-0-platform\/\">Plateform Digital Scent 3.0<\/a><\/li>\n\t<li id=\"menu-item-31795\" class=\"menu-item menu-item-type-post_type menu-item-object-page menu-item-31795\"><a href=\"https:\/\/multi.inhalio.com\/fr\/tech\/infusion-and-scent-data-profiles\/\">Profils de donn\u00e9es sur les infusions et les parfums<\/a><\/li>\n\t<li id=\"menu-item-31796\" class=\"menu-item menu-item-type-post_type menu-item-object-page menu-item-31796\"><a href=\"https:\/\/multi.inhalio.com\/fr\/tech\/diffusion-and-delivery-data\/\">Donn\u00e9es sur la diffusion et la livraison<\/a><\/li>\n\t<li id=\"menu-item-31782\" class=\"menu-item menu-item-type-post_type menu-item-object-page menu-item-31782\"><a href=\"https:\/\/multi.inhalio.com\/fr\/tech\/user-apps-and-apis\/\">Apps utilisateur et APIs<\/a><\/li>\n\t<li id=\"menu-item-31801\" class=\"menu-item menu-item-type-post_type menu-item-object-page menu-item-31801\"><a href=\"https:\/\/multi.inhalio.com\/fr\/tech\/cloud-insights-and-data-analytics\/\">Connaissance Client<\/a><\/li>\n<\/ul>\n<\/li>\n<li id=\"menu-item-133\" class=\"menu-item menu-item-type-post_type menu-item-object-page menu-item-133\"><a href=\"https:\/\/multi.inhalio.com\/fr\/partnerships\/\">Partenariats<\/a><\/li>\n<li id=\"menu-item-31351\" class=\"menu-item menu-item-type-custom menu-item-object-custom menu-item-has-children menu-item-31351\"><a href=\"#\">Actualit\u00e9s<\/a>\n<ul class=\"sub-menu\">\n\t<li id=\"menu-item-31908\" class=\"menu-item menu-item-type-taxonomy menu-item-object-category menu-item-31908\"><a href=\"https:\/\/multi.inhalio.com\/fr\/category\/news\/\">Actualit\u00e9s<\/a><\/li>\n\t<li id=\"menu-item-31353\" class=\"menu-item menu-item-type-taxonomy menu-item-object-category menu-item-31353\"><a href=\"https:\/\/multi.inhalio.com\/fr\/category\/blog\/\">Blog<\/a><\/li>\n<\/ul>\n<\/li>\n<li id=\"menu-item-134\" class=\"menu-item menu-item-type-post_type menu-item-object-page menu-item-134\"><a href=\"https:\/\/multi.inhalio.com\/fr\/contact\/\">Contact<\/a><\/li>\n<li id=\"menu-item-26\" class=\"trp-language-switcher-container menu-item menu-item-type-post_type menu-item-object-language_switcher current-language-menu-item menu-item-26\"><a href=\"https:\/\/multi.inhalio.com\/fr\/wp-json\/wp\/v2\/pages\/31956\"><span data-no-translation><img class=\"trp-flag-image\" src=\"https:\/\/multi.inhalio.com\/wp-content\/plugins\/translatepress-multilingual\/assets\/images\/flags\/en_US.png\" width=\"18\" height=\"12\" alt=\"en_US\" title=\"English\"><\/span><\/a><\/li>\n<li id=\"menu-item-27\" class=\"trp-language-switcher-container menu-item menu-item-type-post_type menu-item-object-language_switcher current-language-menu-item menu-item-27\"><a href=\"https:\/\/multi.inhalio.com\/fr\/wp-json\/wp\/v2\/pages\/31956\"><span data-no-translation><img class=\"trp-flag-image\" src=\"https:\/\/multi.inhalio.com\/wp-content\/plugins\/translatepress-multilingual\/assets\/images\/flags\/fr_FR.png\" width=\"18\" height=\"12\" alt=\"fr_FR\" title=\"Fran\u00e7ais\"><\/span><\/a><\/li>\n<li id=\"menu-item-31550\" class=\"trp-language-switcher-container menu-item menu-item-type-post_type menu-item-object-language_switcher current-language-menu-item menu-item-31550\"><a href=\"https:\/\/multi.inhalio.com\/fr\/wp-json\/wp\/v2\/pages\/31956\"><span data-no-translation><img class=\"trp-flag-image\" src=\"https:\/\/multi.inhalio.com\/wp-content\/plugins\/translatepress-multilingual\/assets\/images\/flags\/zh_CN.png\" width=\"18\" height=\"12\" alt=\"zh_CN\" title=\"\u7b80\u4f53\u4e2d\u6587\"><\/span><\/a><\/li>\n<\/ul><\/div>","protected":false},"excerpt":{"rendered":"","protected":false},"author":1,"featured_media":0,"parent":0,"menu_order":0,"comment_status":"closed","ping_status":"closed","template":"","meta":[],"acf":[],"yoast_head":"<!-- This site is optimized with the Yoast SEO plugin v21.1 - https:\/\/yoast.com\/wordpress\/plugins\/seo\/ -->\n<title>SITEMAP - Inhalio<\/title>\n<meta name=\"robots\" content=\"index, follow, max-snippet:-1, max-image-preview:large, max-video-preview:-1\" \/>\n<link rel=\"canonical\" href=\"https:\/\/multi.inhalio.com\/fr\/sitemap\/\" \/>\n<meta property=\"og:locale\" content=\"fr_FR\" \/>\n<meta property=\"og:type\" content=\"article\" \/>\n<meta property=\"og:title\" content=\"SITEMAP - Inhalio\" \/>\n<meta property=\"og:url\" content=\"https:\/\/multi.inhalio.com\/fr\/sitemap\/\" \/>\n<meta property=\"og:site_name\" content=\"Inhalio\" \/>\n<meta property=\"article:publisher\" content=\"https:\/\/www.facebook.com\/inhalio\" \/>\n<meta property=\"article:modified_time\" content=\"2022-02-11T10:58:33+00:00\" \/>\n<meta property=\"og:image\" content=\"https:\/\/multi.inhalio.com\/wp-content\/uploads\/2022\/02\/logo.png\" \/>\n\t<meta property=\"og:image:width\" content=\"1185\" \/>\n\t<meta property=\"og:image:height\" content=\"284\" \/>\n\t<meta property=\"og:image:type\" content=\"image\/png\" \/>\n<meta name=\"twitter:card\" content=\"summary_large_image\" \/>\n<meta name=\"twitter:site\" content=\"@inhalio\" \/>\n<meta name=\"twitter:label1\" content=\"Dur\u00e9e de lecture estim\u00e9e\" \/>\n\t<meta name=\"twitter:data1\" content=\"1 minute\" \/>\n<script type=\"application\/ld+json\" class=\"yoast-schema-graph\">{\"@context\":\"https:\/\/schema.org\",\"@graph\":[{\"@type\":\"WebPage\",\"@id\":\"https:\/\/multi.inhalio.com\/sitemap\/\",\"url\":\"https:\/\/multi.inhalio.com\/sitemap\/\",\"name\":\"SITEMAP - Inhalio\",\"isPartOf\":{\"@id\":\"https:\/\/multi.inhalio.com\/#website\"},\"datePublished\":\"2022-02-11T10:58:32+00:00\",\"dateModified\":\"2022-02-11T10:58:33+00:00\",\"breadcrumb\":{\"@id\":\"https:\/\/multi.inhalio.com\/sitemap\/#breadcrumb\"},\"inLanguage\":\"fr-FR\",\"potentialAction\":[{\"@type\":\"ReadAction\",\"target\":[\"https:\/\/multi.inhalio.com\/sitemap\/\"]}]},{\"@type\":\"BreadcrumbList\",\"@id\":\"https:\/\/multi.inhalio.com\/sitemap\/#breadcrumb\",\"itemListElement\":[{\"@type\":\"ListItem\",\"position\":1,\"name\":\"Home\",\"item\":\"https:\/\/multi.inhalio.com\/\"},{\"@type\":\"ListItem\",\"position\":2,\"name\":\"SITEMAP\"}]},{\"@type\":\"WebSite\",\"@id\":\"https:\/\/multi.inhalio.com\/#website\",\"url\":\"https:\/\/multi.inhalio.com\/\",\"name\":\"Inhalio\",\"description\":\"The World's 1st Connected Platform for Scent | Scent Branding\",\"publisher\":{\"@id\":\"https:\/\/multi.inhalio.com\/#organization\"},\"potentialAction\":[{\"@type\":\"SearchAction\",\"target\":{\"@type\":\"EntryPoint\",\"urlTemplate\":\"https:\/\/multi.inhalio.com\/?s={search_term_string}\"},\"query-input\":\"required name=search_term_string\"}],\"inLanguage\":\"fr-FR\"},{\"@type\":\"Organization\",\"@id\":\"https:\/\/multi.inhalio.com\/#organization\",\"name\":\"Inhalio\",\"url\":\"https:\/\/multi.inhalio.com\/\",\"logo\":{\"@type\":\"ImageObject\",\"inLanguage\":\"fr-FR\",\"@id\":\"https:\/\/multi.inhalio.com\/#\/schema\/logo\/image\/\",\"url\":\"https:\/\/multi.inhalio.com\/wp-content\/uploads\/2022\/02\/logo.png\",\"contentUrl\":\"https:\/\/multi.inhalio.com\/wp-content\/uploads\/2022\/02\/logo.png\",\"width\":1185,\"height\":284,\"caption\":\"Inhalio\"},\"image\":{\"@id\":\"https:\/\/multi.inhalio.com\/#\/schema\/logo\/image\/\"},\"sameAs\":[\"https:\/\/www.facebook.com\/inhalio\",\"https:\/\/twitter.com\/inhalio\",\"https:\/\/www.linkedin.com\/company\/inhali\u00f3\/\"]}]}<\/script>\n<!-- \/ Yoast SEO plugin. -->","yoast_head_json":{"title":"SITEMAP - Inhalio","robots":{"index":"index","follow":"follow","max-snippet":"max-snippet:-1","max-image-preview":"max-image-preview:large","max-video-preview":"max-video-preview:-1"},"canonical":"https:\/\/multi.inhalio.com\/fr\/sitemap\/","og_locale":"fr_FR","og_type":"article","og_title":"SITEMAP - Inhalio","og_url":"https:\/\/multi.inhalio.com\/fr\/sitemap\/","og_site_name":"Inhalio","article_publisher":"https:\/\/www.facebook.com\/inhalio","article_modified_time":"2022-02-11T10:58:33+00:00","og_image":[{"width":1185,"height":284,"url":"https:\/\/multi.inhalio.com\/wp-content\/uploads\/2022\/02\/logo.png","type":"image\/png"}],"twitter_card":"summary_large_image","twitter_site":"@inhalio","twitter_misc":{"Dur\u00e9e de lecture estim\u00e9e":"1 minute"},"schema":{"@context":"https:\/\/schema.org","@graph":[{"@type":"WebPage","@id":"https:\/\/multi.inhalio.com\/sitemap\/","url":"https:\/\/multi.inhalio.com\/sitemap\/","name":"SITEMAP - Inhalio","isPartOf":{"@id":"https:\/\/multi.inhalio.com\/#website"},"datePublished":"2022-02-11T10:58:32+00:00","dateModified":"2022-02-11T10:58:33+00:00","breadcrumb":{"@id":"https:\/\/multi.inhalio.com\/sitemap\/#breadcrumb"},"inLanguage":"fr-FR","potentialAction":[{"@type":"ReadAction","target":["https:\/\/multi.inhalio.com\/sitemap\/"]}]},{"@type":"BreadcrumbList","@id":"https:\/\/multi.inhalio.com\/sitemap\/#breadcrumb","itemListElement":[{"@type":"ListItem","position":1,"name":"Home","item":"https:\/\/multi.inhalio.com\/"},{"@type":"ListItem","position":2,"name":"SITEMAP"}]},{"@type":"WebSite","@id":"https:\/\/multi.inhalio.com\/#website","url":"https:\/\/multi.inhalio.com\/","name":"Inhalio","description":"The World's 1st Connected Platform for Scent | Scent Branding","publisher":{"@id":"https:\/\/multi.inhalio.com\/#organization"},"potentialAction":[{"@type":"SearchAction","target":{"@type":"EntryPoint","urlTemplate":"https:\/\/multi.inhalio.com\/?s={search_term_string}"},"query-input":"required name=search_term_string"}],"inLanguage":"fr-FR"},{"@type":"Organization","@id":"https:\/\/multi.inhalio.com\/#organization","name":"Inhalio","url":"https:\/\/multi.inhalio.com\/","logo":{"@type":"ImageObject","inLanguage":"fr-FR","@id":"https:\/\/multi.inhalio.com\/#\/schema\/logo\/image\/","url":"https:\/\/multi.inhalio.com\/wp-content\/uploads\/2022\/02\/logo.png","contentUrl":"https:\/\/multi.inhalio.com\/wp-content\/uploads\/2022\/02\/logo.png","width":1185,"height":284,"caption":"Inhalio"},"image":{"@id":"https:\/\/multi.inhalio.com\/#\/schema\/logo\/image\/"},"sameAs":["https:\/\/www.facebook.com\/inhalio","https:\/\/twitter.com\/inhalio","https:\/\/www.linkedin.com\/company\/inhali\u00f3\/"]}]}},"_links":{"self":[{"href":"https:\/\/multi.inhalio.com\/fr\/wp-json\/wp\/v2\/pages\/31956"}],"collection":[{"href":"https:\/\/multi.inhalio.com\/fr\/wp-json\/wp\/v2\/pages"}],"about":[{"href":"https:\/\/multi.inhalio.com\/fr\/wp-json\/wp\/v2\/types\/page"}],"author":[{"embeddable":true,"href":"https:\/\/multi.inhalio.com\/fr\/wp-json\/wp\/v2\/users\/1"}],"replies":[{"embeddable":true,"href":"https:\/\/multi.inhalio.com\/fr\/wp-json\/wp\/v2\/comments?post=31956"}],"version-history":[{"count":1,"href":"https:\/\/multi.inhalio.com\/fr\/wp-json\/wp\/v2\/pages\/31956\/revisions"}],"predecessor-version":[{"id":31957,"href":"https:\/\/multi.inhalio.com\/fr\/wp-json\/wp\/v2\/pages\/31956\/revisions\/31957"}],"wp:attachment":[{"href":"https:\/\/multi.inhalio.com\/fr\/wp-json\/wp\/v2\/media?parent=31956"}],"curies":[{"name":"wp","href":"https:\/\/api.w.org\/{rel}","templated":true}]}}