{"id":31799,"date":"2022-02-02T16:01:48","date_gmt":"2022-02-02T16:01:48","guid":{"rendered":"https:\/\/multi.inhalio.com\/?page_id=31799"},"modified":"2022-03-29T20:45:02","modified_gmt":"2022-03-29T20:45:02","slug":"cloud-insights-and-data-analytics","status":"publish","type":"page","link":"https:\/\/multi.inhalio.com\/fr\/tech\/cloud-insights-and-data-analytics\/","title":{"rendered":"CLoud Insights et Data Analytics"},"content":{"rendered":"<h2 id=\"tech-consumer-insights\/\">Cloud Insights et Data Analytics<\/h2>\n\n\n\n<p>La plateforme Digital Scent 3.0 d'Inhalio est n\u00e9e dans le nuage. D\u00e8s le d\u00e9but, la plateforme Digital Scent a \u00e9t\u00e9 con\u00e7ue pour contr\u00f4ler, surveiller, g\u00e9rer et collecter des donn\u00e9es sur chaque diffuseur individuel, sur des groupes de diffuseurs dans une installation ou sur un r\u00e9seau mondial de millions de diffuseurs. Inhalio capture des donn\u00e9es sur les actions de chaque diffuseur et conna\u00eet la charge utile de l'ingr\u00e9dient parfumant contenu dans chaque cartouche. Inhalio recueille une quantit\u00e9 de donn\u00e9es sans pr\u00e9c\u00e9dent : ce qui a \u00e9t\u00e9 diffus\u00e9, quand cela a \u00e9t\u00e9 diffus\u00e9, les pr\u00e9f\u00e9rences de l'utilisateur en mati\u00e8re de parfum, les pr\u00e9f\u00e9rences de diffusion en termes de cadence et d'intensit\u00e9, les donn\u00e9es d'enqu\u00eate et les donn\u00e9es de la cha\u00eene d'approvisionnement sur l'\u00e9puisement et les commandes de cartouches.<\/p>\n\n\n\n<div class=\"wp-block-image\"><figure class=\"aligncenter size-large is-resized\"><img decoding=\"async\" loading=\"lazy\" src=\"https:\/\/multi.inhalio.com\/wp-content\/uploads\/2022\/03\/PLATFORM-STACK-CLOUD-ONLY-08162021_337-1024x212.png\" alt=\"\" class=\"wp-image-32266\" width=\"768\" height=\"159\" srcset=\"https:\/\/multi.inhalio.com\/wp-content\/uploads\/2022\/03\/PLATFORM-STACK-CLOUD-ONLY-08162021_337-1024x212.png 1024w, https:\/\/multi.inhalio.com\/wp-content\/uploads\/2022\/03\/PLATFORM-STACK-CLOUD-ONLY-08162021_337-300x62.png 300w, https:\/\/multi.inhalio.com\/wp-content\/uploads\/2022\/03\/PLATFORM-STACK-CLOUD-ONLY-08162021_337-768x159.png 768w, https:\/\/multi.inhalio.com\/wp-content\/uploads\/2022\/03\/PLATFORM-STACK-CLOUD-ONLY-08162021_337-1536x318.png 1536w, https:\/\/multi.inhalio.com\/wp-content\/uploads\/2022\/03\/PLATFORM-STACK-CLOUD-ONLY-08162021_337-2048x424.png 2048w, https:\/\/multi.inhalio.com\/wp-content\/uploads\/2022\/03\/PLATFORM-STACK-CLOUD-ONLY-08162021_337-18x4.png 18w\" sizes=\"(max-width: 768px) 100vw, 768px\" \/><\/figure><\/div>\n\n\n\n<p>Inhalio fournit ces donn\u00e9es d\u00e9taill\u00e9es ainsi qu'une analyse et une visualisation mondiales dans le cadre de notre licence technologique pour aider nos clients et partenaires \u00e0 obtenir des informations in\u00e9gal\u00e9es sur les pr\u00e9f\u00e9rences, l'utilisation et les tendances olfactives de leurs clients.<\/p>\n\n\n\n<ul><li>Support cloud - connect\u00e9 aux centres de donn\u00e9es cloud d'Inhalio dans le monde entier pour contr\u00f4ler et surveiller les syst\u00e8mes.<\/li><li>Instance sp\u00e9cifique au client - instance cloud unique pour surveiller, contr\u00f4ler et g\u00e9rer le r\u00e9seau de chaque marque.<\/li><li>Confidentialit\u00e9 totale des donn\u00e9es - l'instance cloud du client ne contient que des donn\u00e9es client anonymis\u00e9es.<\/li><li>Multi-cloud - la prise en charge du cloud hybride permet de se connecter au cloud de la marque pour les abonnements\/paiements.<\/li><li>Syst\u00e8me de soutien - un syst\u00e8me de cochage de soutien est disponible pour aider la marque \u00e0 g\u00e9rer ses clients.<\/li><li>Communication avec les clients - Acc\u00e8s direct \u00e0 chacun de tes clients par le biais de l'application texte\/email.<\/li><li>Connaissances des clients - les visualisations et les renseignements commerciaux mettent en \u00e9vidence les pr\u00e9f\u00e9rences et les tendances des consommateurs.<\/li><li>Gestion de la cha\u00eene d'approvisionnement - surveillance et alertes pour soutenir la notification au syst\u00e8me CRM\/ERP de la marque.<\/li><\/ul>","protected":false},"excerpt":{"rendered":"<p>Cloud Insights and Data Analytics The Inhalio Digital Scent 3.0 Platform was born in the cloud. From its very beginning the digital scent platform has &#8230; <\/p>\n<p class=\"read-more-container\"><a title=\"CLoud Insights et Data Analytics\" class=\"read-more button\" href=\"https:\/\/multi.inhalio.com\/fr\/tech\/cloud-insights-and-data-analytics\/#more-31799\" aria-label=\"En savoir plus sur CLoud Insights and Data Analytics\">Lire la suite<\/a><\/p>","protected":false},"author":1,"featured_media":306,"parent":32231,"menu_order":4,"comment_status":"closed","ping_status":"closed","template":"","meta":[],"acf":[],"yoast_head":"<!-- This site is optimized with the Yoast SEO plugin v21.1 - https:\/\/yoast.com\/wordpress\/plugins\/seo\/ -->\n<title>CLoud Insights and Data Analytics - Inhalio<\/title>\n<meta name=\"robots\" content=\"index, follow, max-snippet:-1, max-image-preview:large, max-video-preview:-1\" \/>\n<link rel=\"canonical\" href=\"https:\/\/multi.inhalio.com\/fr\/tech\/cloud-insights-and-data-analytics\/\" \/>\n<meta property=\"og:locale\" content=\"fr_FR\" \/>\n<meta property=\"og:type\" content=\"article\" \/>\n<meta property=\"og:title\" content=\"CLoud Insights and Data Analytics - Inhalio\" \/>\n<meta property=\"og:description\" content=\"Cloud Insights and Data Analytics The Inhalio Digital Scent 3.0 Platform was born in the cloud. From its very beginning the digital scent platform has ... Read more\" \/>\n<meta property=\"og:url\" content=\"https:\/\/multi.inhalio.com\/fr\/tech\/cloud-insights-and-data-analytics\/\" \/>\n<meta property=\"og:site_name\" content=\"Inhalio\" \/>\n<meta property=\"article:publisher\" content=\"https:\/\/www.facebook.com\/inhalio\" \/>\n<meta property=\"article:modified_time\" content=\"2022-03-29T20:45:02+00:00\" \/>\n<meta property=\"og:image\" content=\"https:\/\/multi.inhalio.com\/wp-content\/uploads\/2022\/01\/DSP-MOLECUES-STACK-L-R-01.png\" \/>\n\t<meta property=\"og:image:width\" content=\"1858\" \/>\n\t<meta property=\"og:image:height\" content=\"1073\" \/>\n\t<meta property=\"og:image:type\" content=\"image\/png\" \/>\n<meta name=\"twitter:card\" content=\"summary_large_image\" \/>\n<meta name=\"twitter:site\" content=\"@inhalio\" \/>\n<meta name=\"twitter:label1\" content=\"Dur\u00e9e de lecture estim\u00e9e\" \/>\n\t<meta name=\"twitter:data1\" content=\"2 minutes\" \/>\n<script type=\"application\/ld+json\" class=\"yoast-schema-graph\">{\"@context\":\"https:\/\/schema.org\",\"@graph\":[{\"@type\":\"WebPage\",\"@id\":\"https:\/\/multi.inhalio.com\/tech\/cloud-insights-and-data-analytics\/\",\"url\":\"https:\/\/multi.inhalio.com\/tech\/cloud-insights-and-data-analytics\/\",\"name\":\"CLoud Insights and Data Analytics - Inhalio\",\"isPartOf\":{\"@id\":\"https:\/\/multi.inhalio.com\/#website\"},\"datePublished\":\"2022-02-02T16:01:48+00:00\",\"dateModified\":\"2022-03-29T20:45:02+00:00\",\"breadcrumb\":{\"@id\":\"https:\/\/multi.inhalio.com\/tech\/cloud-insights-and-data-analytics\/#breadcrumb\"},\"inLanguage\":\"fr-FR\",\"potentialAction\":[{\"@type\":\"ReadAction\",\"target\":[\"https:\/\/multi.inhalio.com\/tech\/cloud-insights-and-data-analytics\/\"]}]},{\"@type\":\"BreadcrumbList\",\"@id\":\"https:\/\/multi.inhalio.com\/tech\/cloud-insights-and-data-analytics\/#breadcrumb\",\"itemListElement\":[{\"@type\":\"ListItem\",\"position\":1,\"name\":\"Home\",\"item\":\"https:\/\/multi.inhalio.com\/\"},{\"@type\":\"ListItem\",\"position\":2,\"name\":\"Tech\",\"item\":\"https:\/\/multi.inhalio.com\/tech\/\"},{\"@type\":\"ListItem\",\"position\":3,\"name\":\"CLoud Insights and Data Analytics\"}]},{\"@type\":\"WebSite\",\"@id\":\"https:\/\/multi.inhalio.com\/#website\",\"url\":\"https:\/\/multi.inhalio.com\/\",\"name\":\"Inhalio\",\"description\":\"The World's 1st Connected Platform for Scent | Scent Branding\",\"publisher\":{\"@id\":\"https:\/\/multi.inhalio.com\/#organization\"},\"potentialAction\":[{\"@type\":\"SearchAction\",\"target\":{\"@type\":\"EntryPoint\",\"urlTemplate\":\"https:\/\/multi.inhalio.com\/?s={search_term_string}\"},\"query-input\":\"required name=search_term_string\"}],\"inLanguage\":\"fr-FR\"},{\"@type\":\"Organization\",\"@id\":\"https:\/\/multi.inhalio.com\/#organization\",\"name\":\"Inhalio\",\"url\":\"https:\/\/multi.inhalio.com\/\",\"logo\":{\"@type\":\"ImageObject\",\"inLanguage\":\"fr-FR\",\"@id\":\"https:\/\/multi.inhalio.com\/#\/schema\/logo\/image\/\",\"url\":\"https:\/\/multi.inhalio.com\/wp-content\/uploads\/2022\/02\/logo.png\",\"contentUrl\":\"https:\/\/multi.inhalio.com\/wp-content\/uploads\/2022\/02\/logo.png\",\"width\":1185,\"height\":284,\"caption\":\"Inhalio\"},\"image\":{\"@id\":\"https:\/\/multi.inhalio.com\/#\/schema\/logo\/image\/\"},\"sameAs\":[\"https:\/\/www.facebook.com\/inhalio\",\"https:\/\/twitter.com\/inhalio\",\"https:\/\/www.linkedin.com\/company\/inhali\u00f3\/\"]}]}<\/script>\n<!-- \/ Yoast SEO plugin. -->","yoast_head_json":{"title":"CLoud Insights and Data Analytics - Inhalio","robots":{"index":"index","follow":"follow","max-snippet":"max-snippet:-1","max-image-preview":"max-image-preview:large","max-video-preview":"max-video-preview:-1"},"canonical":"https:\/\/multi.inhalio.com\/fr\/tech\/cloud-insights-and-data-analytics\/","og_locale":"fr_FR","og_type":"article","og_title":"CLoud Insights and Data Analytics - Inhalio","og_description":"Cloud Insights and Data Analytics The Inhalio Digital Scent 3.0 Platform was born in the cloud. From its very beginning the digital scent platform has ... Read more","og_url":"https:\/\/multi.inhalio.com\/fr\/tech\/cloud-insights-and-data-analytics\/","og_site_name":"Inhalio","article_publisher":"https:\/\/www.facebook.com\/inhalio","article_modified_time":"2022-03-29T20:45:02+00:00","og_image":[{"width":1858,"height":1073,"url":"https:\/\/multi.inhalio.com\/wp-content\/uploads\/2022\/01\/DSP-MOLECUES-STACK-L-R-01.png","type":"image\/png"}],"twitter_card":"summary_large_image","twitter_site":"@inhalio","twitter_misc":{"Dur\u00e9e de lecture estim\u00e9e":"2 minutes"},"schema":{"@context":"https:\/\/schema.org","@graph":[{"@type":"WebPage","@id":"https:\/\/multi.inhalio.com\/tech\/cloud-insights-and-data-analytics\/","url":"https:\/\/multi.inhalio.com\/tech\/cloud-insights-and-data-analytics\/","name":"CLoud Insights and Data Analytics - Inhalio","isPartOf":{"@id":"https:\/\/multi.inhalio.com\/#website"},"datePublished":"2022-02-02T16:01:48+00:00","dateModified":"2022-03-29T20:45:02+00:00","breadcrumb":{"@id":"https:\/\/multi.inhalio.com\/tech\/cloud-insights-and-data-analytics\/#breadcrumb"},"inLanguage":"fr-FR","potentialAction":[{"@type":"ReadAction","target":["https:\/\/multi.inhalio.com\/tech\/cloud-insights-and-data-analytics\/"]}]},{"@type":"BreadcrumbList","@id":"https:\/\/multi.inhalio.com\/tech\/cloud-insights-and-data-analytics\/#breadcrumb","itemListElement":[{"@type":"ListItem","position":1,"name":"Home","item":"https:\/\/multi.inhalio.com\/"},{"@type":"ListItem","position":2,"name":"Tech","item":"https:\/\/multi.inhalio.com\/tech\/"},{"@type":"ListItem","position":3,"name":"CLoud Insights and Data Analytics"}]},{"@type":"WebSite","@id":"https:\/\/multi.inhalio.com\/#website","url":"https:\/\/multi.inhalio.com\/","name":"Inhalio","description":"The World's 1st Connected Platform for Scent | Scent Branding","publisher":{"@id":"https:\/\/multi.inhalio.com\/#organization"},"potentialAction":[{"@type":"SearchAction","target":{"@type":"EntryPoint","urlTemplate":"https:\/\/multi.inhalio.com\/?s={search_term_string}"},"query-input":"required name=search_term_string"}],"inLanguage":"fr-FR"},{"@type":"Organization","@id":"https:\/\/multi.inhalio.com\/#organization","name":"Inhalio","url":"https:\/\/multi.inhalio.com\/","logo":{"@type":"ImageObject","inLanguage":"fr-FR","@id":"https:\/\/multi.inhalio.com\/#\/schema\/logo\/image\/","url":"https:\/\/multi.inhalio.com\/wp-content\/uploads\/2022\/02\/logo.png","contentUrl":"https:\/\/multi.inhalio.com\/wp-content\/uploads\/2022\/02\/logo.png","width":1185,"height":284,"caption":"Inhalio"},"image":{"@id":"https:\/\/multi.inhalio.com\/#\/schema\/logo\/image\/"},"sameAs":["https:\/\/www.facebook.com\/inhalio","https:\/\/twitter.com\/inhalio","https:\/\/www.linkedin.com\/company\/inhali\u00f3\/"]}]}},"_links":{"self":[{"href":"https:\/\/multi.inhalio.com\/fr\/wp-json\/wp\/v2\/pages\/31799"}],"collection":[{"href":"https:\/\/multi.inhalio.com\/fr\/wp-json\/wp\/v2\/pages"}],"about":[{"href":"https:\/\/multi.inhalio.com\/fr\/wp-json\/wp\/v2\/types\/page"}],"author":[{"embeddable":true,"href":"https:\/\/multi.inhalio.com\/fr\/wp-json\/wp\/v2\/users\/1"}],"replies":[{"embeddable":true,"href":"https:\/\/multi.inhalio.com\/fr\/wp-json\/wp\/v2\/comments?post=31799"}],"version-history":[{"count":31,"href":"https:\/\/multi.inhalio.com\/fr\/wp-json\/wp\/v2\/pages\/31799\/revisions"}],"predecessor-version":[{"id":32277,"href":"https:\/\/multi.inhalio.com\/fr\/wp-json\/wp\/v2\/pages\/31799\/revisions\/32277"}],"up":[{"embeddable":true,"href":"https:\/\/multi.inhalio.com\/fr\/wp-json\/wp\/v2\/pages\/32231"}],"wp:featuredmedia":[{"embeddable":true,"href":"https:\/\/multi.inhalio.com\/fr\/wp-json\/wp\/v2\/media\/306"}],"wp:attachment":[{"href":"https:\/\/multi.inhalio.com\/fr\/wp-json\/wp\/v2\/media?parent=31799"}],"curies":[{"name":"wp","href":"https:\/\/api.w.org\/{rel}","templated":true}]}}