{"id":31790,"date":"2022-02-02T15:54:04","date_gmt":"2022-02-02T15:54:04","guid":{"rendered":"https:\/\/multi.inhalio.com\/?page_id=31790"},"modified":"2022-03-29T20:30:44","modified_gmt":"2022-03-29T20:30:44","slug":"diffusion-and-delivery-data","status":"publish","type":"page","link":"https:\/\/multi.inhalio.com\/fr\/tech\/diffusion-and-delivery-data\/","title":{"rendered":"Donn\u00e9es sur la diffusion et la livraison"},"content":{"rendered":"<h2 id=\"tech-scent-diffusion\/\">Donn\u00e9es sur la diffusion et la livraison<\/h2>\n\n\n\n<p>L'entreprise est \u00e0 la fois un pionnier et un leader de la technologie de diffusion multi-senteurs \u00e0 air sec, g\u00e9r\u00e9e par le cloud. En combinant une orientation centr\u00e9e sur les donn\u00e9es et des capacit\u00e9s connect\u00e9es au cloud, la technologie de diffusion de parfums multibrevet\u00e9e d'Inhalio offre aux clients et aux partenaires une plateforme in\u00e9gal\u00e9e en mati\u00e8re de syst\u00e8mes de diffusion de parfums flexibles et abordables.<\/p>\n\n\n\n<p>Les param\u00e8tres de performance du diffuseur garantissent une cadence de diffusion de parfum pr\u00e9cise et optimale pour l'environnement associ\u00e9 et le profil de diffusion du parfum \u00e0 l'aide d'algorithmes avanc\u00e9s, la reconnaissance et l'authentification automatiques des cartouches, et l'absence de contamination crois\u00e9e dans un syst\u00e8me de diffusion multi-senteurs. En plus des param\u00e8tres de sant\u00e9 de la perfusion, les param\u00e8tres de sant\u00e9 de la diffusion comprennent un syst\u00e8me de diffusion \u00e0 l'air sec avec les taux de ppm les plus bas possibles, et une fuite de parfum quasi nulle lorsqu'aucune diffusion n'est n\u00e9cessaire. Les facteurs \u00e9cologiques comprennent la prise en charge de profils de diffusion optimaux, des mat\u00e9riaux bio-sourc\u00e9s, des appareils \u00e0 l'empreinte r\u00e9duite, une consommation d'\u00e9nergie plus faible et des cartouches r\u00e9utilisables.<\/p>\n\n\n\n<div class=\"wp-block-image\"><figure class=\"aligncenter size-large is-resized\"><img decoding=\"async\" loading=\"lazy\" src=\"https:\/\/multi.inhalio.com\/wp-content\/uploads\/2022\/03\/PLATFORM-STACK-DIFFUSION-ONLY-08162021_337-1024x201.png\" alt=\"\" class=\"wp-image-32265\" width=\"768\" height=\"151\" srcset=\"https:\/\/multi.inhalio.com\/wp-content\/uploads\/2022\/03\/PLATFORM-STACK-DIFFUSION-ONLY-08162021_337-1024x201.png 1024w, https:\/\/multi.inhalio.com\/wp-content\/uploads\/2022\/03\/PLATFORM-STACK-DIFFUSION-ONLY-08162021_337-300x59.png 300w, https:\/\/multi.inhalio.com\/wp-content\/uploads\/2022\/03\/PLATFORM-STACK-DIFFUSION-ONLY-08162021_337-768x151.png 768w, https:\/\/multi.inhalio.com\/wp-content\/uploads\/2022\/03\/PLATFORM-STACK-DIFFUSION-ONLY-08162021_337-1536x301.png 1536w, https:\/\/multi.inhalio.com\/wp-content\/uploads\/2022\/03\/PLATFORM-STACK-DIFFUSION-ONLY-08162021_337-2048x401.png 2048w, https:\/\/multi.inhalio.com\/wp-content\/uploads\/2022\/03\/PLATFORM-STACK-DIFFUSION-ONLY-08162021_337-18x4.png 18w\" sizes=\"(max-width: 768px) 100vw, 768px\" \/><\/figure><\/div>\n\n\n\n<ul><li>Conceptions de r\u00e9f\u00e9rence pr\u00eates \u00e0 l'emploi - \u00e9lectronique compl\u00e8te, m\u00e9canique, r\u00e9seau, alimentation, encapsulation<\/li><li>Firmware avanc\u00e9 - assure les bons param\u00e8tres de diffusion, les communications App et Cloud, la programmation.<\/li><li>Lib\u00e9ration contr\u00f4l\u00e9e avec pr\u00e9cision - pour la dur\u00e9e de diffusion du parfum, l'intensit\u00e9, la taille de la pi\u00e8ce et la cadence.<\/li><li>Disponible pour le re-marquage ou la personnalisation - utilise les designs tels quels avec ton logo ou cr\u00e9e ton propre support de certification - conseils pour la certification internationale des appareils tels que test\u00e9s et approuv\u00e9s par UL.<\/li><\/ul>","protected":false},"excerpt":{"rendered":"<p>Diffusion and Delivery Data The company is both a pioneer and a leader in cloud managed, dry-air multi-scent diffusion technology. By combining a data-centric focus &#8230; <\/p>\n<p class=\"read-more-container\"><a title=\"Donn\u00e9es sur la diffusion et la livraison\" class=\"read-more button\" href=\"https:\/\/multi.inhalio.com\/fr\/tech\/diffusion-and-delivery-data\/#more-31790\" aria-label=\"En savoir plus sur Diffusion and Delivery Data\">Lire la suite<\/a><\/p>","protected":false},"author":1,"featured_media":31413,"parent":32231,"menu_order":2,"comment_status":"closed","ping_status":"closed","template":"","meta":[],"acf":[],"yoast_head":"<!-- This site is optimized with the Yoast SEO plugin v21.1 - https:\/\/yoast.com\/wordpress\/plugins\/seo\/ -->\n<title>Diffusion and Delivery Data - Inhalio<\/title>\n<meta name=\"robots\" content=\"index, follow, max-snippet:-1, max-image-preview:large, max-video-preview:-1\" \/>\n<link rel=\"canonical\" href=\"https:\/\/multi.inhalio.com\/fr\/tech\/diffusion-and-delivery-data\/\" \/>\n<meta property=\"og:locale\" content=\"fr_FR\" \/>\n<meta property=\"og:type\" content=\"article\" \/>\n<meta property=\"og:title\" content=\"Diffusion and Delivery Data - Inhalio\" \/>\n<meta property=\"og:description\" content=\"Diffusion and Delivery Data The company is both a pioneer and a leader in cloud managed, dry-air multi-scent diffusion technology. By combining a data-centric focus ... Read more\" \/>\n<meta property=\"og:url\" content=\"https:\/\/multi.inhalio.com\/fr\/tech\/diffusion-and-delivery-data\/\" \/>\n<meta property=\"og:site_name\" content=\"Inhalio\" \/>\n<meta property=\"article:publisher\" content=\"https:\/\/www.facebook.com\/inhalio\" \/>\n<meta property=\"article:modified_time\" content=\"2022-03-29T20:30:44+00:00\" \/>\n<meta property=\"og:image\" content=\"https:\/\/multi.inhalio.com\/wp-content\/uploads\/2018\/01\/BW-Woman-Orange-Roses-with-Car-in-BKG.png\" \/>\n\t<meta property=\"og:image:width\" content=\"960\" \/>\n\t<meta property=\"og:image:height\" content=\"578\" \/>\n\t<meta property=\"og:image:type\" content=\"image\/png\" \/>\n<meta name=\"twitter:card\" content=\"summary_large_image\" \/>\n<meta name=\"twitter:site\" content=\"@inhalio\" \/>\n<meta name=\"twitter:label1\" content=\"Dur\u00e9e de lecture estim\u00e9e\" \/>\n\t<meta name=\"twitter:data1\" content=\"2 minutes\" \/>\n<script type=\"application\/ld+json\" class=\"yoast-schema-graph\">{\"@context\":\"https:\/\/schema.org\",\"@graph\":[{\"@type\":\"WebPage\",\"@id\":\"https:\/\/multi.inhalio.com\/tech\/diffusion-and-delivery-data\/\",\"url\":\"https:\/\/multi.inhalio.com\/tech\/diffusion-and-delivery-data\/\",\"name\":\"Diffusion and Delivery Data - Inhalio\",\"isPartOf\":{\"@id\":\"https:\/\/multi.inhalio.com\/#website\"},\"datePublished\":\"2022-02-02T15:54:04+00:00\",\"dateModified\":\"2022-03-29T20:30:44+00:00\",\"breadcrumb\":{\"@id\":\"https:\/\/multi.inhalio.com\/tech\/diffusion-and-delivery-data\/#breadcrumb\"},\"inLanguage\":\"fr-FR\",\"potentialAction\":[{\"@type\":\"ReadAction\",\"target\":[\"https:\/\/multi.inhalio.com\/tech\/diffusion-and-delivery-data\/\"]}]},{\"@type\":\"BreadcrumbList\",\"@id\":\"https:\/\/multi.inhalio.com\/tech\/diffusion-and-delivery-data\/#breadcrumb\",\"itemListElement\":[{\"@type\":\"ListItem\",\"position\":1,\"name\":\"Home\",\"item\":\"https:\/\/multi.inhalio.com\/\"},{\"@type\":\"ListItem\",\"position\":2,\"name\":\"Tech\",\"item\":\"https:\/\/multi.inhalio.com\/tech\/\"},{\"@type\":\"ListItem\",\"position\":3,\"name\":\"Diffusion and Delivery Data\"}]},{\"@type\":\"WebSite\",\"@id\":\"https:\/\/multi.inhalio.com\/#website\",\"url\":\"https:\/\/multi.inhalio.com\/\",\"name\":\"Inhalio\",\"description\":\"The World's 1st Connected Platform for Scent | Scent Branding\",\"publisher\":{\"@id\":\"https:\/\/multi.inhalio.com\/#organization\"},\"potentialAction\":[{\"@type\":\"SearchAction\",\"target\":{\"@type\":\"EntryPoint\",\"urlTemplate\":\"https:\/\/multi.inhalio.com\/?s={search_term_string}\"},\"query-input\":\"required name=search_term_string\"}],\"inLanguage\":\"fr-FR\"},{\"@type\":\"Organization\",\"@id\":\"https:\/\/multi.inhalio.com\/#organization\",\"name\":\"Inhalio\",\"url\":\"https:\/\/multi.inhalio.com\/\",\"logo\":{\"@type\":\"ImageObject\",\"inLanguage\":\"fr-FR\",\"@id\":\"https:\/\/multi.inhalio.com\/#\/schema\/logo\/image\/\",\"url\":\"https:\/\/multi.inhalio.com\/wp-content\/uploads\/2022\/02\/logo.png\",\"contentUrl\":\"https:\/\/multi.inhalio.com\/wp-content\/uploads\/2022\/02\/logo.png\",\"width\":1185,\"height\":284,\"caption\":\"Inhalio\"},\"image\":{\"@id\":\"https:\/\/multi.inhalio.com\/#\/schema\/logo\/image\/\"},\"sameAs\":[\"https:\/\/www.facebook.com\/inhalio\",\"https:\/\/twitter.com\/inhalio\",\"https:\/\/www.linkedin.com\/company\/inhali\u00f3\/\"]}]}<\/script>\n<!-- \/ Yoast SEO plugin. -->","yoast_head_json":{"title":"Diffusion and Delivery Data - Inhalio","robots":{"index":"index","follow":"follow","max-snippet":"max-snippet:-1","max-image-preview":"max-image-preview:large","max-video-preview":"max-video-preview:-1"},"canonical":"https:\/\/multi.inhalio.com\/fr\/tech\/diffusion-and-delivery-data\/","og_locale":"fr_FR","og_type":"article","og_title":"Diffusion and Delivery Data - Inhalio","og_description":"Diffusion and Delivery Data The company is both a pioneer and a leader in cloud managed, dry-air multi-scent diffusion technology. By combining a data-centric focus ... Read more","og_url":"https:\/\/multi.inhalio.com\/fr\/tech\/diffusion-and-delivery-data\/","og_site_name":"Inhalio","article_publisher":"https:\/\/www.facebook.com\/inhalio","article_modified_time":"2022-03-29T20:30:44+00:00","og_image":[{"width":960,"height":578,"url":"https:\/\/multi.inhalio.com\/wp-content\/uploads\/2018\/01\/BW-Woman-Orange-Roses-with-Car-in-BKG.png","type":"image\/png"}],"twitter_card":"summary_large_image","twitter_site":"@inhalio","twitter_misc":{"Dur\u00e9e de lecture estim\u00e9e":"2 minutes"},"schema":{"@context":"https:\/\/schema.org","@graph":[{"@type":"WebPage","@id":"https:\/\/multi.inhalio.com\/tech\/diffusion-and-delivery-data\/","url":"https:\/\/multi.inhalio.com\/tech\/diffusion-and-delivery-data\/","name":"Diffusion and Delivery Data - Inhalio","isPartOf":{"@id":"https:\/\/multi.inhalio.com\/#website"},"datePublished":"2022-02-02T15:54:04+00:00","dateModified":"2022-03-29T20:30:44+00:00","breadcrumb":{"@id":"https:\/\/multi.inhalio.com\/tech\/diffusion-and-delivery-data\/#breadcrumb"},"inLanguage":"fr-FR","potentialAction":[{"@type":"ReadAction","target":["https:\/\/multi.inhalio.com\/tech\/diffusion-and-delivery-data\/"]}]},{"@type":"BreadcrumbList","@id":"https:\/\/multi.inhalio.com\/tech\/diffusion-and-delivery-data\/#breadcrumb","itemListElement":[{"@type":"ListItem","position":1,"name":"Home","item":"https:\/\/multi.inhalio.com\/"},{"@type":"ListItem","position":2,"name":"Tech","item":"https:\/\/multi.inhalio.com\/tech\/"},{"@type":"ListItem","position":3,"name":"Diffusion and Delivery Data"}]},{"@type":"WebSite","@id":"https:\/\/multi.inhalio.com\/#website","url":"https:\/\/multi.inhalio.com\/","name":"Inhalio","description":"The World's 1st Connected Platform for Scent | Scent Branding","publisher":{"@id":"https:\/\/multi.inhalio.com\/#organization"},"potentialAction":[{"@type":"SearchAction","target":{"@type":"EntryPoint","urlTemplate":"https:\/\/multi.inhalio.com\/?s={search_term_string}"},"query-input":"required name=search_term_string"}],"inLanguage":"fr-FR"},{"@type":"Organization","@id":"https:\/\/multi.inhalio.com\/#organization","name":"Inhalio","url":"https:\/\/multi.inhalio.com\/","logo":{"@type":"ImageObject","inLanguage":"fr-FR","@id":"https:\/\/multi.inhalio.com\/#\/schema\/logo\/image\/","url":"https:\/\/multi.inhalio.com\/wp-content\/uploads\/2022\/02\/logo.png","contentUrl":"https:\/\/multi.inhalio.com\/wp-content\/uploads\/2022\/02\/logo.png","width":1185,"height":284,"caption":"Inhalio"},"image":{"@id":"https:\/\/multi.inhalio.com\/#\/schema\/logo\/image\/"},"sameAs":["https:\/\/www.facebook.com\/inhalio","https:\/\/twitter.com\/inhalio","https:\/\/www.linkedin.com\/company\/inhali\u00f3\/"]}]}},"_links":{"self":[{"href":"https:\/\/multi.inhalio.com\/fr\/wp-json\/wp\/v2\/pages\/31790"}],"collection":[{"href":"https:\/\/multi.inhalio.com\/fr\/wp-json\/wp\/v2\/pages"}],"about":[{"href":"https:\/\/multi.inhalio.com\/fr\/wp-json\/wp\/v2\/types\/page"}],"author":[{"embeddable":true,"href":"https:\/\/multi.inhalio.com\/fr\/wp-json\/wp\/v2\/users\/1"}],"replies":[{"embeddable":true,"href":"https:\/\/multi.inhalio.com\/fr\/wp-json\/wp\/v2\/comments?post=31790"}],"version-history":[{"count":3,"href":"https:\/\/multi.inhalio.com\/fr\/wp-json\/wp\/v2\/pages\/31790\/revisions"}],"predecessor-version":[{"id":32272,"href":"https:\/\/multi.inhalio.com\/fr\/wp-json\/wp\/v2\/pages\/31790\/revisions\/32272"}],"up":[{"embeddable":true,"href":"https:\/\/multi.inhalio.com\/fr\/wp-json\/wp\/v2\/pages\/32231"}],"wp:featuredmedia":[{"embeddable":true,"href":"https:\/\/multi.inhalio.com\/fr\/wp-json\/wp\/v2\/media\/31413"}],"wp:attachment":[{"href":"https:\/\/multi.inhalio.com\/fr\/wp-json\/wp\/v2\/media?parent=31790"}],"curies":[{"name":"wp","href":"https:\/\/api.w.org\/{rel}","templated":true}]}}