{"id":31788,"date":"2022-02-02T15:53:32","date_gmt":"2022-02-02T15:53:32","guid":{"rendered":"https:\/\/multi.inhalio.com\/?page_id=31788"},"modified":"2022-03-29T20:28:59","modified_gmt":"2022-03-29T20:28:59","slug":"infusion-and-scent-data-profiles","status":"publish","type":"page","link":"https:\/\/multi.inhalio.com\/fr\/tech\/infusion-and-scent-data-profiles\/","title":{"rendered":"Profils de donn\u00e9es sur les infusions et les parfums"},"content":{"rendered":"<h2 class=\"gb-headline gb-headline-08c50443 gb-headline-text\">Profils de donn\u00e9es sur les infusions et les parfums<\/h2>\n\n\n\n<p>Le processus d'infusion de parfums d'Inhalio est unique en son genre car il est centr\u00e9 sur les donn\u00e9es. Cette concentration scientifique sur l'infusion de parfums permet \u00e0 l'entreprise d'offrir un degr\u00e9 sup\u00e9rieur de clart\u00e9, de puret\u00e9, de sant\u00e9 et de long\u00e9vit\u00e9 des parfums, le tout dans une empreinte \u00e9cologique. Pour y parvenir, Inhalio mesure soigneusement les param\u00e8tres de donn\u00e9es sur les parfums, comme les donn\u00e9es de performance, les param\u00e8tres de sant\u00e9 et les propri\u00e9t\u00e9s \u00e9cologiques.<\/p>\n\n\n\n<p>Les r\u00e9sultats de ce processus d'infusion brevet\u00e9 comprennent des densit\u00e9s de charge olfactive consid\u00e9rablement accrues, des ingr\u00e9dients naturels, l'absence de COV (compos\u00e9s organiques volatils), de solvants, de substances canc\u00e9rig\u00e8nes et des charges utiles polym\u00e8res r\u00e9utilisables.<\/p>\n\n\n\n<div class=\"wp-block-image\"><figure class=\"aligncenter size-large is-resized\"><img decoding=\"async\" loading=\"lazy\" src=\"https:\/\/multi.inhalio.com\/wp-content\/uploads\/2022\/03\/PLATFORM-STACK-INFUSION-ONLY-08162021_337-1024x204.png\" alt=\"\" class=\"wp-image-32264\" width=\"768\" height=\"153\" srcset=\"https:\/\/multi.inhalio.com\/wp-content\/uploads\/2022\/03\/PLATFORM-STACK-INFUSION-ONLY-08162021_337-1024x204.png 1024w, https:\/\/multi.inhalio.com\/wp-content\/uploads\/2022\/03\/PLATFORM-STACK-INFUSION-ONLY-08162021_337-300x60.png 300w, https:\/\/multi.inhalio.com\/wp-content\/uploads\/2022\/03\/PLATFORM-STACK-INFUSION-ONLY-08162021_337-768x153.png 768w, https:\/\/multi.inhalio.com\/wp-content\/uploads\/2022\/03\/PLATFORM-STACK-INFUSION-ONLY-08162021_337-1536x306.png 1536w, https:\/\/multi.inhalio.com\/wp-content\/uploads\/2022\/03\/PLATFORM-STACK-INFUSION-ONLY-08162021_337-2048x408.png 2048w, https:\/\/multi.inhalio.com\/wp-content\/uploads\/2022\/03\/PLATFORM-STACK-INFUSION-ONLY-08162021_337-18x4.png 18w\" sizes=\"(max-width: 768px) 100vw, 768px\" \/><\/figure><\/div>\n\n\n\n<ul><li>Puce int\u00e9gr\u00e9e - s'authentifie sur le cloud, s'enregistre automatiquement sur l'appareil, \u00e9limine les contrefa\u00e7ons.<\/li><li>Support de charge utile variable - supporte un syst\u00e8me \u00e0 air sec et m\u00eame des supports \u00e0 base d'huile si n\u00e9cessaire<\/li><li>Algorithmes de diffusion de l'odeur - offrent une exp\u00e9rience olfactive coh\u00e9rente pendant toute la dur\u00e9e de vie de la cartouche.<\/li><li>Gestion du cycle de vie des cartouches - alerte lorsque la charge utile est presque \u00e9puis\u00e9e, ou d\u00e9clenche une nouvelle commande.<\/li><\/ul>\n\n\n\n<ul><li>Mat\u00e9riaux durables - l'utilisation de mat\u00e9riaux verts\/durables favorise le recyclage<\/li><\/ul>\n\n\n\n<div class=\"wp-block-image is-style-default\"><figure class=\"aligncenter size-large is-resized\"><img decoding=\"async\" loading=\"lazy\" src=\"https:\/\/multi.inhalio.com\/wp-content\/uploads\/2022\/01\/green-initiative-1024x454.jpg\" alt=\"Green Leaf\" class=\"wp-image-215\" width=\"679\" height=\"301\" srcset=\"https:\/\/multi.inhalio.com\/wp-content\/uploads\/2022\/01\/green-initiative-1024x454.jpg 1024w, https:\/\/multi.inhalio.com\/wp-content\/uploads\/2022\/01\/green-initiative-300x133.jpg 300w, https:\/\/multi.inhalio.com\/wp-content\/uploads\/2022\/01\/green-initiative-768x341.jpg 768w, https:\/\/multi.inhalio.com\/wp-content\/uploads\/2022\/01\/green-initiative-1536x681.jpg 1536w, https:\/\/multi.inhalio.com\/wp-content\/uploads\/2022\/01\/green-initiative-18x8.jpg 18w, https:\/\/multi.inhalio.com\/wp-content\/uploads\/2022\/01\/green-initiative.jpg 1562w\" sizes=\"(max-width: 679px) 100vw, 679px\" \/><\/figure><\/div>","protected":false},"excerpt":{"rendered":"<p>Infusion and Scent Data Profiles The Inhalio scent infusion process is unique in its data centricity. This scientific focus on fragrance infusion enables the company &#8230; <\/p>\n<p class=\"read-more-container\"><a title=\"Profils de donn\u00e9es sur les infusions et les parfums\" class=\"read-more button\" href=\"https:\/\/multi.inhalio.com\/fr\/tech\/infusion-and-scent-data-profiles\/#more-31788\" aria-label=\"En savoir plus sur Infusion and Scent Data Profiles\">Lire la suite<\/a><\/p>","protected":false},"author":1,"featured_media":31811,"parent":32231,"menu_order":1,"comment_status":"closed","ping_status":"closed","template":"","meta":[],"acf":[],"yoast_head":"<!-- This site is optimized with the Yoast SEO plugin v21.1 - https:\/\/yoast.com\/wordpress\/plugins\/seo\/ -->\n<title>Infusion and Scent Data Profiles - Inhalio<\/title>\n<meta name=\"robots\" content=\"index, follow, max-snippet:-1, max-image-preview:large, max-video-preview:-1\" \/>\n<link rel=\"canonical\" href=\"https:\/\/multi.inhalio.com\/fr\/tech\/infusion-and-scent-data-profiles\/\" \/>\n<meta property=\"og:locale\" content=\"fr_FR\" \/>\n<meta property=\"og:type\" content=\"article\" \/>\n<meta property=\"og:title\" content=\"Infusion and Scent Data Profiles - Inhalio\" \/>\n<meta property=\"og:description\" content=\"Infusion and Scent Data Profiles The Inhalio scent infusion process is unique in its data centricity. This scientific focus on fragrance infusion enables the company ... Read more\" \/>\n<meta property=\"og:url\" content=\"https:\/\/multi.inhalio.com\/fr\/tech\/infusion-and-scent-data-profiles\/\" \/>\n<meta property=\"og:site_name\" content=\"Inhalio\" \/>\n<meta property=\"article:publisher\" content=\"https:\/\/www.facebook.com\/inhalio\" \/>\n<meta property=\"article:modified_time\" content=\"2022-03-29T20:28:59+00:00\" \/>\n<meta property=\"og:image\" content=\"https:\/\/multi.inhalio.com\/wp-content\/uploads\/2022\/02\/partners-fragrance-150x150-1.jpg\" \/>\n\t<meta property=\"og:image:width\" content=\"150\" \/>\n\t<meta property=\"og:image:height\" content=\"150\" \/>\n\t<meta property=\"og:image:type\" content=\"image\/jpeg\" \/>\n<meta name=\"twitter:card\" content=\"summary_large_image\" \/>\n<meta name=\"twitter:site\" content=\"@inhalio\" \/>\n<meta name=\"twitter:label1\" content=\"Dur\u00e9e de lecture estim\u00e9e\" \/>\n\t<meta name=\"twitter:data1\" content=\"2 minutes\" \/>\n<script type=\"application\/ld+json\" class=\"yoast-schema-graph\">{\"@context\":\"https:\/\/schema.org\",\"@graph\":[{\"@type\":\"WebPage\",\"@id\":\"https:\/\/multi.inhalio.com\/tech\/infusion-and-scent-data-profiles\/\",\"url\":\"https:\/\/multi.inhalio.com\/tech\/infusion-and-scent-data-profiles\/\",\"name\":\"Infusion and Scent Data Profiles - Inhalio\",\"isPartOf\":{\"@id\":\"https:\/\/multi.inhalio.com\/#website\"},\"datePublished\":\"2022-02-02T15:53:32+00:00\",\"dateModified\":\"2022-03-29T20:28:59+00:00\",\"breadcrumb\":{\"@id\":\"https:\/\/multi.inhalio.com\/tech\/infusion-and-scent-data-profiles\/#breadcrumb\"},\"inLanguage\":\"fr-FR\",\"potentialAction\":[{\"@type\":\"ReadAction\",\"target\":[\"https:\/\/multi.inhalio.com\/tech\/infusion-and-scent-data-profiles\/\"]}]},{\"@type\":\"BreadcrumbList\",\"@id\":\"https:\/\/multi.inhalio.com\/tech\/infusion-and-scent-data-profiles\/#breadcrumb\",\"itemListElement\":[{\"@type\":\"ListItem\",\"position\":1,\"name\":\"Home\",\"item\":\"https:\/\/multi.inhalio.com\/\"},{\"@type\":\"ListItem\",\"position\":2,\"name\":\"Tech\",\"item\":\"https:\/\/multi.inhalio.com\/tech\/\"},{\"@type\":\"ListItem\",\"position\":3,\"name\":\"Infusion and Scent Data Profiles\"}]},{\"@type\":\"WebSite\",\"@id\":\"https:\/\/multi.inhalio.com\/#website\",\"url\":\"https:\/\/multi.inhalio.com\/\",\"name\":\"Inhalio\",\"description\":\"The World's 1st Connected Platform for Scent | Scent Branding\",\"publisher\":{\"@id\":\"https:\/\/multi.inhalio.com\/#organization\"},\"potentialAction\":[{\"@type\":\"SearchAction\",\"target\":{\"@type\":\"EntryPoint\",\"urlTemplate\":\"https:\/\/multi.inhalio.com\/?s={search_term_string}\"},\"query-input\":\"required name=search_term_string\"}],\"inLanguage\":\"fr-FR\"},{\"@type\":\"Organization\",\"@id\":\"https:\/\/multi.inhalio.com\/#organization\",\"name\":\"Inhalio\",\"url\":\"https:\/\/multi.inhalio.com\/\",\"logo\":{\"@type\":\"ImageObject\",\"inLanguage\":\"fr-FR\",\"@id\":\"https:\/\/multi.inhalio.com\/#\/schema\/logo\/image\/\",\"url\":\"https:\/\/multi.inhalio.com\/wp-content\/uploads\/2022\/02\/logo.png\",\"contentUrl\":\"https:\/\/multi.inhalio.com\/wp-content\/uploads\/2022\/02\/logo.png\",\"width\":1185,\"height\":284,\"caption\":\"Inhalio\"},\"image\":{\"@id\":\"https:\/\/multi.inhalio.com\/#\/schema\/logo\/image\/\"},\"sameAs\":[\"https:\/\/www.facebook.com\/inhalio\",\"https:\/\/twitter.com\/inhalio\",\"https:\/\/www.linkedin.com\/company\/inhali\u00f3\/\"]}]}<\/script>\n<!-- \/ Yoast SEO plugin. -->","yoast_head_json":{"title":"Infusion and Scent Data Profiles - Inhalio","robots":{"index":"index","follow":"follow","max-snippet":"max-snippet:-1","max-image-preview":"max-image-preview:large","max-video-preview":"max-video-preview:-1"},"canonical":"https:\/\/multi.inhalio.com\/fr\/tech\/infusion-and-scent-data-profiles\/","og_locale":"fr_FR","og_type":"article","og_title":"Infusion and Scent Data Profiles - Inhalio","og_description":"Infusion and Scent Data Profiles The Inhalio scent infusion process is unique in its data centricity. This scientific focus on fragrance infusion enables the company ... Read more","og_url":"https:\/\/multi.inhalio.com\/fr\/tech\/infusion-and-scent-data-profiles\/","og_site_name":"Inhalio","article_publisher":"https:\/\/www.facebook.com\/inhalio","article_modified_time":"2022-03-29T20:28:59+00:00","og_image":[{"width":150,"height":150,"url":"https:\/\/multi.inhalio.com\/wp-content\/uploads\/2022\/02\/partners-fragrance-150x150-1.jpg","type":"image\/jpeg"}],"twitter_card":"summary_large_image","twitter_site":"@inhalio","twitter_misc":{"Dur\u00e9e de lecture estim\u00e9e":"2 minutes"},"schema":{"@context":"https:\/\/schema.org","@graph":[{"@type":"WebPage","@id":"https:\/\/multi.inhalio.com\/tech\/infusion-and-scent-data-profiles\/","url":"https:\/\/multi.inhalio.com\/tech\/infusion-and-scent-data-profiles\/","name":"Infusion and Scent Data Profiles - Inhalio","isPartOf":{"@id":"https:\/\/multi.inhalio.com\/#website"},"datePublished":"2022-02-02T15:53:32+00:00","dateModified":"2022-03-29T20:28:59+00:00","breadcrumb":{"@id":"https:\/\/multi.inhalio.com\/tech\/infusion-and-scent-data-profiles\/#breadcrumb"},"inLanguage":"fr-FR","potentialAction":[{"@type":"ReadAction","target":["https:\/\/multi.inhalio.com\/tech\/infusion-and-scent-data-profiles\/"]}]},{"@type":"BreadcrumbList","@id":"https:\/\/multi.inhalio.com\/tech\/infusion-and-scent-data-profiles\/#breadcrumb","itemListElement":[{"@type":"ListItem","position":1,"name":"Home","item":"https:\/\/multi.inhalio.com\/"},{"@type":"ListItem","position":2,"name":"Tech","item":"https:\/\/multi.inhalio.com\/tech\/"},{"@type":"ListItem","position":3,"name":"Infusion and Scent Data Profiles"}]},{"@type":"WebSite","@id":"https:\/\/multi.inhalio.com\/#website","url":"https:\/\/multi.inhalio.com\/","name":"Inhalio","description":"The World's 1st Connected Platform for Scent | Scent Branding","publisher":{"@id":"https:\/\/multi.inhalio.com\/#organization"},"potentialAction":[{"@type":"SearchAction","target":{"@type":"EntryPoint","urlTemplate":"https:\/\/multi.inhalio.com\/?s={search_term_string}"},"query-input":"required name=search_term_string"}],"inLanguage":"fr-FR"},{"@type":"Organization","@id":"https:\/\/multi.inhalio.com\/#organization","name":"Inhalio","url":"https:\/\/multi.inhalio.com\/","logo":{"@type":"ImageObject","inLanguage":"fr-FR","@id":"https:\/\/multi.inhalio.com\/#\/schema\/logo\/image\/","url":"https:\/\/multi.inhalio.com\/wp-content\/uploads\/2022\/02\/logo.png","contentUrl":"https:\/\/multi.inhalio.com\/wp-content\/uploads\/2022\/02\/logo.png","width":1185,"height":284,"caption":"Inhalio"},"image":{"@id":"https:\/\/multi.inhalio.com\/#\/schema\/logo\/image\/"},"sameAs":["https:\/\/www.facebook.com\/inhalio","https:\/\/twitter.com\/inhalio","https:\/\/www.linkedin.com\/company\/inhali\u00f3\/"]}]}},"_links":{"self":[{"href":"https:\/\/multi.inhalio.com\/fr\/wp-json\/wp\/v2\/pages\/31788"}],"collection":[{"href":"https:\/\/multi.inhalio.com\/fr\/wp-json\/wp\/v2\/pages"}],"about":[{"href":"https:\/\/multi.inhalio.com\/fr\/wp-json\/wp\/v2\/types\/page"}],"author":[{"embeddable":true,"href":"https:\/\/multi.inhalio.com\/fr\/wp-json\/wp\/v2\/users\/1"}],"replies":[{"embeddable":true,"href":"https:\/\/multi.inhalio.com\/fr\/wp-json\/wp\/v2\/comments?post=31788"}],"version-history":[{"count":7,"href":"https:\/\/multi.inhalio.com\/fr\/wp-json\/wp\/v2\/pages\/31788\/revisions"}],"predecessor-version":[{"id":32271,"href":"https:\/\/multi.inhalio.com\/fr\/wp-json\/wp\/v2\/pages\/31788\/revisions\/32271"}],"up":[{"embeddable":true,"href":"https:\/\/multi.inhalio.com\/fr\/wp-json\/wp\/v2\/pages\/32231"}],"wp:featuredmedia":[{"embeddable":true,"href":"https:\/\/multi.inhalio.com\/fr\/wp-json\/wp\/v2\/media\/31811"}],"wp:attachment":[{"href":"https:\/\/multi.inhalio.com\/fr\/wp-json\/wp\/v2\/media?parent=31788"}],"curies":[{"name":"wp","href":"https:\/\/api.w.org\/{rel}","templated":true}]}}