{"id":31783,"date":"2022-02-02T15:47:58","date_gmt":"2022-02-02T15:47:58","guid":{"rendered":"https:\/\/multi.inhalio.com\/?page_id=31783"},"modified":"2022-03-29T20:57:19","modified_gmt":"2022-03-29T20:57:19","slug":"digital-scent-3-0-platform","status":"publish","type":"page","link":"https:\/\/multi.inhalio.com\/fr\/tech\/digital-scent-3-0-platform\/","title":{"rendered":"Plateform Digital Scent 3.0"},"content":{"rendered":"<h2 id=\"digital-scent-3-0-platform\">Plateform Digital Scent 3.0<\/h2>\n\n\n\n<p>La plateforme Inhalio Digital Scent 3.0 est la pi\u00e8ce ma\u00eetresse des offres de l'entreprise. La plateforme technologique multibrevet\u00e9e est disponible sous licence pour les clients et les partenaires de la cha\u00eene d'approvisionnement qui con\u00e7oivent et int\u00e8grent des solutions de senteurs num\u00e9riques directement dans leurs lignes de produits. La plateforme Digital Scent 3.0 fournit une architecture centr\u00e9e sur les donn\u00e9es gr\u00e2ce aux technologies Infusion, Diffusion, Apps et Cloud Insight.<\/p>\n\n\n\n<p>Construite sur 25 ans de solutions et de science de diffusion de parfums de qualit\u00e9 sup\u00e9rieure, la plateforme Inhalio permet aux clients et aux partenaires d'ajouter ou d'int\u00e9grer rapidement, commod\u00e9ment et \u00e9conomiquement une solution de parfumage num\u00e9rique \u00e0 leur produit ou service, d'ouvrir de nouveaux march\u00e9s ou de r\u00e9pondre aux nouvelles demandes des clients.<\/p>\n\n\n\n<h2 class=\"alignwide has-text-align-center has-large-font-size\"><strong>Plateform Digital Scent 3.0<\/strong><\/h2>\n\n\n\n<div class=\"wp-block-image\"><figure class=\"aligncenter size-large is-resized\"><img decoding=\"async\" loading=\"lazy\" src=\"https:\/\/multi.inhalio.com\/wp-content\/uploads\/2022\/03\/PLATFORM-STACK-with-text-07302021_1151-1024x921.png\" alt=\"\" class=\"wp-image-32263\" width=\"768\" height=\"691\" srcset=\"https:\/\/multi.inhalio.com\/wp-content\/uploads\/2022\/03\/PLATFORM-STACK-with-text-07302021_1151-1024x921.png 1024w, https:\/\/multi.inhalio.com\/wp-content\/uploads\/2022\/03\/PLATFORM-STACK-with-text-07302021_1151-300x270.png 300w, https:\/\/multi.inhalio.com\/wp-content\/uploads\/2022\/03\/PLATFORM-STACK-with-text-07302021_1151-768x691.png 768w, https:\/\/multi.inhalio.com\/wp-content\/uploads\/2022\/03\/PLATFORM-STACK-with-text-07302021_1151-1536x1382.png 1536w\" sizes=\"(max-width: 768px) 100vw, 768px\" \/><\/figure><\/div>\n\n\n\n<ul><li><strong>Cloud :<\/strong> Surveillance, contr\u00f4le, gestion, assistance, collecte de donn\u00e9es, analyse et visualisation du dispositif de diffusion et de la cartouche de parfum.<\/li><li><strong>Apps :<\/strong> Prise en charge des applications pour les appareils Apple\/Android, tablettes\/portables, API et re-skinning d'applications, assistants vocaux, interfaces personnalis\u00e9es.<\/li><li><strong>Diffuseurs :<\/strong> Conceptions de diffuseurs de parfum sp\u00e9cifiques au march\u00e9 et \u00e0 l'environnement avec l'\u00e9lectronique, la mise en r\u00e9seau, la m\u00e9canique et le micrologiciel.<\/li><li><strong>Infusion :<\/strong> Profils de d\u00e9veloppement et de diffusion des parfums, conceptions de distribution des cartouches, EPROM\/logiciels\/firmware\/algorithmes<\/li><\/ul>","protected":false},"excerpt":{"rendered":"<p>Plate-forme Digital Scent 3.0 La plate-forme Digital Scent 3.0 d'Inhalio est la pi\u00e8ce ma\u00eetresse des offres de l'entreprise. La plateforme technologique multibrevet\u00e9e est disponible sous licence ... <\/p>\n<p class=\"read-more-container\"><a title=\"Plateform Digital Scent 3.0\" class=\"read-more button\" href=\"https:\/\/multi.inhalio.com\/fr\/tech\/digital-scent-3-0-platform\/#more-31783\" aria-label=\"En savoir plus sur Digital Scent 3.0 Platform\">Lire la suite<\/a><\/p>","protected":false},"author":1,"featured_media":31634,"parent":32231,"menu_order":0,"comment_status":"closed","ping_status":"closed","template":"","meta":[],"acf":[],"yoast_head":"<!-- This site is optimized with the Yoast SEO plugin v21.1 - https:\/\/yoast.com\/wordpress\/plugins\/seo\/ -->\n<title>Digital Scent 3.0 Platform - Inhalio<\/title>\n<meta name=\"robots\" content=\"index, follow, max-snippet:-1, max-image-preview:large, max-video-preview:-1\" \/>\n<link rel=\"canonical\" href=\"https:\/\/multi.inhalio.com\/fr\/tech\/digital-scent-3-0-platform\/\" \/>\n<meta property=\"og:locale\" content=\"fr_FR\" \/>\n<meta property=\"og:type\" content=\"article\" \/>\n<meta property=\"og:title\" content=\"Digital Scent 3.0 Platform - Inhalio\" \/>\n<meta property=\"og:description\" content=\"Digital Scent 3.0 Platform The Inhalio Digital Scent 3.0 Platform is the centerpiece of the company\u2019s offerings. The multi-patented technology platform is available for license ... Read more\" \/>\n<meta property=\"og:url\" content=\"https:\/\/multi.inhalio.com\/fr\/tech\/digital-scent-3-0-platform\/\" \/>\n<meta property=\"og:site_name\" content=\"Inhalio\" \/>\n<meta property=\"article:publisher\" content=\"https:\/\/www.facebook.com\/inhalio\" \/>\n<meta property=\"article:modified_time\" content=\"2022-03-29T20:57:19+00:00\" \/>\n<meta property=\"og:image\" content=\"https:\/\/multi.inhalio.com\/wp-content\/uploads\/2022\/02\/Tech-Stack-1-cn.png\" \/>\n\t<meta property=\"og:image:width\" content=\"2048\" \/>\n\t<meta property=\"og:image:height\" content=\"1635\" \/>\n\t<meta property=\"og:image:type\" content=\"image\/png\" \/>\n<meta name=\"twitter:card\" content=\"summary_large_image\" \/>\n<meta name=\"twitter:site\" content=\"@inhalio\" \/>\n<meta name=\"twitter:label1\" content=\"Dur\u00e9e de lecture estim\u00e9e\" \/>\n\t<meta name=\"twitter:data1\" content=\"1 minute\" \/>\n<script type=\"application\/ld+json\" class=\"yoast-schema-graph\">{\"@context\":\"https:\/\/schema.org\",\"@graph\":[{\"@type\":\"WebPage\",\"@id\":\"https:\/\/multi.inhalio.com\/tech\/digital-scent-3-0-platform\/\",\"url\":\"https:\/\/multi.inhalio.com\/tech\/digital-scent-3-0-platform\/\",\"name\":\"Digital Scent 3.0 Platform - Inhalio\",\"isPartOf\":{\"@id\":\"https:\/\/multi.inhalio.com\/#website\"},\"datePublished\":\"2022-02-02T15:47:58+00:00\",\"dateModified\":\"2022-03-29T20:57:19+00:00\",\"breadcrumb\":{\"@id\":\"https:\/\/multi.inhalio.com\/tech\/digital-scent-3-0-platform\/#breadcrumb\"},\"inLanguage\":\"fr-FR\",\"potentialAction\":[{\"@type\":\"ReadAction\",\"target\":[\"https:\/\/multi.inhalio.com\/tech\/digital-scent-3-0-platform\/\"]}]},{\"@type\":\"BreadcrumbList\",\"@id\":\"https:\/\/multi.inhalio.com\/tech\/digital-scent-3-0-platform\/#breadcrumb\",\"itemListElement\":[{\"@type\":\"ListItem\",\"position\":1,\"name\":\"Home\",\"item\":\"https:\/\/multi.inhalio.com\/\"},{\"@type\":\"ListItem\",\"position\":2,\"name\":\"Tech\",\"item\":\"https:\/\/multi.inhalio.com\/tech\/\"},{\"@type\":\"ListItem\",\"position\":3,\"name\":\"Digital Scent 3.0 Platform\"}]},{\"@type\":\"WebSite\",\"@id\":\"https:\/\/multi.inhalio.com\/#website\",\"url\":\"https:\/\/multi.inhalio.com\/\",\"name\":\"Inhalio\",\"description\":\"The World's 1st Connected Platform for Scent | Scent Branding\",\"publisher\":{\"@id\":\"https:\/\/multi.inhalio.com\/#organization\"},\"potentialAction\":[{\"@type\":\"SearchAction\",\"target\":{\"@type\":\"EntryPoint\",\"urlTemplate\":\"https:\/\/multi.inhalio.com\/?s={search_term_string}\"},\"query-input\":\"required name=search_term_string\"}],\"inLanguage\":\"fr-FR\"},{\"@type\":\"Organization\",\"@id\":\"https:\/\/multi.inhalio.com\/#organization\",\"name\":\"Inhalio\",\"url\":\"https:\/\/multi.inhalio.com\/\",\"logo\":{\"@type\":\"ImageObject\",\"inLanguage\":\"fr-FR\",\"@id\":\"https:\/\/multi.inhalio.com\/#\/schema\/logo\/image\/\",\"url\":\"https:\/\/multi.inhalio.com\/wp-content\/uploads\/2022\/02\/logo.png\",\"contentUrl\":\"https:\/\/multi.inhalio.com\/wp-content\/uploads\/2022\/02\/logo.png\",\"width\":1185,\"height\":284,\"caption\":\"Inhalio\"},\"image\":{\"@id\":\"https:\/\/multi.inhalio.com\/#\/schema\/logo\/image\/\"},\"sameAs\":[\"https:\/\/www.facebook.com\/inhalio\",\"https:\/\/twitter.com\/inhalio\",\"https:\/\/www.linkedin.com\/company\/inhali\u00f3\/\"]}]}<\/script>\n<!-- \/ Yoast SEO plugin. -->","yoast_head_json":{"title":"Digital Scent 3.0 Platform - Inhalio","robots":{"index":"index","follow":"follow","max-snippet":"max-snippet:-1","max-image-preview":"max-image-preview:large","max-video-preview":"max-video-preview:-1"},"canonical":"https:\/\/multi.inhalio.com\/fr\/tech\/digital-scent-3-0-platform\/","og_locale":"fr_FR","og_type":"article","og_title":"Digital Scent 3.0 Platform - Inhalio","og_description":"Digital Scent 3.0 Platform The Inhalio Digital Scent 3.0 Platform is the centerpiece of the company\u2019s offerings. The multi-patented technology platform is available for license ... Read more","og_url":"https:\/\/multi.inhalio.com\/fr\/tech\/digital-scent-3-0-platform\/","og_site_name":"Inhalio","article_publisher":"https:\/\/www.facebook.com\/inhalio","article_modified_time":"2022-03-29T20:57:19+00:00","og_image":[{"width":2048,"height":1635,"url":"https:\/\/multi.inhalio.com\/wp-content\/uploads\/2022\/02\/Tech-Stack-1-cn.png","type":"image\/png"}],"twitter_card":"summary_large_image","twitter_site":"@inhalio","twitter_misc":{"Dur\u00e9e de lecture estim\u00e9e":"1 minute"},"schema":{"@context":"https:\/\/schema.org","@graph":[{"@type":"WebPage","@id":"https:\/\/multi.inhalio.com\/tech\/digital-scent-3-0-platform\/","url":"https:\/\/multi.inhalio.com\/tech\/digital-scent-3-0-platform\/","name":"Digital Scent 3.0 Platform - Inhalio","isPartOf":{"@id":"https:\/\/multi.inhalio.com\/#website"},"datePublished":"2022-02-02T15:47:58+00:00","dateModified":"2022-03-29T20:57:19+00:00","breadcrumb":{"@id":"https:\/\/multi.inhalio.com\/tech\/digital-scent-3-0-platform\/#breadcrumb"},"inLanguage":"fr-FR","potentialAction":[{"@type":"ReadAction","target":["https:\/\/multi.inhalio.com\/tech\/digital-scent-3-0-platform\/"]}]},{"@type":"BreadcrumbList","@id":"https:\/\/multi.inhalio.com\/tech\/digital-scent-3-0-platform\/#breadcrumb","itemListElement":[{"@type":"ListItem","position":1,"name":"Home","item":"https:\/\/multi.inhalio.com\/"},{"@type":"ListItem","position":2,"name":"Tech","item":"https:\/\/multi.inhalio.com\/tech\/"},{"@type":"ListItem","position":3,"name":"Digital Scent 3.0 Platform"}]},{"@type":"WebSite","@id":"https:\/\/multi.inhalio.com\/#website","url":"https:\/\/multi.inhalio.com\/","name":"Inhalio","description":"The World's 1st Connected Platform for Scent | Scent Branding","publisher":{"@id":"https:\/\/multi.inhalio.com\/#organization"},"potentialAction":[{"@type":"SearchAction","target":{"@type":"EntryPoint","urlTemplate":"https:\/\/multi.inhalio.com\/?s={search_term_string}"},"query-input":"required name=search_term_string"}],"inLanguage":"fr-FR"},{"@type":"Organization","@id":"https:\/\/multi.inhalio.com\/#organization","name":"Inhalio","url":"https:\/\/multi.inhalio.com\/","logo":{"@type":"ImageObject","inLanguage":"fr-FR","@id":"https:\/\/multi.inhalio.com\/#\/schema\/logo\/image\/","url":"https:\/\/multi.inhalio.com\/wp-content\/uploads\/2022\/02\/logo.png","contentUrl":"https:\/\/multi.inhalio.com\/wp-content\/uploads\/2022\/02\/logo.png","width":1185,"height":284,"caption":"Inhalio"},"image":{"@id":"https:\/\/multi.inhalio.com\/#\/schema\/logo\/image\/"},"sameAs":["https:\/\/www.facebook.com\/inhalio","https:\/\/twitter.com\/inhalio","https:\/\/www.linkedin.com\/company\/inhali\u00f3\/"]}]}},"_links":{"self":[{"href":"https:\/\/multi.inhalio.com\/fr\/wp-json\/wp\/v2\/pages\/31783"}],"collection":[{"href":"https:\/\/multi.inhalio.com\/fr\/wp-json\/wp\/v2\/pages"}],"about":[{"href":"https:\/\/multi.inhalio.com\/fr\/wp-json\/wp\/v2\/types\/page"}],"author":[{"embeddable":true,"href":"https:\/\/multi.inhalio.com\/fr\/wp-json\/wp\/v2\/users\/1"}],"replies":[{"embeddable":true,"href":"https:\/\/multi.inhalio.com\/fr\/wp-json\/wp\/v2\/comments?post=31783"}],"version-history":[{"count":16,"href":"https:\/\/multi.inhalio.com\/fr\/wp-json\/wp\/v2\/pages\/31783\/revisions"}],"predecessor-version":[{"id":32284,"href":"https:\/\/multi.inhalio.com\/fr\/wp-json\/wp\/v2\/pages\/31783\/revisions\/32284"}],"up":[{"embeddable":true,"href":"https:\/\/multi.inhalio.com\/fr\/wp-json\/wp\/v2\/pages\/32231"}],"wp:featuredmedia":[{"embeddable":true,"href":"https:\/\/multi.inhalio.com\/fr\/wp-json\/wp\/v2\/media\/31634"}],"wp:attachment":[{"href":"https:\/\/multi.inhalio.com\/fr\/wp-json\/wp\/v2\/media?parent=31783"}],"curies":[{"name":"wp","href":"https:\/\/api.w.org\/{rel}","templated":true}]}}