{"id":31714,"date":"2022-02-02T11:38:25","date_gmt":"2022-02-02T11:38:25","guid":{"rendered":"https:\/\/multi.inhalio.com\/?page_id=31714"},"modified":"2022-03-29T20:47:15","modified_gmt":"2022-03-29T20:47:15","slug":"user-apps-and-apis","status":"publish","type":"page","link":"https:\/\/multi.inhalio.com\/fr\/tech\/user-apps-and-apis\/","title":{"rendered":"Apps utilisateur et APIs"},"content":{"rendered":"<h2>Apps utilisateur \/ UX \/ APIs<\/h2>\n\n\n\n<p>Les utilisateurs peuvent contr\u00f4ler, g\u00e9rer et cr\u00e9er des programmes pour les diffuseurs Inhalio \u00e0 l'aide d'une grande vari\u00e9t\u00e9 d'appareils, y compris les smartphones et les appareils IoT.  Par cons\u00e9quent, nous fournissons un support pour les smartphones bas\u00e9s sur IOS et Android par le biais d'une vari\u00e9t\u00e9 d'applications sp\u00e9cifiques aux cas d'utilisation. Celles-ci sont bien s\u00fbr disponibles dans les magasins Apple ou Google respectifs. Les applications d\u00e9pendent du cas d'utilisation sp\u00e9cifique et de l'appareil utilis\u00e9 : Applications de covoiturage, voiture personnelle, v\u00e9hicule autonome. Ainsi que l'utilisation \u00e0 domicile par le biais d'applications personnalis\u00e9es ou remani\u00e9es pour soutenir des conceptions OEM sp\u00e9cifiques. Il convient donc aux fabricants de parfums fins, aux vendeurs d'huiles essentielles et aux entreprises qui viennent d'entrer sur le march\u00e9 des a\u00e9rosols, de la d\u00e9sinfection a\u00e9roport\u00e9e ou des parfums.<\/p>\n\n\n\n<div class=\"wp-block-image\"><figure class=\"aligncenter size-large is-resized\"><img decoding=\"async\" loading=\"lazy\" src=\"https:\/\/multi.inhalio.com\/wp-content\/uploads\/2022\/03\/PLATFORM-STACK-APPS-UX-ONLY-08162021_337-1024x200.png\" alt=\"\" class=\"wp-image-32267\" width=\"768\" height=\"150\" srcset=\"https:\/\/multi.inhalio.com\/wp-content\/uploads\/2022\/03\/PLATFORM-STACK-APPS-UX-ONLY-08162021_337-1024x200.png 1024w, https:\/\/multi.inhalio.com\/wp-content\/uploads\/2022\/03\/PLATFORM-STACK-APPS-UX-ONLY-08162021_337-300x59.png 300w, https:\/\/multi.inhalio.com\/wp-content\/uploads\/2022\/03\/PLATFORM-STACK-APPS-UX-ONLY-08162021_337-768x150.png 768w, https:\/\/multi.inhalio.com\/wp-content\/uploads\/2022\/03\/PLATFORM-STACK-APPS-UX-ONLY-08162021_337-1536x300.png 1536w, https:\/\/multi.inhalio.com\/wp-content\/uploads\/2022\/03\/PLATFORM-STACK-APPS-UX-ONLY-08162021_337-2048x400.png 2048w, https:\/\/multi.inhalio.com\/wp-content\/uploads\/2022\/03\/PLATFORM-STACK-APPS-UX-ONLY-08162021_337-18x4.png 18w\" sizes=\"(max-width: 768px) 100vw, 768px\" \/><\/figure><\/div>\n\n\n\n<p>En outre, les assistants vocaux tels qu'Alexa, Siri et Google sont \u00e9galement pris en charge. Les v\u00e9hicules \u00e9quip\u00e9s d'Apple CarPlay et d'Android Auto peuvent \u00eatre pris en charge, ainsi que les affichages personnalis\u00e9s dans le tableau de bord et les syst\u00e8mes d'exploitation des v\u00e9hicules. Ceci gr\u00e2ce aux API (interfaces de programmation d'applications) d'Inhalio. Par cons\u00e9quent, en utilisant ces API, les \u00e9quipementiers et les constructeurs automobiles peuvent cr\u00e9er des exp\u00e9riences compl\u00e8tes \u00e0 bord des v\u00e9hicules. Ils peuvent le faire en int\u00e9grant des odeurs relatives \u00e0 la position du si\u00e8ge, \u00e0 la temp\u00e9rature du si\u00e8ge et de l'air, au type de musique ou de liste de lecture, \u00e0 l'\u00e9clairage et m\u00eame au mode de conduite. Cela permettra au conducteur et aux passagers de vivre une exp\u00e9rience unique \u00e0 bord du v\u00e9hicule, qu'il s'agisse d'une immersion dans un environnement calme et relaxant, d'un \u00e9tat de vigilance vivifiant ou de toute autre humeur interm\u00e9diaire.<\/p>\n\n\n\n<ul><li>Conceptions de r\u00e9f\u00e9rence pr\u00eates \u00e0 l'emploi - \u00e9lectronique compl\u00e8te, m\u00e9canique, r\u00e9seau, alimentation, encapsulation<\/li><li>Firmware avanc\u00e9 - assure les bons param\u00e8tres de diffusion, les communications App et Cloud, la programmation.<\/li><li>Lib\u00e9ration contr\u00f4l\u00e9e avec pr\u00e9cision - pour la dur\u00e9e de diffusion du parfum, l'intensit\u00e9, la taille de la pi\u00e8ce et la cadence.<\/li><li>Disponible pour le rebranding ou la personnalisation - utilise les mod\u00e8les tels quels avec ton logo ou cr\u00e9e ton propre badge.<\/li><li>Soutien \u00e0 la certification - conseils pour la certification internationale des appareils, comme les appareils test\u00e9s et approuv\u00e9s par UL.<\/li><\/ul>\n\n\n<div class=\"gb-grid-wrapper gb-grid-wrapper-b54acee6\">\n<div class=\"gb-grid-column gb-grid-column-cf5508c8\"><div class=\"gb-container gb-container-cf5508c8\"><div class=\"gb-inside-container\">\n\n<div style=\"height:5px\" aria-hidden=\"true\" class=\"wp-block-spacer\"><\/div>\n\n<\/div><\/div><\/div>\n\n<div class=\"gb-grid-column gb-grid-column-fdc5cb49\"><div class=\"gb-container gb-container-fdc5cb49\"><div class=\"gb-inside-container\">\n\n<div style=\"height:5px\" aria-hidden=\"true\" class=\"wp-block-spacer\"><\/div>\n\n<\/div><\/div><\/div>\n\n<div class=\"gb-grid-column gb-grid-column-cf9840b8\"><div class=\"gb-container gb-container-cf9840b8\"><div class=\"gb-inside-container\">\n\n<div style=\"height:5px\" aria-hidden=\"true\" class=\"wp-block-spacer\"><\/div>\n\n<\/div><\/div><\/div>\n<\/div>","protected":false},"excerpt":{"rendered":"<p>User Apps \/ UX \/ APIs Users can control, manage and create programs for Inhalio diffusers using a wide variety of devices, including smartphones and &#8230; <\/p>\n<p class=\"read-more-container\"><a title=\"Apps utilisateur et APIs\" class=\"read-more button\" href=\"https:\/\/multi.inhalio.com\/fr\/tech\/user-apps-and-apis\/#more-31714\" aria-label=\"En savoir plus sur User Apps and APIs\">Lire la suite<\/a><\/p>","protected":false},"author":1,"featured_media":31713,"parent":32231,"menu_order":3,"comment_status":"closed","ping_status":"closed","template":"","meta":[],"acf":[],"yoast_head":"<!-- This site is optimized with the Yoast SEO plugin v21.1 - https:\/\/yoast.com\/wordpress\/plugins\/seo\/ -->\n<title>User Apps and APIs - Inhalio<\/title>\n<meta name=\"robots\" content=\"index, follow, max-snippet:-1, max-image-preview:large, max-video-preview:-1\" \/>\n<link rel=\"canonical\" href=\"https:\/\/multi.inhalio.com\/fr\/tech\/user-apps-and-apis\/\" \/>\n<meta property=\"og:locale\" content=\"fr_FR\" \/>\n<meta property=\"og:type\" content=\"article\" \/>\n<meta property=\"og:title\" content=\"User Apps and APIs - Inhalio\" \/>\n<meta property=\"og:description\" content=\"User Apps \/ UX \/ APIs Users can control, manage and create programs for Inhalio diffusers using a wide variety of devices, including smartphones and ... Read more\" \/>\n<meta property=\"og:url\" content=\"https:\/\/multi.inhalio.com\/fr\/tech\/user-apps-and-apis\/\" \/>\n<meta property=\"og:site_name\" content=\"Inhalio\" \/>\n<meta property=\"article:publisher\" content=\"https:\/\/www.facebook.com\/inhalio\" \/>\n<meta property=\"article:modified_time\" content=\"2022-03-29T20:47:15+00:00\" \/>\n<meta property=\"og:image\" content=\"https:\/\/multi.inhalio.com\/wp-content\/uploads\/revslider\/app-video-modal\/app-modal-thumb.jpg\" \/>\n\t<meta property=\"og:image:width\" content=\"267\" \/>\n\t<meta property=\"og:image:height\" content=\"150\" \/>\n\t<meta property=\"og:image:type\" content=\"image\/jpeg\" \/>\n<meta name=\"twitter:card\" content=\"summary_large_image\" \/>\n<meta name=\"twitter:site\" content=\"@inhalio\" \/>\n<meta name=\"twitter:label1\" content=\"Dur\u00e9e de lecture estim\u00e9e\" \/>\n\t<meta name=\"twitter:data1\" content=\"2 minutes\" \/>\n<script type=\"application\/ld+json\" class=\"yoast-schema-graph\">{\"@context\":\"https:\/\/schema.org\",\"@graph\":[{\"@type\":\"WebPage\",\"@id\":\"https:\/\/multi.inhalio.com\/tech\/user-apps-and-apis\/\",\"url\":\"https:\/\/multi.inhalio.com\/tech\/user-apps-and-apis\/\",\"name\":\"User Apps and APIs - Inhalio\",\"isPartOf\":{\"@id\":\"https:\/\/multi.inhalio.com\/#website\"},\"datePublished\":\"2022-02-02T11:38:25+00:00\",\"dateModified\":\"2022-03-29T20:47:15+00:00\",\"breadcrumb\":{\"@id\":\"https:\/\/multi.inhalio.com\/tech\/user-apps-and-apis\/#breadcrumb\"},\"inLanguage\":\"fr-FR\",\"potentialAction\":[{\"@type\":\"ReadAction\",\"target\":[\"https:\/\/multi.inhalio.com\/tech\/user-apps-and-apis\/\"]}]},{\"@type\":\"BreadcrumbList\",\"@id\":\"https:\/\/multi.inhalio.com\/tech\/user-apps-and-apis\/#breadcrumb\",\"itemListElement\":[{\"@type\":\"ListItem\",\"position\":1,\"name\":\"Home\",\"item\":\"https:\/\/multi.inhalio.com\/\"},{\"@type\":\"ListItem\",\"position\":2,\"name\":\"Tech\",\"item\":\"https:\/\/multi.inhalio.com\/tech\/\"},{\"@type\":\"ListItem\",\"position\":3,\"name\":\"User Apps and APIs\"}]},{\"@type\":\"WebSite\",\"@id\":\"https:\/\/multi.inhalio.com\/#website\",\"url\":\"https:\/\/multi.inhalio.com\/\",\"name\":\"Inhalio\",\"description\":\"The World's 1st Connected Platform for Scent | Scent Branding\",\"publisher\":{\"@id\":\"https:\/\/multi.inhalio.com\/#organization\"},\"potentialAction\":[{\"@type\":\"SearchAction\",\"target\":{\"@type\":\"EntryPoint\",\"urlTemplate\":\"https:\/\/multi.inhalio.com\/?s={search_term_string}\"},\"query-input\":\"required name=search_term_string\"}],\"inLanguage\":\"fr-FR\"},{\"@type\":\"Organization\",\"@id\":\"https:\/\/multi.inhalio.com\/#organization\",\"name\":\"Inhalio\",\"url\":\"https:\/\/multi.inhalio.com\/\",\"logo\":{\"@type\":\"ImageObject\",\"inLanguage\":\"fr-FR\",\"@id\":\"https:\/\/multi.inhalio.com\/#\/schema\/logo\/image\/\",\"url\":\"https:\/\/multi.inhalio.com\/wp-content\/uploads\/2022\/02\/logo.png\",\"contentUrl\":\"https:\/\/multi.inhalio.com\/wp-content\/uploads\/2022\/02\/logo.png\",\"width\":1185,\"height\":284,\"caption\":\"Inhalio\"},\"image\":{\"@id\":\"https:\/\/multi.inhalio.com\/#\/schema\/logo\/image\/\"},\"sameAs\":[\"https:\/\/www.facebook.com\/inhalio\",\"https:\/\/twitter.com\/inhalio\",\"https:\/\/www.linkedin.com\/company\/inhali\u00f3\/\"]}]}<\/script>\n<!-- \/ Yoast SEO plugin. -->","yoast_head_json":{"title":"User Apps and APIs - Inhalio","robots":{"index":"index","follow":"follow","max-snippet":"max-snippet:-1","max-image-preview":"max-image-preview:large","max-video-preview":"max-video-preview:-1"},"canonical":"https:\/\/multi.inhalio.com\/fr\/tech\/user-apps-and-apis\/","og_locale":"fr_FR","og_type":"article","og_title":"User Apps and APIs - Inhalio","og_description":"User Apps \/ UX \/ APIs Users can control, manage and create programs for Inhalio diffusers using a wide variety of devices, including smartphones and ... Read more","og_url":"https:\/\/multi.inhalio.com\/fr\/tech\/user-apps-and-apis\/","og_site_name":"Inhalio","article_publisher":"https:\/\/www.facebook.com\/inhalio","article_modified_time":"2022-03-29T20:47:15+00:00","og_image":[{"width":267,"height":150,"url":"https:\/\/multi.inhalio.com\/wp-content\/uploads\/revslider\/app-video-modal\/app-modal-thumb.jpg","type":"image\/jpeg"}],"twitter_card":"summary_large_image","twitter_site":"@inhalio","twitter_misc":{"Dur\u00e9e de lecture estim\u00e9e":"2 minutes"},"schema":{"@context":"https:\/\/schema.org","@graph":[{"@type":"WebPage","@id":"https:\/\/multi.inhalio.com\/tech\/user-apps-and-apis\/","url":"https:\/\/multi.inhalio.com\/tech\/user-apps-and-apis\/","name":"User Apps and APIs - Inhalio","isPartOf":{"@id":"https:\/\/multi.inhalio.com\/#website"},"datePublished":"2022-02-02T11:38:25+00:00","dateModified":"2022-03-29T20:47:15+00:00","breadcrumb":{"@id":"https:\/\/multi.inhalio.com\/tech\/user-apps-and-apis\/#breadcrumb"},"inLanguage":"fr-FR","potentialAction":[{"@type":"ReadAction","target":["https:\/\/multi.inhalio.com\/tech\/user-apps-and-apis\/"]}]},{"@type":"BreadcrumbList","@id":"https:\/\/multi.inhalio.com\/tech\/user-apps-and-apis\/#breadcrumb","itemListElement":[{"@type":"ListItem","position":1,"name":"Home","item":"https:\/\/multi.inhalio.com\/"},{"@type":"ListItem","position":2,"name":"Tech","item":"https:\/\/multi.inhalio.com\/tech\/"},{"@type":"ListItem","position":3,"name":"User Apps and APIs"}]},{"@type":"WebSite","@id":"https:\/\/multi.inhalio.com\/#website","url":"https:\/\/multi.inhalio.com\/","name":"Inhalio","description":"The World's 1st Connected Platform for Scent | Scent Branding","publisher":{"@id":"https:\/\/multi.inhalio.com\/#organization"},"potentialAction":[{"@type":"SearchAction","target":{"@type":"EntryPoint","urlTemplate":"https:\/\/multi.inhalio.com\/?s={search_term_string}"},"query-input":"required name=search_term_string"}],"inLanguage":"fr-FR"},{"@type":"Organization","@id":"https:\/\/multi.inhalio.com\/#organization","name":"Inhalio","url":"https:\/\/multi.inhalio.com\/","logo":{"@type":"ImageObject","inLanguage":"fr-FR","@id":"https:\/\/multi.inhalio.com\/#\/schema\/logo\/image\/","url":"https:\/\/multi.inhalio.com\/wp-content\/uploads\/2022\/02\/logo.png","contentUrl":"https:\/\/multi.inhalio.com\/wp-content\/uploads\/2022\/02\/logo.png","width":1185,"height":284,"caption":"Inhalio"},"image":{"@id":"https:\/\/multi.inhalio.com\/#\/schema\/logo\/image\/"},"sameAs":["https:\/\/www.facebook.com\/inhalio","https:\/\/twitter.com\/inhalio","https:\/\/www.linkedin.com\/company\/inhali\u00f3\/"]}]}},"_links":{"self":[{"href":"https:\/\/multi.inhalio.com\/fr\/wp-json\/wp\/v2\/pages\/31714"}],"collection":[{"href":"https:\/\/multi.inhalio.com\/fr\/wp-json\/wp\/v2\/pages"}],"about":[{"href":"https:\/\/multi.inhalio.com\/fr\/wp-json\/wp\/v2\/types\/page"}],"author":[{"embeddable":true,"href":"https:\/\/multi.inhalio.com\/fr\/wp-json\/wp\/v2\/users\/1"}],"replies":[{"embeddable":true,"href":"https:\/\/multi.inhalio.com\/fr\/wp-json\/wp\/v2\/comments?post=31714"}],"version-history":[{"count":52,"href":"https:\/\/multi.inhalio.com\/fr\/wp-json\/wp\/v2\/pages\/31714\/revisions"}],"predecessor-version":[{"id":32309,"href":"https:\/\/multi.inhalio.com\/fr\/wp-json\/wp\/v2\/pages\/31714\/revisions\/32309"}],"up":[{"embeddable":true,"href":"https:\/\/multi.inhalio.com\/fr\/wp-json\/wp\/v2\/pages\/32231"}],"wp:featuredmedia":[{"embeddable":true,"href":"https:\/\/multi.inhalio.com\/fr\/wp-json\/wp\/v2\/media\/31713"}],"wp:attachment":[{"href":"https:\/\/multi.inhalio.com\/fr\/wp-json\/wp\/v2\/media?parent=31714"}],"curies":[{"name":"wp","href":"https:\/\/api.w.org\/{rel}","templated":true}]}}