{"id":31599,"date":"2022-02-01T14:34:58","date_gmt":"2022-02-01T14:34:58","guid":{"rendered":"https:\/\/multi.inhalio.com\/privacy-center\/imprint\/"},"modified":"2022-02-01T21:46:46","modified_gmt":"2022-02-01T21:46:46","slug":"imprint","status":"publish","type":"page","link":"https:\/\/multi.inhalio.com\/fr\/privacy-center\/imprint\/","title":{"rendered":"Impression"},"content":{"rendered":"<nav style=\"color: #e53e2c;\" class=\"is-layout-flex has-text-color is-responsive wp-block-navigation\" aria-label=\"Navigation 4\"><button aria-haspopup=\"true\" aria-label=\"Ouvrir le menu\" class=\"wp-block-navigation__responsive-container-open\" data-micromodal-trigger=\"modal-1\"><svg width=\"24\" height=\"24\" xmlns=\"http:\/\/www.w3.org\/2000\/svg\" viewbox=\"0 0 24 24\" aria-hidden=\"true\" focusable=\"false\"><rect x=\"4\" y=\"7.5\" width=\"16\" height=\"1.5\" \/><rect x=\"4\" y=\"15\" width=\"16\" height=\"1.5\" \/><\/svg><\/button>\n\t\t\t<div class=\"wp-block-navigation__responsive-container\" style=\"\" id=\"modal-1\">\n\t\t\t\t<div class=\"wp-block-navigation__responsive-close\" tabindex=\"-1\" data-micromodal-close>\n\t\t\t\t\t<div class=\"wp-block-navigation__responsive-dialog\" aria-label=\"Menu\">\n\t\t\t\t\t\t\t<button aria-label=\"Fermer le menu\" data-micromodal-close class=\"wp-block-navigation__responsive-container-close\"><svg xmlns=\"http:\/\/www.w3.org\/2000\/svg\" viewbox=\"0 0 24 24\" width=\"24\" height=\"24\" aria-hidden=\"true\" focusable=\"false\"><path d=\"M13 11.8l6.1-6.3-1-1-6.1 6.2-6.1-6.2-1 1 6.1 6.3-6.5 6.7 1 1 6.5-6.6 6.5 6.6 1-1z\"><\/path><\/svg><\/button>\n\t\t\t\t\t\t<div class=\"wp-block-navigation__responsive-container-content\" id=\"modal-1-content\">\n\t\t\t\t\t\t\t<ul class=\"wp-block-navigation__container\"><li style=\"color: #e53e2c;\" class=\"has-text-color wp-block-navigation-item wp-block-navigation-link\"><a class=\"wp-block-navigation-item__content\"  href=\"\/fr\/privacy-center\/\"><span class=\"wp-block-navigation-item__label\">\u2190 Retour au centre de confidentialit\u00e9<\/span><\/a><\/li><\/ul>\n\t\t\t\t\t\t<\/div>\n\t\t\t\t\t<\/div>\n\t\t\t\t<\/div>\n\t\t\t<\/div><\/nav>\n\n\n<div style=\"height:31px\" aria-hidden=\"true\" class=\"wp-block-spacer\"><\/div>\n\n\n\n<h3 id=\"provider-identification\"><strong>Identification du fournisseur<\/strong><\/h3>\n\n\n\n<p>Ce qui suit fournit des donn\u00e9es obligatoires concernant le fournisseur de ce site Web, les obligations en mati\u00e8re de protection des donn\u00e9es, ainsi que d'autres r\u00e9f\u00e9rences juridiques importantes concernant le site Web d'Inhalio, Inc.(<a href=\"http:\/\/www.demogr.mpg.de\/\">https:\/\/www.inhalio.com<\/a>).<\/p>\n\n\n\n<h3 id=\"provider\"><strong>Fournisseur<\/strong><\/h3>\n\n\n\n<p>Le fournisseur de ce site Internet, au sens juridique du terme, est la soci\u00e9t\u00e9 enregistr\u00e9e Inhalio, Inc.<br>Adresse :<\/p>\n\n\n\n<p class=\"has-text-align-center\">Inhalio, Inc.<br>123 Burlwood Dr<br>Scotts Valley,<br>Californie, 95066, <br>\u00c9tats-Unis<\/p>\n\n\n\n<p><\/p>\n\n\n\n<p>Site Web :&nbsp;<a href=\"https:\/\/www.inhalio.com\">www.inhalio.com<\/a><\/p>\n\n\n\n<p>Courriel :&nbsp;<a href=\"mailto:contact@inhalio.com\">contact@inhalio.com<\/a><\/p>\n\n\n\n<h3 id=\"registration\"><strong>Immatriculation<\/strong><\/h3>\n\n\n\n<p> Inhalio, Inc. est une soci\u00e9t\u00e9 priv\u00e9e constitu\u00e9e en vertu des lois de l'\u00c9tat du Delaware, aux \u00c9tats-Unis, et est enregistr\u00e9e dans le registre du D\u00e9partement d'\u00c9tat sous le num\u00e9ro d'identification d'\u00c9tat du Delaware 88944842.<\/p>","protected":false},"excerpt":{"rendered":"<p>Provider Identification The following provides mandatory data concerning the provider of this Website, obligations with regard to data protection, as well as other important legal &#8230; <\/p>\n<p class=\"read-more-container\"><a title=\"Impression\" class=\"read-more button\" href=\"https:\/\/multi.inhalio.com\/fr\/privacy-center\/imprint\/#more-31599\" aria-label=\"En savoir plus sur Imprint\">Lire la suite<\/a><\/p>","protected":false},"author":1,"featured_media":0,"parent":31578,"menu_order":0,"comment_status":"closed","ping_status":"closed","template":"","meta":[],"acf":[],"yoast_head":"<!-- This site is optimized with the Yoast SEO plugin v21.1 - https:\/\/yoast.com\/wordpress\/plugins\/seo\/ -->\n<title>Imprint - Inhalio<\/title>\n<meta name=\"robots\" content=\"index, follow, max-snippet:-1, max-image-preview:large, max-video-preview:-1\" \/>\n<link rel=\"canonical\" href=\"https:\/\/multi.inhalio.com\/fr\/privacy-center\/imprint\/\" \/>\n<meta property=\"og:locale\" content=\"fr_FR\" \/>\n<meta property=\"og:type\" content=\"article\" \/>\n<meta property=\"og:title\" content=\"Imprint - Inhalio\" \/>\n<meta property=\"og:description\" content=\"Provider Identification The following provides mandatory data concerning the provider of this Website, obligations with regard to data protection, as well as other important legal ... Read more\" \/>\n<meta property=\"og:url\" content=\"https:\/\/multi.inhalio.com\/fr\/privacy-center\/imprint\/\" \/>\n<meta property=\"og:site_name\" content=\"Inhalio\" \/>\n<meta property=\"article:publisher\" content=\"https:\/\/www.facebook.com\/inhalio\" \/>\n<meta property=\"article:modified_time\" content=\"2022-02-01T21:46:46+00:00\" \/>\n<meta property=\"og:image\" content=\"https:\/\/multi.inhalio.com\/wp-content\/uploads\/2022\/02\/logo.png\" \/>\n\t<meta property=\"og:image:width\" content=\"1185\" \/>\n\t<meta property=\"og:image:height\" content=\"284\" \/>\n\t<meta property=\"og:image:type\" content=\"image\/png\" \/>\n<meta name=\"twitter:card\" content=\"summary_large_image\" \/>\n<meta name=\"twitter:site\" content=\"@inhalio\" \/>\n<meta name=\"twitter:label1\" content=\"Dur\u00e9e de lecture estim\u00e9e\" \/>\n\t<meta name=\"twitter:data1\" content=\"1 minute\" \/>\n<script type=\"application\/ld+json\" class=\"yoast-schema-graph\">{\"@context\":\"https:\/\/schema.org\",\"@graph\":[{\"@type\":\"WebPage\",\"@id\":\"https:\/\/multi.inhalio.com\/privacy-center\/imprint\/\",\"url\":\"https:\/\/multi.inhalio.com\/privacy-center\/imprint\/\",\"name\":\"Imprint - Inhalio\",\"isPartOf\":{\"@id\":\"https:\/\/multi.inhalio.com\/#website\"},\"datePublished\":\"2022-02-01T14:34:58+00:00\",\"dateModified\":\"2022-02-01T21:46:46+00:00\",\"breadcrumb\":{\"@id\":\"https:\/\/multi.inhalio.com\/privacy-center\/imprint\/#breadcrumb\"},\"inLanguage\":\"fr-FR\",\"potentialAction\":[{\"@type\":\"ReadAction\",\"target\":[\"https:\/\/multi.inhalio.com\/privacy-center\/imprint\/\"]}]},{\"@type\":\"BreadcrumbList\",\"@id\":\"https:\/\/multi.inhalio.com\/privacy-center\/imprint\/#breadcrumb\",\"itemListElement\":[{\"@type\":\"ListItem\",\"position\":1,\"name\":\"Home\",\"item\":\"https:\/\/multi.inhalio.com\/\"},{\"@type\":\"ListItem\",\"position\":2,\"name\":\"Privacy Center\",\"item\":\"https:\/\/multi.inhalio.com\/privacy-center\/\"},{\"@type\":\"ListItem\",\"position\":3,\"name\":\"Imprint\"}]},{\"@type\":\"WebSite\",\"@id\":\"https:\/\/multi.inhalio.com\/#website\",\"url\":\"https:\/\/multi.inhalio.com\/\",\"name\":\"Inhalio\",\"description\":\"The World's 1st Connected Platform for Scent | Scent Branding\",\"publisher\":{\"@id\":\"https:\/\/multi.inhalio.com\/#organization\"},\"potentialAction\":[{\"@type\":\"SearchAction\",\"target\":{\"@type\":\"EntryPoint\",\"urlTemplate\":\"https:\/\/multi.inhalio.com\/?s={search_term_string}\"},\"query-input\":\"required name=search_term_string\"}],\"inLanguage\":\"fr-FR\"},{\"@type\":\"Organization\",\"@id\":\"https:\/\/multi.inhalio.com\/#organization\",\"name\":\"Inhalio\",\"url\":\"https:\/\/multi.inhalio.com\/\",\"logo\":{\"@type\":\"ImageObject\",\"inLanguage\":\"fr-FR\",\"@id\":\"https:\/\/multi.inhalio.com\/#\/schema\/logo\/image\/\",\"url\":\"https:\/\/multi.inhalio.com\/wp-content\/uploads\/2022\/02\/logo.png\",\"contentUrl\":\"https:\/\/multi.inhalio.com\/wp-content\/uploads\/2022\/02\/logo.png\",\"width\":1185,\"height\":284,\"caption\":\"Inhalio\"},\"image\":{\"@id\":\"https:\/\/multi.inhalio.com\/#\/schema\/logo\/image\/\"},\"sameAs\":[\"https:\/\/www.facebook.com\/inhalio\",\"https:\/\/twitter.com\/inhalio\",\"https:\/\/www.linkedin.com\/company\/inhali\u00f3\/\"]}]}<\/script>\n<!-- \/ Yoast SEO plugin. -->","yoast_head_json":{"title":"Imprint - Inhalio","robots":{"index":"index","follow":"follow","max-snippet":"max-snippet:-1","max-image-preview":"max-image-preview:large","max-video-preview":"max-video-preview:-1"},"canonical":"https:\/\/multi.inhalio.com\/fr\/privacy-center\/imprint\/","og_locale":"fr_FR","og_type":"article","og_title":"Imprint - Inhalio","og_description":"Provider Identification The following provides mandatory data concerning the provider of this Website, obligations with regard to data protection, as well as other important legal ... Read more","og_url":"https:\/\/multi.inhalio.com\/fr\/privacy-center\/imprint\/","og_site_name":"Inhalio","article_publisher":"https:\/\/www.facebook.com\/inhalio","article_modified_time":"2022-02-01T21:46:46+00:00","og_image":[{"width":1185,"height":284,"url":"https:\/\/multi.inhalio.com\/wp-content\/uploads\/2022\/02\/logo.png","type":"image\/png"}],"twitter_card":"summary_large_image","twitter_site":"@inhalio","twitter_misc":{"Dur\u00e9e de lecture estim\u00e9e":"1 minute"},"schema":{"@context":"https:\/\/schema.org","@graph":[{"@type":"WebPage","@id":"https:\/\/multi.inhalio.com\/privacy-center\/imprint\/","url":"https:\/\/multi.inhalio.com\/privacy-center\/imprint\/","name":"Imprint - Inhalio","isPartOf":{"@id":"https:\/\/multi.inhalio.com\/#website"},"datePublished":"2022-02-01T14:34:58+00:00","dateModified":"2022-02-01T21:46:46+00:00","breadcrumb":{"@id":"https:\/\/multi.inhalio.com\/privacy-center\/imprint\/#breadcrumb"},"inLanguage":"fr-FR","potentialAction":[{"@type":"ReadAction","target":["https:\/\/multi.inhalio.com\/privacy-center\/imprint\/"]}]},{"@type":"BreadcrumbList","@id":"https:\/\/multi.inhalio.com\/privacy-center\/imprint\/#breadcrumb","itemListElement":[{"@type":"ListItem","position":1,"name":"Home","item":"https:\/\/multi.inhalio.com\/"},{"@type":"ListItem","position":2,"name":"Privacy Center","item":"https:\/\/multi.inhalio.com\/privacy-center\/"},{"@type":"ListItem","position":3,"name":"Imprint"}]},{"@type":"WebSite","@id":"https:\/\/multi.inhalio.com\/#website","url":"https:\/\/multi.inhalio.com\/","name":"Inhalio","description":"The World's 1st Connected Platform for Scent | Scent Branding","publisher":{"@id":"https:\/\/multi.inhalio.com\/#organization"},"potentialAction":[{"@type":"SearchAction","target":{"@type":"EntryPoint","urlTemplate":"https:\/\/multi.inhalio.com\/?s={search_term_string}"},"query-input":"required name=search_term_string"}],"inLanguage":"fr-FR"},{"@type":"Organization","@id":"https:\/\/multi.inhalio.com\/#organization","name":"Inhalio","url":"https:\/\/multi.inhalio.com\/","logo":{"@type":"ImageObject","inLanguage":"fr-FR","@id":"https:\/\/multi.inhalio.com\/#\/schema\/logo\/image\/","url":"https:\/\/multi.inhalio.com\/wp-content\/uploads\/2022\/02\/logo.png","contentUrl":"https:\/\/multi.inhalio.com\/wp-content\/uploads\/2022\/02\/logo.png","width":1185,"height":284,"caption":"Inhalio"},"image":{"@id":"https:\/\/multi.inhalio.com\/#\/schema\/logo\/image\/"},"sameAs":["https:\/\/www.facebook.com\/inhalio","https:\/\/twitter.com\/inhalio","https:\/\/www.linkedin.com\/company\/inhali\u00f3\/"]}]}},"_links":{"self":[{"href":"https:\/\/multi.inhalio.com\/fr\/wp-json\/wp\/v2\/pages\/31599"}],"collection":[{"href":"https:\/\/multi.inhalio.com\/fr\/wp-json\/wp\/v2\/pages"}],"about":[{"href":"https:\/\/multi.inhalio.com\/fr\/wp-json\/wp\/v2\/types\/page"}],"author":[{"embeddable":true,"href":"https:\/\/multi.inhalio.com\/fr\/wp-json\/wp\/v2\/users\/1"}],"replies":[{"embeddable":true,"href":"https:\/\/multi.inhalio.com\/fr\/wp-json\/wp\/v2\/comments?post=31599"}],"version-history":[{"count":7,"href":"https:\/\/multi.inhalio.com\/fr\/wp-json\/wp\/v2\/pages\/31599\/revisions"}],"predecessor-version":[{"id":31650,"href":"https:\/\/multi.inhalio.com\/fr\/wp-json\/wp\/v2\/pages\/31599\/revisions\/31650"}],"up":[{"embeddable":true,"href":"https:\/\/multi.inhalio.com\/fr\/wp-json\/wp\/v2\/pages\/31578"}],"wp:attachment":[{"href":"https:\/\/multi.inhalio.com\/fr\/wp-json\/wp\/v2\/media?parent=31599"}],"curies":[{"name":"wp","href":"https:\/\/api.w.org\/{rel}","templated":true}]}}