{"id":31580,"date":"2022-02-01T10:51:57","date_gmt":"2022-02-01T10:51:57","guid":{"rendered":"https:\/\/multi.inhalio.com\/?page_id=31580"},"modified":"2022-02-01T22:43:32","modified_gmt":"2022-02-01T22:43:32","slug":"cookie-policy","status":"publish","type":"page","link":"https:\/\/multi.inhalio.com\/fr\/privacy-center\/cookie-policy\/","title":{"rendered":"Politique en mati\u00e8re de cookies"},"content":{"rendered":"<h2>Qu'est-ce qu'un cookie ?<\/h2>\n\n\n\n<p>Les cookies sont de petits fichiers texte, cr\u00e9\u00e9s par le site web visit\u00e9, qui contiennent des donn\u00e9es. Ils sont stock\u00e9s sur l'ordinateur du visiteur pour permettre \u00e0 l'utilisateur d'acc\u00e9der \u00e0 diverses fonctions. Des cookies de session et des cookies hors session sont utilis\u00e9s sur ce site web (le \"Site\"). Un cookie de session est stock\u00e9 temporairement dans la m\u00e9moire de l'ordinateur pendant que le visiteur navigue sur le site web. Ce cookie est effac\u00e9 lorsque l'utilisateur ferme son navigateur web ou apr\u00e8s un certain temps (ce qui signifie que la session expire). Un cookie de non-session reste sur l'ordinateur du visiteur jusqu'\u00e0 ce qu'il soit effac\u00e9.<\/p>\n\n\n\n<h2>Pourquoi utilisons-nous des cookies ?<\/h2>\n\n\n\n<p>Nous utilisons les cookies pour en savoir plus sur la mani\u00e8re dont les visiteurs interagissent avec notre contenu et pour nous aider \u00e0 am\u00e9liorer l'exp\u00e9rience des visiteurs de notre site.<\/p>\n\n\n\n<h2>Fonctionnalit\u00e9 du site<\/h2>\n\n\n\n<p>La fonction de partage est utilis\u00e9e par les visiteurs pour recommander notre site et son contenu sur des r\u00e9seaux sociaux tels que Facebook et Twitter. Les cookies stockent des informations sur la fa\u00e7on dont les visiteurs utilisent la fonction de partage - mais pas \u00e0 un niveau individuel - afin que le site puisse \u00eatre am\u00e9lior\u00e9. Si vous n'acceptez pas les cookies, aucune information n'est stock\u00e9e.<\/p>\n\n\n\n<p>Pour certaines fonctions de notre site, nous faisons appel \u00e0 des fournisseurs tiers, par exemple, lorsque vous visitez une page contenant des vid\u00e9os int\u00e9gr\u00e9es ou des liens vers YouTube. Ces vid\u00e9os ou liens (et tout autre contenu provenant de fournisseurs tiers) peuvent contenir des cookies tiers et vous pouvez consulter les politiques de ces sites Web tiers pour obtenir des informations sur leur utilisation des cookies.<\/p>\n\n\n\n<h2>Les cookies que nous utilisons :<\/h2>\n\n\n\n<p>Ce Site utilise Google Analytics qui utilise des cookies. Au niveau agr\u00e9g\u00e9, les cookies stockent des informations sur la fa\u00e7on dont les visiteurs utilisent le Site, y compris le nombre de pages affich\u00e9es, l'origine du visiteur et le nombre de visites, afin d'am\u00e9liorer le site et de garantir une bonne exp\u00e9rience utilisateur. Si vous n'acceptez pas les cookies, aucune information n'est stock\u00e9e.<\/p>\n\n\n\n<h2>Comment rejeter les cookies ?<\/h2>\n\n\n\n<p>Nous n'utiliserons pas les cookies pour recueillir des informations permettant d'identifier personnellement un visiteur.<\/p>\n\n\n\n<p>Cependant, vous pouvez choisir de rejeter ou de bloquer les cookies install\u00e9s par Inhalio en modifiant les param\u00e8tres de votre navigateur - voir la \"fonction d'aide\" de votre navigateur pour plus de d\u00e9tails.\u00a0Veuillez noter que la plupart des navigateurs acceptent automatiquement les cookies. Si vous ne souhaitez pas que des cookies soient utilis\u00e9s, vous devrez peut-\u00eatre supprimer ou bloquer activement les cookies.<\/p>\n\n\n\n<p>Pour obtenir des informations sur l'utilisation des cookies dans les navigateurs des t\u00e9l\u00e9phones mobiles et pour savoir comment rejeter ou supprimer ces cookies, veuillez vous reporter au manuel de votre t\u00e9l\u00e9phone mobile.<\/p>","protected":false},"excerpt":{"rendered":"<p>What is a Cookie? Cookies are small text files, created by the website visited, that contain data. They are stored on the visitor\u2019s computer to &#8230; <\/p>\n<p class=\"read-more-container\"><a title=\"Politique en mati\u00e8re de cookies\" class=\"read-more button\" href=\"https:\/\/multi.inhalio.com\/fr\/privacy-center\/cookie-policy\/#more-31580\" aria-label=\"En savoir plus sur Cookie Policy\">Lire la suite<\/a><\/p>","protected":false},"author":1,"featured_media":0,"parent":31578,"menu_order":0,"comment_status":"closed","ping_status":"closed","template":"","meta":[],"acf":[],"yoast_head":"<!-- This site is optimized with the Yoast SEO plugin v21.1 - https:\/\/yoast.com\/wordpress\/plugins\/seo\/ -->\n<title>Cookie Policy - Inhalio<\/title>\n<meta name=\"robots\" content=\"index, follow, max-snippet:-1, max-image-preview:large, max-video-preview:-1\" \/>\n<link rel=\"canonical\" href=\"https:\/\/multi.inhalio.com\/fr\/privacy-center\/cookie-policy\/\" \/>\n<meta property=\"og:locale\" content=\"fr_FR\" \/>\n<meta property=\"og:type\" content=\"article\" \/>\n<meta property=\"og:title\" content=\"Cookie Policy - Inhalio\" \/>\n<meta property=\"og:description\" content=\"What is a Cookie? Cookies are small text files, created by the website visited, that contain data. They are stored on the visitor\u2019s computer to ... Read more\" \/>\n<meta property=\"og:url\" content=\"https:\/\/multi.inhalio.com\/fr\/privacy-center\/cookie-policy\/\" \/>\n<meta property=\"og:site_name\" content=\"Inhalio\" \/>\n<meta property=\"article:publisher\" content=\"https:\/\/www.facebook.com\/inhalio\" \/>\n<meta property=\"article:modified_time\" content=\"2022-02-01T22:43:32+00:00\" \/>\n<meta property=\"og:image\" content=\"https:\/\/multi.inhalio.com\/wp-content\/uploads\/2022\/02\/logo.png\" \/>\n\t<meta property=\"og:image:width\" content=\"1185\" \/>\n\t<meta property=\"og:image:height\" content=\"284\" \/>\n\t<meta property=\"og:image:type\" content=\"image\/png\" \/>\n<meta name=\"twitter:card\" content=\"summary_large_image\" \/>\n<meta name=\"twitter:site\" content=\"@inhalio\" \/>\n<meta name=\"twitter:label1\" content=\"Dur\u00e9e de lecture estim\u00e9e\" \/>\n\t<meta name=\"twitter:data1\" content=\"2 minutes\" \/>\n<script type=\"application\/ld+json\" class=\"yoast-schema-graph\">{\"@context\":\"https:\/\/schema.org\",\"@graph\":[{\"@type\":\"WebPage\",\"@id\":\"https:\/\/multi.inhalio.com\/privacy-center\/cookie-policy\/\",\"url\":\"https:\/\/multi.inhalio.com\/privacy-center\/cookie-policy\/\",\"name\":\"Cookie Policy - Inhalio\",\"isPartOf\":{\"@id\":\"https:\/\/multi.inhalio.com\/#website\"},\"datePublished\":\"2022-02-01T10:51:57+00:00\",\"dateModified\":\"2022-02-01T22:43:32+00:00\",\"breadcrumb\":{\"@id\":\"https:\/\/multi.inhalio.com\/privacy-center\/cookie-policy\/#breadcrumb\"},\"inLanguage\":\"fr-FR\",\"potentialAction\":[{\"@type\":\"ReadAction\",\"target\":[\"https:\/\/multi.inhalio.com\/privacy-center\/cookie-policy\/\"]}]},{\"@type\":\"BreadcrumbList\",\"@id\":\"https:\/\/multi.inhalio.com\/privacy-center\/cookie-policy\/#breadcrumb\",\"itemListElement\":[{\"@type\":\"ListItem\",\"position\":1,\"name\":\"Home\",\"item\":\"https:\/\/multi.inhalio.com\/\"},{\"@type\":\"ListItem\",\"position\":2,\"name\":\"Privacy Center\",\"item\":\"https:\/\/multi.inhalio.com\/privacy-center\/\"},{\"@type\":\"ListItem\",\"position\":3,\"name\":\"Cookie Policy\"}]},{\"@type\":\"WebSite\",\"@id\":\"https:\/\/multi.inhalio.com\/#website\",\"url\":\"https:\/\/multi.inhalio.com\/\",\"name\":\"Inhalio\",\"description\":\"The World's 1st Connected Platform for Scent | Scent Branding\",\"publisher\":{\"@id\":\"https:\/\/multi.inhalio.com\/#organization\"},\"potentialAction\":[{\"@type\":\"SearchAction\",\"target\":{\"@type\":\"EntryPoint\",\"urlTemplate\":\"https:\/\/multi.inhalio.com\/?s={search_term_string}\"},\"query-input\":\"required name=search_term_string\"}],\"inLanguage\":\"fr-FR\"},{\"@type\":\"Organization\",\"@id\":\"https:\/\/multi.inhalio.com\/#organization\",\"name\":\"Inhalio\",\"url\":\"https:\/\/multi.inhalio.com\/\",\"logo\":{\"@type\":\"ImageObject\",\"inLanguage\":\"fr-FR\",\"@id\":\"https:\/\/multi.inhalio.com\/#\/schema\/logo\/image\/\",\"url\":\"https:\/\/multi.inhalio.com\/wp-content\/uploads\/2022\/02\/logo.png\",\"contentUrl\":\"https:\/\/multi.inhalio.com\/wp-content\/uploads\/2022\/02\/logo.png\",\"width\":1185,\"height\":284,\"caption\":\"Inhalio\"},\"image\":{\"@id\":\"https:\/\/multi.inhalio.com\/#\/schema\/logo\/image\/\"},\"sameAs\":[\"https:\/\/www.facebook.com\/inhalio\",\"https:\/\/twitter.com\/inhalio\",\"https:\/\/www.linkedin.com\/company\/inhali\u00f3\/\"]}]}<\/script>\n<!-- \/ Yoast SEO plugin. -->","yoast_head_json":{"title":"Cookie Policy - Inhalio","robots":{"index":"index","follow":"follow","max-snippet":"max-snippet:-1","max-image-preview":"max-image-preview:large","max-video-preview":"max-video-preview:-1"},"canonical":"https:\/\/multi.inhalio.com\/fr\/privacy-center\/cookie-policy\/","og_locale":"fr_FR","og_type":"article","og_title":"Cookie Policy - Inhalio","og_description":"What is a Cookie? Cookies are small text files, created by the website visited, that contain data. They are stored on the visitor\u2019s computer to ... Read more","og_url":"https:\/\/multi.inhalio.com\/fr\/privacy-center\/cookie-policy\/","og_site_name":"Inhalio","article_publisher":"https:\/\/www.facebook.com\/inhalio","article_modified_time":"2022-02-01T22:43:32+00:00","og_image":[{"width":1185,"height":284,"url":"https:\/\/multi.inhalio.com\/wp-content\/uploads\/2022\/02\/logo.png","type":"image\/png"}],"twitter_card":"summary_large_image","twitter_site":"@inhalio","twitter_misc":{"Dur\u00e9e de lecture estim\u00e9e":"2 minutes"},"schema":{"@context":"https:\/\/schema.org","@graph":[{"@type":"WebPage","@id":"https:\/\/multi.inhalio.com\/privacy-center\/cookie-policy\/","url":"https:\/\/multi.inhalio.com\/privacy-center\/cookie-policy\/","name":"Cookie Policy - Inhalio","isPartOf":{"@id":"https:\/\/multi.inhalio.com\/#website"},"datePublished":"2022-02-01T10:51:57+00:00","dateModified":"2022-02-01T22:43:32+00:00","breadcrumb":{"@id":"https:\/\/multi.inhalio.com\/privacy-center\/cookie-policy\/#breadcrumb"},"inLanguage":"fr-FR","potentialAction":[{"@type":"ReadAction","target":["https:\/\/multi.inhalio.com\/privacy-center\/cookie-policy\/"]}]},{"@type":"BreadcrumbList","@id":"https:\/\/multi.inhalio.com\/privacy-center\/cookie-policy\/#breadcrumb","itemListElement":[{"@type":"ListItem","position":1,"name":"Home","item":"https:\/\/multi.inhalio.com\/"},{"@type":"ListItem","position":2,"name":"Privacy Center","item":"https:\/\/multi.inhalio.com\/privacy-center\/"},{"@type":"ListItem","position":3,"name":"Cookie Policy"}]},{"@type":"WebSite","@id":"https:\/\/multi.inhalio.com\/#website","url":"https:\/\/multi.inhalio.com\/","name":"Inhalio","description":"The World's 1st Connected Platform for Scent | Scent Branding","publisher":{"@id":"https:\/\/multi.inhalio.com\/#organization"},"potentialAction":[{"@type":"SearchAction","target":{"@type":"EntryPoint","urlTemplate":"https:\/\/multi.inhalio.com\/?s={search_term_string}"},"query-input":"required name=search_term_string"}],"inLanguage":"fr-FR"},{"@type":"Organization","@id":"https:\/\/multi.inhalio.com\/#organization","name":"Inhalio","url":"https:\/\/multi.inhalio.com\/","logo":{"@type":"ImageObject","inLanguage":"fr-FR","@id":"https:\/\/multi.inhalio.com\/#\/schema\/logo\/image\/","url":"https:\/\/multi.inhalio.com\/wp-content\/uploads\/2022\/02\/logo.png","contentUrl":"https:\/\/multi.inhalio.com\/wp-content\/uploads\/2022\/02\/logo.png","width":1185,"height":284,"caption":"Inhalio"},"image":{"@id":"https:\/\/multi.inhalio.com\/#\/schema\/logo\/image\/"},"sameAs":["https:\/\/www.facebook.com\/inhalio","https:\/\/twitter.com\/inhalio","https:\/\/www.linkedin.com\/company\/inhali\u00f3\/"]}]}},"_links":{"self":[{"href":"https:\/\/multi.inhalio.com\/fr\/wp-json\/wp\/v2\/pages\/31580"}],"collection":[{"href":"https:\/\/multi.inhalio.com\/fr\/wp-json\/wp\/v2\/pages"}],"about":[{"href":"https:\/\/multi.inhalio.com\/fr\/wp-json\/wp\/v2\/types\/page"}],"author":[{"embeddable":true,"href":"https:\/\/multi.inhalio.com\/fr\/wp-json\/wp\/v2\/users\/1"}],"replies":[{"embeddable":true,"href":"https:\/\/multi.inhalio.com\/fr\/wp-json\/wp\/v2\/comments?post=31580"}],"version-history":[{"count":2,"href":"https:\/\/multi.inhalio.com\/fr\/wp-json\/wp\/v2\/pages\/31580\/revisions"}],"predecessor-version":[{"id":31673,"href":"https:\/\/multi.inhalio.com\/fr\/wp-json\/wp\/v2\/pages\/31580\/revisions\/31673"}],"up":[{"embeddable":true,"href":"https:\/\/multi.inhalio.com\/fr\/wp-json\/wp\/v2\/pages\/31578"}],"wp:attachment":[{"href":"https:\/\/multi.inhalio.com\/fr\/wp-json\/wp\/v2\/media?parent=31580"}],"curies":[{"name":"wp","href":"https:\/\/api.w.org\/{rel}","templated":true}]}}