{"id":2,"date":"2022-01-26T11:00:53","date_gmt":"2022-01-26T11:00:53","guid":{"rendered":"https:\/\/multi.inhalio.com\/?page_id=2"},"modified":"2022-02-03T18:44:48","modified_gmt":"2022-02-03T18:44:48","slug":"sample-page","status":"publish","type":"page","link":"https:\/\/multi.inhalio.com\/fr\/","title":{"rendered":"Accueil"},"content":{"rendered":"<style>.breadcrumb_last{display: none;}<\/style>\n\n\n<h2 class=\"has-text-align-center\" id=\"h-inhali-global-leader-in-digital-scent-transformation\"> INHALI\u00d3 : LEADER MONDIAL DE LA TRANSFORMATION NUM\u00c9RIQUE DES PARFUMS<sup>\t\u2122<\/sup><\/h2>\n\n\n\n<hr class=\"wp-block-separator small-divider\"\/>\n\n\n\n<blockquote class=\"wp-block-quote\"><p><em>Notre odorat est le plus puissant de tous nos sens - connect\u00e9 au centre de notre cerveau, le syst\u00e8me olfactif a un impact direct sur nos souvenirs, nos \u00e9motions et, surtout, sur notre sant\u00e9, notre bien-\u00eatre et notre mieux-\u00eatre.<\/em>. <\/p><cite> <em>- Keith Kelsen, PDG d'Inhalio<\/em> <\/cite><\/blockquote>\n\n\n\n<hr class=\"wp-block-separator\"\/>\n\n\n\n<h2 class=\"has-text-align-center\" id=\"h-the-power-and-science-of-inhalio-digital-scent-cartridges\">La puissance et la science des cartouches parfum\u00e9es num\u00e9riques Inhalio<\/h2>\n\n\n\n<hr class=\"wp-block-separator small-divider\"\/>\n\n\n\n<div style=\"height:25px\" aria-hidden=\"true\" class=\"wp-block-spacer\"><\/div>\n\n\n\n<div class=\"is-layout-flex wp-container-5 wp-block-columns icons-circle markets\">\n<div class=\"is-layout-flow wp-block-column\">\n<div class=\"wp-block-image\"><figure class=\"aligncenter size-full is-resized\"><img decoding=\"async\" loading=\"lazy\" src=\"https:\/\/multi.inhalio.com\/wp-content\/uploads\/2022\/01\/anti-pathogen.png\" alt=\"\" class=\"wp-image-260\" width=\"63\" height=\"63\" srcset=\"https:\/\/multi.inhalio.com\/wp-content\/uploads\/2022\/01\/anti-pathogen.png 477w, https:\/\/multi.inhalio.com\/wp-content\/uploads\/2022\/01\/anti-pathogen-300x293.png 300w, https:\/\/multi.inhalio.com\/wp-content\/uploads\/2022\/01\/anti-pathogen-150x150.png 150w, https:\/\/multi.inhalio.com\/wp-content\/uploads\/2022\/01\/anti-pathogen-12x12.png 12w\" sizes=\"(max-width: 63px) 100vw, 63px\" \/><\/figure><\/div>\n\n\n\n<h4 class=\"has-text-align-center\" id=\"h-v-313485-air-sanitizer-scent-cartridges\"><a href=\"https:\/\/inhalio.com\/virucide-scent-cartridges\/\">V-313485 Cartouches de parfum d'assainisseur d'air<\/a><\/h4>\n\n\n\n<p class=\"has-text-align-center\">Tue les virus et les bact\u00e9ries en suspension dans l'air pour \u00e9liminer les agents pathog\u00e8nes en suspension dans l'air.<\/p>\n<\/div>\n\n\n\n<div class=\"is-layout-flow wp-block-column\">\n<div class=\"wp-block-image\"><figure class=\"aligncenter size-full is-resized\"><img decoding=\"async\" src=\"https:\/\/multi.inhalio.com\/wp-content\/uploads\/2022\/01\/mal-odor.png\" alt=\"\" class=\"wp-image-261\" width=\"63\" srcset=\"https:\/\/multi.inhalio.com\/wp-content\/uploads\/2022\/01\/mal-odor.png 519w, https:\/\/multi.inhalio.com\/wp-content\/uploads\/2022\/01\/mal-odor-300x298.png 300w, https:\/\/multi.inhalio.com\/wp-content\/uploads\/2022\/01\/mal-odor-150x150.png 150w, https:\/\/multi.inhalio.com\/wp-content\/uploads\/2022\/01\/mal-odor-12x12.png 12w\" sizes=\"(max-width: 519px) 100vw, 519px\" \/><\/figure><\/div>\n\n\n\n<h4 class=\"has-text-align-center\" id=\"h-malodor-scent-cartridges\"><a href=\"https:\/\/inhalio.com\/malodor-scent-cartridges\/\">Cartouches de parfum malodorant<\/a><\/h4>\n\n\n\n<p class=\"has-text-align-center\">\u00c9limine les odeurs en suspension dans l'air comme la fum\u00e9e, la sueur, les odeurs d'animaux et de nourriture.<\/p>\n<\/div>\n\n\n\n<div class=\"is-layout-flow wp-block-column\">\n<div class=\"wp-block-image\"><figure class=\"aligncenter size-full is-resized\"><img decoding=\"async\" src=\"https:\/\/multi.inhalio.com\/wp-content\/uploads\/2022\/01\/motion-sick.png\" alt=\"\" class=\"wp-image-262\" width=\"63\" srcset=\"https:\/\/multi.inhalio.com\/wp-content\/uploads\/2022\/01\/motion-sick.png 562w, https:\/\/multi.inhalio.com\/wp-content\/uploads\/2022\/01\/motion-sick-300x300.png 300w, https:\/\/multi.inhalio.com\/wp-content\/uploads\/2022\/01\/motion-sick-150x150.png 150w, https:\/\/multi.inhalio.com\/wp-content\/uploads\/2022\/01\/motion-sick-12x12.png 12w\" sizes=\"(max-width: 562px) 100vw, 562px\" \/><\/figure><\/div>\n\n\n\n<h4 class=\"has-text-align-center\" id=\"h-motion-sickness-relief-scent-cartridges\"><a href=\"https:\/\/inhalio.com\/motion-scent-cartridges\/\">Cartouches parfum\u00e9es contre le mal des transports<\/a><\/h4>\n\n\n\n<p class=\"has-text-align-center\">R\u00e9duit les cas l\u00e9gers \u00e0 moyens de mal des transports.<\/p>\n<\/div>\n\n\n\n<div class=\"is-layout-flow wp-block-column\">\n<div class=\"wp-block-image\"><figure class=\"aligncenter size-full is-resized\"><img decoding=\"async\" src=\"https:\/\/multi.inhalio.com\/wp-content\/uploads\/2022\/01\/scent-fresh.png\" alt=\"\" class=\"wp-image-259\" width=\"90\" srcset=\"https:\/\/multi.inhalio.com\/wp-content\/uploads\/2022\/01\/scent-fresh.png 108w, https:\/\/multi.inhalio.com\/wp-content\/uploads\/2022\/01\/scent-fresh-14x12.png 14w\" sizes=\"(max-width: 108px) 100vw, 108px\" \/><\/figure><\/div>\n\n\n\n<h4 class=\"has-text-align-center\" id=\"h-mood-mapped-scent-cartridges\"><a href=\"https:\/\/inhalio.com\/mood-scent-cartridges\/\">Cartouches de parfum Mood Mapped<\/a><\/h4>\n\n\n\n<p class=\"has-text-align-center\">des parfums qui calment, revigorent, d\u00e9tendent et rendent plus alerte<\/p>\n<\/div>\n<\/div>\n\n\n\n<div style=\"height:25px\" aria-hidden=\"true\" class=\"wp-block-spacer\"><\/div>\n\n\n\n<hr class=\"wp-block-separator\"\/>\n\n\n\n<h2 class=\"has-text-align-center\" id=\"h-inhalio-overview\">Aper\u00e7u d'Inhalio<\/h2>\n\n\n\n<hr class=\"wp-block-separator small-divider\"\/>\n\n\n\n<div style=\"height:25px\" aria-hidden=\"true\" class=\"wp-block-spacer\"><\/div>\n\n\n\n<div class=\"is-layout-flex wp-container-8 wp-block-columns\">\n<div class=\"is-layout-flow wp-block-column\">\n<p>Inhalio, leader mondial des syst\u00e8mes de diffusion num\u00e9rique de parfum, permet la transformation digitale de la diffusion de parfum aux grandes entreprises dans les march\u00e9s de la maison connect\u00e9e et automobiles gr\u00e2ce \u00e0 sa&nbsp;<a href=\"https:\/\/inhalio.com\/tech\/\">Plateform Digital Scent 3.0<\/a>. La technologie num\u00e9rique de diffusion s\u00e8che ainsi que les cartouches de parfum intelligentes Inhali\u00f3 permettent d\u2019utiliser le&nbsp;<em>pouvoir de la science du parfum&nbsp;<\/em>pour am\u00e9liorer de mani\u00e8re significative les exp\u00e9riences \u00e0 bord des v\u00e9hicules, diffuser des parfums fins sur les march\u00e9s domestiques et soutenir les solutions de sant\u00e9, de bien-\u00eatre et de bien \u00eatre. Nous nous concentrons sur la science des parfums en utilisant un processus centr\u00e9 sur les donn\u00e9es d'infusion pr\u00e9cise de parfums, de diffusion mol\u00e9culaire \u00e0 l'air sec et d'informations d\u00e9taill\u00e9es sur les clients.<\/p>\n\n\n\n<p><\/p>\n<\/div>\n\n\n\n<div class=\"is-layout-flow wp-block-column wave-bg\">\n<div class=\"wp-block-image\"><figure class=\"aligncenter size-large\"><img decoding=\"async\" loading=\"lazy\" width=\"1024\" height=\"454\" src=\"https:\/\/multi.inhalio.com\/wp-content\/uploads\/2022\/01\/variant2-1024x454.jpg\" alt=\"\" class=\"wp-image-246\" srcset=\"https:\/\/multi.inhalio.com\/wp-content\/uploads\/2022\/01\/variant2-1024x454.jpg 1024w, https:\/\/multi.inhalio.com\/wp-content\/uploads\/2022\/01\/variant2-300x133.jpg 300w, https:\/\/multi.inhalio.com\/wp-content\/uploads\/2022\/01\/variant2-768x341.jpg 768w, https:\/\/multi.inhalio.com\/wp-content\/uploads\/2022\/01\/variant2-1536x681.jpg 1536w, https:\/\/multi.inhalio.com\/wp-content\/uploads\/2022\/01\/variant2-18x8.jpg 18w, https:\/\/multi.inhalio.com\/wp-content\/uploads\/2022\/01\/variant2.jpg 1562w\" sizes=\"(max-width: 1024px) 100vw, 1024px\" \/><\/figure><\/div>\n<\/div>\n<\/div>\n\n\n\n<hr class=\"wp-block-separator\"\/>\n\n\n\n<div style=\"height:25px\" aria-hidden=\"true\" class=\"wp-block-spacer\"><\/div>\n\n\n\n<h2 class=\"has-text-align-center\" id=\"h-digital-scent-3-0-platform\">Plateform Digital Scent 3.0<\/h2>\n\n\n\n<hr class=\"wp-block-separator small-divider\"\/>\n\n\n\n<div style=\"height:25px\" aria-hidden=\"true\" class=\"wp-block-spacer\"><\/div>\n\n\n\n<div class=\"is-layout-flex wp-container-12 wp-block-columns icons-circle markets\">\n<div class=\"is-layout-flow wp-block-column\">\n<div class=\"wp-block-image\"><figure class=\"aligncenter size-full is-resized\"><img decoding=\"async\" loading=\"lazy\" src=\"https:\/\/multi.inhalio.com\/wp-content\/uploads\/2022\/01\/infusion.png\" alt=\"\" class=\"wp-image-197\" width=\"64\" height=\"64\" srcset=\"https:\/\/multi.inhalio.com\/wp-content\/uploads\/2022\/01\/infusion.png 512w, https:\/\/multi.inhalio.com\/wp-content\/uploads\/2022\/01\/infusion-300x300.png 300w, https:\/\/multi.inhalio.com\/wp-content\/uploads\/2022\/01\/infusion-150x150.png 150w, https:\/\/multi.inhalio.com\/wp-content\/uploads\/2022\/01\/infusion-12x12.png 12w\" sizes=\"(max-width: 64px) 100vw, 64px\" \/><\/figure><\/div>\n\n\n\n<h3 class=\"has-text-align-center\" id=\"h-infusion\"><a href=\"https:\/\/inhalio.com\/tech\/#scent-infusion\">Infusion<\/a><\/h3>\n\n\n\n<p class=\"has-text-align-center\">Notre processus d'infusion de parfums est unique car il est centr\u00e9 sur les donn\u00e9es, ce qui permet d'obtenir un degr\u00e9 sup\u00e9rieur de clart\u00e9, de puret\u00e9 et de sant\u00e9 des parfums.<\/p>\n<\/div>\n\n\n\n<div class=\"is-layout-flow wp-block-column\">\n<div class=\"wp-block-image\"><figure class=\"aligncenter size-full is-resized\"><img decoding=\"async\" src=\"https:\/\/multi.inhalio.com\/wp-content\/uploads\/2022\/01\/diffusion.png\" alt=\"\" class=\"wp-image-195\" width=\"64\" srcset=\"https:\/\/multi.inhalio.com\/wp-content\/uploads\/2022\/01\/diffusion.png 512w, https:\/\/multi.inhalio.com\/wp-content\/uploads\/2022\/01\/diffusion-300x300.png 300w, https:\/\/multi.inhalio.com\/wp-content\/uploads\/2022\/01\/diffusion-150x150.png 150w, https:\/\/multi.inhalio.com\/wp-content\/uploads\/2022\/01\/diffusion-12x12.png 12w\" sizes=\"(max-width: 512px) 100vw, 512px\" \/><\/figure><\/div>\n\n\n\n<h3 class=\"has-text-align-center\" id=\"h-diffusion\"><a href=\"https:\/\/inhalio.com\/tech\/#scent-diffusion\">Diffusion<\/a><\/h3>\n\n\n\n<p class=\"has-text-align-center\">Nos diffuseurs multi-senteurs \u00e0 air sec assurent une diffusion optimale pour chaque environnement, chaque profil de parfum, avec authentification de la cartouche.<\/p>\n<\/div>\n\n\n\n<div class=\"is-layout-flow wp-block-column\">\n<div class=\"wp-block-image\"><figure class=\"aligncenter size-full is-resized\"><img decoding=\"async\" src=\"https:\/\/multi.inhalio.com\/wp-content\/uploads\/2022\/01\/data.png\" alt=\"\" class=\"wp-image-194\" width=\"64\" srcset=\"https:\/\/multi.inhalio.com\/wp-content\/uploads\/2022\/01\/data.png 512w, https:\/\/multi.inhalio.com\/wp-content\/uploads\/2022\/01\/data-300x300.png 300w, https:\/\/multi.inhalio.com\/wp-content\/uploads\/2022\/01\/data-150x150.png 150w, https:\/\/multi.inhalio.com\/wp-content\/uploads\/2022\/01\/data-12x12.png 12w\" sizes=\"(max-width: 512px) 100vw, 512px\" \/><\/figure><\/div>\n\n\n\n<h3 class=\"has-text-align-center\" id=\"h-insights\"><a href=\"https:\/\/inhalio.com\/tech\/#consumer-insights\">Aper\u00e7us<\/a><\/h3>\n\n\n\n<p class=\"has-text-align-center\">Notre Inhalio Cloud contr\u00f4le, surveille, g\u00e8re et collecte des donn\u00e9es sur chaque diffuseur pour corr\u00e9ler et visualiser les tendances des consommateurs.<\/p>\n<\/div>\n<\/div>\n\n\n\n<hr class=\"wp-block-separator\"\/>\n\n\n\n<div style=\"height:25px\" aria-hidden=\"true\" class=\"wp-block-spacer\"><\/div>\n\n\n\n<h2 class=\"has-text-align-center\" id=\"h-use-case\">Cas d'utilisation<\/h2>\n\n\n\n<hr class=\"wp-block-separator small-divider\"\/>\n\n\n\n<div style=\"height:25px\" aria-hidden=\"true\" class=\"wp-block-spacer\"><\/div>\n\n\n\n<div class=\"is-layout-flex wp-container-15 wp-block-columns\">\n<div class=\"is-layout-flow wp-block-column\" style=\"flex-basis:70%\">\n<h3 id=\"h-rideshare-scent-diffuser-and-app\">Diffuseur de parfum et application Rideshare<\/h3>\n\n\n\n<p>Les passagers de covoiturage peuvent d\u00e9sormais r\u00e9server un voyage plus agr\u00e9able et plus sain gr\u00e2ce au pouvoir des parfums. \u00c0 l'aide d'une application mobile, les usagers choisissent l'un des quatre parfums \u00e0 bord du v\u00e9hicule qui favorisent le bien-\u00eatre, \u00e9liminent les odeurs ou r\u00e9duisent les cas l\u00e9gers de mal des transports. Le diffuseur num\u00e9rique de parfum \u00e0 bord du v\u00e9hicule Inhalio permet aux usagers de lib\u00e9rer le bon parfum pour cr\u00e9er l'exp\u00e9rience ou l'ambiance sp\u00e9cifique qu'ils souhaitent.<\/p>\n<\/div>\n\n\n\n<div class=\"is-layout-flow wp-block-column\" style=\"flex-basis:30%\">\n<div class=\"wp-block-image\"><figure class=\"aligncenter size-large\"><img decoding=\"async\" loading=\"lazy\" width=\"768\" height=\"1024\" src=\"https:\/\/multi.inhalio.com\/wp-content\/uploads\/2022\/01\/rideshare-pic-768x1024.jpg\" alt=\"\" class=\"wp-image-244\" srcset=\"https:\/\/multi.inhalio.com\/wp-content\/uploads\/2022\/01\/rideshare-pic-768x1024.jpg 768w, https:\/\/multi.inhalio.com\/wp-content\/uploads\/2022\/01\/rideshare-pic-225x300.jpg 225w, https:\/\/multi.inhalio.com\/wp-content\/uploads\/2022\/01\/rideshare-pic-9x12.jpg 9w, https:\/\/multi.inhalio.com\/wp-content\/uploads\/2022\/01\/rideshare-pic.jpg 1000w\" sizes=\"(max-width: 768px) 100vw, 768px\" \/><\/figure><\/div>\n<\/div>\n<\/div>\n\n\n\n<hr class=\"wp-block-separator\"\/>\n\n\n\n<div style=\"height:40px\" aria-hidden=\"true\" class=\"wp-block-spacer\"><\/div>\n\n\n\n<div class=\"is-layout-flex wp-container-20 wp-block-columns icons-circle markets\">\n<div class=\"is-layout-flow wp-block-column\">\n<div class=\"wp-block-image\"><figure class=\"aligncenter size-full is-resized\"><img decoding=\"async\" src=\"https:\/\/multi.inhalio.com\/wp-content\/uploads\/2022\/01\/inhalio-auto.png\" alt=\"\" class=\"wp-image-199\" width=\"64\" srcset=\"https:\/\/multi.inhalio.com\/wp-content\/uploads\/2022\/01\/inhalio-auto.png 250w, https:\/\/multi.inhalio.com\/wp-content\/uploads\/2022\/01\/inhalio-auto-150x150.png 150w, https:\/\/multi.inhalio.com\/wp-content\/uploads\/2022\/01\/inhalio-auto-12x12.png 12w\" sizes=\"(max-width: 250px) 100vw, 250px\" \/><\/figure><\/div>\n\n\n\n<h3 class=\"has-text-align-center\" id=\"h-mobility\"><a href=\"https:\/\/inhalio.com\/markets\/mobility\/\">Mobilit\u00e9<\/a><\/h3>\n\n\n\n<p class=\"has-text-align-center\">Nous proposons des plateformes de livraison de parfums uniques et abordables pour les OEM et les fournisseurs de niveau 1.<\/p>\n<\/div>\n\n\n\n<div class=\"is-layout-flow wp-block-column\">\n<div class=\"wp-block-image\"><figure class=\"aligncenter size-full is-resized\"><img decoding=\"async\" src=\"https:\/\/multi.inhalio.com\/wp-content\/uploads\/2022\/01\/rideshare-icon.png\" alt=\"\" class=\"wp-image-242\" width=\"64\" srcset=\"https:\/\/multi.inhalio.com\/wp-content\/uploads\/2022\/01\/rideshare-icon.png 280w, https:\/\/multi.inhalio.com\/wp-content\/uploads\/2022\/01\/rideshare-icon-150x150.png 150w, https:\/\/multi.inhalio.com\/wp-content\/uploads\/2022\/01\/rideshare-icon-12x12.png 12w\" sizes=\"(max-width: 280px) 100vw, 280px\" \/><\/figure><\/div>\n\n\n\n<h3 class=\"has-text-align-center\" id=\"h-rideshare\"><a href=\"https:\/\/inhalio.com\/markets\/rideshare\/\">Partage de v\u00e9hicule<\/a><\/h3>\n\n\n\n<p class=\"has-text-align-center\">Nous proposons des syst\u00e8mes de diffusion de parfums apr\u00e8s-vente et embarqu\u00e9s pour les march\u00e9s du covoiturage et de l'autonomie.<\/p>\n<\/div>\n\n\n\n<div class=\"is-layout-flow wp-block-column\">\n<div class=\"wp-block-image\"><figure class=\"aligncenter size-full is-resized\"><img decoding=\"async\" src=\"https:\/\/multi.inhalio.com\/wp-content\/uploads\/2022\/01\/inhalio-ambient.png\" alt=\"\" class=\"wp-image-198\" width=\"64\" srcset=\"https:\/\/multi.inhalio.com\/wp-content\/uploads\/2022\/01\/inhalio-ambient.png 250w, https:\/\/multi.inhalio.com\/wp-content\/uploads\/2022\/01\/inhalio-ambient-150x150.png 150w, https:\/\/multi.inhalio.com\/wp-content\/uploads\/2022\/01\/inhalio-ambient-12x12.png 12w\" sizes=\"(max-width: 250px) 100vw, 250px\" \/><\/figure><\/div>\n\n\n\n<h3 class=\"has-text-align-center\" id=\"h-hospitality\"><a href=\"https:\/\/inhalio.com\/markets\/hospitality\/\">Hospitalit\u00e9<\/a><\/h3>\n\n\n\n<p class=\"has-text-align-center\">Nous permettons aux cha\u00eenes d'h\u00f4tels de diffuser leurs parfums signature dans les chambres, les ascenseurs et les espaces partag\u00e9s.<\/p>\n<\/div>\n\n\n\n<div class=\"is-layout-flow wp-block-column\">\n<div class=\"wp-block-image\"><figure class=\"aligncenter size-full is-resized\"><img decoding=\"async\" src=\"https:\/\/multi.inhalio.com\/wp-content\/uploads\/2022\/01\/inhalio-retail.png\" alt=\"\" class=\"wp-image-202\" width=\"64\" srcset=\"https:\/\/multi.inhalio.com\/wp-content\/uploads\/2022\/01\/inhalio-retail.png 250w, https:\/\/multi.inhalio.com\/wp-content\/uploads\/2022\/01\/inhalio-retail-150x150.png 150w, https:\/\/multi.inhalio.com\/wp-content\/uploads\/2022\/01\/inhalio-retail-12x12.png 12w\" sizes=\"(max-width: 250px) 100vw, 250px\" \/><\/figure><\/div>\n\n\n\n<h3 class=\"has-text-align-center\" id=\"h-retail\"><a href=\"https:\/\/inhalio.com\/markets\/retail\/\">Vente au d\u00e9tail<\/a><\/h3>\n\n\n\n<p class=\"has-text-align-center\">Nous permettons aux marques et aux d\u00e9taillants de cr\u00e9er des exp\u00e9riences olfactives interactives pour augmenter les ventes.<\/p>\n<\/div>\n<\/div>\n\n\n\n<p><\/p>","protected":false},"excerpt":{"rendered":"<p>INHALI\u00d3: GLOBAL LEADER IN DIGITAL SCENT TRANSFORMATION \u2122 Our sense of smell is the most powerful of all our senses \u2013 connected to the center &#8230; <\/p>\n<p class=\"read-more-container\"><a title=\"Accueil\" class=\"read-more button\" href=\"https:\/\/multi.inhalio.com\/fr\/#more-2\" aria-label=\"En savoir plus sur Home\">Lire la suite<\/a><\/p>","protected":false},"author":1,"featured_media":0,"parent":0,"menu_order":0,"comment_status":"closed","ping_status":"closed","template":"","meta":[],"acf":[],"yoast_head":"<!-- This site is optimized with the Yoast SEO plugin v21.1 - https:\/\/yoast.com\/wordpress\/plugins\/seo\/ -->\n<title>Home - Inhalio<\/title>\n<meta name=\"robots\" content=\"index, follow, max-snippet:-1, max-image-preview:large, max-video-preview:-1\" \/>\n<link rel=\"canonical\" href=\"https:\/\/multi.inhalio.com\/fr\/\" \/>\n<meta property=\"og:locale\" content=\"fr_FR\" \/>\n<meta property=\"og:type\" content=\"article\" \/>\n<meta property=\"og:title\" content=\"Home - Inhalio\" \/>\n<meta property=\"og:description\" content=\"INHALI\u00d3: GLOBAL LEADER IN DIGITAL SCENT TRANSFORMATION \u2122 Our sense of smell is the most powerful of all our senses \u2013 connected to the center ... Read more\" \/>\n<meta property=\"og:url\" content=\"https:\/\/multi.inhalio.com\/fr\/\" \/>\n<meta property=\"og:site_name\" content=\"Inhalio\" \/>\n<meta property=\"article:publisher\" content=\"https:\/\/www.facebook.com\/inhalio\" \/>\n<meta property=\"article:modified_time\" content=\"2022-02-03T18:44:48+00:00\" \/>\n<meta property=\"og:image\" content=\"https:\/\/multi.inhalio.com\/wp-content\/uploads\/2022\/01\/anti-pathogen.png\" \/>\n<meta name=\"twitter:card\" content=\"summary_large_image\" \/>\n<meta name=\"twitter:site\" content=\"@inhalio\" \/>\n<meta name=\"twitter:label1\" content=\"Dur\u00e9e de lecture estim\u00e9e\" \/>\n\t<meta name=\"twitter:data1\" content=\"5 minutes\" \/>\n<script type=\"application\/ld+json\" class=\"yoast-schema-graph\">{\"@context\":\"https:\/\/schema.org\",\"@graph\":[{\"@type\":\"WebPage\",\"@id\":\"https:\/\/multi.inhalio.com\/\",\"url\":\"https:\/\/multi.inhalio.com\/\",\"name\":\"Home - Inhalio\",\"isPartOf\":{\"@id\":\"https:\/\/multi.inhalio.com\/#website\"},\"datePublished\":\"2022-01-26T11:00:53+00:00\",\"dateModified\":\"2022-02-03T18:44:48+00:00\",\"breadcrumb\":{\"@id\":\"https:\/\/multi.inhalio.com\/#breadcrumb\"},\"inLanguage\":\"fr-FR\",\"potentialAction\":[{\"@type\":\"ReadAction\",\"target\":[\"https:\/\/multi.inhalio.com\/\"]}]},{\"@type\":\"BreadcrumbList\",\"@id\":\"https:\/\/multi.inhalio.com\/#breadcrumb\",\"itemListElement\":[{\"@type\":\"ListItem\",\"position\":1,\"name\":\"Home\",\"item\":\"https:\/\/multi.inhalio.com\/\"},{\"@type\":\"ListItem\",\"position\":2,\"name\":\"Home\"}]},{\"@type\":\"WebSite\",\"@id\":\"https:\/\/multi.inhalio.com\/#website\",\"url\":\"https:\/\/multi.inhalio.com\/\",\"name\":\"Inhalio\",\"description\":\"The World's 1st Connected Platform for Scent | Scent Branding\",\"publisher\":{\"@id\":\"https:\/\/multi.inhalio.com\/#organization\"},\"potentialAction\":[{\"@type\":\"SearchAction\",\"target\":{\"@type\":\"EntryPoint\",\"urlTemplate\":\"https:\/\/multi.inhalio.com\/?s={search_term_string}\"},\"query-input\":\"required name=search_term_string\"}],\"inLanguage\":\"fr-FR\"},{\"@type\":\"Organization\",\"@id\":\"https:\/\/multi.inhalio.com\/#organization\",\"name\":\"Inhalio\",\"url\":\"https:\/\/multi.inhalio.com\/\",\"logo\":{\"@type\":\"ImageObject\",\"inLanguage\":\"fr-FR\",\"@id\":\"https:\/\/multi.inhalio.com\/#\/schema\/logo\/image\/\",\"url\":\"https:\/\/multi.inhalio.com\/wp-content\/uploads\/2022\/02\/logo.png\",\"contentUrl\":\"https:\/\/multi.inhalio.com\/wp-content\/uploads\/2022\/02\/logo.png\",\"width\":1185,\"height\":284,\"caption\":\"Inhalio\"},\"image\":{\"@id\":\"https:\/\/multi.inhalio.com\/#\/schema\/logo\/image\/\"},\"sameAs\":[\"https:\/\/www.facebook.com\/inhalio\",\"https:\/\/twitter.com\/inhalio\",\"https:\/\/www.linkedin.com\/company\/inhali\u00f3\/\"]}]}<\/script>\n<!-- \/ Yoast SEO plugin. -->","yoast_head_json":{"title":"Home - Inhalio","robots":{"index":"index","follow":"follow","max-snippet":"max-snippet:-1","max-image-preview":"max-image-preview:large","max-video-preview":"max-video-preview:-1"},"canonical":"https:\/\/multi.inhalio.com\/fr\/","og_locale":"fr_FR","og_type":"article","og_title":"Home - Inhalio","og_description":"INHALI\u00d3: GLOBAL LEADER IN DIGITAL SCENT TRANSFORMATION \u2122 Our sense of smell is the most powerful of all our senses \u2013 connected to the center ... Read more","og_url":"https:\/\/multi.inhalio.com\/fr\/","og_site_name":"Inhalio","article_publisher":"https:\/\/www.facebook.com\/inhalio","article_modified_time":"2022-02-03T18:44:48+00:00","og_image":[{"url":"https:\/\/multi.inhalio.com\/wp-content\/uploads\/2022\/01\/anti-pathogen.png"}],"twitter_card":"summary_large_image","twitter_site":"@inhalio","twitter_misc":{"Dur\u00e9e de lecture estim\u00e9e":"5 minutes"},"schema":{"@context":"https:\/\/schema.org","@graph":[{"@type":"WebPage","@id":"https:\/\/multi.inhalio.com\/","url":"https:\/\/multi.inhalio.com\/","name":"Home - Inhalio","isPartOf":{"@id":"https:\/\/multi.inhalio.com\/#website"},"datePublished":"2022-01-26T11:00:53+00:00","dateModified":"2022-02-03T18:44:48+00:00","breadcrumb":{"@id":"https:\/\/multi.inhalio.com\/#breadcrumb"},"inLanguage":"fr-FR","potentialAction":[{"@type":"ReadAction","target":["https:\/\/multi.inhalio.com\/"]}]},{"@type":"BreadcrumbList","@id":"https:\/\/multi.inhalio.com\/#breadcrumb","itemListElement":[{"@type":"ListItem","position":1,"name":"Home","item":"https:\/\/multi.inhalio.com\/"},{"@type":"ListItem","position":2,"name":"Home"}]},{"@type":"WebSite","@id":"https:\/\/multi.inhalio.com\/#website","url":"https:\/\/multi.inhalio.com\/","name":"Inhalio","description":"The World's 1st Connected Platform for Scent | Scent Branding","publisher":{"@id":"https:\/\/multi.inhalio.com\/#organization"},"potentialAction":[{"@type":"SearchAction","target":{"@type":"EntryPoint","urlTemplate":"https:\/\/multi.inhalio.com\/?s={search_term_string}"},"query-input":"required name=search_term_string"}],"inLanguage":"fr-FR"},{"@type":"Organization","@id":"https:\/\/multi.inhalio.com\/#organization","name":"Inhalio","url":"https:\/\/multi.inhalio.com\/","logo":{"@type":"ImageObject","inLanguage":"fr-FR","@id":"https:\/\/multi.inhalio.com\/#\/schema\/logo\/image\/","url":"https:\/\/multi.inhalio.com\/wp-content\/uploads\/2022\/02\/logo.png","contentUrl":"https:\/\/multi.inhalio.com\/wp-content\/uploads\/2022\/02\/logo.png","width":1185,"height":284,"caption":"Inhalio"},"image":{"@id":"https:\/\/multi.inhalio.com\/#\/schema\/logo\/image\/"},"sameAs":["https:\/\/www.facebook.com\/inhalio","https:\/\/twitter.com\/inhalio","https:\/\/www.linkedin.com\/company\/inhali\u00f3\/"]}]}},"_links":{"self":[{"href":"https:\/\/multi.inhalio.com\/fr\/wp-json\/wp\/v2\/pages\/2"}],"collection":[{"href":"https:\/\/multi.inhalio.com\/fr\/wp-json\/wp\/v2\/pages"}],"about":[{"href":"https:\/\/multi.inhalio.com\/fr\/wp-json\/wp\/v2\/types\/page"}],"author":[{"embeddable":true,"href":"https:\/\/multi.inhalio.com\/fr\/wp-json\/wp\/v2\/users\/1"}],"replies":[{"embeddable":true,"href":"https:\/\/multi.inhalio.com\/fr\/wp-json\/wp\/v2\/comments?post=2"}],"version-history":[{"count":7,"href":"https:\/\/multi.inhalio.com\/fr\/wp-json\/wp\/v2\/pages\/2\/revisions"}],"predecessor-version":[{"id":32287,"href":"https:\/\/multi.inhalio.com\/fr\/wp-json\/wp\/v2\/pages\/2\/revisions\/32287"}],"wp:attachment":[{"href":"https:\/\/multi.inhalio.com\/fr\/wp-json\/wp\/v2\/media?parent=2"}],"curies":[{"name":"wp","href":"https:\/\/api.w.org\/{rel}","templated":true}]}}