{"id":104,"date":"2022-01-26T23:23:01","date_gmt":"2022-01-26T23:23:01","guid":{"rendered":"https:\/\/multi.inhalio.com\/?page_id=104"},"modified":"2022-02-23T15:28:03","modified_gmt":"2022-02-23T15:28:03","slug":"retail","status":"publish","type":"page","link":"https:\/\/multi.inhalio.com\/fr\/markets\/retail\/","title":{"rendered":"Vente au d\u00e9tail"},"content":{"rendered":"<h2 id=\"retail-digital-scent-diffuser-solutions-for-promotions-and-consumer-well-being\">Retail - Solutions num\u00e9riques de diffusion de parfum pour les promotions et le bien-\u00eatre des consommateurs<\/h2>\n\n\n\n<p>Avec la plateforme Digital Scent 3.0, les grands d\u00e9taillants, les op\u00e9rateurs de franchise et les marques qui font la promotion de leurs produits dans les magasins peuvent d\u00e9sormais engager les consommateurs \u00e0 un tout nouveau niveau gr\u00e2ce \u00e0 l'\u00e9chantillonnage de parfums. Inhalio propose une exp\u00e9rience multi-senteurs \u00e0 la demande qui peut am\u00e9liorer l'humeur des acheteurs, augmenter le temps de s\u00e9jour, diffuser le parfum de signature d'une marque, \u00e9liminer les mauvaises odeurs et promouvoir le bien-\u00eatre et la sant\u00e9 en r\u00e9duisant les agents pathog\u00e8nes en suspension dans l'air, notamment les virus. Gr\u00e2ce \u00e0 un parfum de signature, les entreprises peuvent \u00e9tablir un lien plus fort entre la marque et leur client\u00e8le, tout en favorisant un environnement propice au bien-\u00eatre et \u00e0 la sant\u00e9.<\/p>\n\n\n\n<p>Inhalio propose \u00e9galement des diffuseurs de parfums pour la vente au d\u00e9tail qui offrent au consommateur, \u00e0 sa demande, une diffusion \u00e0 l'air sec, pure et non toxique, de parfums de marques multiples. Les \u00e9chantillonneurs de parfum Inhalio sont id\u00e9aux pour engager les consommateurs et augmenter les ventes dans les environnements de vente au d\u00e9tail qui proposent des parfums et d'autres produits o\u00f9 l'odeur fait partie int\u00e9grante de l'attrait du produit sans avoir \u00e0 stocker des \u00e9chantillons de produits. Les \u00e9chantillonneurs de parfum Inhalio permettent de diffuser de 1 \u00e0 30 parfums diff\u00e9rents dans un seul syst\u00e8me de diffusion de parfum sans contamination crois\u00e9e ni utilisation d'huiles, d'atomiseurs ou de chaleur. La diffusion des parfums peut \u00eatre contr\u00f4l\u00e9e par de grands \u00e9crans tactiles qui guident les consommateurs tout au long du processus de s\u00e9lection et d'\u00e9chantillonnage, tandis que les donn\u00e9es d'interaction des consommateurs sont collect\u00e9es pour analyser les pr\u00e9f\u00e9rences et les tendances.  <\/p>\n\n\n\n<ul><li>Plate-forme Digital Scent 3.0 avec architecture de r\u00e9f\u00e9rence pour l'\u00e9chantillonnage de parfums au d\u00e9tail <\/li><li>Aide \u00e0 la sp\u00e9cification, \u00e0 la cr\u00e9ation et \u00e0 la livraison de cartouches parfum\u00e9es<\/li><li>Licence et livraison de dispositifs de diffusion de parfums pour les environnements de vente au d\u00e9tail<\/li><li>Soutien et\/ou cr\u00e9ation d'applications personnalis\u00e9es sur \u00e9cran tactile pour engager les consommateurs <\/li><li>Soutien et entretien continus des diffuseurs, et mise \u00e0 niveau r\u00e9guli\u00e8re des cartouches de parfum.<\/li><li>Acc\u00e8s \u00e0 Inhalio Scent Cloud pour contr\u00f4ler, g\u00e9rer et obtenir des donn\u00e9es sur les consommateurs.<\/li><\/ul>\n\n\n\n<div class=\"wp-block-button aligncenter modal-link\"><a class=\"wp-block-button__link no-border-radius\" href=\"https:\/\/multi.inhalio.com\/fr\/markets\/request-detailed-information\/\">Demander des informations d\u00e9taill\u00e9es<\/a><\/div>\n\n\n\n<div class=\"wp-block-cover is-light\"><span aria-hidden=\"true\" class=\"has-base-3-background-color has-background-dim-30 wp-block-cover__gradient-background has-background-dim\"><\/span><img decoding=\"async\" loading=\"lazy\" width=\"1736\" height=\"903\" class=\"wp-block-cover__image-background wp-image-231\" alt=\"Yellow Scent Wave\" src=\"https:\/\/multi.inhalio.com\/wp-content\/uploads\/2022\/01\/molecular-wave-vector-yellow3.png\" data-object-fit=\"cover\" srcset=\"https:\/\/multi.inhalio.com\/wp-content\/uploads\/2022\/01\/molecular-wave-vector-yellow3.png 1736w, https:\/\/multi.inhalio.com\/wp-content\/uploads\/2022\/01\/molecular-wave-vector-yellow3-300x156.png 300w, https:\/\/multi.inhalio.com\/wp-content\/uploads\/2022\/01\/molecular-wave-vector-yellow3-1024x533.png 1024w, https:\/\/multi.inhalio.com\/wp-content\/uploads\/2022\/01\/molecular-wave-vector-yellow3-768x399.png 768w, https:\/\/multi.inhalio.com\/wp-content\/uploads\/2022\/01\/molecular-wave-vector-yellow3-1536x799.png 1536w, https:\/\/multi.inhalio.com\/wp-content\/uploads\/2022\/01\/molecular-wave-vector-yellow3-18x9.png 18w\" sizes=\"(max-width: 1736px) 100vw, 1736px\" \/><div class=\"wp-block-cover__inner-container\">\n<div class=\"wp-block-image is-style-default\"><figure class=\"aligncenter size-large is-resized\"><img decoding=\"async\" loading=\"lazy\" src=\"https:\/\/multi.inhalio.com\/wp-content\/uploads\/2022\/01\/retail-in-line-1024x454.jpg\" alt=\"\" class=\"wp-image-240\" width=\"750\" height=\"333\" srcset=\"https:\/\/multi.inhalio.com\/wp-content\/uploads\/2022\/01\/retail-in-line-1024x454.jpg 1024w, https:\/\/multi.inhalio.com\/wp-content\/uploads\/2022\/01\/retail-in-line-300x133.jpg 300w, https:\/\/multi.inhalio.com\/wp-content\/uploads\/2022\/01\/retail-in-line-768x341.jpg 768w, https:\/\/multi.inhalio.com\/wp-content\/uploads\/2022\/01\/retail-in-line-1536x681.jpg 1536w, https:\/\/multi.inhalio.com\/wp-content\/uploads\/2022\/01\/retail-in-line-18x8.jpg 18w, https:\/\/multi.inhalio.com\/wp-content\/uploads\/2022\/01\/retail-in-line.jpg 1562w\" sizes=\"(max-width: 750px) 100vw, 750px\" \/><\/figure><\/div>\n<\/div><\/div>\n\n\n\n<p>Les consommateurs peuvent d\u00e9sormais profiter de la facilit\u00e9 et de la commodit\u00e9 d'essayer des parfums et autres produits parfum\u00e9s dans les magasins en utilisant un \u00e9chantillonneur de parfum \u00e0 air sec. Cela \u00e9limine l'approche encombrante consistant \u00e0 appliquer des huiles parfum\u00e9es directement sur la peau ou \u00e0 utiliser des b\u00e2tonnets de senteur qui peuvent \u00eatre facilement contamin\u00e9s. L'\u00e9chantillonneur de parfum au d\u00e9tail Inhalio fait participer les consommateurs \u00e0 l'aide d'une interface \u00e0 \u00e9cran tactile pour pr\u00e9senter les parfums, \u00e9duquer les consommateurs ou les encourager \u00e0 r\u00e9pondre \u00e0 un petit quiz qui les aide \u00e0 choisir le bon parfum pour leur style de vie unique. Les consommateurs peuvent d\u00e9terminer la cat\u00e9gorie de parfum ou les notes qu'ils pr\u00e9f\u00e8rent, qu'il s'agisse d'une fra\u00eeche journ\u00e9e de printemps, d'une sortie au march\u00e9 aux fleurs, d'une cabine fum\u00e9e et bois\u00e9e ou d'un m\u00e9lange d'agrumes et de fruits. Pendant que les consommateurs s'engagent, le syst\u00e8me Inhalio collecte des donn\u00e9es sur les pr\u00e9f\u00e9rences et les diffusions pour fournir des informations d\u00e9taill\u00e9es sur les consommateurs et les tendances.  <\/p>\n\n\n\n<ul><li>Les consommateurs peuvent choisir jusqu'\u00e0 30 \u00e9chantillons de parfum \u00e0 la demande.<\/li><li>La diffusion de parfum \u00e0 l'air sec \u00e9limine les \u00e9chantillons d'huile salissants et les effets allergiques potentiels <\/li><li>Les consommateurs sont attir\u00e9s par un grand \u00e9cran tactile (32\" ou 42\") et s'y engagent.<\/li><li>Une application tactile personnalis\u00e9e aide \u00e0 guider les consommateurs dans leurs choix et leurs pr\u00e9f\u00e9rences<\/li><li>Rend le processus d'achat plus personnel et augmente les ventes <\/li><\/ul>","protected":false},"excerpt":{"rendered":"<p>Retail \u2013 Digital Scent Diffuser Solutions for Promotions and Consumer Well-being With the Digital Scent 3.0 Platform, large retailers, franchise operators, and brands promoting their &#8230; <\/p>\n<p class=\"read-more-container\"><a title=\"Vente au d\u00e9tail\" class=\"read-more button\" href=\"https:\/\/multi.inhalio.com\/fr\/markets\/retail\/#more-104\" aria-label=\"En savoir plus sur Retail\">Lire la suite<\/a><\/p>","protected":false},"author":1,"featured_media":241,"parent":73,"menu_order":6,"comment_status":"closed","ping_status":"closed","template":"","meta":[],"acf":[],"yoast_head":"<!-- This site is optimized with the Yoast SEO plugin v21.1 - https:\/\/yoast.com\/wordpress\/plugins\/seo\/ -->\n<title>Retail - Inhalio<\/title>\n<meta name=\"robots\" content=\"index, follow, max-snippet:-1, max-image-preview:large, max-video-preview:-1\" \/>\n<link rel=\"canonical\" href=\"https:\/\/multi.inhalio.com\/fr\/markets\/retail\/\" \/>\n<meta property=\"og:locale\" content=\"fr_FR\" \/>\n<meta property=\"og:type\" content=\"article\" \/>\n<meta property=\"og:title\" content=\"Retail - Inhalio\" \/>\n<meta property=\"og:description\" content=\"Retail \u2013 Digital Scent Diffuser Solutions for Promotions and Consumer Well-being With the Digital Scent 3.0 Platform, large retailers, franchise operators, and brands promoting their ... Read more\" \/>\n<meta property=\"og:url\" content=\"https:\/\/multi.inhalio.com\/fr\/markets\/retail\/\" \/>\n<meta property=\"og:site_name\" content=\"Inhalio\" \/>\n<meta property=\"article:publisher\" content=\"https:\/\/www.facebook.com\/inhalio\" \/>\n<meta property=\"article:modified_time\" content=\"2022-02-23T15:28:03+00:00\" \/>\n<meta property=\"og:image\" content=\"https:\/\/multi.inhalio.com\/wp-content\/uploads\/2022\/01\/retail-slider.jpg\" \/>\n\t<meta property=\"og:image:width\" content=\"1000\" \/>\n\t<meta property=\"og:image:height\" content=\"575\" \/>\n\t<meta property=\"og:image:type\" content=\"image\/jpeg\" \/>\n<meta name=\"twitter:card\" content=\"summary_large_image\" \/>\n<meta name=\"twitter:site\" content=\"@inhalio\" \/>\n<meta name=\"twitter:label1\" content=\"Dur\u00e9e de lecture estim\u00e9e\" \/>\n\t<meta name=\"twitter:data1\" content=\"3 minutes\" \/>\n<script type=\"application\/ld+json\" class=\"yoast-schema-graph\">{\"@context\":\"https:\/\/schema.org\",\"@graph\":[{\"@type\":\"WebPage\",\"@id\":\"https:\/\/multi.inhalio.com\/markets\/retail\/\",\"url\":\"https:\/\/multi.inhalio.com\/markets\/retail\/\",\"name\":\"Retail - Inhalio\",\"isPartOf\":{\"@id\":\"https:\/\/multi.inhalio.com\/#website\"},\"datePublished\":\"2022-01-26T23:23:01+00:00\",\"dateModified\":\"2022-02-23T15:28:03+00:00\",\"breadcrumb\":{\"@id\":\"https:\/\/multi.inhalio.com\/markets\/retail\/#breadcrumb\"},\"inLanguage\":\"fr-FR\",\"potentialAction\":[{\"@type\":\"ReadAction\",\"target\":[\"https:\/\/multi.inhalio.com\/markets\/retail\/\"]}]},{\"@type\":\"BreadcrumbList\",\"@id\":\"https:\/\/multi.inhalio.com\/markets\/retail\/#breadcrumb\",\"itemListElement\":[{\"@type\":\"ListItem\",\"position\":1,\"name\":\"Home\",\"item\":\"https:\/\/multi.inhalio.com\/\"},{\"@type\":\"ListItem\",\"position\":2,\"name\":\"Markets\",\"item\":\"https:\/\/multi.inhalio.com\/markets\/\"},{\"@type\":\"ListItem\",\"position\":3,\"name\":\"Retail\"}]},{\"@type\":\"WebSite\",\"@id\":\"https:\/\/multi.inhalio.com\/#website\",\"url\":\"https:\/\/multi.inhalio.com\/\",\"name\":\"Inhalio\",\"description\":\"The World's 1st Connected Platform for Scent | Scent Branding\",\"publisher\":{\"@id\":\"https:\/\/multi.inhalio.com\/#organization\"},\"potentialAction\":[{\"@type\":\"SearchAction\",\"target\":{\"@type\":\"EntryPoint\",\"urlTemplate\":\"https:\/\/multi.inhalio.com\/?s={search_term_string}\"},\"query-input\":\"required name=search_term_string\"}],\"inLanguage\":\"fr-FR\"},{\"@type\":\"Organization\",\"@id\":\"https:\/\/multi.inhalio.com\/#organization\",\"name\":\"Inhalio\",\"url\":\"https:\/\/multi.inhalio.com\/\",\"logo\":{\"@type\":\"ImageObject\",\"inLanguage\":\"fr-FR\",\"@id\":\"https:\/\/multi.inhalio.com\/#\/schema\/logo\/image\/\",\"url\":\"https:\/\/multi.inhalio.com\/wp-content\/uploads\/2022\/02\/logo.png\",\"contentUrl\":\"https:\/\/multi.inhalio.com\/wp-content\/uploads\/2022\/02\/logo.png\",\"width\":1185,\"height\":284,\"caption\":\"Inhalio\"},\"image\":{\"@id\":\"https:\/\/multi.inhalio.com\/#\/schema\/logo\/image\/\"},\"sameAs\":[\"https:\/\/www.facebook.com\/inhalio\",\"https:\/\/twitter.com\/inhalio\",\"https:\/\/www.linkedin.com\/company\/inhali\u00f3\/\"]}]}<\/script>\n<!-- \/ Yoast SEO plugin. -->","yoast_head_json":{"title":"Retail - Inhalio","robots":{"index":"index","follow":"follow","max-snippet":"max-snippet:-1","max-image-preview":"max-image-preview:large","max-video-preview":"max-video-preview:-1"},"canonical":"https:\/\/multi.inhalio.com\/fr\/markets\/retail\/","og_locale":"fr_FR","og_type":"article","og_title":"Retail - Inhalio","og_description":"Retail \u2013 Digital Scent Diffuser Solutions for Promotions and Consumer Well-being With the Digital Scent 3.0 Platform, large retailers, franchise operators, and brands promoting their ... Read more","og_url":"https:\/\/multi.inhalio.com\/fr\/markets\/retail\/","og_site_name":"Inhalio","article_publisher":"https:\/\/www.facebook.com\/inhalio","article_modified_time":"2022-02-23T15:28:03+00:00","og_image":[{"width":1000,"height":575,"url":"https:\/\/multi.inhalio.com\/wp-content\/uploads\/2022\/01\/retail-slider.jpg","type":"image\/jpeg"}],"twitter_card":"summary_large_image","twitter_site":"@inhalio","twitter_misc":{"Dur\u00e9e de lecture estim\u00e9e":"3 minutes"},"schema":{"@context":"https:\/\/schema.org","@graph":[{"@type":"WebPage","@id":"https:\/\/multi.inhalio.com\/markets\/retail\/","url":"https:\/\/multi.inhalio.com\/markets\/retail\/","name":"Retail - Inhalio","isPartOf":{"@id":"https:\/\/multi.inhalio.com\/#website"},"datePublished":"2022-01-26T23:23:01+00:00","dateModified":"2022-02-23T15:28:03+00:00","breadcrumb":{"@id":"https:\/\/multi.inhalio.com\/markets\/retail\/#breadcrumb"},"inLanguage":"fr-FR","potentialAction":[{"@type":"ReadAction","target":["https:\/\/multi.inhalio.com\/markets\/retail\/"]}]},{"@type":"BreadcrumbList","@id":"https:\/\/multi.inhalio.com\/markets\/retail\/#breadcrumb","itemListElement":[{"@type":"ListItem","position":1,"name":"Home","item":"https:\/\/multi.inhalio.com\/"},{"@type":"ListItem","position":2,"name":"Markets","item":"https:\/\/multi.inhalio.com\/markets\/"},{"@type":"ListItem","position":3,"name":"Retail"}]},{"@type":"WebSite","@id":"https:\/\/multi.inhalio.com\/#website","url":"https:\/\/multi.inhalio.com\/","name":"Inhalio","description":"The World's 1st Connected Platform for Scent | Scent Branding","publisher":{"@id":"https:\/\/multi.inhalio.com\/#organization"},"potentialAction":[{"@type":"SearchAction","target":{"@type":"EntryPoint","urlTemplate":"https:\/\/multi.inhalio.com\/?s={search_term_string}"},"query-input":"required name=search_term_string"}],"inLanguage":"fr-FR"},{"@type":"Organization","@id":"https:\/\/multi.inhalio.com\/#organization","name":"Inhalio","url":"https:\/\/multi.inhalio.com\/","logo":{"@type":"ImageObject","inLanguage":"fr-FR","@id":"https:\/\/multi.inhalio.com\/#\/schema\/logo\/image\/","url":"https:\/\/multi.inhalio.com\/wp-content\/uploads\/2022\/02\/logo.png","contentUrl":"https:\/\/multi.inhalio.com\/wp-content\/uploads\/2022\/02\/logo.png","width":1185,"height":284,"caption":"Inhalio"},"image":{"@id":"https:\/\/multi.inhalio.com\/#\/schema\/logo\/image\/"},"sameAs":["https:\/\/www.facebook.com\/inhalio","https:\/\/twitter.com\/inhalio","https:\/\/www.linkedin.com\/company\/inhali\u00f3\/"]}]}},"_links":{"self":[{"href":"https:\/\/multi.inhalio.com\/fr\/wp-json\/wp\/v2\/pages\/104"}],"collection":[{"href":"https:\/\/multi.inhalio.com\/fr\/wp-json\/wp\/v2\/pages"}],"about":[{"href":"https:\/\/multi.inhalio.com\/fr\/wp-json\/wp\/v2\/types\/page"}],"author":[{"embeddable":true,"href":"https:\/\/multi.inhalio.com\/fr\/wp-json\/wp\/v2\/users\/1"}],"replies":[{"embeddable":true,"href":"https:\/\/multi.inhalio.com\/fr\/wp-json\/wp\/v2\/comments?post=104"}],"version-history":[{"count":9,"href":"https:\/\/multi.inhalio.com\/fr\/wp-json\/wp\/v2\/pages\/104\/revisions"}],"predecessor-version":[{"id":31952,"href":"https:\/\/multi.inhalio.com\/fr\/wp-json\/wp\/v2\/pages\/104\/revisions\/31952"}],"up":[{"embeddable":true,"href":"https:\/\/multi.inhalio.com\/fr\/wp-json\/wp\/v2\/pages\/73"}],"wp:featuredmedia":[{"embeddable":true,"href":"https:\/\/multi.inhalio.com\/fr\/wp-json\/wp\/v2\/media\/241"}],"wp:attachment":[{"href":"https:\/\/multi.inhalio.com\/fr\/wp-json\/wp\/v2\/media?parent=104"}],"curies":[{"name":"wp","href":"https:\/\/api.w.org\/{rel}","templated":true}]}}