{"id":100,"date":"2022-01-26T23:22:11","date_gmt":"2022-01-26T23:22:11","guid":{"rendered":"https:\/\/multi.inhalio.com\/?page_id=100"},"modified":"2022-04-22T21:56:39","modified_gmt":"2022-04-22T21:56:39","slug":"connected-home","status":"publish","type":"page","link":"https:\/\/multi.inhalio.com\/fr\/markets\/connected-home\/","title":{"rendered":"Maison Intelligente"},"content":{"rendered":"<h2 id=\"h-connected-home-digital-scent-transformation-for-fragrance-brands-wellness-and-iot-providers\">Smart Home - Transformation num\u00e9rique de l'odeur pour les marques de parfum, le bien-\u00eatre et les fournisseurs d'IoT<\/h2>\n\n\n\n<p><\/p>\n\n\n\n<p>Gr\u00e2ce \u00e0 la plate-forme Digital Scent 3.0, les marques, les fabricants et les entreprises ax\u00e9es sur les parfums peuvent tirer parti et utiliser en licence la technologie de diffusion de parfums Inhalio pour apporter des exp\u00e9riences qui s\u2019appuient sur de la diffusion de parfums haut de gamme dans les march\u00e9s de grande consommation. Avec les solutions Wellness Life d\u2019Inhalio\u2122, les consommateurs et les entreprises du march\u00e9 la maison connect\u00e9e peuvent profiter de solutions de parfum tr\u00e8s diff\u00e9renci\u00e9es, naturelles et pures ; en harmonie avec la sant\u00e9 et le bien-\u00eatre demand\u00e9 par les consommateurs d\u2019aujourd\u2019hui.<\/p>\n\n\n\n<div class=\"wp-block-cover aligncenter is-light\"><span aria-hidden=\"true\" class=\"wp-block-cover__gradient-background has-background-dim\" style=\"background-color:#ffffff\"><\/span><img decoding=\"async\" loading=\"lazy\" width=\"1736\" height=\"903\" class=\"wp-block-cover__image-background wp-image-229\" alt=\"\" src=\"https:\/\/multi.inhalio.com\/wp-content\/uploads\/2022\/01\/molecular-wave-vector-purple3.png\" data-object-fit=\"cover\" srcset=\"https:\/\/multi.inhalio.com\/wp-content\/uploads\/2022\/01\/molecular-wave-vector-purple3.png 1736w, https:\/\/multi.inhalio.com\/wp-content\/uploads\/2022\/01\/molecular-wave-vector-purple3-300x156.png 300w, https:\/\/multi.inhalio.com\/wp-content\/uploads\/2022\/01\/molecular-wave-vector-purple3-1024x533.png 1024w, https:\/\/multi.inhalio.com\/wp-content\/uploads\/2022\/01\/molecular-wave-vector-purple3-768x399.png 768w, https:\/\/multi.inhalio.com\/wp-content\/uploads\/2022\/01\/molecular-wave-vector-purple3-1536x799.png 1536w, https:\/\/multi.inhalio.com\/wp-content\/uploads\/2022\/01\/molecular-wave-vector-purple3-18x9.png 18w\" sizes=\"(max-width: 1736px) 100vw, 1736px\" \/><div class=\"wp-block-cover__inner-container\">\n<div class=\"wp-block-image\"><figure class=\"aligncenter size-large is-resized\"><img decoding=\"async\" loading=\"lazy\" src=\"https:\/\/multi.inhalio.com\/wp-content\/uploads\/2022\/01\/connected-home-in-line-1024x454.jpg\" alt=\"\" class=\"wp-image-210\" width=\"755\" height=\"334\" srcset=\"https:\/\/multi.inhalio.com\/wp-content\/uploads\/2022\/01\/connected-home-in-line-1024x454.jpg 1024w, https:\/\/multi.inhalio.com\/wp-content\/uploads\/2022\/01\/connected-home-in-line-300x133.jpg 300w, https:\/\/multi.inhalio.com\/wp-content\/uploads\/2022\/01\/connected-home-in-line-768x341.jpg 768w, https:\/\/multi.inhalio.com\/wp-content\/uploads\/2022\/01\/connected-home-in-line-1536x681.jpg 1536w, https:\/\/multi.inhalio.com\/wp-content\/uploads\/2022\/01\/connected-home-in-line-18x8.jpg 18w, https:\/\/multi.inhalio.com\/wp-content\/uploads\/2022\/01\/connected-home-in-line.jpg 1562w\" sizes=\"(max-width: 755px) 100vw, 755px\" \/><\/figure><\/div>\n<\/div><\/div>\n\n\n\n<p>La <a href=\"https:\/\/inhalio.com\/tech\/\">Plateform Digital Scent 3.0<\/a> est un syst\u00e8me en marque blanche qui comprend tous les \u00e9l\u00e9ments n\u00e9cessaires pour transformer les produits traditionnels \u00e0 base de parfum en solutions de parfums num\u00e9riques par abonnement. En fournissant des diffuseurs num\u00e9riques dot\u00e9s de capacit\u00e9s cloud, les marques de parfumerie fine, les fournisseurs de solutions de sant\u00e9 et de bien-\u00eatre et les fabricants de dispositifs IoT pour maisons connect\u00e9es peuvent cr\u00e9er de nouvelles sources de revenus par abonnement tout en \u00e9largissant leurs march\u00e9s en int\u00e9grant un  produits num\u00e9riques dans les 360 millions de maisons connect\u00e9es.<\/p>\n\n\n\n<div style=\"height:42px\" aria-hidden=\"true\" class=\"wp-block-spacer\"><\/div>\n\n\n\n<p>En utilisant notre architecture de r\u00e9f\u00e9rence de diffusion de parfum pour la maison connect\u00e9e, Inhalio permet une longueur d\u2019avance dans le nouveau monde de la diffusion et de la gestion de la diffusion de parfums haut de gamme, avec la valeur ajout\u00e9e de la collecte, l\u2019analyse et la compr\u00e9hension des tendances consommateurs et d\u2019acquisition des informations march\u00e9. Avec plus de 1,5 milliard de foyers sur la plan\u00e8te, le march\u00e9 de la diffusion de parfums \u00e0 domicile a \u00e0 peine \u00e9t\u00e9 entam\u00e9.&nbsp;<\/p>\n\n\n\n<ul><li><strong>Infusion de Parfum - <\/strong>Cartouches parfum\u00e9es intelligentes et recyclables avec profils de diffusion des senteurs<\/li><li><strong>Diffusion de Parfum - <\/strong>Diffuseurs num\u00e9riques \u00e0 air sec ou \u00e0 base d'huile avec de multiples options de connectivit\u00e9 r\u00e9seau.<\/li><li><strong>Interfaces Applicative <\/strong>Applications pour Smartphones, assistants vocaux, API et d\u00e9veloppement et\/ou re-skinning d'applications<\/li><li><strong>Contr\u00f4le du cloud - <\/strong>Gestion, surveillance, analyse de l'utilisation, cha\u00eene d'approvisionnement et Outils de Support<\/li><\/ul>\n\n\n\n<div class=\"wp-block-button aligncenter modal-link\"><a class=\"wp-block-button__link no-border-radius\" href=\"https:\/\/calendly.com\/inhalio\/digital-scent-transformation-briefing-smart-home?month=2022-04\" target=\"_blank\" rel=\"noreferrer noopener\">R\u00e9serve un briefing en t\u00eate-\u00e0-t\u00eate<\/a><\/div>\n\n\n\n<p>La plateforme Connected Home Digital Scent 3.0 et les plans de r\u00e9f\u00e9rence de conception associ\u00e9s offrent une avance consid\u00e9rable dans le nouveau monde de la diffusion et de la gestion des parfums num\u00e9riques bas\u00e9s sur le cloud, avec la valeur ajout\u00e9e de la collecte, de l'analyse et de la compr\u00e9hension des tendances de consommation et de l'obtention d'informations commerciales. La plateforme est disponible en tant que solution B2B en marque blanche pour les marques de parfums et les fabricants d'huiles essentielles dans le cadre d'un accord de licence technologique, d'un accord de d\u00e9veloppement conjoint ou d'un accord de fabrication en partenariat.\n\nTraduit avec www.DeepL.com\/Translator (version gratuite) <\/p>\n\n\n\n<p><strong>Diffuseurs de parfum num\u00e9riques<\/strong><\/p>\n\n\n\n<ul><li>Conceptions de r\u00e9f\u00e9rence pr\u00eates \u00e0 l'emploi - \u00e9lectronique compl\u00e8te, m\u00e9canique, r\u00e9seau, alimentation, encapsulation<\/li><li>Firmware avanc\u00e9 - assure les param\u00e8tres de diffusion appropri\u00e9s, les communications App et Cloud, la programmation.<\/li><li>Lib\u00e9ration contr\u00f4l\u00e9e avec pr\u00e9cision - pour la dur\u00e9e de diffusion du parfum, l'intensit\u00e9, la taille de la pi\u00e8ce et la cadence.<\/li><li>Disponible pour le re-branding ou la personnalisation - utilise les mod\u00e8les tels quels avec ton logo ou cr\u00e9e le tien. <\/li><li>Soutien \u00e0 la certification - conseils pour la certification internationale des appareils tels que UL<\/li><\/ul>\n\n\n\n<p><strong>Cartouches parfum\u00e9es intelligentes :<\/strong><\/p>\n\n\n\n<ul><li>Puce EPROM int\u00e9gr\u00e9e - s'authentifie sur le cloud, s'enregistre automatiquement sur le dispositif, \u00e9limine les contrefa\u00e7ons.<\/li><li>Support de charge utile variable - supporte un syst\u00e8me \u00e0 air sec ou un milieu \u00e0 base d'huile<\/li><li>Algorithmes de diffusion de l'odeur - offrent une exp\u00e9rience olfactive coh\u00e9rente pendant toute la dur\u00e9e de vie de la cartouche.<\/li><li>Gestion du cycle de vie des cartouches - alerte lorsque la charge utile est presque \u00e9puis\u00e9e, ou d\u00e9clenche une nouvelle commande.<\/li><li>Mat\u00e9riaux durables - l'utilisation de mat\u00e9riaux verts\/durables favorise le recyclage<\/li><\/ul>\n\n\n\n<p><strong>Apps\/APIs de l'utilisateur<\/strong> <\/p>\n\n\n\n<ul><li>Dispositifs standard - Apps pour smartphone Apple\/Android, site web pour tablette\/ordinateur portable, assistants \u00e0 commande vocale.<\/li><li>Reconnaissance automatique des cartouches - les cartouches apparaissent automatiquement comme faisant partie de l'appareil dans l'application lorsqu'elles sont ins\u00e9r\u00e9es.<\/li><li>Programmation avanc\u00e9e - cr\u00e9e des planning de diffusions quotidiennes uniques sur plusieurs appareils pour plusieurs pi\u00e8ces.<\/li><li>Int\u00e9gration \u00e9tendue - APIs disponibles pour une int\u00e9gration avanc\u00e9e avec d'autres appareils IoT, lumi\u00e8re, son, etc.<\/li><\/ul>\n\n\n\n<div style=\"height:18px\" aria-hidden=\"true\" class=\"wp-block-spacer\"><\/div>\n\n\n<div class=\"gb-button-wrapper gb-button-wrapper-61d124f6\">\n\n<a class=\"gb-button gb-button-4635202c gb-button-text\" href=\"https:\/\/multi.inhalio.com\/fr\/tech\/user-apps-and-apis\/\">En savoir plus sur les applications utilisateur et les API<\/a>\n\n<\/div>\n\n\n<div style=\"height:62px\" aria-hidden=\"true\" class=\"wp-block-spacer\"><\/div>\n\n\n\n<p><strong>Contr\u00f4le et aper\u00e7u du cloud<\/strong><\/p>\n\n\n\n<ul><li>Support cloud - connect\u00e9 aux centres de donn\u00e9es cloud d'Inhalio dans le monde entier pour contr\u00f4ler et surveiller le syst\u00e8me.<\/li><li>Instance sp\u00e9cifique au client - instance cloud unique pour surveiller, contr\u00f4ler et g\u00e9rer le r\u00e9seau de chaque marque.<\/li><li>Confidentialit\u00e9 totale des donn\u00e9es - l'instance cloud du client ne contient que des donn\u00e9es client anonymis\u00e9es.<\/li><li>Multi-cloud - la prise en charge du cloud hybride permet de se connecter au cloud de la marque pour les abonnements\/paiements.<\/li><li>Syst\u00e8me de soutien - un syst\u00e8me de cochage de soutien est disponible pour aider la marque \u00e0 g\u00e9rer ses clients.<\/li><li>Connaissances des clients - les visualisations et les renseignements commerciaux mettent en \u00e9vidence les pr\u00e9f\u00e9rences et les tendances des consommateurs.<\/li><li>Gestion de la cha\u00eene d'approvisionnement - surveillance et alertes pour soutenir la notification au syst\u00e8me CRM\/ERP de la marque.<\/li><\/ul>\n\n\n\n<div style=\"height:18px\" aria-hidden=\"true\" class=\"wp-block-spacer\"><\/div>\n\n\n<div class=\"gb-button-wrapper gb-button-wrapper-b1025799\">\n\n<a class=\"gb-button gb-button-bb4a04a9 gb-button-text\" href=\"https:\/\/multi.inhalio.com\/fr\/tech\/cloud-insights-and-data-analytics\/\">En savoir plus sur la Connaissance Client<\/a>\n\n<\/div>\n\n\n<p><\/p>","protected":false},"excerpt":{"rendered":"<p>Smart Home \u2013 Digital Scent Transformation for Fragrance Brands, Wellness, and IoT Providers More than 360 million residences are now \u201cconnected homes\u201d with consumers equipping &#8230; <\/p>\n<p class=\"read-more-container\"><a title=\"Maison Intelligente\" class=\"read-more button\" href=\"https:\/\/multi.inhalio.com\/fr\/markets\/connected-home\/#more-100\" aria-label=\"En savoir plus sur SMART home\">Lire la suite<\/a><\/p>","protected":false},"author":1,"featured_media":210,"parent":73,"menu_order":4,"comment_status":"closed","ping_status":"closed","template":"","meta":[],"acf":[],"yoast_head":"<!-- This site is optimized with the Yoast SEO plugin v21.1 - https:\/\/yoast.com\/wordpress\/plugins\/seo\/ -->\n<title>SMART home - Inhalio<\/title>\n<meta name=\"robots\" content=\"index, follow, max-snippet:-1, max-image-preview:large, max-video-preview:-1\" \/>\n<link rel=\"canonical\" href=\"https:\/\/multi.inhalio.com\/fr\/markets\/connected-home\/\" \/>\n<meta property=\"og:locale\" content=\"fr_FR\" \/>\n<meta property=\"og:type\" content=\"article\" \/>\n<meta property=\"og:title\" content=\"SMART home - Inhalio\" \/>\n<meta property=\"og:description\" content=\"Smart Home \u2013 Digital Scent Transformation for Fragrance Brands, Wellness, and IoT Providers More than 360 million residences are now \u201cconnected homes\u201d with consumers equipping ... Read more\" \/>\n<meta property=\"og:url\" content=\"https:\/\/multi.inhalio.com\/fr\/markets\/connected-home\/\" \/>\n<meta property=\"og:site_name\" content=\"Inhalio\" \/>\n<meta property=\"article:publisher\" content=\"https:\/\/www.facebook.com\/inhalio\" \/>\n<meta property=\"article:modified_time\" content=\"2022-04-22T21:56:39+00:00\" \/>\n<meta property=\"og:image\" content=\"https:\/\/multi.inhalio.com\/wp-content\/uploads\/2022\/01\/connected-home-in-line.jpg\" \/>\n\t<meta property=\"og:image:width\" content=\"1562\" \/>\n\t<meta property=\"og:image:height\" content=\"693\" \/>\n\t<meta property=\"og:image:type\" content=\"image\/jpeg\" \/>\n<meta name=\"twitter:card\" content=\"summary_large_image\" \/>\n<meta name=\"twitter:site\" content=\"@inhalio\" \/>\n<meta name=\"twitter:label1\" content=\"Dur\u00e9e de lecture estim\u00e9e\" \/>\n\t<meta name=\"twitter:data1\" content=\"4 minutes\" \/>\n<script type=\"application\/ld+json\" class=\"yoast-schema-graph\">{\"@context\":\"https:\/\/schema.org\",\"@graph\":[{\"@type\":\"WebPage\",\"@id\":\"https:\/\/multi.inhalio.com\/markets\/connected-home\/\",\"url\":\"https:\/\/multi.inhalio.com\/markets\/connected-home\/\",\"name\":\"SMART home - Inhalio\",\"isPartOf\":{\"@id\":\"https:\/\/multi.inhalio.com\/#website\"},\"datePublished\":\"2022-01-26T23:22:11+00:00\",\"dateModified\":\"2022-04-22T21:56:39+00:00\",\"breadcrumb\":{\"@id\":\"https:\/\/multi.inhalio.com\/markets\/connected-home\/#breadcrumb\"},\"inLanguage\":\"fr-FR\",\"potentialAction\":[{\"@type\":\"ReadAction\",\"target\":[\"https:\/\/multi.inhalio.com\/markets\/connected-home\/\"]}]},{\"@type\":\"BreadcrumbList\",\"@id\":\"https:\/\/multi.inhalio.com\/markets\/connected-home\/#breadcrumb\",\"itemListElement\":[{\"@type\":\"ListItem\",\"position\":1,\"name\":\"Home\",\"item\":\"https:\/\/multi.inhalio.com\/\"},{\"@type\":\"ListItem\",\"position\":2,\"name\":\"Markets\",\"item\":\"https:\/\/multi.inhalio.com\/markets\/\"},{\"@type\":\"ListItem\",\"position\":3,\"name\":\"SMART home\"}]},{\"@type\":\"WebSite\",\"@id\":\"https:\/\/multi.inhalio.com\/#website\",\"url\":\"https:\/\/multi.inhalio.com\/\",\"name\":\"Inhalio\",\"description\":\"The World's 1st Connected Platform for Scent | Scent Branding\",\"publisher\":{\"@id\":\"https:\/\/multi.inhalio.com\/#organization\"},\"potentialAction\":[{\"@type\":\"SearchAction\",\"target\":{\"@type\":\"EntryPoint\",\"urlTemplate\":\"https:\/\/multi.inhalio.com\/?s={search_term_string}\"},\"query-input\":\"required name=search_term_string\"}],\"inLanguage\":\"fr-FR\"},{\"@type\":\"Organization\",\"@id\":\"https:\/\/multi.inhalio.com\/#organization\",\"name\":\"Inhalio\",\"url\":\"https:\/\/multi.inhalio.com\/\",\"logo\":{\"@type\":\"ImageObject\",\"inLanguage\":\"fr-FR\",\"@id\":\"https:\/\/multi.inhalio.com\/#\/schema\/logo\/image\/\",\"url\":\"https:\/\/multi.inhalio.com\/wp-content\/uploads\/2022\/02\/logo.png\",\"contentUrl\":\"https:\/\/multi.inhalio.com\/wp-content\/uploads\/2022\/02\/logo.png\",\"width\":1185,\"height\":284,\"caption\":\"Inhalio\"},\"image\":{\"@id\":\"https:\/\/multi.inhalio.com\/#\/schema\/logo\/image\/\"},\"sameAs\":[\"https:\/\/www.facebook.com\/inhalio\",\"https:\/\/twitter.com\/inhalio\",\"https:\/\/www.linkedin.com\/company\/inhali\u00f3\/\"]}]}<\/script>\n<!-- \/ Yoast SEO plugin. -->","yoast_head_json":{"title":"SMART home - Inhalio","robots":{"index":"index","follow":"follow","max-snippet":"max-snippet:-1","max-image-preview":"max-image-preview:large","max-video-preview":"max-video-preview:-1"},"canonical":"https:\/\/multi.inhalio.com\/fr\/markets\/connected-home\/","og_locale":"fr_FR","og_type":"article","og_title":"SMART home - Inhalio","og_description":"Smart Home \u2013 Digital Scent Transformation for Fragrance Brands, Wellness, and IoT Providers More than 360 million residences are now \u201cconnected homes\u201d with consumers equipping ... Read more","og_url":"https:\/\/multi.inhalio.com\/fr\/markets\/connected-home\/","og_site_name":"Inhalio","article_publisher":"https:\/\/www.facebook.com\/inhalio","article_modified_time":"2022-04-22T21:56:39+00:00","og_image":[{"width":1562,"height":693,"url":"https:\/\/multi.inhalio.com\/wp-content\/uploads\/2022\/01\/connected-home-in-line.jpg","type":"image\/jpeg"}],"twitter_card":"summary_large_image","twitter_site":"@inhalio","twitter_misc":{"Dur\u00e9e de lecture estim\u00e9e":"4 minutes"},"schema":{"@context":"https:\/\/schema.org","@graph":[{"@type":"WebPage","@id":"https:\/\/multi.inhalio.com\/markets\/connected-home\/","url":"https:\/\/multi.inhalio.com\/markets\/connected-home\/","name":"SMART home - Inhalio","isPartOf":{"@id":"https:\/\/multi.inhalio.com\/#website"},"datePublished":"2022-01-26T23:22:11+00:00","dateModified":"2022-04-22T21:56:39+00:00","breadcrumb":{"@id":"https:\/\/multi.inhalio.com\/markets\/connected-home\/#breadcrumb"},"inLanguage":"fr-FR","potentialAction":[{"@type":"ReadAction","target":["https:\/\/multi.inhalio.com\/markets\/connected-home\/"]}]},{"@type":"BreadcrumbList","@id":"https:\/\/multi.inhalio.com\/markets\/connected-home\/#breadcrumb","itemListElement":[{"@type":"ListItem","position":1,"name":"Home","item":"https:\/\/multi.inhalio.com\/"},{"@type":"ListItem","position":2,"name":"Markets","item":"https:\/\/multi.inhalio.com\/markets\/"},{"@type":"ListItem","position":3,"name":"SMART home"}]},{"@type":"WebSite","@id":"https:\/\/multi.inhalio.com\/#website","url":"https:\/\/multi.inhalio.com\/","name":"Inhalio","description":"The World's 1st Connected Platform for Scent | Scent Branding","publisher":{"@id":"https:\/\/multi.inhalio.com\/#organization"},"potentialAction":[{"@type":"SearchAction","target":{"@type":"EntryPoint","urlTemplate":"https:\/\/multi.inhalio.com\/?s={search_term_string}"},"query-input":"required name=search_term_string"}],"inLanguage":"fr-FR"},{"@type":"Organization","@id":"https:\/\/multi.inhalio.com\/#organization","name":"Inhalio","url":"https:\/\/multi.inhalio.com\/","logo":{"@type":"ImageObject","inLanguage":"fr-FR","@id":"https:\/\/multi.inhalio.com\/#\/schema\/logo\/image\/","url":"https:\/\/multi.inhalio.com\/wp-content\/uploads\/2022\/02\/logo.png","contentUrl":"https:\/\/multi.inhalio.com\/wp-content\/uploads\/2022\/02\/logo.png","width":1185,"height":284,"caption":"Inhalio"},"image":{"@id":"https:\/\/multi.inhalio.com\/#\/schema\/logo\/image\/"},"sameAs":["https:\/\/www.facebook.com\/inhalio","https:\/\/twitter.com\/inhalio","https:\/\/www.linkedin.com\/company\/inhali\u00f3\/"]}]}},"_links":{"self":[{"href":"https:\/\/multi.inhalio.com\/fr\/wp-json\/wp\/v2\/pages\/100"}],"collection":[{"href":"https:\/\/multi.inhalio.com\/fr\/wp-json\/wp\/v2\/pages"}],"about":[{"href":"https:\/\/multi.inhalio.com\/fr\/wp-json\/wp\/v2\/types\/page"}],"author":[{"embeddable":true,"href":"https:\/\/multi.inhalio.com\/fr\/wp-json\/wp\/v2\/users\/1"}],"replies":[{"embeddable":true,"href":"https:\/\/multi.inhalio.com\/fr\/wp-json\/wp\/v2\/comments?post=100"}],"version-history":[{"count":34,"href":"https:\/\/multi.inhalio.com\/fr\/wp-json\/wp\/v2\/pages\/100\/revisions"}],"predecessor-version":[{"id":32294,"href":"https:\/\/multi.inhalio.com\/fr\/wp-json\/wp\/v2\/pages\/100\/revisions\/32294"}],"up":[{"embeddable":true,"href":"https:\/\/multi.inhalio.com\/fr\/wp-json\/wp\/v2\/pages\/73"}],"wp:featuredmedia":[{"embeddable":true,"href":"https:\/\/multi.inhalio.com\/fr\/wp-json\/wp\/v2\/media\/210"}],"wp:attachment":[{"href":"https:\/\/multi.inhalio.com\/fr\/wp-json\/wp\/v2\/media?parent=100"}],"curies":[{"name":"wp","href":"https:\/\/api.w.org\/{rel}","templated":true}]}}